{"id":4737,"date":"2020-07-10T20:05:24","date_gmt":"2020-07-11T01:05:24","guid":{"rendered":"https:\/\/todoenseguridad.com\/site\/producto\/rocket-m5-ubiquiti-networks-access-point-5-1-5-8ghz\/"},"modified":"2025-02-24T16:56:24","modified_gmt":"2025-02-24T21:56:24","slug":"rocket-m5-ubiquiti-networks-access-point-5-1-5-8ghz","status":"publish","type":"product","link":"https:\/\/todoenseguridad.com\/site\/producto\/rocket-m5-ubiquiti-networks-access-point-5-1-5-8ghz\/","title":{"rendered":"RocketM5 UBIQUITI NETWORKS Access point 5.1-5.8GHz"},"content":{"rendered":"<p><!--?xml version=\"1.0\" encoding=\"utf-8\"?--><\/p>\n<h3 align=\"justify\"><span style=\"color: #0000ff;\">RocketM5 <\/span><span style=\"color: #0000ff;\">UBIQUITI NETWORKS Rocket\u00a0 Access Point 5.1-5.8GHz 300Mbps 500mW<\/span><\/h3>\n<ul>\n<li><span style=\"color: #333333; font-size: small;\">Modos de Operaci\u00f3n: access point, station y repeater (WDS).<br \/>\n<\/span><\/li>\n<li><span style=\"color: #333333; font-size: small;\">Se\u00f1alizaci\u00f3n propietaria: airMAX (MIMO TDMA)<\/span><\/li>\n<li><span style=\"color: #333333; font-size: small;\">Canalajustable de 5 a 40 MHz<br \/>\n<\/span><\/li>\n<li><span style=\"color: #333333; font-size: small;\">Seguridad: WPA, WPA2, MAC ACL.<br \/>\n<\/span><\/li>\n<li><span style=\"color: #333333; font-size: small;\">Alineaci\u00f3n de antenas: visual y audible (software)<\/span><\/li>\n<li><span style=\"color: #333333; font-size: small;\">Requiere Antena (ver accesorios del producto)<\/span><\/li>\n<li><span style=\"color: #333333; font-size: small;\">Tiene 2 conectores SMA-Hembra Inverso<\/span><\/li>\n<li><span style=\"color: #333333; font-size: small;\">Temperatura: -30 a 75 \u00b0C<\/span><\/li>\n<li><span style=\"color: #333333; font-size: small;\">Alimentaci\u00f3n: 24 Vcd, 1 A (incluye PoE con reset)<br \/>\n<\/span><\/li>\n<\/ul>\n<p><span style=\"color: #333333;\"><strong>\u00a0<\/strong><span style=\"font-size: small;\"><strong>Dimensiones:<\/strong> 160x80x30 mm \/ <strong>Peso:<\/strong> 500g<\/span><\/span><\/p>\n<div>\n<div>\n<div>\n<div>\n<p style=\"color: #848282; font-family: tahoma, verdana, arial; font-size: 11px;\" align=\"justify\"><span style=\"color: #ff0000;\"><strong><span style=\"font-size: xx-large;\">DUDAS?<\/span><\/strong><\/span><\/p>\n<p style=\"color: #848282; font-family: tahoma, verdana, arial; font-size: 11px;\" align=\"justify\"><span style=\"color: #ff6600; font-size: medium;\"><strong>Llamenos GRATIS NACIONAL al\u00a0 01-800-087-4650<\/strong><\/span><\/p>\n<p style=\"color: #848282; font-family: tahoma, verdana, arial; font-size: 11px;\"><span style=\"color: #ada96e;\">En algunas ocasiones nuestros inventarios pueden moverse y no tener en existencia alg\u00fan producto. Llamenos o escribanos para confirmar si ese articulo que busca lo tenemos o quizas podamos sugerir algun otro.<br \/>\nUtilice la<\/span>\u00a0<strong>AYUDA EN LINEA<\/strong><\/p>\n<p><span style=\"color: #f87217; font-family: tahoma, verdana, arial; font-size: 11px;\">Por favor tome un minuto y revise nuestras POLITICAS de venta al calce de la pagina.<\/span><\/p>\n<\/div>\n<\/div>\n<\/div>\n<\/div>\n<p>&nbsp;<\/p>\n","protected":false},"excerpt":{"rendered":"<p>RocketM5 UBIQUITI NETWORKS Rocket\u00a0 Access Point 5.1-5.8GHz 300Mbps 500mW Modos de Operaci\u00f3n: access point, station y repeater (WDS). Se\u00f1alizaci\u00f3n propietaria: airMAX (MIMO TDMA) Canalajustable de 5 a 40 MHz Seguridad: WPA, WPA2, MAC ACL. Alineaci\u00f3n de antenas: visual y audible (software) Requiere Antena (ver accesorios del producto) Tiene 2 conectores SMA-Hembra Inverso Temperatura: -30 a [&hellip;]<\/p>\n","protected":false},"featured_media":9071,"template":"","meta":{"_acf_changed":false},"product_brand":[],"product_cat":[72],"product_tag":[],"berocket_brand":[],"class_list":{"0":"post-4737","1":"product","2":"type-product","3":"status-publish","4":"has-post-thumbnail","6":"product_cat-redes-inalambricas","8":"first","9":"instock","10":"taxable","11":"shipping-taxable","12":"purchasable","13":"product-type-simple","14":"berocket_lgv_grid","15":"berocket_lgv_list_grid"},"acf":[],"aioseo_notices":[],"_links":{"self":[{"href":"https:\/\/todoenseguridad.com\/site\/wp-json\/wp\/v2\/product\/4737","targetHints":{"allow":["GET"]}}],"collection":[{"href":"https:\/\/todoenseguridad.com\/site\/wp-json\/wp\/v2\/product"}],"about":[{"href":"https:\/\/todoenseguridad.com\/site\/wp-json\/wp\/v2\/types\/product"}],"wp:featuredmedia":[{"embeddable":true,"href":"https:\/\/todoenseguridad.com\/site\/wp-json\/wp\/v2\/media\/9071"}],"wp:attachment":[{"href":"https:\/\/todoenseguridad.com\/site\/wp-json\/wp\/v2\/media?parent=4737"}],"wp:term":[{"taxonomy":"product_brand","embeddable":true,"href":"https:\/\/todoenseguridad.com\/site\/wp-json\/wp\/v2\/product_brand?post=4737"},{"taxonomy":"product_cat","embeddable":true,"href":"https:\/\/todoenseguridad.com\/site\/wp-json\/wp\/v2\/product_cat?post=4737"},{"taxonomy":"product_tag","embeddable":true,"href":"https:\/\/todoenseguridad.com\/site\/wp-json\/wp\/v2\/product_tag?post=4737"},{"taxonomy":"berocket_brand","embeddable":true,"href":"https:\/\/todoenseguridad.com\/site\/wp-json\/wp\/v2\/berocket_brand?post=4737"}],"curies":[{"name":"wp","href":"https:\/\/api.w.org\/{rel}","templated":true}]}}