{"id":13127,"date":"2026-03-30T14:52:35","date_gmt":"2026-03-30T19:52:35","guid":{"rendered":"https:\/\/todoenseguridad.com\/site\/?post_type=product&#038;p=13127"},"modified":"2026-03-30T14:52:35","modified_gmt":"2026-03-30T19:52:35","slug":"dh-sdt3e410-8p-mb-a-pv1-dahua-camara-ptz-ip-x-spans-8mp4mp-tioc-10x-zoom-ir-hasta-70m","status":"publish","type":"product","link":"https:\/\/todoenseguridad.com\/site\/producto\/dh-sdt3e410-8p-mb-a-pv1-dahua-camara-ptz-ip-x-spans-8mp4mp-tioc-10x-zoom-ir-hasta-70m\/","title":{"rendered":"DH-SDT3E410-8P-MB-A-PV1 DAHUA C\u00e1mara PTZ IP X-Spans 8MP+4MP, TiOC: 10X Zoom, IR hasta 70m"},"content":{"rendered":"<h2 id=\"title\"><span style=\"color: #0000ff;\">DH-SDT3E410-8P-MB-A-PV1 DAHUA C\u00e1mara PTZ IP X-Spans 8MP+4MP, TiOC: 10X Zoom, IR hasta 70m, Autotracking, Protecci\u00f3n perimetral,Multivisi\u00f3n, Disuasi\u00f3n activa, Luz dual inteligente, SMD 4.0\/ IP66<\/span><\/h2>\n<h3><span style=\"color: #000000;\">Informaci\u00f3n General<\/span><\/h3>\n<p><span style=\"color: #000000;\">La c\u00e1mara PTZ\u00a0DAHUA DH-SDT3E410-8P-MB-A-PV1\u00a0est\u00e1 dise\u00f1ada para proporcionar una vigilancia robusta en exteriores con una combinaci\u00f3n de resoluci\u00f3n de 8MP+4MP. Su zoom \u00f3ptico 10X y su capacidad de alcance infrarrojo de hasta 70 metros permiten un monitoreo eficiente en \u00e1reas grandes. Adem\u00e1s, est\u00e1 equipada con tecnolog\u00eda TiOC (Three-in-One Camera) que incluye luz dual inteligente para adaptaci\u00f3n a diferentes condiciones de iluminaci\u00f3n, y disuasi\u00f3n activa para detener posibles intrusos. El\u00a0Autotrackingy la\u00a0Proteccion Perimetral\u00a0agregan una capa extra de seguridad, mientras que su clasificaci\u00f3n IP66 garantiza resistencia a las condiciones clim\u00e1ticas m\u00e1s extremas.<\/span><\/p>\n<p><span style=\"color: #000000;\">Importante: Las c\u00e1maras que cuentan con dos lentes independientes, al conectarla a un grabador (NVR\/XVR) y usar ambas lentes, ocupa dos canales de video, verifica la capacidad de tu grabador y, para proyectos, solicita asesor\u00eda a nuestro departamento de soporte t\u00e9cnico o Ingenier\u00eda.<\/span><\/p>\n<div>\n<div>\n<h3><span style=\"color: #000000;\">Caracter\u00edsticas Principales<\/span><\/h3>\n<ul>\n<li><span style=\"color: #000000;\">Panorama:\u00a0genera una imagen empalmada con un \u00e1ngulo amplio de 180\u00b0<\/span><\/li>\n<li><span style=\"color: #000000;\">Detalle:\u00a0CMOS STARVIS\u2122 de 1\/2,8&#8243; y 4 megap\u00edxeles<\/span><\/li>\n<li><span style=\"color: #000000;\">Zoom:\u00a0\u00d3ptico de 10x<\/span><\/li>\n<li><span style=\"color: #000000;\">Tecnolog\u00eda:\u00a0Starlight;\u00a0SMD\u00a04.0<\/span><\/li>\n<li><span style=\"color: #000000;\">Resolucion:\u00a0M\u00e1x. 25\/30 fps a 8 m<\/span><\/li>\n<li><span style=\"color: #000000;\">Distancia IR:\u00a0Hasta 70 m<\/span><\/li>\n<li><span style=\"color: #000000;\">Luz c\u00e1lida:\u00a0Distancia de iluminaci\u00f3n hasta 30 m<\/span><\/li>\n<li><span style=\"color: #000000;\">Funciones:\u00a0Disuasi\u00f3n activa; Seguimiento autom\u00e1tico Lite; Protecci\u00f3n perimetral; Detecci\u00f3n de rostros<\/span><\/li>\n<li><span style=\"color: #000000;\">Protecci\u00f3n:\u00a0IP66<\/span><\/li>\n<li><span style=\"color: #000000;\">Smart dual-Light<\/span><\/li>\n<\/ul>\n<div>\n<div>\n<h3><span style=\"color: #000000;\">Especificaciones T\u00e9cnicas<\/span><\/h3>\n<ul>\n<li><span style=\"color: #000000;\">Fuente de alimentaci\u00f3n:\u00a012 VCC, 3 A \u00b1 10 % PoE+ (802.3at)<\/span><\/li>\n<li><span style=\"color: #000000;\">Consumo de energ\u00eda:\u00a0B\u00e1sico: 12 W<\/span><\/li>\n<li><span style=\"color: #000000;\">Temperatura de funcionamiento:\u00a0\u2013 30 \u00b0C a +60 \u00b0C<\/span><\/li>\n<li><span style=\"color: #000000;\">Humedad de funcionamiento:\u00a0\u226495 %<\/span><\/li>\n<li><span style=\"color: #000000;\">Dimensiones del producto:\u00a0140,3 mm \u00d7 181,7 mm \u00d7 238,8 mm<\/span><\/li>\n<li><span style=\"color: #000000;\">Peso neto:\u00a02,17 kg\u00a0<\/span><\/li>\n<li><span style=\"color: #000000;\">Material:\u00a0Metal<\/span><\/li>\n<\/ul>\n<h3><span style=\"color: #000000;\">Incluye<\/span><\/h3>\n<ul>\n<li><span style=\"color: #000000;\">x1\u00a0C\u00e1mara PTZ\u00a0DH-SDT3E410-8P-MB-A-PV1<\/span><\/li>\n<li><span style=\"color: #000000;\">x1\u00a0Manual de usuario<\/span><\/li>\n<li><span style=\"color: #000000;\">x1\u00a0P\u00f3liza de garant\u00eda<\/span><\/li>\n<li><span style=\"color: #000000;\">x1\u00a0Soporte de montaje en pared.<\/span><\/li>\n<\/ul>\n<\/div>\n<\/div>\n<\/div>\n<\/div>\n<p>&nbsp;<\/p>\n","protected":false},"excerpt":{"rendered":"<p>DH-SDT3E410-8P-MB-A-PV1 DAHUA C\u00e1mara PTZ IP X-Spans 8MP+4MP, TiOC: 10X Zoom, IR hasta 70m, Autotracking, Protecci\u00f3n perimetral,Multivisi\u00f3n, Disuasi\u00f3n activa, Luz dual inteligente, SMD 4.0\/ IP66 Informaci\u00f3n General La c\u00e1mara PTZ\u00a0DAHUA DH-SDT3E410-8P-MB-A-PV1\u00a0est\u00e1 dise\u00f1ada para proporcionar una vigilancia robusta en exteriores con una combinaci\u00f3n de resoluci\u00f3n de 8MP+4MP. Su zoom \u00f3ptico 10X y su capacidad de alcance infrarrojo [&hellip;]<\/p>\n","protected":false},"featured_media":13128,"template":"","meta":{"_acf_changed":false},"product_brand":[],"product_cat":[51,54,226],"product_tag":[],"berocket_brand":[],"class_list":{"0":"post-13127","1":"product","2":"type-product","3":"status-publish","4":"has-post-thumbnail","6":"product_cat-camaras-i-p","7":"product_cat-pt-ptz","8":"product_cat-camaras-de-seguridad-cctv-videovigilancia-hd","10":"first","11":"instock","12":"taxable","13":"shipping-taxable","14":"purchasable","15":"product-type-simple","16":"berocket_lgv_grid","17":"berocket_lgv_list_grid"},"acf":[],"aioseo_notices":[],"_links":{"self":[{"href":"https:\/\/todoenseguridad.com\/site\/wp-json\/wp\/v2\/product\/13127","targetHints":{"allow":["GET"]}}],"collection":[{"href":"https:\/\/todoenseguridad.com\/site\/wp-json\/wp\/v2\/product"}],"about":[{"href":"https:\/\/todoenseguridad.com\/site\/wp-json\/wp\/v2\/types\/product"}],"wp:featuredmedia":[{"embeddable":true,"href":"https:\/\/todoenseguridad.com\/site\/wp-json\/wp\/v2\/media\/13128"}],"wp:attachment":[{"href":"https:\/\/todoenseguridad.com\/site\/wp-json\/wp\/v2\/media?parent=13127"}],"wp:term":[{"taxonomy":"product_brand","embeddable":true,"href":"https:\/\/todoenseguridad.com\/site\/wp-json\/wp\/v2\/product_brand?post=13127"},{"taxonomy":"product_cat","embeddable":true,"href":"https:\/\/todoenseguridad.com\/site\/wp-json\/wp\/v2\/product_cat?post=13127"},{"taxonomy":"product_tag","embeddable":true,"href":"https:\/\/todoenseguridad.com\/site\/wp-json\/wp\/v2\/product_tag?post=13127"},{"taxonomy":"berocket_brand","embeddable":true,"href":"https:\/\/todoenseguridad.com\/site\/wp-json\/wp\/v2\/berocket_brand?post=13127"}],"curies":[{"name":"wp","href":"https:\/\/api.w.org\/{rel}","templated":true}]}}