{"id":13122,"date":"2026-03-30T14:39:36","date_gmt":"2026-03-30T19:39:36","guid":{"rendered":"https:\/\/todoenseguridad.com\/site\/?post_type=product&#038;p=13122"},"modified":"2026-03-30T14:39:36","modified_gmt":"2026-03-30T19:39:36","slug":"dh-ipc-pt2849c1-s-pv-pro-dahua-camara-ip-pt-de-8mp-ofrece-vision-wizcolor-smd3-0-lente-3-6-mm-proteccion-perimetral-audio-bidireccional","status":"publish","type":"product","link":"https:\/\/todoenseguridad.com\/site\/producto\/dh-ipc-pt2849c1-s-pv-pro-dahua-camara-ip-pt-de-8mp-ofrece-vision-wizcolor-smd3-0-lente-3-6-mm-proteccion-perimetral-audio-bidireccional\/","title":{"rendered":"DH-IPC-PT2849C1-S-PV-PRO DAHUA\u00a0C\u00e1mara IP PT de 8MP ofrece visi\u00f3n WizColor\/ SMD3.0\/ Lente 3.6 mm\/ Protecci\u00f3n perimetral\/ audio bidireccional"},"content":{"rendered":"<h2 id=\"title\"><span style=\"color: #0000ff;\">DH-IPC-PT2849C1-S-PV-PRO DAHUA\u00a0C\u00e1mara IP PT de 8MP ofrece visi\u00f3n WizColor\/ SMD3.0\/ Lente 3.6 mm\/ Protecci\u00f3n perimetral\/ audio bidireccional\/detecci\u00f3n de humanos\/Protecci\u00f3n Perimetral\/ Auto Tracking Lite\/ranura MicroSD\/ IP66\/ PoE\/<\/span><\/h2>\n<h3 class=\"card-title text-center\"><span style=\"color: #000000;\">Informaci\u00f3n General<\/span><\/h3>\n<p class=\"ql-align-justify\"><span style=\"color: #000000;\">La c\u00e1mara\u00a0<strong>DH-IPC-PT2849C1-S-PV-PRO<\/strong>\u00a0es una c\u00e1mara IP PT de 8 MP perteneciente a la serie WizColor, dise\u00f1ada para capturar im\u00e1genes a todo color aun con poca luz. Integra inteligencia artificial\u00a0<strong>WizSense<\/strong>\u00a0para detecci\u00f3n precisa de humanos y veh\u00edculos, adem\u00e1s de funciones avanzadas como\u00a0<strong>seguimiento autom\u00e1tico Lite<\/strong>,\u00a0<strong>SMD 3.0<\/strong>,\u00a0<strong>disuasi\u00f3n activa<\/strong>\u00a0con luz c\u00e1lida y sonido,\u00a0<strong>audio bidireccional<\/strong>, y\u00a0<strong>codificaci\u00f3n H.265+<\/strong>\u00a0que optimiza el ancho de banda y almacenamiento. Con protecci\u00f3n\u00a0<strong>IP66<\/strong>, amplio rango din\u00e1mico de 120 dB y compatibilidad con\u00a0<strong>DMSS<\/strong>, esta c\u00e1mara es ideal para vigilancia profesional en exteriores residenciales, comerciales o industriales.<\/span><\/p>\n<h3><span style=\"color: #000000;\">Caracter\u00edsticas Principales<\/span><\/h3>\n<ul>\n<li class=\"ql-align-justify\"><span style=\"color: #000000;\">Tecnolog\u00eda WizColor para visi\u00f3n a todo color 24\/7.<\/span><\/li>\n<li class=\"ql-align-justify\"><span style=\"color: #000000;\">Apertura F1.0 que mejora la entrada de luz.<\/span><\/li>\n<li class=\"ql-align-justify\"><span style=\"color: #000000;\">Iluminadores LED c\u00e1lidos (4 unidades) con alcance de hasta 30 metros.<\/span><\/li>\n<li class=\"ql-align-justify\"><span style=\"color: #000000;\">Disuasi\u00f3n activa con luz c\u00e1lida y audio configurable.<\/span><\/li>\n<li class=\"ql-align-justify\"><span style=\"color: #000000;\">Seguimiento autom\u00e1tico Lite para rastreo inteligente.<\/span><\/li>\n<li class=\"ql-align-justify\"><span style=\"color: #000000;\">Compatibilidad ONVIF, SDK, CGI y m\u00faltiples navegadores.<\/span><\/li>\n<li class=\"ql-align-justify\"><span style=\"color: #000000;\">Almacenamiento local mediante microSD hasta 512 GB<\/span><\/li>\n<\/ul>\n<h3><span style=\"color: #000000;\">Especificaciones T\u00e9cnicas<\/span><\/h3>\n<ul>\n<li class=\"ql-align-justify\"><span style=\"color: #000000;\"><strong>Fuente de alimentaci\u00f3n:\u00a0<\/strong>12 VCC, 1 A \u00b1 10 % PoE (802.3af).<\/span><\/li>\n<li class=\"ql-align-justify\"><span style=\"color: #000000;\"><strong>Consumo de energ\u00eda:<\/strong>\u00a0PoE: B\u00e1sico: 3,6 W M\u00e1x.: 9,5 W (iluminador + PTZ).<\/span><\/li>\n<li class=\"ql-align-justify\"><span style=\"color: #000000;\"><strong>Temperatura de funcionamiento:<\/strong>\u00a0\u2013 30 \u00b0C a +55 \u00b0C.<\/span><\/li>\n<li class=\"ql-align-justify\"><span style=\"color: #000000;\"><strong>Protecci\u00f3n:\u00a0<\/strong>IP66.<\/span><\/li>\n<li class=\"ql-align-justify\"><span style=\"color: #000000;\"><strong>Dimensiones del producto:\u00a0<\/strong>153,5 mm \u00d7 \u03a6129,3 mm<\/span><\/li>\n<\/ul>\n<h3><span style=\"color: #000000;\">Incluye<\/span><\/h3>\n<ul>\n<li class=\"ql-align-justify\"><span style=\"color: #000000;\"><strong>x1<\/strong>\u00a0C\u00e1mara IP PT 8MP\u00a0<strong>DH-IPC-PT2849C1-S-PV-PRO.<\/strong><\/span><\/li>\n<li class=\"ql-align-justify\"><span style=\"color: #000000;\"><strong>x1\u00a0<\/strong>Manual de usuario.<\/span><\/li>\n<li class=\"ql-align-justify\"><span style=\"color: #000000;\"><strong>x1\u00a0<\/strong>P\u00f3liza de garant\u00eda.<\/span><\/li>\n<\/ul>\n","protected":false},"excerpt":{"rendered":"<p>DH-IPC-PT2849C1-S-PV-PRO DAHUA\u00a0C\u00e1mara IP PT de 8MP ofrece visi\u00f3n WizColor\/ SMD3.0\/ Lente 3.6 mm\/ Protecci\u00f3n perimetral\/ audio bidireccional\/detecci\u00f3n de humanos\/Protecci\u00f3n Perimetral\/ Auto Tracking Lite\/ranura MicroSD\/ IP66\/ PoE\/ Informaci\u00f3n General La c\u00e1mara\u00a0DH-IPC-PT2849C1-S-PV-PRO\u00a0es una c\u00e1mara IP PT de 8 MP perteneciente a la serie WizColor, dise\u00f1ada para capturar im\u00e1genes a todo color aun con poca luz. Integra inteligencia [&hellip;]<\/p>\n","protected":false},"featured_media":13123,"template":"","meta":{"_acf_changed":false},"product_brand":[],"product_cat":[51,54,226],"product_tag":[],"berocket_brand":[],"class_list":{"0":"post-13122","1":"product","2":"type-product","3":"status-publish","4":"has-post-thumbnail","6":"product_cat-camaras-i-p","7":"product_cat-pt-ptz","8":"product_cat-camaras-de-seguridad-cctv-videovigilancia-hd","10":"first","11":"instock","12":"taxable","13":"shipping-taxable","14":"purchasable","15":"product-type-simple","16":"berocket_lgv_grid","17":"berocket_lgv_list_grid"},"acf":[],"aioseo_notices":[],"_links":{"self":[{"href":"https:\/\/todoenseguridad.com\/site\/wp-json\/wp\/v2\/product\/13122","targetHints":{"allow":["GET"]}}],"collection":[{"href":"https:\/\/todoenseguridad.com\/site\/wp-json\/wp\/v2\/product"}],"about":[{"href":"https:\/\/todoenseguridad.com\/site\/wp-json\/wp\/v2\/types\/product"}],"wp:featuredmedia":[{"embeddable":true,"href":"https:\/\/todoenseguridad.com\/site\/wp-json\/wp\/v2\/media\/13123"}],"wp:attachment":[{"href":"https:\/\/todoenseguridad.com\/site\/wp-json\/wp\/v2\/media?parent=13122"}],"wp:term":[{"taxonomy":"product_brand","embeddable":true,"href":"https:\/\/todoenseguridad.com\/site\/wp-json\/wp\/v2\/product_brand?post=13122"},{"taxonomy":"product_cat","embeddable":true,"href":"https:\/\/todoenseguridad.com\/site\/wp-json\/wp\/v2\/product_cat?post=13122"},{"taxonomy":"product_tag","embeddable":true,"href":"https:\/\/todoenseguridad.com\/site\/wp-json\/wp\/v2\/product_tag?post=13122"},{"taxonomy":"berocket_brand","embeddable":true,"href":"https:\/\/todoenseguridad.com\/site\/wp-json\/wp\/v2\/berocket_brand?post=13122"}],"curies":[{"name":"wp","href":"https:\/\/api.w.org\/{rel}","templated":true}]}}