{"id":13116,"date":"2026-03-30T14:14:54","date_gmt":"2026-03-30T19:14:54","guid":{"rendered":"https:\/\/todoenseguridad.com\/site\/?post_type=product&#038;p=13116"},"modified":"2026-03-30T14:14:54","modified_gmt":"2026-03-30T19:14:54","slug":"dh-ipc-hdbw2649ep-s-il-dahua-camara-ip-domo-antivandalica-de-6mp-lente-de-2-8mm-30mts-de-iluminador-dual-inteligentefull-color-smd-plus","status":"publish","type":"product","link":"https:\/\/todoenseguridad.com\/site\/producto\/dh-ipc-hdbw2649ep-s-il-dahua-camara-ip-domo-antivandalica-de-6mp-lente-de-2-8mm-30mts-de-iluminador-dual-inteligentefull-color-smd-plus\/","title":{"rendered":"DH-IPC-HDBW2649EP-S-IL\u00a0DAHUA\u00a0Camara IP Domo Antivandalica de 6MP\/ Lente de 2.8mm\/ 30Mts de Iluminador Dual Inteligente+Full Color\/ SMD Plus"},"content":{"rendered":"<h2 id=\"title\"><span style=\"color: #0000ff;\">DH-IPC-HDBW2649EP-S-IL\u00a0DAHUA\u00a0Camara IP Domo Antivandalica de 6MP\/ Lente de 2.8mm\/ 30Mts de Iluminador Dual Inteligente+Full Color\/ SMD Plus\/ Protecci\u00f3n Perimetral avanzada\/ Micr\u00f3fono Integrado\/ IP67\/ IK10 Ranura para MicroSD<\/span><\/h2>\n<h3><span style=\"color: #000000;\">Informaci\u00f3n General<\/span><\/h3>\n<p><span style=\"color: #000000;\">La\u00a0DAHUA DH-IPC-HDBW2649EP-S-IL\u00a0es una c\u00e1mara domo IP con una resoluci\u00f3n de 6 megap\u00edxeles, ideal para monitoreo tanto en exteriores como en interiores. Su tecnolog\u00eda\u00a0<a style=\"color: #000000;\" href=\"https:\/\/foro.tvc.mx\/docs\/smart-dual-light\" target=\"_blank\" rel=\"noopener\">Smart dual-Light<\/a>\u00a0ajusta la iluminaci\u00f3n seg\u00fan las condiciones ambientales, ofreciendo una visi\u00f3n n\u00edtida incluso en la oscuridad total. Integra\u00a0<a style=\"color: #000000;\" href=\"https:\/\/foro.tvc.mx\/docs\/smd\" target=\"_blank\" rel=\"noopener\">SMD<\/a>Plus y\u00a0<a style=\"color: #000000;\" href=\"https:\/\/foro.tvc.mx\/docs\/protecci%C3%B3n-perimetral\" target=\"_blank\" rel=\"noopener\">Proteccion Perimetral<\/a>avanzada, que permiten la detecci\u00f3n precisa de personas y veh\u00edculos, minimizando falsas alarmas. Adem\u00e1s, cuenta con un micr\u00f3fono integrado que permite grabar audio. La c\u00e1mara es resistente al agua y al polvo con clasificaci\u00f3n IP67, ideal para entornos dif\u00edciles y condiciones clim\u00e1ticas adversas.<\/span><\/p>\n<div>\n<div>\n<h3><span style=\"color: #000000;\">Caracter\u00edsticas Principales<\/span><\/h3>\n<ul>\n<li><span style=\"color: #000000;\">Sensor de imagen:\u00a0CMOS de 1\/2,7&#8243;, baja luminancia e imagen de alta definici\u00f3n.<\/span><\/li>\n<li><span style=\"color: #000000;\">Resolucion:\u00a0Tiene una salida m\u00e1xima de 6 MP (3288\u00d71850) a 20 fps y admite 2688\u00d71520 (2688 \u00d7 1520) a 25\/30 fps.<\/span><\/li>\n<li><span style=\"color: #000000;\">C\u00f3dec:\u00a0H.265, alta tasa de compresi\u00f3n, tasa de bits ultrabaja.<\/span><\/li>\n<li><span style=\"color: #000000;\">Iluminaci\u00f3n:\u00a0Luz c\u00e1lida incorporada y LED IR, la distancia m\u00e1xima de IR es de 30 m y la distancia m\u00e1xima de luz c\u00e1lida es de 30 m.<\/span><\/li>\n<li><span style=\"color: #000000;\">Funciones:\u00a0ROI, SMART H.264+\/H.265+, codificaci\u00f3n flexible, aplicable a diversos entornos de ancho de banda y almacenamiento. Modo de rotaci\u00f3n, WDR, 3D NR, HLC, BLC, marca de agua digital, aplicable a varias escenas de monitoreo.<\/span><\/li>\n<li><span style=\"color: #000000;\">Monitoreo inteligente:\u00a0Intrusi\u00f3n, trampa (las dos funciones apoyan la clasificaci\u00f3n y detecci\u00f3n precisa de veh\u00edculos y humanos).<\/span><\/li>\n<li><span style=\"color: #000000;\">Detecci\u00f3n de anomal\u00edas:\u00a0detecci\u00f3n de movimiento, manipulaci\u00f3n de video, detecci\u00f3n de audio, falta de tarjeta SD, tarjeta SD llena, error de tarjeta SD, desconexi\u00f3n de red, conflicto de IP, acceso ilegal y detecci\u00f3n de voltaje.<\/span><\/li>\n<li><span style=\"color: #000000;\">Almacenamiento:\u00a0Admite una tarjeta Micro SD de 256 G como m\u00e1ximo; micr\u00f3fono integrado.<\/span><\/li>\n<li><span style=\"color: #000000;\">Protecci\u00f3n:\u00a0IP67, IK10.<\/span><\/li>\n<li><span style=\"color: #000000;\">SMD M\u00e1s<\/span><\/li>\n<\/ul>\n<\/div>\n<h3><span style=\"color: #000000;\">Especificaciones T\u00e9cnicas<\/span><\/h3>\n<ul>\n<li><span style=\"color: #000000;\">Fuente de alimentaci\u00f3n:\u00a012 VCC; PoE<\/span><\/li>\n<li><span style=\"color: #000000;\">Consumo de energ\u00eda:\u00a0B\u00e1sico: 2,2 W<\/span><\/li>\n<li><span style=\"color: #000000;\">Temperatura de funcionamiento:\u00a0\u2013 40 \u00b0C a +60 \u00b0C<\/span><\/li>\n<li><span style=\"color: #000000;\">Humedad de funcionamiento:\u00a0\u226495 % (HR), sin condensaci\u00f3n<\/span><\/li>\n<li><span style=\"color: #000000;\">Dimensiones del producto:\u00a081,0 mm \u00d7 \u03a6109,9 mm\u00a0<\/span><\/li>\n<li><span style=\"color: #000000;\">Peso neto:\u00a00,34 kg\u00a0<\/span><\/li>\n<\/ul>\n<div>\n<div>\n<h3><span style=\"color: #000000;\">Incluye<\/span><\/h3>\n<ul>\n<li><span style=\"color: #000000;\">x1\u00a0C\u00e1mara Domo IP\u00a0DH-IPC-HDBW2649EP-S-IL<\/span><\/li>\n<li><span style=\"color: #000000;\">x1\u00a0Manual de usuario<\/span><\/li>\n<li><span style=\"color: #000000;\">x1\u00a0P\u00f3liza de garant\u00eda<\/span><\/li>\n<\/ul>\n<p>&nbsp;<\/p>\n<\/div>\n<\/div>\n<\/div>\n","protected":false},"excerpt":{"rendered":"<p>DH-IPC-HDBW2649EP-S-IL\u00a0DAHUA\u00a0Camara IP Domo Antivandalica de 6MP\/ Lente de 2.8mm\/ 30Mts de Iluminador Dual Inteligente+Full Color\/ SMD Plus\/ Protecci\u00f3n Perimetral avanzada\/ Micr\u00f3fono Integrado\/ IP67\/ IK10 Ranura para MicroSD Informaci\u00f3n General La\u00a0DAHUA DH-IPC-HDBW2649EP-S-IL\u00a0es una c\u00e1mara domo IP con una resoluci\u00f3n de 6 megap\u00edxeles, ideal para monitoreo tanto en exteriores como en interiores. Su tecnolog\u00eda\u00a0Smart dual-Light\u00a0ajusta la iluminaci\u00f3n [&hellip;]<\/p>\n","protected":false},"featured_media":13117,"template":"","meta":{"_acf_changed":false},"product_brand":[],"product_cat":[51,53,226],"product_tag":[],"berocket_brand":[],"class_list":{"0":"post-13116","1":"product","2":"type-product","3":"status-publish","4":"has-post-thumbnail","6":"product_cat-camaras-i-p","7":"product_cat-domo","8":"product_cat-camaras-de-seguridad-cctv-videovigilancia-hd","10":"first","11":"instock","12":"taxable","13":"shipping-taxable","14":"purchasable","15":"product-type-simple","16":"berocket_lgv_grid","17":"berocket_lgv_list_grid"},"acf":[],"aioseo_notices":[],"_links":{"self":[{"href":"https:\/\/todoenseguridad.com\/site\/wp-json\/wp\/v2\/product\/13116","targetHints":{"allow":["GET"]}}],"collection":[{"href":"https:\/\/todoenseguridad.com\/site\/wp-json\/wp\/v2\/product"}],"about":[{"href":"https:\/\/todoenseguridad.com\/site\/wp-json\/wp\/v2\/types\/product"}],"wp:featuredmedia":[{"embeddable":true,"href":"https:\/\/todoenseguridad.com\/site\/wp-json\/wp\/v2\/media\/13117"}],"wp:attachment":[{"href":"https:\/\/todoenseguridad.com\/site\/wp-json\/wp\/v2\/media?parent=13116"}],"wp:term":[{"taxonomy":"product_brand","embeddable":true,"href":"https:\/\/todoenseguridad.com\/site\/wp-json\/wp\/v2\/product_brand?post=13116"},{"taxonomy":"product_cat","embeddable":true,"href":"https:\/\/todoenseguridad.com\/site\/wp-json\/wp\/v2\/product_cat?post=13116"},{"taxonomy":"product_tag","embeddable":true,"href":"https:\/\/todoenseguridad.com\/site\/wp-json\/wp\/v2\/product_tag?post=13116"},{"taxonomy":"berocket_brand","embeddable":true,"href":"https:\/\/todoenseguridad.com\/site\/wp-json\/wp\/v2\/berocket_brand?post=13116"}],"curies":[{"name":"wp","href":"https:\/\/api.w.org\/{rel}","templated":true}]}}