{"id":13114,"date":"2026-03-30T13:02:35","date_gmt":"2026-03-30T18:02:35","guid":{"rendered":"https:\/\/todoenseguridad.com\/site\/?post_type=product&#038;p=13114"},"modified":"2026-03-30T13:02:35","modified_gmt":"2026-03-30T18:02:35","slug":"dh-ipc-hfw3849t-zas-il-dahua-camara-ip-bullet-8-mp-lente-motorizado-2-7-13-5-mm-acupick-smd-4-0-iluminador-dual-inteligente","status":"publish","type":"product","link":"https:\/\/todoenseguridad.com\/site\/producto\/dh-ipc-hfw3849t-zas-il-dahua-camara-ip-bullet-8-mp-lente-motorizado-2-7-13-5-mm-acupick-smd-4-0-iluminador-dual-inteligente\/","title":{"rendered":"DH-IPC-HFW3849T-ZAS-IL DAHUA C\u00e1mara IP Bullet 8 MP\/ lente motorizado 2.7-13.5 mm\/ AcuPick\/ SMD 4.0. \/ Iluminador Dual Inteligente"},"content":{"rendered":"<h2 id=\"title\"><span style=\"color: #0000ff;\">DH-IPC-HFW3849T-ZAS-IL DAHUA C\u00e1mara IP Bullet 4K de 8 MP\/ lente motorizado 2.7-13.5 mm\/ AcuPick\/ Wizsense\/ SMD 4.0. \/ Iluminador Dual Inteligente\/ Protecci\u00f3n Perimetral\/ AI SSA\/ IR 60m\/ dual light\/ IP67\/ WDR\/<\/span><\/h2>\n<h3><span style=\"color: #000000;\">Informaci\u00f3n General<\/span><\/h3>\n<p><span style=\"color: #000000;\">La\u00a0DAHUA DH-IPC-HFW3849T-ZAS-IL\u00a0ofrece imagen ultra HD (3840\u00d72160) con lente motorizado 2.7\u201313.5 mm y sensor CMOS de 1\/2.7\u2033. Incluye iluminaci\u00f3n dual inteligente\u2014IR y luz blanca\u2014con alcance de hasta 60 m, optimizando visualizaci\u00f3n nocturna sin contaminaciones. Implementa\u00a0Smart Dual Light, SMD 4.0, detecci\u00f3n avanzada de personas y veh\u00edculos (IVA), y AI SSA para disparo selectivo. Adem\u00e1s tiene compresi\u00f3n eficiente (Smart H.265+), audio bidireccional, alarma integrada y almacenamiento local microSD (hasta 512 GB). Construida para exteriores con protecci\u00f3n IP67 y opcional IK10, es ideal para vigilancia avanzada.<\/span><\/p>\n<div>\n<div>\n<h3><span style=\"color: #000000;\">Caracteristicas principales<\/span><\/h3>\n<ul>\n<li><span style=\"color: #000000;\">Zoom motorizado con enfoque preciso<\/span><\/li>\n<li><span style=\"color: #000000;\">Luz dual inteligente para visi\u00f3n nocturna activa<\/span><\/li>\n<li><span style=\"color: #000000;\">IA avanzada para vigilancia selectiva y reducci\u00f3n de falsas alarmas<\/span><\/li>\n<li><span style=\"color: #000000;\">Audio y alarmas integradas para intervenci\u00f3n remota<\/span><\/li>\n<li><span style=\"color: #000000;\">Dise\u00f1o robusto IP67 para aplicaciones exteriores exigentes<\/span><\/li>\n<\/ul>\n<h3><span style=\"color: #000000;\">specificaciones T\u00e9cnicas<\/span><\/h3>\n<ul>\n<li><span style=\"color: #000000;\">Sensor de Imagen:\u00a01\/2.7&#8243; CMOS, 8 MP (3840 \u00d7 2160)<\/span><\/li>\n<li><span style=\"color: #000000;\">Memoria:\u00a01 GB RAM \/ 256 MB ROM<\/span><\/li>\n<li><span style=\"color: #000000;\">Iluminaci\u00f3n M\u00ednima:\u00a00.007 lux (color), 0.0007 lux (B\/N), 0 lux con IR\/luz c\u00e1lida<\/span><\/li>\n<li><span style=\"color: #000000;\">Distancia de Iluminaci\u00f3n:\u00a0Hasta 60 m (IR y luz c\u00e1lida)<\/span><\/li>\n<li><span style=\"color: #000000;\">Lente:\u00a0Motorizado varifocal 2.7\u201313.5 mm, F1.4, FOV H:114\u00b0\u201332\u00b0<\/span><\/li>\n<li><span style=\"color: #000000;\">DORI (Detect\/Identify):\u00a0280 m detecci\u00f3n \/ 28 m identificaci\u00f3n (tele)<\/span><\/li>\n<li><span style=\"color: #000000;\">Funciones Inteligentes AI:\u00a0IVS (per\u00edmetro), SMD 4.0, Face Detection, AcuPick, Smart Search, AI SSA<\/span><\/li>\n<li><span style=\"color: #000000;\">Video:\u00a08M@30fps m\u00e1x., 3 streams, c\u00f3decs AI H.265\/H.264, WDR 120 dB, 3D NR, EIS, Smart Dual Light<\/span><\/li>\n<li><span style=\"color: #000000;\">Audio:\u00a0Micr\u00f3fono integrado, entrada\/salida RCA, c\u00f3decs G.711\/PCM\/G.726\/G.723<\/span><\/li>\n<li><span style=\"color: #000000;\">Alarma:\u00a01 entrada \/ 1 salida, m\u00faltiples eventos (intrusi\u00f3n, sabotaje, defocus, red, etc.)<\/span><\/li>\n<li><span style=\"color: #000000;\">Red:\u00a0RJ-45 (10\/100 Mbps), ONVIF S\/G\/T\/M, hasta 20 usuarios, NAS\/FTP\/microSD (m\u00e1x. 512 GB)<\/span><\/li>\n<li><span style=\"color: #000000;\">Seguridad:\u00a0Cifrado HTTPS, 802.1x, IP\/MAC filtering, Syslog, arranque seguro<\/span><\/li>\n<li><span style=\"color: #000000;\">Energ\u00eda:\u00a012 VDC o PoE 802.3af, consumo m\u00e1x. 9.9 W (DC) \/ 12.5 W (PoE)<\/span><\/li>\n<li><span style=\"color: #000000;\">Protecci\u00f3n y Ambiente:\u00a0IP67, \u201330 \u00b0C a +60 \u00b0C, HR \u226495%<\/span><\/li>\n<li><span style=\"color: #000000;\">Dimensiones\/Peso:\u00a0238.5 \u00d7 90.7 \u00d7 90.7 mm, 835 g neto<\/span><\/li>\n<\/ul>\n<div>\n<div>\n<h3><span style=\"color: #000000;\">Incluye<\/span><\/h3>\n<ul>\n<li><span style=\"color: #000000;\">1x\u00a0C\u00e1mara bullet\u00a0DAHUA DH-IPC-HFW3849T-ZAS-IL<\/span><\/li>\n<li><span style=\"color: #000000;\">1x\u00a0Manual de usuario\u00a0<\/span><\/li>\n<li><span style=\"color: #000000;\">1x\u00a0P\u00f3liza de garant\u00eda\u00a0<\/span><\/li>\n<\/ul>\n<p>&nbsp;<\/p>\n<\/div>\n<\/div>\n<\/div>\n<\/div>\n","protected":false},"excerpt":{"rendered":"<p>DH-IPC-HFW3849T-ZAS-IL DAHUA C\u00e1mara IP Bullet 4K de 8 MP\/ lente motorizado 2.7-13.5 mm\/ AcuPick\/ Wizsense\/ SMD 4.0. \/ Iluminador Dual Inteligente\/ Protecci\u00f3n Perimetral\/ AI SSA\/ IR 60m\/ dual light\/ IP67\/ WDR\/ Informaci\u00f3n General La\u00a0DAHUA DH-IPC-HFW3849T-ZAS-IL\u00a0ofrece imagen ultra HD (3840\u00d72160) con lente motorizado 2.7\u201313.5 mm y sensor CMOS de 1\/2.7\u2033. Incluye iluminaci\u00f3n dual inteligente\u2014IR y luz [&hellip;]<\/p>\n","protected":false},"featured_media":13115,"template":"","meta":{"_acf_changed":false},"product_brand":[],"product_cat":[52,51,226],"product_tag":[],"berocket_brand":[],"class_list":{"0":"post-13114","1":"product","2":"type-product","3":"status-publish","4":"has-post-thumbnail","6":"product_cat-bullet","7":"product_cat-camaras-i-p","8":"product_cat-camaras-de-seguridad-cctv-videovigilancia-hd","10":"first","11":"instock","12":"taxable","13":"shipping-taxable","14":"purchasable","15":"product-type-simple","16":"berocket_lgv_grid","17":"berocket_lgv_list_grid"},"acf":[],"aioseo_notices":[],"_links":{"self":[{"href":"https:\/\/todoenseguridad.com\/site\/wp-json\/wp\/v2\/product\/13114","targetHints":{"allow":["GET"]}}],"collection":[{"href":"https:\/\/todoenseguridad.com\/site\/wp-json\/wp\/v2\/product"}],"about":[{"href":"https:\/\/todoenseguridad.com\/site\/wp-json\/wp\/v2\/types\/product"}],"wp:featuredmedia":[{"embeddable":true,"href":"https:\/\/todoenseguridad.com\/site\/wp-json\/wp\/v2\/media\/13115"}],"wp:attachment":[{"href":"https:\/\/todoenseguridad.com\/site\/wp-json\/wp\/v2\/media?parent=13114"}],"wp:term":[{"taxonomy":"product_brand","embeddable":true,"href":"https:\/\/todoenseguridad.com\/site\/wp-json\/wp\/v2\/product_brand?post=13114"},{"taxonomy":"product_cat","embeddable":true,"href":"https:\/\/todoenseguridad.com\/site\/wp-json\/wp\/v2\/product_cat?post=13114"},{"taxonomy":"product_tag","embeddable":true,"href":"https:\/\/todoenseguridad.com\/site\/wp-json\/wp\/v2\/product_tag?post=13114"},{"taxonomy":"berocket_brand","embeddable":true,"href":"https:\/\/todoenseguridad.com\/site\/wp-json\/wp\/v2\/berocket_brand?post=13114"}],"curies":[{"name":"wp","href":"https:\/\/api.w.org\/{rel}","templated":true}]}}