{"id":13110,"date":"2026-03-30T12:50:09","date_gmt":"2026-03-30T17:50:09","guid":{"rendered":"https:\/\/todoenseguridad.com\/site\/?post_type=product&#038;p=13110"},"modified":"2026-03-30T12:50:09","modified_gmt":"2026-03-30T17:50:09","slug":"dh-ipc-hfw2449tlp-s-led-0280b-pro-dahua-camara-ip-bullet-de-4mp-lente-2-8mm-smd-plus-proteccion-perimetral-ip67","status":"publish","type":"product","link":"https:\/\/todoenseguridad.com\/site\/producto\/dh-ipc-hfw2449tlp-s-led-0280b-pro-dahua-camara-ip-bullet-de-4mp-lente-2-8mm-smd-plus-proteccion-perimetral-ip67\/","title":{"rendered":"DH-IPC-HFW2449TLP-S-LED-0280B-PRO DAHUA C\u00e1mara IP Bullet de 4MP \/ Lente 2.8mm\/ SMD Plus\/ Protecci\u00f3n perimetral\/ IP67"},"content":{"rendered":"<h2 id=\"title\"><span style=\"color: #0000ff;\">DH-IPC-HFW2449TLP-S-LED-0280B-PRO DAHUA C\u00e1mara IP Bullet de 4MP \/ WizColor \/WizSense\/ Lente 2.8mm\/ SMD Plus\/ Protecci\u00f3n perimetral\/ IP67\/ PoE\/ Ranura MicroSD<\/span><\/h2>\n<h3><span style=\"color: #000000;\">Informaci\u00f3n General<\/span><\/h3>\n<p><span style=\"color: #000000;\">La DAHUA\u00a0DH-IPC-HFW2449TLP-S-LED-0280B-PRO\u00a0es una c\u00e1mara Bullet IP de 4MP con tecnolog\u00eda WizColor, que permite capturar im\u00e1genes a color incluso en condiciones de poca luz. Su tecnolog\u00eda WizSense mejora la seguridad mediante inteligencia artificial, diferenciando personas y veh\u00edculos para evitar falsas alarmas. La iluminaci\u00f3n LED c\u00e1lida optimiza la visibilidad nocturna sin necesidad de infrarrojos. Con una estructura resistente IP67, es ideal para uso en exteriores, protegi\u00e9ndola contra lluvia y polvo. Es una soluci\u00f3n avanzada para quienes buscan seguridad inteligente con alta calidad de imagen y monitoreo eficiente en tiempo real.<\/span><\/p>\n<h3><span style=\"color: #000000;\">Caracteristicas principales<\/span><\/h3>\n<ul>\n<li><span style=\"color: #000000;\">Im\u00e1genes en color en entornos de baja iluminaci\u00f3n.<\/span><\/li>\n<li><span style=\"color: #000000;\">Iluminaci\u00f3n LED c\u00e1lida para visi\u00f3n nocturna mejorada.<\/span><\/li>\n<li><span style=\"color: #000000;\">Detecci\u00f3n inteligente de personas y veh\u00edculos.<\/span><\/li>\n<li><span style=\"color: #000000;\">Carcasa resistente a condiciones clim\u00e1ticas extremas.<\/span><\/li>\n<li><span style=\"color: #000000;\">Ideal para vigilancia en exteriores<\/span><\/li>\n<\/ul>\n<div>\n<div>\n<h3><span style=\"color: #000000;\">Especificaciones T\u00e9cnicas<\/span><\/h3>\n<ul>\n<li><span style=\"color: #000000;\">C\u00e1mara: CMOS 4 MP (1\/1,8\u201d), resoluci\u00f3n 2688 \u00d7 1520, 0.0005 Lux, WDR 120 dB, 3D NR<\/span><\/li>\n<li><span style=\"color: #000000;\">Lente: Focal fijo (2.8 mm, 3.6 mm, 6 mm), apertura F1.0, montura M16, campo de visi\u00f3n hasta 134\u00b0<\/span><\/li>\n<li><span style=\"color: #000000;\">Iluminaci\u00f3n: Luz c\u00e1lida (4 LEDs), alcance hasta 50 m<\/span><\/li>\n<li><span style=\"color: #000000;\">V\u00eddeo: H.265\/H.264\/MJPEG, Smart Codec, m\u00e1x. 25\/30 fps, VBR\/CBR, bitrate hasta 6144 kbps<\/span><\/li>\n<li><span style=\"color: #000000;\">Funciones Inteligentes: Protecci\u00f3n perimetral, detecci\u00f3n de movimiento, manipulaci\u00f3n, audio, SMD Plus<\/span><\/li>\n<li><span style=\"color: #000000;\">Audio: Micr\u00f3fono integrado, compresi\u00f3n G.711a\/G.711Mu\/PCM\/G.726<\/span><\/li>\n<li><span style=\"color: #000000;\">Red y Almacenamiento: ONVIF, RJ-45 10\/100 Base-T, microSD hasta 256 GB, FTP\/NAS, hasta 20 usuarios<\/span><\/li>\n<li><span style=\"color: #000000;\">Especificaciones El\u00e9ctricas: Alimentaci\u00f3n 12 VCC \/ PoE, consumo m\u00e1x. 7.2 W<\/span><\/li>\n<li><span style=\"color: #000000;\">Condiciones Ambientales: IP67, -40 \u00b0C a +60 \u00b0C, humedad \u2264 95 %<\/span><\/li>\n<li><span style=\"color: #000000;\">Dimensiones y Peso: 197.9 \u00d7 80.2 \u00d7 76.2 mm, peso neto 0.57 kg<\/span><\/li>\n<\/ul>\n<h3><span style=\"color: #000000;\">Incluye<\/span><\/h3>\n<ul>\n<li><span style=\"color: #000000;\">1x\u00a0C\u00e1mara Bullet IP\u00a0DH-IPC-HFW2449TLP-S-LED-0280B-PRO<\/span><\/li>\n<li><span style=\"color: #000000;\">1x\u00a0Manual de usuario\u00a0<\/span><\/li>\n<li><span style=\"color: #000000;\">1x\u00a0P\u00f3liza de garant\u00eda<\/span><\/li>\n<\/ul>\n<\/div>\n<\/div>\n","protected":false},"excerpt":{"rendered":"<p>DH-IPC-HFW2449TLP-S-LED-0280B-PRO DAHUA C\u00e1mara IP Bullet de 4MP \/ WizColor \/WizSense\/ Lente 2.8mm\/ SMD Plus\/ Protecci\u00f3n perimetral\/ IP67\/ PoE\/ Ranura MicroSD Informaci\u00f3n General La DAHUA\u00a0DH-IPC-HFW2449TLP-S-LED-0280B-PRO\u00a0es una c\u00e1mara Bullet IP de 4MP con tecnolog\u00eda WizColor, que permite capturar im\u00e1genes a color incluso en condiciones de poca luz. Su tecnolog\u00eda WizSense mejora la seguridad mediante inteligencia artificial, diferenciando [&hellip;]<\/p>\n","protected":false},"featured_media":13111,"template":"","meta":{"_acf_changed":false},"product_brand":[],"product_cat":[52,51,226],"product_tag":[],"berocket_brand":[],"class_list":{"0":"post-13110","1":"product","2":"type-product","3":"status-publish","4":"has-post-thumbnail","6":"product_cat-bullet","7":"product_cat-camaras-i-p","8":"product_cat-camaras-de-seguridad-cctv-videovigilancia-hd","10":"first","11":"instock","12":"taxable","13":"shipping-taxable","14":"purchasable","15":"product-type-simple","16":"berocket_lgv_grid","17":"berocket_lgv_list_grid"},"acf":[],"aioseo_notices":[],"_links":{"self":[{"href":"https:\/\/todoenseguridad.com\/site\/wp-json\/wp\/v2\/product\/13110","targetHints":{"allow":["GET"]}}],"collection":[{"href":"https:\/\/todoenseguridad.com\/site\/wp-json\/wp\/v2\/product"}],"about":[{"href":"https:\/\/todoenseguridad.com\/site\/wp-json\/wp\/v2\/types\/product"}],"wp:featuredmedia":[{"embeddable":true,"href":"https:\/\/todoenseguridad.com\/site\/wp-json\/wp\/v2\/media\/13111"}],"wp:attachment":[{"href":"https:\/\/todoenseguridad.com\/site\/wp-json\/wp\/v2\/media?parent=13110"}],"wp:term":[{"taxonomy":"product_brand","embeddable":true,"href":"https:\/\/todoenseguridad.com\/site\/wp-json\/wp\/v2\/product_brand?post=13110"},{"taxonomy":"product_cat","embeddable":true,"href":"https:\/\/todoenseguridad.com\/site\/wp-json\/wp\/v2\/product_cat?post=13110"},{"taxonomy":"product_tag","embeddable":true,"href":"https:\/\/todoenseguridad.com\/site\/wp-json\/wp\/v2\/product_tag?post=13110"},{"taxonomy":"berocket_brand","embeddable":true,"href":"https:\/\/todoenseguridad.com\/site\/wp-json\/wp\/v2\/berocket_brand?post=13110"}],"curies":[{"name":"wp","href":"https:\/\/api.w.org\/{rel}","templated":true}]}}