{"id":13108,"date":"2026-03-30T12:44:40","date_gmt":"2026-03-30T17:44:40","guid":{"rendered":"https:\/\/todoenseguridad.com\/site\/?post_type=product&#038;p=13108"},"modified":"2026-03-30T12:44:40","modified_gmt":"2026-03-30T17:44:40","slug":"dh-ipc-hfw3449e-as-led-dahua-camara-ip-4mp-fullcolor-2-8mm-wizsense-smd-plus-ranura-microsd-es-de-alarma-ip67","status":"publish","type":"product","link":"https:\/\/todoenseguridad.com\/site\/producto\/dh-ipc-hfw3449e-as-led-dahua-camara-ip-4mp-fullcolor-2-8mm-wizsense-smd-plus-ranura-microsd-es-de-alarma-ip67\/","title":{"rendered":"DH-IPC- HFW3449E-AS-LED\u00a0DAHUA C\u00e1mara IP 4MP\/ Fullcolor\/ 2.8mm\/ WizSense\/ SMD Plus\/ Ranura MicroSD\/ E&#038;S de alarma\/ IP67"},"content":{"rendered":"<h2 id=\"title\"><span style=\"color: #0000ff;\">DH-IPC- HFW3449E-AS-LED\u00a0DAHUA C\u00e1mara IP 4MP\/ Fullcolor\/ 2.8mm\/ WizSense\/ SMD Plus\/ Detecci\u00f3n de humanos y veh\u00edculos\/ Led Luz calida 30m\/ Ranura MicroSD\/ E&amp;S de alarma\/ IP67\/ PoE<\/span><\/h2>\n<h3><span style=\"color: #000000;\">Informaci\u00f3n General<\/span><\/h3>\n<p><span style=\"color: #000000;\">La\u00a0Dahua DH-IPC-HFW3449E-AS-LED\u00a0es una c\u00e1mara IP de 4MP con tecnolog\u00eda Full-Color, dise\u00f1ada para brindar im\u00e1genes en color incluso en condiciones de poca luz. Su LED de luz c\u00e1lida mejora la visibilidad nocturna sin necesidad de IR. Incorpora SMD Plus, una tecnolog\u00eda avanzada para detecci\u00f3n precisa de humanos y veh\u00edculos, reduciendo falsas alarmas. Su carcasa con certificaci\u00f3n IP67 la hace resistente al polvo y al agua, ideal para exteriores. Adem\u00e1s, cuenta con entrada y salida de alarma, permitiendo una integraci\u00f3n eficiente en sistemas de seguridad avanzados.<\/span><\/p>\n<h3><span style=\"color: #000000;\">Caracteristicas principales<\/span><\/h3>\n<ul>\n<li><span style=\"color: #000000;\">Tecnolog\u00eda Full-Color para im\u00e1genes n\u00edtidas y en color las 24 horas.<\/span><\/li>\n<li><span style=\"color: #000000;\">LED de luz c\u00e1lida para mejor visibilidad nocturna sin iluminaci\u00f3n infrarroja.<\/span><\/li>\n<li><span style=\"color: #000000;\">SMD Plus para detecci\u00f3n inteligente de personas y veh\u00edculos.<\/span><\/li>\n<li><span style=\"color: #000000;\">Resistente al agua y polvo para uso en exteriores.<\/span><\/li>\n<li><span style=\"color: #000000;\">Entrada y salida de alarma para integraci\u00f3n con sistemas de seguridad<\/span><\/li>\n<\/ul>\n<div>\n<div>\n<h3><span style=\"color: #000000;\">Especificaciones T\u00e9cnicas<\/span><\/h3>\n<ul>\n<li><span style=\"color: #000000;\">Resoluci\u00f3n:\u00a04MP (2688 \u00d7 1520)<\/span><\/li>\n<li><span style=\"color: #000000;\">Iluminaci\u00f3n m\u00ednima:\u00a00.001 Lux<\/span><\/li>\n<li><span style=\"color: #000000;\">Lente:\u00a0Fijo de 2.8 mm o 3.6 mm<\/span><\/li>\n<li><span style=\"color: #000000;\">Compresi\u00f3n de video:\u00a0H.265\/H.264<\/span><\/li>\n<li><span style=\"color: #000000;\">LED de luz c\u00e1lida:\u00a0S\u00ed<\/span><\/li>\n<li><span style=\"color: #000000;\">Detecci\u00f3n inteligente:\u00a0SMD Plus<\/span><\/li>\n<li><span style=\"color: #000000;\">Protecci\u00f3n:\u00a0IP67<\/span><\/li>\n<li><span style=\"color: #000000;\">Entradas\/Salidas de alarma:\u00a01 entrada, 1 salida<\/span><\/li>\n<li><span style=\"color: #000000;\">Alimentaci\u00f3n:\u00a0PoE \/ 12V DC<\/span><\/li>\n<\/ul>\n<div>\n<div>\n<h3><span style=\"color: #000000;\">Incluye<\/span><\/h3>\n<ul>\n<li><span style=\"color: #000000;\">1x\u00a0\u00a0C\u00e1mara IP\u00a0DH-IPC-HFW3449E-AS-LED<\/span><\/li>\n<li><span style=\"color: #000000;\">1x\u00a0Manual de usuario\u00a0<\/span><\/li>\n<li><span style=\"color: #000000;\">1x\u00a0P\u00f3liza de garant\u00eda\u00a0<\/span><\/li>\n<\/ul>\n<\/div>\n<\/div>\n<\/div>\n<\/div>\n","protected":false},"excerpt":{"rendered":"<p>DH-IPC- HFW3449E-AS-LED\u00a0DAHUA C\u00e1mara IP 4MP\/ Fullcolor\/ 2.8mm\/ WizSense\/ SMD Plus\/ Detecci\u00f3n de humanos y veh\u00edculos\/ Led Luz calida 30m\/ Ranura MicroSD\/ E&amp;S de alarma\/ IP67\/ PoE Informaci\u00f3n General La\u00a0Dahua DH-IPC-HFW3449E-AS-LED\u00a0es una c\u00e1mara IP de 4MP con tecnolog\u00eda Full-Color, dise\u00f1ada para brindar im\u00e1genes en color incluso en condiciones de poca luz. Su LED de luz c\u00e1lida [&hellip;]<\/p>\n","protected":false},"featured_media":13109,"template":"","meta":{"_acf_changed":false},"product_brand":[],"product_cat":[52,51,226],"product_tag":[],"berocket_brand":[],"class_list":{"0":"post-13108","1":"product","2":"type-product","3":"status-publish","4":"has-post-thumbnail","6":"product_cat-bullet","7":"product_cat-camaras-i-p","8":"product_cat-camaras-de-seguridad-cctv-videovigilancia-hd","10":"first","11":"instock","12":"taxable","13":"shipping-taxable","14":"purchasable","15":"product-type-simple","16":"berocket_lgv_grid","17":"berocket_lgv_list_grid"},"acf":[],"aioseo_notices":[],"_links":{"self":[{"href":"https:\/\/todoenseguridad.com\/site\/wp-json\/wp\/v2\/product\/13108","targetHints":{"allow":["GET"]}}],"collection":[{"href":"https:\/\/todoenseguridad.com\/site\/wp-json\/wp\/v2\/product"}],"about":[{"href":"https:\/\/todoenseguridad.com\/site\/wp-json\/wp\/v2\/types\/product"}],"wp:featuredmedia":[{"embeddable":true,"href":"https:\/\/todoenseguridad.com\/site\/wp-json\/wp\/v2\/media\/13109"}],"wp:attachment":[{"href":"https:\/\/todoenseguridad.com\/site\/wp-json\/wp\/v2\/media?parent=13108"}],"wp:term":[{"taxonomy":"product_brand","embeddable":true,"href":"https:\/\/todoenseguridad.com\/site\/wp-json\/wp\/v2\/product_brand?post=13108"},{"taxonomy":"product_cat","embeddable":true,"href":"https:\/\/todoenseguridad.com\/site\/wp-json\/wp\/v2\/product_cat?post=13108"},{"taxonomy":"product_tag","embeddable":true,"href":"https:\/\/todoenseguridad.com\/site\/wp-json\/wp\/v2\/product_tag?post=13108"},{"taxonomy":"berocket_brand","embeddable":true,"href":"https:\/\/todoenseguridad.com\/site\/wp-json\/wp\/v2\/berocket_brand?post=13108"}],"curies":[{"name":"wp","href":"https:\/\/api.w.org\/{rel}","templated":true}]}}