{"id":13089,"date":"2025-06-11T17:05:42","date_gmt":"2025-06-11T22:05:42","guid":{"rendered":"https:\/\/todoenseguridad.com\/site\/?post_type=product&#038;p=13089"},"modified":"2025-06-11T17:15:51","modified_gmt":"2025-06-11T22:15:51","slug":"bateria-12-vcc-7-ah-ul-tecnologia-agm-vrla-vida-util-promedio-5-anos-para-uso-en-equipo-electronico-alarmas-de-intrusion-incendio","status":"publish","type":"product","link":"https:\/\/todoenseguridad.com\/site\/producto\/bateria-12-vcc-7-ah-ul-tecnologia-agm-vrla-vida-util-promedio-5-anos-para-uso-en-equipo-electronico-alarmas-de-intrusion-incendio\/","title":{"rendered":"LK712 LINKEDPRO Bater\u00eda 12 Vcc \/ 7 Ah \/ UL \/ Tecnolog\u00eda AGM-VRLA \/ Vida \u00fatil promedio 5 a\u00f1os \/ Para uso en equipo electr\u00f3nico, Alarmas de Intrusi\u00f3n \/ Incendio"},"content":{"rendered":"<div class=\"row\">\n<h3 id=\"product_title_225961\" class=\"titulo_vp\"><span style=\"color: #0000ff;\">LK712 LINKEDPRO Bater\u00eda 12 Vcc \/ 7 Ah \/ UL \/ Tecnolog\u00eda AGM-VRLA \/ Vida \u00fatil promedio 5 a\u00f1os \/ Para uso en equipo electr\u00f3nico, Alarmas de Intrusi\u00f3n \/ Incendio \/ Control de acceso \/ Video Vigilancia \/ Terminales F1<\/span><\/h3>\n<\/div>\n<div class=\"row\">\n<h3><span style=\"color: #000000;\"><strong>LK712<\/strong><\/span><\/h3>\n<h4><span style=\"color: #000000;\">Bater\u00eda\u00a0 AGM -VRLA de 12 Vcc ; 7 Amper Hora<\/span><\/h4>\n<p><span style=\"color: #000000;\">\u00a0 La serie de bater\u00edas\u00a0<strong>LINKEDPRO<\/strong>, est\u00e1n dise\u00f1adas con tecnolog\u00eda\u00a0<strong>AGM-VRLA ( Fibra de vidrio absorbente, con v\u00e1lvulas de<\/strong>\u00a0<strong>regulaci\u00f3n)<\/strong>, placas de alto rendimiento y electr\u00f3lito para proporcionar una salida de energ\u00eda adicional. Las bater\u00edas de la serie LINKEDPRO son bater\u00edas de respaldo para equipos electr\u00f3nicos, con una vida \u00fatil de dise\u00f1o flotante de 5 a\u00f1os a 25\u00b0C. , estan aprobadas por UL ( MH62092 ).\u00a0\u00a0<\/span><\/p>\n<p><span style=\"color: #000000;\">\u00a0\u00a0<strong>Sistemas de alimentaci\u00f3n Emergencia<\/strong><\/span><\/p>\n<\/div>\n<h4><span style=\"color: #000000;\">Caracter\u00edsticas :\u00a0<\/span><\/h4>\n<ul class=\"list-group list-group-flush\">\n<li class=\"list-group-item\"><span style=\"color: #000000;\"><strong>Bater\u00eda AGM-VRLA.<\/strong><\/span><\/li>\n<li class=\"list-group-item\"><span style=\"color: #000000;\"><strong>Voltaje : 12Vcc<\/strong><\/span><\/li>\n<li class=\"list-group-item\"><span style=\"color: #000000;\"><strong>Capacidad : 7 Ah.<\/strong><\/span><\/li>\n<li class=\"list-group-item\"><span style=\"color: #000000;\">Construcci\u00f3n a prueba de derrames.<\/span><\/li>\n<li class=\"list-group-item\"><span style=\"color: #000000;\">Alta confiabilidad y estabilidad.<\/span><\/li>\n<li class=\"list-group-item\"><span style=\"color: #000000;\">Sellado y libre de mantenimiento.<\/span><\/li>\n<li class=\"list-group-item\"><span style=\"color: #000000;\"><strong>Certicado UL ( MH62092 ).<\/strong><\/span><\/li>\n<li class=\"list-group-item\"><span style=\"color: #000000;\">Certificaci\u00f3n de Seguridad y Calidad.<\/span><\/li>\n<li class=\"list-group-item\"><span style=\"color: #000000;\">Dise\u00f1o de mayor vida \u00fatil y baja autodescarga.<\/span><\/li>\n<\/ul>\n<h4><span style=\"color: #000000;\">Especificaciones F\u00edsicas :<\/span><\/h4>\n<ul class=\"list-group list-group-flush\">\n<li class=\"list-group-item\"><span style=\"color: #000000;\"><strong>Tipo de Terminal: F1<\/strong><\/span><\/li>\n<li class=\"list-group-item\"><span style=\"color: #000000;\"><strong>Incluye adaptador de terminal : F2<\/strong><\/span><\/li>\n<li class=\"list-group-item\"><span style=\"color: #000000;\">Positivo: di\u00f3xido de plomo.<\/span><\/li>\n<li class=\"list-group-item\"><span style=\"color: #000000;\">Negativo: plomo.<\/span><\/li>\n<li class=\"list-group-item\"><span style=\"color: #000000;\">Electr\u00f3lito: gel de \u00e1cido sulf\u00farico sulf\u00farico.<\/span><\/li>\n<li class=\"list-group-item\"><span style=\"color: #000000;\">V\u00e1lvula de seguridad: EPDR.<\/span><\/li>\n<li class=\"list-group-item\"><span style=\"color: #000000;\">Terminal: Cobre.<\/span><\/li>\n<li class=\"list-group-item\"><span style=\"color: #000000;\"><strong>Material: pl\u00e1stico ABS<\/strong><\/span><\/li>\n<li class=\"list-group-item\"><span style=\"color: #000000;\">Gris &#8211; Az\u00fal.<\/span><\/li>\n<li class=\"list-group-item\"><span style=\"color: #000000;\">Temperatura de funcionamiento: 25 \u00b0C.<\/span><\/li>\n<li class=\"list-group-item\"><span style=\"color: #000000;\">Dimensiones (largo x ancho x alto): 151 x 65 x 100 mm.<\/span><\/li>\n<li class=\"list-group-item\"><span style=\"color: #000000;\">Peso: 1.99 Kgs.<\/span><\/li>\n<li class=\"list-group-item\"><span style=\"color: #000000;\"><strong>Vida \u00fatil promedio de 5 a\u00f1os.<\/strong><\/span><\/li>\n<li class=\"list-group-item\"><span style=\"color: #000000;\"><strong>1 a\u00f1o de garant\u00eda.<\/strong><\/span><\/li>\n<\/ul>\n","protected":false},"excerpt":{"rendered":"<p>LK712 LINKEDPRO Bater\u00eda 12 Vcc \/ 7 Ah \/ UL \/ Tecnolog\u00eda AGM-VRLA \/ Vida \u00fatil promedio 5 a\u00f1os \/ Para uso en equipo electr\u00f3nico, Alarmas de Intrusi\u00f3n \/ Incendio \/ Control de acceso \/ Video Vigilancia \/ Terminales F1 LK712 Bater\u00eda\u00a0 AGM -VRLA de 12 Vcc ; 7 Amper Hora \u00a0 La serie de [&hellip;]<\/p>\n","protected":false},"featured_media":13090,"template":"","meta":{"_acf_changed":false},"product_brand":[],"product_cat":[100,96],"product_tag":[],"berocket_brand":[],"class_list":{"0":"post-13089","1":"product","2":"type-product","3":"status-publish","4":"has-post-thumbnail","6":"product_cat-accesorios-control-de-acceso","7":"product_cat-control-de-acceso","9":"first","10":"instock","11":"taxable","12":"shipping-taxable","13":"purchasable","14":"product-type-simple","15":"berocket_lgv_grid","16":"berocket_lgv_list_grid"},"acf":[],"aioseo_notices":[],"_links":{"self":[{"href":"https:\/\/todoenseguridad.com\/site\/wp-json\/wp\/v2\/product\/13089","targetHints":{"allow":["GET"]}}],"collection":[{"href":"https:\/\/todoenseguridad.com\/site\/wp-json\/wp\/v2\/product"}],"about":[{"href":"https:\/\/todoenseguridad.com\/site\/wp-json\/wp\/v2\/types\/product"}],"wp:featuredmedia":[{"embeddable":true,"href":"https:\/\/todoenseguridad.com\/site\/wp-json\/wp\/v2\/media\/13090"}],"wp:attachment":[{"href":"https:\/\/todoenseguridad.com\/site\/wp-json\/wp\/v2\/media?parent=13089"}],"wp:term":[{"taxonomy":"product_brand","embeddable":true,"href":"https:\/\/todoenseguridad.com\/site\/wp-json\/wp\/v2\/product_brand?post=13089"},{"taxonomy":"product_cat","embeddable":true,"href":"https:\/\/todoenseguridad.com\/site\/wp-json\/wp\/v2\/product_cat?post=13089"},{"taxonomy":"product_tag","embeddable":true,"href":"https:\/\/todoenseguridad.com\/site\/wp-json\/wp\/v2\/product_tag?post=13089"},{"taxonomy":"berocket_brand","embeddable":true,"href":"https:\/\/todoenseguridad.com\/site\/wp-json\/wp\/v2\/berocket_brand?post=13089"}],"curies":[{"name":"wp","href":"https:\/\/api.w.org\/{rel}","templated":true}]}}