{"id":13084,"date":"2025-06-11T15:40:12","date_gmt":"2025-06-11T20:40:12","guid":{"rendered":"https:\/\/todoenseguridad.com\/site\/?post_type=product&#038;p=13084"},"modified":"2026-03-23T10:32:49","modified_gmt":"2026-03-23T15:32:49","slug":"asi3203e-dahua-control-de-acceso-y-asistencia-con-reconocimiento-facial-y-pantalla-de-2-4","status":"publish","type":"product","link":"https:\/\/todoenseguridad.com\/site\/producto\/asi3203e-dahua-control-de-acceso-y-asistencia-con-reconocimiento-facial-y-pantalla-de-2-4\/","title":{"rendered":"ASI3203E DAHUA Control de Acceso y Asistencia con Reconocimiento Facial y pantalla de 2.4&#8243;"},"content":{"rendered":"<h3 id=\\\"title\\\" class=\\\"mb-3\\\"><span style=\\\"color: #0000ff\\\">ASI3203E DAHUA Control de Acceso y Asistencia con Reconocimiento Facial y pantalla de 2.4\\\u00bb.Almacena 1,000 rostros, usuarios y contrase\u00f1as, 3,000 tarjetas Mifare. Admite 50 administradores y 100,000 registros,con 99.99% de precisi\u00f3n<\/span><\/h3>\n<h4 class=\\\"card-title text-center\\\"><span style=\\\"color: #000000\\\">Informaci\u00f3n General<\/span><\/h4>\n<p class=\\\"ql-align-justify\\\"><span style=\\\"color: #000000\\\">El sistema de Control de Acceso\u00a0<strong>DAHUA DHI-ASI3203E\u00a0<\/strong>con Reconocimiento Facial es una soluci\u00f3n avanzada para la seguridad de instalaciones. Su pantalla de 2.4 pulgadas facilita el uso y la gesti\u00f3n de acceso, soportando hasta 1,000 rostros, usuarios y contrase\u00f1as, junto con 3,000 tarjetas Mifare (IC Card). Adem\u00e1s, permite la gesti\u00f3n por parte de 50 administradores, lo que lo hace ideal para entornos corporativos o industriales. Con capacidad para almacenar hasta 100,000 registros de eventos y una precisi\u00f3n del 99.99%, garantiza un control confiable y eficiente del acceso, brindando seguridad con una alta precisi\u00f3n de identificaci\u00f3n<\/span><\/p>\n<div class=\\\"row align-items-center padding-bottom-2x\\\">\n<div class=\\\"col-md-7 text-md-left text-center\\\">\n<h4><span style=\\\"color: #000000\\\">Caracter\u00edsticas Principales<\/span><\/h4>\n<ul>\n<li class=\\\"ql-align-justify\\\"><span style=\\\"color: #000000\\\"><strong>Pantalla:<\/strong>\u00a0LCD de 2,4 pulgadas con una resoluci\u00f3n de 320 (H)\u00d7240 (V).<\/span><\/li>\n<li class=\\\"ql-align-justify\\\"><span style=\\\"color: #000000\\\"><strong>C\u00e1mara:<\/strong>\u00a0Doble lente CMOS de 2 MP con iluminaci\u00f3n infrarroja y DWDR.<\/span><\/li>\n<li class=\\\"ql-align-justify\\\"><span style=\\\"color: #000000\\\"><strong>M\u00e9todos de desbloqueo:<\/strong>\u00a0Incluidos reconocimiento facial, tarjeta IC y contrase\u00f1a. Puede configurar m\u00e9todos de desbloqueo programados o combinarlos para crear sus propios m\u00e9todos de desbloqueo personales.\u00a0<\/span><\/li>\n<li class=\\\"ql-align-justify\\\"><span style=\\\"color: #000000\\\"><strong>Capacidad:\u00a0<\/strong>1.000 usuarios, 1.000 caras, 3.000 tarjetas, 1.000 contrase\u00f1as, 50 administradores y 100.000 registros.<\/span><\/li>\n<li class=\\\"ql-align-justify\\\"><span style=\\\"color: #000000\\\"><strong>Reconocimiento facial:\u00a0<\/strong>A una distancia de 0,3 m a 1,5 m (0,98 ft &#8211; 4,92 ft) con una precisi\u00f3n del 99,9 % y compara 1 rostro con N rostros a una velocidad de 0,2 segundos por persona.<\/span><\/li>\n<li class=\\\"ql-align-justify\\\"><span style=\\\"color: #000000\\\"><strong>Admite:<\/strong>\u00a0M\u00f3dulos de extensi\u00f3n de seguridad para control de acceso, evitando que las puertas se abran a la fuerza.<\/span><\/li>\n<li class=\\\"ql-align-justify\\\"><span style=\\\"color: #000000\\\"><strong>Gestiona:<\/strong>\u00a0La asistencia web y la exportaci\u00f3n de informes de asistencia locales.<\/span><\/li>\n<\/ul>\n<\/div>\n<\/div>\n<div class=\\\"row align-items-center padding-bottom-2x\\\">\n<div class=\\\"col-md-7 text-md-left text-center\\\">\n<h4><span style=\\\"color: #000000\\\">Especificaciones T\u00e9cnicas<\/span><\/h4>\n<ul>\n<li class=\\\"ql-align-justify\\\"><span style=\\\"color: #000000\\\"><strong>Fuente de alimentaci\u00f3n:\u00a0<\/strong>12 VCC, 2 A<\/span><\/li>\n<li class=\\\"ql-align-justify\\\"><span style=\\\"color: #000000\\\"><strong>Consumo de energ\u00eda:<\/strong>\u00a0\u226412 W<\/span><\/li>\n<li class=\\\"ql-align-justify\\\"><span style=\\\"color: #000000\\\"><strong>Dimensiones del producto:\u00a0<\/strong>184,9 mm \u00d7 76,2 mm \u00d7 20,5 mm<\/span><\/li>\n<li class=\\\"ql-align-justify\\\"><span style=\\\"color: #000000\\\"><strong>Dimensiones del embalaje:\u00a0<\/strong>219 mm \u00d7 122 mm \u00d7 58 mm\u00a0<\/span><\/li>\n<li class=\\\"ql-align-justify\\\"><span style=\\\"color: #000000\\\"><strong>Temperatura de funcionamiento:<\/strong>\u00a0\u2013 10 \u00b0C a +45 \u00b0C<\/span><\/li>\n<li class=\\\"ql-align-justify\\\"><span style=\\\"color: #000000\\\"><strong>Humedad de funcionamiento:<\/strong>\u00a00%\u201390% (HR), sin condensaci\u00f3n<\/span><\/li>\n<li class=\\\"ql-align-justify\\\"><span style=\\\"color: #000000\\\"><strong>Altitud de operaci\u00f3n:\u00a0<\/strong>0 m\u20131300 m\u00a0<\/span><\/li>\n<li class=\\\"ql-align-justify\\\"><span style=\\\"color: #000000\\\"><strong>Peso bruto:\u00a0<\/strong>0,6 kg<\/span><\/li>\n<\/ul>\n<h4><span style=\\\"color: #000000\\\">Incluye<\/span><\/h4>\n<ul>\n<li><span style=\\\"color: #000000\\\"><strong>x1<\/strong>\u00a0Control de Acceso\u00a0<strong>DHI-ASI3203E<\/strong><\/span><\/li>\n<li><span style=\\\"color: #000000\\\"><strong>x1\u00a0<\/strong>Soporte de montaje en pared<\/span><\/li>\n<li><span style=\\\"color: #000000\\\"><strong>x1\u00a0<\/strong>Manual de usuario<\/span><\/li>\n<li><span style=\\\"color: #000000\\\"><strong>x1\u00a0<\/strong>P\u00f3liza de garant\u00eda<\/span><\/li>\n<\/ul>\n<p><span style=\\\"color: #ff0000\\\"><strong>Nota<\/strong>:\u00a0<u>Este equipo\u00a0<\/u><strong><u>NO<\/u><\/strong><u> incluye fuente de alimentaci\u00f3n.<\/u><\/span><\/p>\n<\/div>\n<\/div>\n","protected":false},"excerpt":{"rendered":"<p>ASI3203E DAHUA Control de Acceso y Asistencia con Reconocimiento Facial y pantalla de 2.4\\\u00bb.Almacena 1,000 rostros, usuarios y contrase\u00f1as, 3,000 tarjetas Mifare. Admite 50 administradores y 100,000 registros,con 99.99% de precisi\u00f3n Informaci\u00f3n General El sistema de Control de Acceso\u00a0DAHUA DHI-ASI3203E\u00a0con Reconocimiento Facial es una soluci\u00f3n avanzada para la seguridad de instalaciones. Su pantalla de 2.4 [&hellip;]<\/p>\n","protected":false},"featured_media":13085,"template":"","meta":{"_acf_changed":false},"product_brand":[],"product_cat":[96,99],"product_tag":[],"berocket_brand":[],"class_list":{"0":"post-13084","1":"product","2":"type-product","3":"status-publish","4":"has-post-thumbnail","6":"product_cat-control-de-acceso","7":"product_cat-control-de-asistencia","9":"first","10":"instock","11":"taxable","12":"shipping-taxable","13":"purchasable","14":"product-type-simple","15":"berocket_lgv_grid","16":"berocket_lgv_list_grid"},"acf":[],"aioseo_notices":[],"_links":{"self":[{"href":"https:\/\/todoenseguridad.com\/site\/wp-json\/wp\/v2\/product\/13084","targetHints":{"allow":["GET"]}}],"collection":[{"href":"https:\/\/todoenseguridad.com\/site\/wp-json\/wp\/v2\/product"}],"about":[{"href":"https:\/\/todoenseguridad.com\/site\/wp-json\/wp\/v2\/types\/product"}],"wp:featuredmedia":[{"embeddable":true,"href":"https:\/\/todoenseguridad.com\/site\/wp-json\/wp\/v2\/media\/13085"}],"wp:attachment":[{"href":"https:\/\/todoenseguridad.com\/site\/wp-json\/wp\/v2\/media?parent=13084"}],"wp:term":[{"taxonomy":"product_brand","embeddable":true,"href":"https:\/\/todoenseguridad.com\/site\/wp-json\/wp\/v2\/product_brand?post=13084"},{"taxonomy":"product_cat","embeddable":true,"href":"https:\/\/todoenseguridad.com\/site\/wp-json\/wp\/v2\/product_cat?post=13084"},{"taxonomy":"product_tag","embeddable":true,"href":"https:\/\/todoenseguridad.com\/site\/wp-json\/wp\/v2\/product_tag?post=13084"},{"taxonomy":"berocket_brand","embeddable":true,"href":"https:\/\/todoenseguridad.com\/site\/wp-json\/wp\/v2\/berocket_brand?post=13084"}],"curies":[{"name":"wp","href":"https:\/\/api.w.org\/{rel}","templated":true}]}}