{"id":13080,"date":"2025-06-11T15:23:59","date_gmt":"2025-06-11T20:23:59","guid":{"rendered":"https:\/\/todoenseguridad.com\/site\/?post_type=product&#038;p=13080"},"modified":"2025-06-11T15:23:59","modified_gmt":"2025-06-11T20:23:59","slug":"ym350wspak-yli-paquete-con-chapa-de-350-kg-800-lb-para-uso-en-exteriores-o-interiores-ip68","status":"publish","type":"product","link":"https:\/\/todoenseguridad.com\/site\/producto\/ym350wspak-yli-paquete-con-chapa-de-350-kg-800-lb-para-uso-en-exteriores-o-interiores-ip68\/","title":{"rendered":"YM350WSPAK YLI Paquete con chapa de 350 kg\/800 Lb para uso en exteriores o interiores IP68"},"content":{"rendered":"<h3 id=\"title\" class=\"mb-3\"><span style=\"color: #0000ff;\">YM350WSPAK YLI Paquete con chapa de 350 kg\/800 Lb para uso en exteriores o interiores IP68 uso en puertas de metal, vidrio o madera incluye soporte de fijaci\u00f3n ZL<\/span><\/h3>\n<h4 class=\"card-title text-center\"><span style=\"color: #000000;\">Descripci\u00f3n<\/span><\/h4>\n<p><span style=\"color: #000000;\"><strong>YLI YM350WS &#8211; Contrachapa magnetica de 350 Kg<\/strong><\/span><\/p>\n<p><span style=\"color: #000000;\">La cerradura magn\u00e9tica de una sola puerta impermeable YM-350W-S adopta una carcasa de acero inoxidable con tratamiento 100% impermeable. Todas las partes est\u00e1n selladas en el n\u00facleo de la cerradura. Est\u00e1 dise\u00f1ada para puertas met\u00e1licas generales y puertas pesadas con lluvia exterior. La cerradura electromagn\u00e9tica se fija al marco de la puerta. Arriba; la placa de succi\u00f3n est\u00e1 fijada en la hoja de la puerta. Los productos de la compa\u00f1\u00eda est\u00e1n totalmente equipados.<\/span><\/p>\n<p><span style=\"color: #000000;\"><strong>Caracter\u00edsticas principales:<\/strong><\/span><\/p>\n<ul>\n<li><span style=\"color: #000000;\">Tama\u00f1o del cuerpo de la cerradura &#8211; Longitud 227.5x ancho 52x espesor 28.5 (mm)<\/span><\/li>\n<li><span style=\"color: #000000;\">Tama\u00f1o de la placa de succi\u00f3n &#8211; Longitud 190x ancho 45x espesor 13.2 (mm)<\/span><\/li>\n<li><span style=\"color: #000000;\">Tracci\u00f3n m\u00e1xima &#8211; Tensi\u00f3n lineal de 350 kg (800 lb)<\/span><\/li>\n<li><span style=\"color: #000000;\">Voltaje de entrada &#8211; DC12V (DC24V ajustable)<\/span><\/li>\n<li><span style=\"color: #000000;\">Corriente de trabajo &#8211; 12V \/ 500mA (\u00b1 10%); 24V \/ 250mA (\u00b1 10%)<\/span><\/li>\n<li><span style=\"color: #000000;\">Tipo de puerta aplicable &#8211; Puerta de madera, puerta de cristal, puerta de metal, puerta cortafuego<\/span><\/li>\n<li><span style=\"color: #000000;\">Salida de se\u00f1al &#8211; Se\u00f1al de estado de bloqueo contacto NO COM<\/span><\/li>\n<li><span style=\"color: #000000;\">Temperatura de la superficie &#8211; Menos de temperatura ambiente + 20 \u2103<\/span><\/li>\n<li><span style=\"color: #000000;\">Temperatura aplicable -20 \u2103 ~ + 55 \u2103 (-4\u2014131 \u00b0 F)<\/span><\/li>\n<li><span style=\"color: #000000;\">Humedad aplicable &#8211; Protecci\u00f3n del medio ambiente galvanizado 0 ~ 90% de humedad relativa<\/span><\/li>\n<li><span style=\"color: #000000;\">Procesamiento de Shell &#8211; Revestimiento duro anodizado<\/span><\/li>\n<li><span style=\"color: #000000;\">Procesamiento del cuerpo de la cerradura &#8211; Protecci\u00f3n del medio ambiente galvanizado<\/span><\/li>\n<li><span style=\"color: #000000;\">Procesamiento de placa de succi\u00f3n &#8211; Protecci\u00f3n del medio ambiente galvanizado<\/span><\/li>\n<li><span style=\"color: #000000;\">Clasificaci\u00f3n a prueba de agua &#8211; IP-68<\/span><\/li>\n<li><span style=\"color: #000000;\">Peso del producto &#8211; 2.5kg<\/span><\/li>\n<\/ul>\n<p><span style=\"color: #000000;\"><strong>MBK350ZLW &#8211; Soporte de electroiman<\/strong><\/span><\/p>\n<p><span style=\"color: #000000;\">Este accesorio puede utilizarse en situaciones donde la puerta abra hacia adentro, dando la seguridad del acceso ocultando la chapa, manteniendo sin alterar la elegancia del entorno externo de la puerta. \u00c9ste deber\u00e1 colocarse sobre puesto en la pared arriba del marco de la puerta en la esquina opuesta a las bisagras, y un soporte en \u201cZ\u201d\u00a0Mas informaci\u00f3n.<\/span><\/p>\n<p><span style=\"color: #000000;\"><strong>Caracter\u00edsticas principales:<\/strong><\/span><\/p>\n<ul>\n<li><span style=\"color: #000000;\">Material aluminio.<\/span><\/li>\n<li><span style=\"color: #000000;\">Adecuado para puertas con apertura interior.<\/span><\/li>\n<li><span style=\"color: #000000;\">Compatible con chapa magn\u00e9tica YM350WS de 350 Kg.<\/span><\/li>\n<li><span style=\"color: #000000;\">Modo de apertura: puerta de 90\u00b0.<\/span><\/li>\n<li><span style=\"color: #000000;\">Peso 1.1 Kg.<\/span><\/li>\n<\/ul>\n","protected":false},"excerpt":{"rendered":"<p>YM350WSPAK YLI Paquete con chapa de 350 kg\/800 Lb para uso en exteriores o interiores IP68 uso en puertas de metal, vidrio o madera incluye soporte de fijaci\u00f3n ZL Descripci\u00f3n YLI YM350WS &#8211; Contrachapa magnetica de 350 Kg La cerradura magn\u00e9tica de una sola puerta impermeable YM-350W-S adopta una carcasa de acero inoxidable con tratamiento [&hellip;]<\/p>\n","protected":false},"featured_media":13081,"template":"","meta":{"_acf_changed":false},"product_brand":[],"product_cat":[100,96],"product_tag":[],"berocket_brand":[],"class_list":{"0":"post-13080","1":"product","2":"type-product","3":"status-publish","4":"has-post-thumbnail","6":"product_cat-accesorios-control-de-acceso","7":"product_cat-control-de-acceso","9":"first","10":"instock","11":"taxable","12":"shipping-taxable","13":"purchasable","14":"product-type-simple","15":"berocket_lgv_grid","16":"berocket_lgv_list_grid"},"acf":[],"aioseo_notices":[],"_links":{"self":[{"href":"https:\/\/todoenseguridad.com\/site\/wp-json\/wp\/v2\/product\/13080","targetHints":{"allow":["GET"]}}],"collection":[{"href":"https:\/\/todoenseguridad.com\/site\/wp-json\/wp\/v2\/product"}],"about":[{"href":"https:\/\/todoenseguridad.com\/site\/wp-json\/wp\/v2\/types\/product"}],"wp:featuredmedia":[{"embeddable":true,"href":"https:\/\/todoenseguridad.com\/site\/wp-json\/wp\/v2\/media\/13081"}],"wp:attachment":[{"href":"https:\/\/todoenseguridad.com\/site\/wp-json\/wp\/v2\/media?parent=13080"}],"wp:term":[{"taxonomy":"product_brand","embeddable":true,"href":"https:\/\/todoenseguridad.com\/site\/wp-json\/wp\/v2\/product_brand?post=13080"},{"taxonomy":"product_cat","embeddable":true,"href":"https:\/\/todoenseguridad.com\/site\/wp-json\/wp\/v2\/product_cat?post=13080"},{"taxonomy":"product_tag","embeddable":true,"href":"https:\/\/todoenseguridad.com\/site\/wp-json\/wp\/v2\/product_tag?post=13080"},{"taxonomy":"berocket_brand","embeddable":true,"href":"https:\/\/todoenseguridad.com\/site\/wp-json\/wp\/v2\/berocket_brand?post=13080"}],"curies":[{"name":"wp","href":"https:\/\/api.w.org\/{rel}","templated":true}]}}