{"id":13075,"date":"2025-06-11T12:45:59","date_gmt":"2025-06-11T17:45:59","guid":{"rendered":"https:\/\/todoenseguridad.com\/site\/?post_type=product&#038;p=13075"},"modified":"2025-06-11T12:45:59","modified_gmt":"2025-06-11T17:45:59","slug":"asi3204e-dahua-control-de-acceso-y-asistencia-con-reconocimiento-facial-contrasenas-tarjetas-mifare-y-huellas","status":"publish","type":"product","link":"https:\/\/todoenseguridad.com\/site\/producto\/asi3204e-dahua-control-de-acceso-y-asistencia-con-reconocimiento-facial-contrasenas-tarjetas-mifare-y-huellas\/","title":{"rendered":"ASI3204E\u00a0 DAHUA Control de acceso y Asistencia con reconocimiento facial, contrase\u00f1as, tarjetas Mifare y huellas"},"content":{"rendered":"<h3 id=\"title\" class=\"mb-3\"><span style=\"color: #0000ff;\">ASI3204E\u00a0 DAHUA Control de acceso y Asistencia con reconocimiento facial, pantalla de 2.4&#8243;,soporte para1,000 usuarios y contrase\u00f1as asi como 3,000 tarjetas Mifare y huellas, 50 administradores y100,000 registros con 99.99% de Precisi\u00f3n<\/span><\/h3>\n<h4 class=\"card-title text-center\"><span style=\"color: #000000;\">Informaci\u00f3n General<\/span><\/h4>\n<p class=\"ql-align-justify\"><span style=\"color: #000000;\">El sistema de control de acceso\u00a0<strong>DAHUA DHI-ASI3204E<\/strong>\u00a0ofrece tecnolog\u00eda de\u00a0<strong>Reconocimiento facial<\/strong>\u00a0de alta precisi\u00f3n (99.99%) en una pantalla de 2.4 pulgadas. Soporta hasta 1,000 rostros, contrase\u00f1as y huellas, junto con 3,000 tarjetas Mifare (IC Card). Ideal para la gesti\u00f3n de acceso en empresas, cuenta con una capacidad para administrar hasta 50 administradores y almacenar hasta 100,000 registros de acceso. Su capacidad para trabajar con m\u00faltiples m\u00e9todos de identificaci\u00f3n (facial, tarjeta y huella) lo convierte en una soluci\u00f3n vers\u00e1til y confiable para la seguridad de instalaciones de mediana y gran escala<\/span><\/p>\n<h4><span style=\"color: #000000;\">Caracter\u00edsticas Principales<\/span><\/h4>\n<ul>\n<li class=\"ql-align-justify\"><span style=\"color: #000000;\">D de 2,4 pulgadas con una resoluci\u00f3n de 320 (H)\u00d7240 (V).<\/span><\/li>\n<li class=\"ql-align-justify\"><span style=\"color: #000000;\"><strong>C\u00e1mara:<\/strong>\u00a0Doble lente CMOS de 2 MP con iluminaci\u00f3n IR y DWDR.<\/span><\/li>\n<li class=\"ql-align-justify\"><span style=\"color: #000000;\"><strong>M\u00e9todos de desbloqueo:\u00a0<\/strong>Incluidos reconocimiento facial, tarjeta IC, contrase\u00f1a y huella dactilar<\/span><\/li>\n<li class=\"ql-align-justify\"><span style=\"color: #000000;\"><strong>Capacidad:<\/strong>Admite 1000 usuarios, 1000 rostros, 3000 huellas dactilares, 3000 tarjetas, 1000 contrase\u00f1as, 50 administradores y 100 000 registros.<\/span><\/li>\n<li class=\"ql-align-justify\"><span style=\"color: #000000;\"><strong>Reconocimiento facial:\u00a0<\/strong>A una distancia de 0,3 m a 1,5 m (0,98 ft &#8211; 4,92 ft) con una precisi\u00f3n del 99,9 % y compara 1 rostro con N rostros a una velocidad de 0,2 segundos por persona.<\/span><\/li>\n<li class=\"ql-align-justify\"><span style=\"color: #000000;\"><strong>Admite:<\/strong>\u00a0M\u00f3dulos de extensi\u00f3n de seguridad para control de acceso, evitando que las puertas se abran a la fuerza.<\/span><\/li>\n<li class=\"ql-align-justify\"><span style=\"color: #000000;\"><strong>Gestiona:\u00a0<\/strong>La asistencia web y la exportaci\u00f3n de informes de asistencia locales<\/span><\/li>\n<\/ul>\n<h4><span style=\"color: #000000;\">Especificaciones T\u00e9cnicas<\/span><\/h4>\n<ul>\n<li class=\"ql-align-justify\"><span style=\"color: #000000;\"><strong>Fuente de alimentaci\u00f3n:\u00a0<\/strong>12 VCC, 2 A<\/span><\/li>\n<li class=\"ql-align-justify\"><span style=\"color: #000000;\"><strong>Consumo de energ\u00eda:<\/strong>\u00a0\u226412 W<\/span><\/li>\n<li class=\"ql-align-justify\"><span style=\"color: #000000;\"><strong>Dimensiones del producto:\u00a0<\/strong>184,9 mm \u00d7 76,2 mm \u00d7 20,5 mm<\/span><\/li>\n<li class=\"ql-align-justify\"><span style=\"color: #000000;\"><strong>Dimensiones del embalaje:\u00a0<\/strong>219 mm \u00d7 122 mm \u00d7 58 mm\u00a0<\/span><\/li>\n<li class=\"ql-align-justify\"><span style=\"color: #000000;\"><strong>Temperatura de funcionamiento:\u00a0<\/strong>\u2013 10 \u00b0C a +45 \u00b0C<\/span><\/li>\n<li class=\"ql-align-justify\"><span style=\"color: #000000;\"><strong>Humedad de funcionamiento:<\/strong>\u00a00%\u201390% (HR), sin condensaci\u00f3n<\/span><\/li>\n<li class=\"ql-align-justify\"><span style=\"color: #000000;\"><strong>Altitud de operaci\u00f3n:\u00a0<\/strong>0 m\u20131300 m\u00a0<\/span><\/li>\n<li class=\"ql-align-justify\"><span style=\"color: #000000;\"><strong>Peso bruto:\u00a0<\/strong>0,6 kg<\/span><\/li>\n<\/ul>\n<h4><span style=\"color: #000000;\">Incluye<\/span><\/h4>\n<ul>\n<li><span style=\"color: #000000;\"><strong>x1<\/strong>\u00a0Control de Acceso<strong>\u00a0DHI-ASI3204E<\/strong><\/span><\/li>\n<li><span style=\"color: #000000;\"><strong>x1<\/strong>\u00a0Soporte de montaje en pared<\/span><\/li>\n<li><span style=\"color: #000000;\"><strong>x1<\/strong>\u00a0Manual de usuario<\/span><\/li>\n<li><span style=\"color: #000000;\"><strong>x1<\/strong>\u00a0P\u00f3liza de garant\u00eda<\/span><\/li>\n<\/ul>\n<p><span style=\"color: #ff0000;\"><strong>Nota:<\/strong>\u00a0<u>Este equipo\u00a0<\/u><strong><u>NO<\/u><\/strong><u>\u00a0incluye fuente de alimentaci\u00f3n<\/u><\/span><\/p>\n","protected":false},"excerpt":{"rendered":"<p>ASI3204E\u00a0 DAHUA Control de acceso y Asistencia con reconocimiento facial, pantalla de 2.4&#8243;,soporte para1,000 usuarios y contrase\u00f1as asi como 3,000 tarjetas Mifare y huellas, 50 administradores y100,000 registros con 99.99% de Precisi\u00f3n Informaci\u00f3n General El sistema de control de acceso\u00a0DAHUA DHI-ASI3204E\u00a0ofrece tecnolog\u00eda de\u00a0Reconocimiento facial\u00a0de alta precisi\u00f3n (99.99%) en una pantalla de 2.4 pulgadas. Soporta hasta [&hellip;]<\/p>\n","protected":false},"featured_media":13076,"template":"","meta":{"_acf_changed":false},"product_brand":[],"product_cat":[96,99,98],"product_tag":[],"berocket_brand":[],"class_list":{"0":"post-13075","1":"product","2":"type-product","3":"status-publish","4":"has-post-thumbnail","6":"product_cat-control-de-acceso","7":"product_cat-control-de-asistencia","8":"product_cat-lector-biometrico","10":"first","11":"instock","12":"taxable","13":"shipping-taxable","14":"purchasable","15":"product-type-simple","16":"berocket_lgv_grid","17":"berocket_lgv_list_grid"},"acf":[],"aioseo_notices":[],"_links":{"self":[{"href":"https:\/\/todoenseguridad.com\/site\/wp-json\/wp\/v2\/product\/13075","targetHints":{"allow":["GET"]}}],"collection":[{"href":"https:\/\/todoenseguridad.com\/site\/wp-json\/wp\/v2\/product"}],"about":[{"href":"https:\/\/todoenseguridad.com\/site\/wp-json\/wp\/v2\/types\/product"}],"wp:featuredmedia":[{"embeddable":true,"href":"https:\/\/todoenseguridad.com\/site\/wp-json\/wp\/v2\/media\/13076"}],"wp:attachment":[{"href":"https:\/\/todoenseguridad.com\/site\/wp-json\/wp\/v2\/media?parent=13075"}],"wp:term":[{"taxonomy":"product_brand","embeddable":true,"href":"https:\/\/todoenseguridad.com\/site\/wp-json\/wp\/v2\/product_brand?post=13075"},{"taxonomy":"product_cat","embeddable":true,"href":"https:\/\/todoenseguridad.com\/site\/wp-json\/wp\/v2\/product_cat?post=13075"},{"taxonomy":"product_tag","embeddable":true,"href":"https:\/\/todoenseguridad.com\/site\/wp-json\/wp\/v2\/product_tag?post=13075"},{"taxonomy":"berocket_brand","embeddable":true,"href":"https:\/\/todoenseguridad.com\/site\/wp-json\/wp\/v2\/berocket_brand?post=13075"}],"curies":[{"name":"wp","href":"https:\/\/api.w.org\/{rel}","templated":true}]}}