{"id":13049,"date":"2025-03-25T12:01:41","date_gmt":"2025-03-25T17:01:41","guid":{"rendered":"https:\/\/todoenseguridad.com\/site\/?post_type=product&#038;p=13049"},"modified":"2025-03-25T12:01:41","modified_gmt":"2025-03-25T17:01:41","slug":"dh-pfm320-020us-dahua-fuente-de-poder-de-12-vcc-2-amper-especial-para-camaras-de-cctv","status":"publish","type":"product","link":"https:\/\/todoenseguridad.com\/site\/producto\/dh-pfm320-020us-dahua-fuente-de-poder-de-12-vcc-2-amper-especial-para-camaras-de-cctv\/","title":{"rendered":"DH-PFM320-020US\u00a0DAHUA\u00a0Fuente de Poder de 12 Vcc 2 Amper\/ Especial para Camaras de CCTV"},"content":{"rendered":"<h3 id=\"title\"><span style=\"color: #0000ff;\">DH-PFM320-020US\u00a0DAHUA\u00a0Fuente de Poder de 12 Vcc 2 Amper\/ Entrada de 100-240 VAC\/ Especial para Camaras de CCTV\/ Cable de 1.5 metros\/ Certificacion FCC<\/span><\/h3>\n<h5 class=\"card-title text-center\"><span style=\"color: #000000;\">Informaci\u00f3n General<\/span><\/h5>\n<p class=\"ql-align-justify\"><span style=\"color: #000000;\">DH-PFM320-020 es un adaptador de corriente de salida de 12 VDC 2A, con eficiencia energ\u00e9tica V, sobrecorriente, sobrevoltaje y otras protecciones m\u00faltiples, fuego V-0, asequible, seguro y confiable, f\u00e1cil de instalar, adecuado para varias c\u00e1maras CCTV y escenarios de seguridad<\/span><\/p>\n<h4><span style=\"color: #000000;\">Especificaciones T\u00e9cnicas<\/span><\/h4>\n<ul>\n<li class=\"ql-align-justify\"><span style=\"color: #000000;\">Amplio rango de voltaje de entrada de 100Vac\u2013240Vac, cumple con los requisitos en diferentes partes para la fluctuaci\u00f3n de la red el\u00e9ctrica.<\/span><\/li>\n<li class=\"ql-align-justify\"><span style=\"color: #000000;\">F\u00e1cil instalaci\u00f3n.<\/span><\/li>\n<li class=\"ql-align-justify\"><span style=\"color: #000000;\">V nivel de eficiencia energ\u00e9tica<\/span><\/li>\n<li class=\"ql-align-justify\"><span style=\"color: #000000;\">Sobre corriente, sobre voltaje y otras protecciones m\u00faltiples<\/span><\/li>\n<li class=\"ql-align-justify\"><span style=\"color: #000000;\">Nivel V-0 de resistencia a la llama de la carcasa<\/span><\/li>\n<\/ul>\n<p>&nbsp;<\/p>\n","protected":false},"excerpt":{"rendered":"<p>DH-PFM320-020US\u00a0DAHUA\u00a0Fuente de Poder de 12 Vcc 2 Amper\/ Entrada de 100-240 VAC\/ Especial para Camaras de CCTV\/ Cable de 1.5 metros\/ Certificacion FCC Informaci\u00f3n General DH-PFM320-020 es un adaptador de corriente de salida de 12 VDC 2A, con eficiencia energ\u00e9tica V, sobrecorriente, sobrevoltaje y otras protecciones m\u00faltiples, fuego V-0, asequible, seguro y confiable, f\u00e1cil de [&hellip;]<\/p>\n","protected":false},"featured_media":13051,"template":"","meta":{"_acf_changed":false},"product_brand":[],"product_cat":[59,125,67,133],"product_tag":[],"berocket_brand":[],"class_list":{"0":"post-13049","1":"product","2":"type-product","3":"status-publish","4":"has-post-thumbnail","6":"product_cat-accesorios-camaras-hd","7":"product_cat-accesorios-camaras-ip","8":"product_cat-fuentes-de-energia","9":"product_cat-fuentes-de-energia-accesorios-camaras-ip","11":"first","12":"instock","13":"taxable","14":"shipping-taxable","15":"purchasable","16":"product-type-simple","17":"berocket_lgv_grid","18":"berocket_lgv_list_grid"},"acf":[],"aioseo_notices":[],"_links":{"self":[{"href":"https:\/\/todoenseguridad.com\/site\/wp-json\/wp\/v2\/product\/13049","targetHints":{"allow":["GET"]}}],"collection":[{"href":"https:\/\/todoenseguridad.com\/site\/wp-json\/wp\/v2\/product"}],"about":[{"href":"https:\/\/todoenseguridad.com\/site\/wp-json\/wp\/v2\/types\/product"}],"wp:featuredmedia":[{"embeddable":true,"href":"https:\/\/todoenseguridad.com\/site\/wp-json\/wp\/v2\/media\/13051"}],"wp:attachment":[{"href":"https:\/\/todoenseguridad.com\/site\/wp-json\/wp\/v2\/media?parent=13049"}],"wp:term":[{"taxonomy":"product_brand","embeddable":true,"href":"https:\/\/todoenseguridad.com\/site\/wp-json\/wp\/v2\/product_brand?post=13049"},{"taxonomy":"product_cat","embeddable":true,"href":"https:\/\/todoenseguridad.com\/site\/wp-json\/wp\/v2\/product_cat?post=13049"},{"taxonomy":"product_tag","embeddable":true,"href":"https:\/\/todoenseguridad.com\/site\/wp-json\/wp\/v2\/product_tag?post=13049"},{"taxonomy":"berocket_brand","embeddable":true,"href":"https:\/\/todoenseguridad.com\/site\/wp-json\/wp\/v2\/berocket_brand?post=13049"}],"curies":[{"name":"wp","href":"https:\/\/api.w.org\/{rel}","templated":true}]}}