{"id":13047,"date":"2025-03-25T11:11:32","date_gmt":"2025-03-25T16:11:32","guid":{"rendered":"https:\/\/todoenseguridad.com\/site\/?post_type=product&#038;p=13047"},"modified":"2026-03-30T12:17:18","modified_gmt":"2026-03-30T17:17:18","slug":"ps-12dc4kv-epcom-fuente-de-alimentacion-de-12-vcc-5a","status":"publish","type":"product","link":"https:\/\/todoenseguridad.com\/site\/producto\/ps-12dc4kv-epcom-fuente-de-alimentacion-de-12-vcc-5a\/","title":{"rendered":"PS-12DC4KV EPCOM Fuente de Alimentaci\u00f3n de 12 Vcc @ 5A"},"content":{"rendered":"<div class=\\\"row\\\">\n<h3 id=\\\"product_title_176092\\\" class=\\\"titulo_vp\\\"><span style=\\\"color: #0000ff\\\">PS-12DC4KV EPCOM POWERLINE Fuente de Alimentaci\u00f3n de 12 Vcc @ 5A \/ 4 C\u00e1maras \/ FILTRO DE RUIDO ESPECIAL PARA CAMARAS 4K \/ Fusible Reseteable Inter Construido PTC \/ Protecci\u00f3n Contra Sobre-Tensiones y Contra Cortocircuito \/ Recomendado para c\u00e1maras 4K.<\/span><\/h3>\n<\/div>\n<div class=\\\"row\\\"><span style=\\\"color: #000000\\\">EPCOM POWER LINE marca lider en adapatores con alta eficiencia en alimentaci\u00f3n para equipos de seguridad electr\u00f3nica por sus ventajas de aprobaciones y certificaciones, protecci\u00f3n contra sobretensiones, y circuitos de protecci\u00f3n contra anti-interferencia.La Fuente PS-12DC4KV es especial para camaras TURBOHD con resolucion de 4K (8 Megapixel). esta tambien cuenta con inteligencia distribuida, puede suministrar hasta 3 Amperes en una salida sin exceder la capacidad m\u00e1x de 5 Amperes<\/span><\/div>\n<div>\n<h4><span style=\\\"color: #000000\\\">Caracter\u00edsticas Principales:<\/span><\/h4>\n<ul>\n<li><span style=\\\"color: #000000\\\">Voltaje de entrada 110V &#8211; 240Vca<\/span><\/li>\n<li><span style=\\\"color: #000000\\\">Voltaje de salida 12V DC +\/- 5%<\/span><\/li>\n<li><span style=\\\"color: #000000\\\">Sistema de 5 A inteligentes (Distribuidos en 4 salidas).<\/span><\/li>\n<li><span style=\\\"color: #000000\\\">Aprobaciones de seguridad CE<\/span><\/li>\n<li><span style=\\\"color: #000000\\\">LED indicador de alimentaci\u00f3n<\/span><\/li>\n<\/ul>\n<h4><span style=\\\"color: #000000\\\">Caracter\u00edsticas Principales:<\/span><\/h4>\n<ul>\n<li><span style=\\\"color: #000000\\\">Voltaje de entrada 110V &#8211; 240Vca<\/span><\/li>\n<li><span style=\\\"color: #000000\\\">Voltaje de salida 12V DC +\/- 5%<\/span><\/li>\n<li><span style=\\\"color: #000000\\\">Sistema de 5 A inteligentes (Distribuidos en 4 salidas).<\/span><\/li>\n<li><span style=\\\"color: #000000\\\">Aprobaciones de seguridad CE<\/span><\/li>\n<li><span style=\\\"color: #000000\\\">LED indicador de alimentaci\u00f3n<\/span><\/li>\n<\/ul>\n<h4><span style=\\\"color: #000000\\\">Caracter\u00edsticas Destacadas:<\/span><\/h4>\n<ul>\n<li><span style=\\\"color: #000000\\\">Fusible reseteable interconstruido PTC<\/span><\/li>\n<li><span style=\\\"color: #000000\\\">Protecci\u00f3n contra sobre-tensiones y contra cortocircuito<\/span><\/li>\n<li><span style=\\\"color: #000000\\\">Sistema de liberaci\u00f3n de calor,con estructura de ventilaci\u00f3n de calor<\/span><\/li>\n<li><span style=\\\"color: #000000\\\">La interferencia m\u00e1s baja para evitar las se\u00f1ales de alta frecuencia, dise\u00f1ado para el uso de Sistemas de vigilancia<\/span><\/li>\n<\/ul>\n<\/div>\n","protected":false},"excerpt":{"rendered":"<p>PS-12DC4KV EPCOM POWERLINE Fuente de Alimentaci\u00f3n de 12 Vcc @ 5A \/ 4 C\u00e1maras \/ FILTRO DE RUIDO ESPECIAL PARA CAMARAS 4K \/ Fusible Reseteable Inter Construido PTC \/ Protecci\u00f3n Contra Sobre-Tensiones y Contra Cortocircuito \/ Recomendado para c\u00e1maras 4K. EPCOM POWER LINE marca lider en adapatores con alta eficiencia en alimentaci\u00f3n para equipos de [&hellip;]<\/p>\n","protected":false},"featured_media":13048,"template":"","meta":{"_acf_changed":false},"product_brand":[],"product_cat":[59,125,67,133],"product_tag":[],"berocket_brand":[],"class_list":{"0":"post-13047","1":"product","2":"type-product","3":"status-publish","4":"has-post-thumbnail","6":"product_cat-accesorios-camaras-hd","7":"product_cat-accesorios-camaras-ip","8":"product_cat-fuentes-de-energia","9":"product_cat-fuentes-de-energia-accesorios-camaras-ip","11":"first","12":"instock","13":"taxable","14":"shipping-taxable","15":"purchasable","16":"product-type-simple","17":"berocket_lgv_grid","18":"berocket_lgv_list_grid"},"acf":[],"aioseo_notices":[],"_links":{"self":[{"href":"https:\/\/todoenseguridad.com\/site\/wp-json\/wp\/v2\/product\/13047","targetHints":{"allow":["GET"]}}],"collection":[{"href":"https:\/\/todoenseguridad.com\/site\/wp-json\/wp\/v2\/product"}],"about":[{"href":"https:\/\/todoenseguridad.com\/site\/wp-json\/wp\/v2\/types\/product"}],"wp:featuredmedia":[{"embeddable":true,"href":"https:\/\/todoenseguridad.com\/site\/wp-json\/wp\/v2\/media\/13048"}],"wp:attachment":[{"href":"https:\/\/todoenseguridad.com\/site\/wp-json\/wp\/v2\/media?parent=13047"}],"wp:term":[{"taxonomy":"product_brand","embeddable":true,"href":"https:\/\/todoenseguridad.com\/site\/wp-json\/wp\/v2\/product_brand?post=13047"},{"taxonomy":"product_cat","embeddable":true,"href":"https:\/\/todoenseguridad.com\/site\/wp-json\/wp\/v2\/product_cat?post=13047"},{"taxonomy":"product_tag","embeddable":true,"href":"https:\/\/todoenseguridad.com\/site\/wp-json\/wp\/v2\/product_tag?post=13047"},{"taxonomy":"berocket_brand","embeddable":true,"href":"https:\/\/todoenseguridad.com\/site\/wp-json\/wp\/v2\/berocket_brand?post=13047"}],"curies":[{"name":"wp","href":"https:\/\/api.w.org\/{rel}","templated":true}]}}