{"id":13034,"date":"2025-03-14T12:01:10","date_gmt":"2025-03-14T17:01:10","guid":{"rendered":"https:\/\/todoenseguridad.com\/site\/?post_type=product&#038;p=13034"},"modified":"2025-03-14T12:22:03","modified_gmt":"2025-03-14T17:22:03","slug":"ls19a330nhlxzx-samsung-monitor-plano-19-resolucion-1366-x-768-hdmi","status":"publish","type":"product","link":"https:\/\/todoenseguridad.com\/site\/producto\/ls19a330nhlxzx-samsung-monitor-plano-19-resolucion-1366-x-768-hdmi\/","title":{"rendered":"LS19A330NHLXZX Monitor SAMSUNG Plano 19&#8243;\/1366 x 768\/HDMI"},"content":{"rendered":"<div class=\"row\">\n<h3 id=\"product_title_234207\" class=\"titulo_vp\"><span style=\"color: #0000ff;\">LS19A330NHLXZX SAMSUNG Monitor Plano 19&#8243; Panel tipo TN \/ 16:9 \/ Resoluci\u00f3n 1366 x 768 \/ 250 nits \/ HDMI 1.4<\/span><\/h3>\n<\/div>\n<div class=\"row\">\n<p><span style=\"color: #000000;\"><strong>Caracter\u00edsticas principales:<\/strong><\/span><\/p>\n<ul>\n<li><span style=\"color: #000000;\">Tama\u00f1o diagonal 19&#8243;<\/span><\/li>\n<li><span style=\"color: #000000;\">Tipo de monitor: Plano<\/span><\/li>\n<li><span style=\"color: #000000;\">Resoluci\u00f3n 1,366 x 768<\/span><\/li>\n<li><span style=\"color: #000000;\">Relaci\u00f3n de aspecto 16:9<\/span><\/li>\n<li><span style=\"color: #000000;\">Brillo 250 nit.<\/span><\/li>\n<li><span style=\"color: #000000;\">Relaci\u00f3n de contraste 600:1<\/span><\/li>\n<li><span style=\"color: #000000;\">Frecuencia de actualizacion: 60Hz<\/span><\/li>\n<\/ul>\n<div class=\"col-sm-4\">\n<div>\n<p><span style=\"color: #000000;\"><strong>Conectividad:<\/strong><\/span><\/p>\n<ul>\n<li><span style=\"color: #000000;\">1 Entradas de Video HDMI 1.4\u00a0<\/span><\/li>\n<li><span style=\"color: #000000;\">1 Entrada D-sub<\/span><\/li>\n<\/ul>\n<\/div>\n<\/div>\n<div class=\"col-sm-4\">\n<p><span style=\"color: #000000;\"><strong>Caracter\u00edsticas f\u00edsicas y el\u00e9ctricas:<\/strong><\/span><\/p>\n<ul>\n<li><span style=\"color: #000000;\">Temperatura de operaci\u00f3n: 10 a 40 \u00b0C<\/span><\/li>\n<li><span style=\"color: #000000;\">Alimentaci\u00f3n: 100 &#8211; 127Vca, 12 W.<\/span><\/li>\n<li><span style=\"color: #000000;\">Compatible con VESA 75 x 75 mm. No incluye Tornilleria.<\/span><\/li>\n<li><span style=\"color: #000000;\">Dimensiones del equipo sin base: 440.7 x 269.2 x 30.0\u00a0 mm<\/span><\/li>\n<li><span style=\"color: #000000;\">Dimensiones del empaque: 495.0 x 110.0 x 325.0 mm<\/span><\/li>\n<li><span style=\"color: #000000;\">Peso del equipo: 1.8 Kg<\/span><\/li>\n<li><span style=\"color: #000000;\">Peso del empaque: 3.0 Kg<\/span><\/li>\n<li><span style=\"color: #000000;\">No incluye montajes de pared.<\/span><\/li>\n<\/ul>\n<p class=\"p1\"><span style=\"color: #000000;\"><strong>1 A\u00f1o de garantia con fabricante<\/strong><\/span><\/p>\n<\/div>\n<\/div>\n","protected":false},"excerpt":{"rendered":"<h3 id=\"product_title_234207\" class=\"titulo_vp\">LS19A330NHLXZX SAMSUNG Monitor Plano 19&#8243; Panel tipo TN \/ 16:9 \/ Resoluci\u00f3n 1366 x 768 \/ 250 nits \/ HDMI 1.4<\/h3>\n","protected":false},"featured_media":13035,"template":"","meta":{"_acf_changed":false},"product_brand":[],"product_cat":[129,64,126,62],"product_tag":[],"berocket_brand":[],"class_list":{"0":"post-13034","1":"product","2":"type-product","3":"status-publish","4":"has-post-thumbnail","6":"product_cat-19-pulgadas-monitores-video-accesorios-camaras-ip","7":"product_cat-19-pulgadas","8":"product_cat-monitores-video-accesorios-camaras-ip","9":"product_cat-monitores-video","11":"first","12":"instock","13":"sale","14":"taxable","15":"shipping-taxable","16":"purchasable","17":"product-type-simple","18":"berocket_lgv_grid","19":"berocket_lgv_list_grid"},"acf":[],"aioseo_notices":[],"_links":{"self":[{"href":"https:\/\/todoenseguridad.com\/site\/wp-json\/wp\/v2\/product\/13034","targetHints":{"allow":["GET"]}}],"collection":[{"href":"https:\/\/todoenseguridad.com\/site\/wp-json\/wp\/v2\/product"}],"about":[{"href":"https:\/\/todoenseguridad.com\/site\/wp-json\/wp\/v2\/types\/product"}],"wp:featuredmedia":[{"embeddable":true,"href":"https:\/\/todoenseguridad.com\/site\/wp-json\/wp\/v2\/media\/13035"}],"wp:attachment":[{"href":"https:\/\/todoenseguridad.com\/site\/wp-json\/wp\/v2\/media?parent=13034"}],"wp:term":[{"taxonomy":"product_brand","embeddable":true,"href":"https:\/\/todoenseguridad.com\/site\/wp-json\/wp\/v2\/product_brand?post=13034"},{"taxonomy":"product_cat","embeddable":true,"href":"https:\/\/todoenseguridad.com\/site\/wp-json\/wp\/v2\/product_cat?post=13034"},{"taxonomy":"product_tag","embeddable":true,"href":"https:\/\/todoenseguridad.com\/site\/wp-json\/wp\/v2\/product_tag?post=13034"},{"taxonomy":"berocket_brand","embeddable":true,"href":"https:\/\/todoenseguridad.com\/site\/wp-json\/wp\/v2\/berocket_brand?post=13034"}],"curies":[{"name":"wp","href":"https:\/\/api.w.org\/{rel}","templated":true}]}}