{"id":13031,"date":"2025-03-14T11:36:43","date_gmt":"2025-03-14T16:36:43","guid":{"rendered":"https:\/\/todoenseguridad.com\/site\/?post_type=product&#038;p=13031"},"modified":"2026-03-23T10:46:07","modified_gmt":"2026-03-23T15:46:07","slug":"zd222ka-zkteco-monitor-led-full-hd-de-22-resolucion-1920-x-1080-hdmi-y-vga","status":"publish","type":"product","link":"https:\/\/todoenseguridad.com\/site\/producto\/zd222ka-zkteco-monitor-led-full-hd-de-22-resolucion-1920-x-1080-hdmi-y-vga\/","title":{"rendered":"ZD222KA ZKTECO\u00a0Monitor LED Full HD de 22&#8243;\/ Resoluci\u00f3n 1920 x 1080\/ HDMI y VGA"},"content":{"rendered":"<h3 id=\\\"title\\\"><span style=\\\"color: #0000ff\\\">ZD222KA ZKTECO\u00a0Monitor LED Full HD de 22 pulgadas \/ Resoluci\u00f3n 1920 x 1080 \/ Retroiluminaci\u00f3n DLED \/ 1 Entrada de video HDMI y 1 VGA \/ \u00c1ngulo de Visi\u00f3n Horizontal 178\u00b0 \/ Soporte VESA \/ Incluye Cable HDMI \/ Ideal para hogar y oficina<\/span><\/h3>\n<h4 class=\\\"card-title text-center\\\"><span style=\\\"color: #000000\\\">Informaci\u00f3n General<\/span><\/h4>\n<p><span style=\\\"color: #000000\\\">El monitor para\u00a0videovigilancia\u00a0modelo\u00a0ZD22-2K-A\u00a0\u00a0tiene una pantalla de\u00a022\\\u00bb\u00a0con resoluci\u00f3n\u00a02K FHD, entradas de video\u00a0HDMI\u00a0y\u00a0VGA\u00a0\u00a0tecnolog\u00eda de\u00a0iluminaci\u00f3n LED\u00a0a un bajo consumo el\u00e9ctrico adem\u00e1s provee un amplio \u00e1ngulo de\u00a0visi\u00f3n horizontal<\/span><\/p>\n<h4><span style=\\\"color: #000000\\\">Principales Caracter\u00edsticas<\/span><\/h4>\n<ul>\n<li><span style=\\\"color: #000000\\\">Pantalla FHD de 22 pulgadas<\/span><\/li>\n<li><span style=\\\"color: #000000\\\">Tecnolog\u00eda de retroiluminaci\u00f3n LED con Full HD 1920 x 1080<\/span><\/li>\n<li><span style=\\\"color: #000000\\\">16,7 millones de colores muestran im\u00e1genes perfectamente<\/span><\/li>\n<li><span style=\\\"color: #000000\\\">Amplio \u00e1ngulo de visi\u00f3n: Horizontal 178\u00b0, Vertical178<\/span><\/li>\n<li><span style=\\\"color: #000000\\\">Respuesta r\u00e1pida de 4ms<\/span><\/li>\n<li><span style=\\\"color: #000000\\\">Protecci\u00f3n ocular inteligente y reducci\u00f3n de ruido\u00a03D<\/span><\/li>\n<li><span style=\\\"color: #000000\\\">Motor inteligente para fase\/posici\u00f3n de imagen\/calibraci\u00f3n de color<\/span><\/li>\n<\/ul>\n<h4><span style=\\\"color: #000000\\\">Especificaciones T\u00e9cnicas<\/span><\/h4>\n<ul>\n<li><span style=\\\"color: #000000\\\">Tama\u00f1o de pantalla 22\\&#8217;\\&#8217;.<\/span><\/li>\n<li><span style=\\\"color: #000000\\\">Retroiluminaci\u00f3n LED con iluminaci\u00f3n directa.<\/span><\/li>\n<li><span style=\\\"color: #000000\\\">Resoluci\u00f3n 1920*1080.<\/span><\/li>\n<li><span style=\\\"color: #000000\\\">Proporci\u00f3n de pantalla 16:9.<\/span><\/li>\n<li><span style=\\\"color: #000000\\\">Relaci\u00f3n de contraste 3000 : 1.<\/span><\/li>\n<li><span style=\\\"color: #000000\\\">Tiempo de respuesta 4ms.<\/span><\/li>\n<li><span style=\\\"color: #000000\\\">Profundidad del color\u00a016,7 millones.<\/span><\/li>\n<li><span style=\\\"color: #000000\\\">Esperanza de vida 60.000 H.<\/span><\/li>\n<li><span style=\\\"color: #000000\\\">\u00c1ngulo de visi\u00f3n 178\u00b0\/178\u00b0(horizontal \/ vertical).<\/span><\/li>\n<li><span style=\\\"color: #000000\\\">Voltage 12V\/3A.<\/span><\/li>\n<li><span style=\\\"color: #000000\\\">Consumo de energia 20W.<\/span><\/li>\n<li><span style=\\\"color: #000000\\\">Temperatura \/ humedad de trabajo 0\u00b0C a 50\u00b0C \/ 20% a 80% (sin condensaci\u00f3n).<\/span><\/li>\n<li><span style=\\\"color: #000000\\\">Temperatura \/ humedad de almacenamiento -10\u00b0C a 60\u00b0C\/5% a 95% (sin condensaci\u00f3n).<\/span><\/li>\n<li><span style=\\\"color: #000000\\\">Interface HDMI , VGA.<\/span><\/li>\n<li><span style=\\\"color: #000000\\\">Panel de pl\u00e1stico, soporte de metal.<\/span><\/li>\n<li><span style=\\\"color: #000000\\\">Peso bruto 3,1 kg.<\/span><\/li>\n<li><span style=\\\"color: #000000\\\">Manera de instalar con\u00a0pedestal \/ montado en la pared<\/span><\/li>\n<\/ul>\n<h4><span style=\\\"color: #000000\\\">Incluye<\/span><\/h4>\n<ul>\n<li><span style=\\\"color: #000000\\\">Monitor 22\\\u00bb<\/span><\/li>\n<li><span style=\\\"color: #000000\\\">Fuente de poder<\/span><\/li>\n<li><span style=\\\"color: #000000\\\">Base<\/span><\/li>\n<li><span style=\\\"color: #000000\\\">Cable HDMI<\/span><\/li>\n<li><span style=\\\"color: #000000\\\">P\u00f3liza de garant\u00eda<\/span><\/li>\n<li><span style=\\\"color: #000000\\\">Gu\u00eda de usuario<\/span><\/li>\n<\/ul>\n","protected":false},"excerpt":{"rendered":"<p>ZD222KA ZKTECO\u00a0Monitor LED Full HD de 22 pulgadas \/ Resoluci\u00f3n 1920 x 1080 \/ Retroiluminaci\u00f3n DLED \/ 1 Entrada de video HDMI y 1 VGA \/ \u00c1ngulo de Visi\u00f3n Horizontal 178\u00b0 \/ Soporte VESA \/ Incluye Cable HDMI \/ Ideal para hogar y oficina Informaci\u00f3n General El monitor para\u00a0videovigilancia\u00a0modelo\u00a0ZD22-2K-A\u00a0\u00a0tiene una pantalla de\u00a022\\\u00bb\u00a0con resoluci\u00f3n\u00a02K FHD, entradas [&hellip;]<\/p>\n","protected":false},"featured_media":13032,"template":"","meta":{"_acf_changed":false},"product_brand":[],"product_cat":[66,130,62,126],"product_tag":[],"berocket_brand":[],"class_list":{"0":"post-13031","1":"product","2":"type-product","3":"status-publish","4":"has-post-thumbnail","6":"product_cat-21-pulgadas-o-mas","7":"product_cat-21-pulgadas-o-mas-monitores-video-accesorios-camaras-ip","8":"product_cat-monitores-video","9":"product_cat-monitores-video-accesorios-camaras-ip","11":"first","12":"instock","13":"taxable","14":"shipping-taxable","15":"purchasable","16":"product-type-simple","17":"berocket_lgv_grid","18":"berocket_lgv_list_grid"},"acf":[],"aioseo_notices":[],"_links":{"self":[{"href":"https:\/\/todoenseguridad.com\/site\/wp-json\/wp\/v2\/product\/13031","targetHints":{"allow":["GET"]}}],"collection":[{"href":"https:\/\/todoenseguridad.com\/site\/wp-json\/wp\/v2\/product"}],"about":[{"href":"https:\/\/todoenseguridad.com\/site\/wp-json\/wp\/v2\/types\/product"}],"wp:featuredmedia":[{"embeddable":true,"href":"https:\/\/todoenseguridad.com\/site\/wp-json\/wp\/v2\/media\/13032"}],"wp:attachment":[{"href":"https:\/\/todoenseguridad.com\/site\/wp-json\/wp\/v2\/media?parent=13031"}],"wp:term":[{"taxonomy":"product_brand","embeddable":true,"href":"https:\/\/todoenseguridad.com\/site\/wp-json\/wp\/v2\/product_brand?post=13031"},{"taxonomy":"product_cat","embeddable":true,"href":"https:\/\/todoenseguridad.com\/site\/wp-json\/wp\/v2\/product_cat?post=13031"},{"taxonomy":"product_tag","embeddable":true,"href":"https:\/\/todoenseguridad.com\/site\/wp-json\/wp\/v2\/product_tag?post=13031"},{"taxonomy":"berocket_brand","embeddable":true,"href":"https:\/\/todoenseguridad.com\/site\/wp-json\/wp\/v2\/berocket_brand?post=13031"}],"curies":[{"name":"wp","href":"https:\/\/api.w.org\/{rel}","templated":true}]}}