{"id":13027,"date":"2025-03-14T11:29:04","date_gmt":"2025-03-14T16:29:04","guid":{"rendered":"https:\/\/todoenseguridad.com\/site\/?post_type=product&#038;p=13027"},"modified":"2025-03-14T11:29:04","modified_gmt":"2025-03-14T16:29:04","slug":"dhi-lm22-b200s-dahua-monitor-de-21-45-1920x1080-hdmivga","status":"publish","type":"product","link":"https:\/\/todoenseguridad.com\/site\/producto\/dhi-lm22-b200s-dahua-monitor-de-21-45-1920x1080-hdmivga\/","title":{"rendered":"DHI-LM22-B200S\u00a0DAHUA \u00a0Monitor de 21.45&#8243;\/ 1920\u00d71080\/ HDMI&#038;VGA"},"content":{"rendered":"<h3 id=\"title\"><span style=\"color: #0000ff;\">DHI-LM22-B200S\u00a0DAHUA \u00a0Monitor de 21.45 Pulgadas\/ Ultra Delgado\/ 1920\u00d71080\/ Angulo de Visualizaci\u00f3n de 178 Grados\/ Altavoces Integrados\/ HDMI&amp;VGA\/ Dise\u00f1o de Micro Bisel<\/span><\/h3>\n<h4 class=\"card-title text-center\"><span style=\"color: #000000;\">Informaci\u00f3n general<\/span><\/h4>\n<ul>\n<li><span style=\"color: #000000;\">Carcasa de pl\u00e1stico ligera y rentable;<\/span><\/li>\n<li><span style=\"color: #000000;\">Bisel ultra-estrecho, aspecto elegante, base de metal;<\/span><\/li>\n<li><span style=\"color: #000000;\">\u00c1ngulo de visi\u00f3n extra amplio de 178\u00b0H\/178\u00b0V para un rendimiento de visualizaci\u00f3n general;<\/span><\/li>\n<li><span style=\"color: #000000;\">Procesamiento digital de alta fidelidad para un video brillante y v\u00edvido;<\/span><\/li>\n<li><span style=\"color: #000000;\">Admite m\u00faltiples entradas de se\u00f1al como HDMI, VGA;<\/span><\/li>\n<li><span style=\"color: #000000;\">Modo de control de bot\u00f3n f\u00edsico;<\/span><\/li>\n<li><span style=\"color: #000000;\">Bajo consumo de energ\u00eda, larga vida \u00fatil;<\/span><\/li>\n<li><span style=\"color: #000000;\">Dise\u00f1o de luz anti-azul, protecci\u00f3n para los ojos.<\/span><\/li>\n<\/ul>\n<div id=\"product-details-container\" class=\"container-fluid mb-1\">\n<div class=\"tab-content\">\n<div id=\"overviews\" class=\"tab-pane fade show active\" role=\"tabpanel\">\n<div class=\"container-fluid padding-bottom-2x mb-2\">\n<div class=\"row align-items-center padding-bottom-2x\">\n<div class=\"col-md-7 text-md-left text-center\">\n<h4><span style=\"color: #000000;\">Especificaciones T\u00e9cnicas<\/span><\/h4>\n<\/div>\n<div class=\"col-md-7 text-md-left text-center\">\n<ul>\n<li><span style=\"color: #000000;\">Modelo DHI-LM22-B200S<\/span><\/li>\n<li><span style=\"color: #000000;\">Tama\u00f1o de pantalla 21,45&#8243;<\/span><\/li>\n<li><span style=\"color: #000000;\">Tipo de panel Virginia<\/span><\/li>\n<li><span style=\"color: #000000;\">Relaci\u00f3n de aspecto 16:9\u00a0<\/span><\/li>\n<li><span style=\"color: #000000;\">Resoluci\u00f3n 1920 \u00d7 1080 (FHD)<\/span><\/li>\n<li><span style=\"color: #000000;\">Iluminar desde el fondo CONDUJO\u00a0<\/span><\/li>\n<li><span style=\"color: #000000;\">Brillo\/Luminancia 250 cd\/\u33a1(m\u00e1x.)<\/span><\/li>\n<\/ul>\n<\/div>\n<\/div>\n<\/div>\n<\/div>\n<\/div>\n<\/div>\n","protected":false},"excerpt":{"rendered":"<p>DHI-LM22-B200S\u00a0DAHUA \u00a0Monitor de 21.45 Pulgadas\/ Ultra Delgado\/ 1920\u00d71080\/ Angulo de Visualizaci\u00f3n de 178 Grados\/ Altavoces Integrados\/ HDMI&amp;VGA\/ Dise\u00f1o de Micro Bisel Informaci\u00f3n general Carcasa de pl\u00e1stico ligera y rentable; Bisel ultra-estrecho, aspecto elegante, base de metal; \u00c1ngulo de visi\u00f3n extra amplio de 178\u00b0H\/178\u00b0V para un rendimiento de visualizaci\u00f3n general; Procesamiento digital de alta fidelidad para [&hellip;]<\/p>\n","protected":false},"featured_media":13030,"template":"","meta":{"_acf_changed":false},"product_brand":[],"product_cat":[130,66,62,126],"product_tag":[],"berocket_brand":[],"class_list":{"0":"post-13027","1":"product","2":"type-product","3":"status-publish","4":"has-post-thumbnail","6":"product_cat-21-pulgadas-o-mas-monitores-video-accesorios-camaras-ip","7":"product_cat-21-pulgadas-o-mas","8":"product_cat-monitores-video","9":"product_cat-monitores-video-accesorios-camaras-ip","11":"first","12":"instock","13":"taxable","14":"shipping-taxable","15":"purchasable","16":"product-type-simple","17":"berocket_lgv_grid","18":"berocket_lgv_list_grid"},"acf":[],"aioseo_notices":[],"_links":{"self":[{"href":"https:\/\/todoenseguridad.com\/site\/wp-json\/wp\/v2\/product\/13027","targetHints":{"allow":["GET"]}}],"collection":[{"href":"https:\/\/todoenseguridad.com\/site\/wp-json\/wp\/v2\/product"}],"about":[{"href":"https:\/\/todoenseguridad.com\/site\/wp-json\/wp\/v2\/types\/product"}],"wp:featuredmedia":[{"embeddable":true,"href":"https:\/\/todoenseguridad.com\/site\/wp-json\/wp\/v2\/media\/13030"}],"wp:attachment":[{"href":"https:\/\/todoenseguridad.com\/site\/wp-json\/wp\/v2\/media?parent=13027"}],"wp:term":[{"taxonomy":"product_brand","embeddable":true,"href":"https:\/\/todoenseguridad.com\/site\/wp-json\/wp\/v2\/product_brand?post=13027"},{"taxonomy":"product_cat","embeddable":true,"href":"https:\/\/todoenseguridad.com\/site\/wp-json\/wp\/v2\/product_cat?post=13027"},{"taxonomy":"product_tag","embeddable":true,"href":"https:\/\/todoenseguridad.com\/site\/wp-json\/wp\/v2\/product_tag?post=13027"},{"taxonomy":"berocket_brand","embeddable":true,"href":"https:\/\/todoenseguridad.com\/site\/wp-json\/wp\/v2\/berocket_brand?post=13027"}],"curies":[{"name":"wp","href":"https:\/\/api.w.org\/{rel}","templated":true}]}}