{"id":13025,"date":"2025-03-14T11:24:49","date_gmt":"2025-03-14T16:24:49","guid":{"rendered":"https:\/\/todoenseguridad.com\/site\/?post_type=product&#038;p=13025"},"modified":"2026-03-23T10:47:40","modified_gmt":"2026-03-23T15:47:40","slug":"zd192ksb-zkteco-monitor-led-hd-de-19-operacion-24-7-resolucion-1440-x-900-hdmi-y-vga","status":"publish","type":"product","link":"https:\/\/todoenseguridad.com\/site\/producto\/zd192ksb-zkteco-monitor-led-hd-de-19-operacion-24-7-resolucion-1440-x-900-hdmi-y-vga\/","title":{"rendered":"ZD192KSB\u00a0ZKTECO Monitor LED HD de 19&#8243;\/ Operaci\u00f3n 24\/7\/ Resoluci\u00f3n 1440 x 900\/ HDMI y VGA"},"content":{"rendered":"<h3 id=\\\"title\\\"><span style=\\\"color: #0000ff\\\">ZD192KSB\u00a0ZKTECO Monitor LED HD de 19 pulgadas \/ Operaci\u00f3n 24\/7 Ideal para Seguridad\/ Resoluci\u00f3n 1440 x 900 \/ 1 Entrada de video HDMI y 1 VGA \/ \u00c1ngulo de Visi\u00f3n Horizontal 170\u00b0 \/ Soporte VESA \/ Incluye Cable HDMI \/ Sin Altavoces<\/span><\/h3>\n<h4 class=\\\"card-title text-center\\\"><span style=\\\"color: #000000\\\">Informaci\u00f3n General<\/span><\/h4>\n<p><span style=\\\"color: #000000\\\">El\u00a0<strong>ZKTeco ZD192KSB<\/strong>\u00a0es un monitor LED HD de 19 pulgadas dise\u00f1ado para ofrecer un rendimiento confiable y constante, ideal para entornos que requieren operaci\u00f3n continua. Cuenta con\u00a0una pantalla de\u00a0<strong>19\\\u00bb\u00a0<\/strong>con\u00a0resoluci\u00f3n HD, entrada\u00a0HDMI y VGA\u00a0, tecnolog\u00eda de\u00a0iluminaci\u00f3n LED\u00a0a un bajo consumo el\u00e9ctrico. Este equipo es compatible con\u00a0montaje VESA<\/span><\/p>\n<h4 class=\\\"card-title text-center\\\"><span style=\\\"color: #000000\\\">Principales Caracter\u00edsticas<\/span><\/h4>\n<p><span style=\\\"color: #000000\\\"><strong>Pantalla<\/strong>:<\/span><\/p>\n<ul>\n<li class=\\\"ql-indent-1\\\"><span style=\\\"color: #000000\\\"><strong>Tama\u00f1o<\/strong>: 19 pulgadas.<\/span><\/li>\n<li class=\\\"ql-indent-1\\\"><span style=\\\"color: #000000\\\"><strong>Resoluci\u00f3n<\/strong>: 1440 x 900 p\u00edxeles, lo que proporciona una imagen clara y n\u00edtida.<\/span><\/li>\n<li class=\\\"ql-indent-1\\\"><span style=\\\"color: #000000\\\"><strong>Relaci\u00f3n de aspecto<\/strong>: 16:9, adecuado para diversas aplicaciones.<\/span><\/li>\n<\/ul>\n<p><span style=\\\"color: #000000\\\"><strong>Conectividad<\/strong>:<\/span><\/p>\n<ul>\n<li><span style=\\\"color: #000000\\\"><strong>Entradas de video<\/strong>:<\/span><\/li>\n<li class=\\\"ql-indent-1\\\"><span style=\\\"color: #000000\\\">1 puerto HDMI.<\/span><\/li>\n<li class=\\\"ql-indent-1\\\"><span style=\\\"color: #000000\\\">1 puerto VGA.<\/span><\/li>\n<li class=\\\"ql-indent-1\\\"><span style=\\\"color: #000000\\\">Esto permite la conexi\u00f3n con una variedad de dispositivos, desde computadoras hasta sistemas de video vigilancia.<\/span><\/li>\n<\/ul>\n<p><span style=\\\"color: #000000\\\"><strong>\u00c1ngulo de visi\u00f3n<\/strong>:<\/span><\/p>\n<ul>\n<li class=\\\"ql-indent-1\\\"><span style=\\\"color: #000000\\\"><strong>Horizontal<\/strong>: 170\u00b0, lo que permite una visualizaci\u00f3n \u00f3ptima desde diferentes \u00e1ngulos sin p\u00e9rdida significativa de calidad de imagen.<\/span><\/li>\n<\/ul>\n<p><span style=\\\"color: #000000\\\"><strong>Soporte<\/strong>:<\/span><\/p>\n<ul>\n<li class=\\\"ql-indent-1\\\"><span style=\\\"color: #000000\\\"><strong>Soporte VESA<\/strong>: Compatible, lo que facilita el montaje en pared o en brazos articulados.<\/span><\/li>\n<\/ul>\n<p><span style=\\\"color: #000000\\\"><strong>Operaci\u00f3n<\/strong>:<\/span><\/p>\n<ul>\n<li class=\\\"ql-indent-1\\\"><span style=\\\"color: #000000\\\"><strong>24\/7<\/strong>: Dise\u00f1ado para funcionar de manera continua sin interrupciones, ideal para centros de control, videovigilancia, o cualquier entorno que requiera monitoreo constante.<\/span><\/li>\n<\/ul>\n<p><span style=\\\"color: #000000\\\"><strong>Accesorios<\/strong>:<\/span><\/p>\n<ul>\n<li class=\\\"ql-indent-1\\\"><span style=\\\"color: #000000\\\"><strong>Cable HDMI<\/strong>: Incluido en la caja, lo que facilita la conexi\u00f3n inmediata.<\/span><\/li>\n<\/ul>\n<p>&nbsp;<\/p>\n","protected":false},"excerpt":{"rendered":"<p>ZD192KSB\u00a0ZKTECO Monitor LED HD de 19 pulgadas \/ Operaci\u00f3n 24\/7 Ideal para Seguridad\/ Resoluci\u00f3n 1440 x 900 \/ 1 Entrada de video HDMI y 1 VGA \/ \u00c1ngulo de Visi\u00f3n Horizontal 170\u00b0 \/ Soporte VESA \/ Incluye Cable HDMI \/ Sin Altavoces Informaci\u00f3n General El\u00a0ZKTeco ZD192KSB\u00a0es un monitor LED HD de 19 pulgadas dise\u00f1ado para [&hellip;]<\/p>\n","protected":false},"featured_media":13026,"template":"","meta":{"_acf_changed":false},"product_brand":[],"product_cat":[64,129,62,126],"product_tag":[],"berocket_brand":[],"class_list":{"0":"post-13025","1":"product","2":"type-product","3":"status-publish","4":"has-post-thumbnail","6":"product_cat-19-pulgadas","7":"product_cat-19-pulgadas-monitores-video-accesorios-camaras-ip","8":"product_cat-monitores-video","9":"product_cat-monitores-video-accesorios-camaras-ip","11":"first","12":"instock","13":"taxable","14":"shipping-taxable","15":"purchasable","16":"product-type-simple","17":"berocket_lgv_grid","18":"berocket_lgv_list_grid"},"acf":[],"aioseo_notices":[],"_links":{"self":[{"href":"https:\/\/todoenseguridad.com\/site\/wp-json\/wp\/v2\/product\/13025","targetHints":{"allow":["GET"]}}],"collection":[{"href":"https:\/\/todoenseguridad.com\/site\/wp-json\/wp\/v2\/product"}],"about":[{"href":"https:\/\/todoenseguridad.com\/site\/wp-json\/wp\/v2\/types\/product"}],"wp:featuredmedia":[{"embeddable":true,"href":"https:\/\/todoenseguridad.com\/site\/wp-json\/wp\/v2\/media\/13026"}],"wp:attachment":[{"href":"https:\/\/todoenseguridad.com\/site\/wp-json\/wp\/v2\/media?parent=13025"}],"wp:term":[{"taxonomy":"product_brand","embeddable":true,"href":"https:\/\/todoenseguridad.com\/site\/wp-json\/wp\/v2\/product_brand?post=13025"},{"taxonomy":"product_cat","embeddable":true,"href":"https:\/\/todoenseguridad.com\/site\/wp-json\/wp\/v2\/product_cat?post=13025"},{"taxonomy":"product_tag","embeddable":true,"href":"https:\/\/todoenseguridad.com\/site\/wp-json\/wp\/v2\/product_tag?post=13025"},{"taxonomy":"berocket_brand","embeddable":true,"href":"https:\/\/todoenseguridad.com\/site\/wp-json\/wp\/v2\/berocket_brand?post=13025"}],"curies":[{"name":"wp","href":"https:\/\/api.w.org\/{rel}","templated":true}]}}