{"id":13017,"date":"2025-03-12T16:24:50","date_gmt":"2025-03-12T21:24:50","guid":{"rendered":"https:\/\/todoenseguridad.com\/site\/?post_type=product&#038;p=13017"},"modified":"2026-03-30T15:11:39","modified_gmt":"2026-03-30T20:11:39","slug":"dhi-kta04-dahua-kit-de-videoportero-analogico-con-monitor-incluye-frente-de-calle-con-camara-de-1-3-mp","status":"publish","type":"product","link":"https:\/\/todoenseguridad.com\/site\/producto\/dhi-kta04-dahua-kit-de-videoportero-analogico-con-monitor-incluye-frente-de-calle-con-camara-de-1-3-mp\/","title":{"rendered":"DHI-KTA04 DAHUA Kit de videoportero anal\u00f3gico con monitor\/ Incluye frente de calle con c\u00e1mara de 1.3 MP"},"content":{"rendered":"<h3 id=\\\"title\\\"><span style=\\\"color: #0000ff\\\">DHI-KTA04 DAHUA Kit de videoportero anal\u00f3gico con monitor de 4.3\\\u00bb y botones t\u00e1ctiles. Incluye frente de calle con c\u00e1mara de 1.3 MP, m\u00faltiples tonos de timbre personalizables, y funci\u00f3n de apertura de puerta para mayor seguridad y comodidad<\/span><\/h3>\n<h4 class=\\\"card-title text-center\\\"><span style=\\\"color: #000000\\\">Informaci\u00f3n General<\/span><\/h4>\n<p class=\\\"ql-align-justify\\\"><span style=\\\"color: #000000\\\">El\u00a0<strong>DAHUA KTA04\u00a0<\/strong>es un kit de videoportero anal\u00f3gico dise\u00f1ado para mejorar la seguridad en el hogar o la oficina. Incluye un monitor de 4.3\\\u00bb con botones t\u00e1ctiles y timbres personalizables, y un frente de calle con c\u00e1mara de 1.3 MP. Su protecci\u00f3n IP66 lo hace ideal para exteriores, resistiendo el polvo y la lluvia. El sistema permite la apertura remota de puertas, tiene un indicador LED de estado, y cuenta con un bot\u00f3n de salida y detecci\u00f3n de estado de la puerta, ofreciendo una soluci\u00f3n completa y confiable para el control de accesos.<\/span><\/p>\n<p><span style=\\\"color: #000000\\\"><strong>NOTA: SOPORTA 2 PUERTAS VTO Y 3 MONITORES<\/strong><\/span><\/p>\n<h4><span style=\\\"color: #000000\\\">Frente de Calle VTO1000J<\/span><\/h4>\n<p class=\\\"ql-align-justify\\\"><span style=\\\"color: #000000\\\">El\u00a0<strong>DHI-VTO1000J\u00a0<\/strong>de DAHUA es un frente de calle para videoporteros, ideal para control de acceso. Con c\u00e1mara de alta definici\u00f3n y dise\u00f1o resistente IP65, ofrece im\u00e1genes claras y comunicaci\u00f3n bidireccional. Perfecto para exteriores, garantiza un rendimiento confiable y seguro en diversas condiciones clim\u00e1ticas.<\/span><\/p>\n<ul>\n<li class=\\\"ql-align-justify\\\"><span style=\\\"color: #000000\\\"><strong>Funci\u00f3n de intercomunicador de v\u00eddeo:<\/strong>\u00a0Desbloqueo, llamada de voz, videollamada y volumen ajustable.<\/span><\/li>\n<li class=\\\"ql-align-justify\\\"><span style=\\\"color: #000000\\\"><strong>Sonido:<\/strong>\u00a0M\u00faltiples sonidos de timbre<\/span><\/li>\n<li class=\\\"ql-align-justify\\\"><span style=\\\"color: #000000\\\"><strong>Tecnolog\u00eda:\u00a0<\/strong>Admite rango din\u00e1mico amplio digital (DWDR)<\/span><\/li>\n<li class=\\\"ql-align-justify\\\"><span style=\\\"color: #000000\\\"><strong>Accesibilidades:<\/strong>\u00a0Bot\u00f3n mec\u00e1nico<\/span><\/li>\n<\/ul>\n<h4><span style=\\\"color: #000000\\\">Monitor VTH1010J<\/span><\/h4>\n<p class=\\\"ql-align-justify\\\"><span style=\\\"color: #000000\\\">El\u00a0<strong>DHI-VTH1010J<\/strong>\u00a0de DAHUA es un monitor de videoportero de 7 pulgadas para interiores. Ofrece visualizaci\u00f3n clara, comunicaci\u00f3n bidireccional, y es compatible con PoE para una instalaci\u00f3n sencilla. Es ideal para mejorar la seguridad y el control de accesos en hogares y oficinas.<\/span><\/p>\n<ul>\n<li><span style=\\\"color: #000000\\\"><strong>Pantalla:<\/strong>\u00a0TFT de 4,3<\/span><\/li>\n<li><span style=\\\"color: #000000\\\"><strong>Funci\u00f3n de video portero:<\/strong>\u00a0Desbloqueo, llamada de voz, videollamada y ajuste de volumen<\/span><\/li>\n<li><span style=\\\"color: #000000\\\"><strong>Accesibilidades:\u00a0<\/strong>Bot\u00f3n t\u00e1ctil<\/span><\/li>\n<li class=\\\"ql-align-justify\\\"><span style=\\\"color: #000000\\\"><strong>Sonido:<\/strong>\u00a0M\u00faltiples sonidos de timbre<\/span><\/li>\n<\/ul>\n<div class=\\\"row align-items-center padding-bottom-2x\\\">\n<div class=\\\"col-md-7 text-md-left text-center\\\">\n<h4><span style=\\\"color: #000000\\\">Especificaciones T\u00e9cnicas<\/span><\/h4>\n<p><span style=\\\"color: #000000\\\"><strong>DHI-VTO1000J<\/strong><\/span><\/p>\n<ul>\n<li><span style=\\\"color: #000000\\\"><strong>C\u00e1mara:\u00a0<\/strong>1.3 Megap\u00edxel.<\/span><\/li>\n<li><span style=\\\"color: #000000\\\"><strong>Consumo de Energ\u00eda:<\/strong>\u00a0\u22641W ( Modo Espera ) ; \u22643W (Modo Operaci\u00f3n)<\/span><\/li>\n<li><span style=\\\"color: #000000\\\"><strong>Dimensiones:<\/strong>\u00a0131.45 mm \u00d7 46.00 mm \u00d7 33.80 mm<\/span><\/li>\n<li><span style=\\\"color: #000000\\\"><strong>Temperatura de funcionamiento:\u00a0<\/strong>\u2013 30 \u00b0C a +60 \u00b0C\u00a0<\/span><\/li>\n<li><span style=\\\"color: #000000\\\"><strong>Peso neto<\/strong>: 0.18 Kg<\/span><\/li>\n<\/ul>\n<p><span style=\\\"color: #000000\\\"><strong>DHI-VTH1010J<\/strong><\/span><\/p>\n<ul>\n<li><span style=\\\"color: #000000\\\"><strong>Pantalla:<\/strong>\u00a0TFT 4.3\\\u00bb.<\/span><\/li>\n<li><span style=\\\"color: #000000\\\"><strong>Resoluci\u00f3n:\u00a0<\/strong>480 x 272<\/span><\/li>\n<li><span style=\\\"color: #000000\\\"><strong>Color:\u00a0<\/strong>Blanco.<\/span><\/li>\n<li><span style=\\\"color: #000000\\\"><strong>Tipo de bot\u00f3n:\u00a0<\/strong>Mec\u00e1nico.<\/span><\/li>\n<li><span style=\\\"color: #000000\\\"><strong>Fuente de Alimentaci\u00f3n:\u00a0<\/strong>12V DC 2A<\/span><\/li>\n<li><span style=\\\"color: #000000\\\"><strong>Consumo de energ\u00eda:\u00a0<\/strong>\u2264 2 W (en espera); \u2264 5 W (en funcionamiento)<\/span><\/li>\n<li><span style=\\\"color: #000000\\\"><strong>Temperatura de funcionamiento:<\/strong>\u00a0\u2013 10 \u00b0C a +55 \u00b0C<\/span><\/li>\n<li><span style=\\\"color: #000000\\\"><strong>Humedad de funcionamiento:<\/strong>\u00a010%\u201395% (HR)\u00a0<\/span><\/li>\n<li><span style=\\\"color: #000000\\\"><strong>Dimensiones:\u00a0<\/strong>136mm \u00d7 140 mm \u00d7 18.30 mm<\/span><\/li>\n<li><span style=\\\"color: #000000\\\"><strong>Peso neto:\u00a0<\/strong>0.16 Kg<\/span><\/li>\n<\/ul>\n<h4><span style=\\\"color: #000000\\\">Incluye<\/span><\/h4>\n<ul>\n<li><span style=\\\"color: #000000\\\"><strong>1x<\/strong>\u00a0Frente de calle\u00a0VTO1000J<\/span><\/li>\n<li><span style=\\\"color: #000000\\\"><strong>1x<\/strong>\u00a0Base tipo caja de conexiones para VTO<\/span><\/li>\n<li><span style=\\\"color: #000000\\\"><strong>2x<\/strong>\u00a0Tornillos de fijaci\u00f3n<\/span><\/li>\n<li><span style=\\\"color: #000000\\\"><strong>1x<\/strong>\u00a0Monitor\u00a0<strong>DHI-VTH1010J\u00a0<\/strong><\/span><\/li>\n<li><span style=\\\"color: #000000\\\"><strong>4x\u00a0<\/strong>Arn\u00e9s de integraci\u00f3n de alimentaci\u00f3n, video y audio<\/span><\/li>\n<li><span style=\\\"color: #000000\\\"><strong>1x<\/strong>\u00a0Arn\u00e9s de alimentaci\u00f3n<\/span><\/li>\n<li><span style=\\\"color: #000000\\\"><strong>1x<\/strong>\u00a0Base para sujeci\u00f3n de VTH<\/span><\/li>\n<li><span style=\\\"color: #000000\\\"><strong>8x\u00a0<\/strong>capuchones de rosca para empalme de cables<\/span><\/li>\n<li><span style=\\\"color: #000000\\\"><strong>1x<\/strong>\u00a0Llave L tipo Torx<\/span><\/li>\n<li><span style=\\\"color: #000000\\\"><strong>1x<\/strong>\u00a0Fuente de alimentaci\u00f3n para monitor DC 12V 2A<\/span><\/li>\n<li><span style=\\\"color: #000000\\\"><strong>1x<\/strong>\u00a0Manuales de instalaci\u00f3n<\/span><\/li>\n<li><span style=\\\"color: #000000\\\"><strong>1x<\/strong>\u00a0P\u00f3liza de garant\u00eda<\/span><\/li>\n<\/ul>\n<p><span style=\\\"color: #000000\\\">*Se recomienda el\u00a0cable RVV4\u00a0para realizar las interconexiones<\/span><\/p>\n<\/div>\n<\/div>\n","protected":false},"excerpt":{"rendered":"<p>DHI-KTA04 DAHUA Kit de videoportero anal\u00f3gico con monitor de 4.3\\\u00bb y botones t\u00e1ctiles. Incluye frente de calle con c\u00e1mara de 1.3 MP, m\u00faltiples tonos de timbre personalizables, y funci\u00f3n de apertura de puerta para mayor seguridad y comodidad Informaci\u00f3n General El\u00a0DAHUA KTA04\u00a0es un kit de videoportero anal\u00f3gico dise\u00f1ado para mejorar la seguridad en el hogar [&hellip;]<\/p>\n","protected":false},"featured_media":13018,"template":"","meta":{"_acf_changed":false},"product_brand":[],"product_cat":[96,419],"product_tag":[],"berocket_brand":[],"class_list":{"0":"post-13017","1":"product","2":"type-product","3":"status-publish","4":"has-post-thumbnail","6":"product_cat-control-de-acceso","7":"product_cat-videoportero","9":"first","10":"instock","11":"taxable","12":"shipping-taxable","13":"purchasable","14":"product-type-simple","15":"berocket_lgv_grid","16":"berocket_lgv_list_grid"},"acf":[],"aioseo_notices":[],"_links":{"self":[{"href":"https:\/\/todoenseguridad.com\/site\/wp-json\/wp\/v2\/product\/13017","targetHints":{"allow":["GET"]}}],"collection":[{"href":"https:\/\/todoenseguridad.com\/site\/wp-json\/wp\/v2\/product"}],"about":[{"href":"https:\/\/todoenseguridad.com\/site\/wp-json\/wp\/v2\/types\/product"}],"wp:featuredmedia":[{"embeddable":true,"href":"https:\/\/todoenseguridad.com\/site\/wp-json\/wp\/v2\/media\/13018"}],"wp:attachment":[{"href":"https:\/\/todoenseguridad.com\/site\/wp-json\/wp\/v2\/media?parent=13017"}],"wp:term":[{"taxonomy":"product_brand","embeddable":true,"href":"https:\/\/todoenseguridad.com\/site\/wp-json\/wp\/v2\/product_brand?post=13017"},{"taxonomy":"product_cat","embeddable":true,"href":"https:\/\/todoenseguridad.com\/site\/wp-json\/wp\/v2\/product_cat?post=13017"},{"taxonomy":"product_tag","embeddable":true,"href":"https:\/\/todoenseguridad.com\/site\/wp-json\/wp\/v2\/product_tag?post=13017"},{"taxonomy":"berocket_brand","embeddable":true,"href":"https:\/\/todoenseguridad.com\/site\/wp-json\/wp\/v2\/berocket_brand?post=13017"}],"curies":[{"name":"wp","href":"https:\/\/api.w.org\/{rel}","templated":true}]}}