{"id":13014,"date":"2025-03-12T16:07:46","date_gmt":"2025-03-12T21:07:46","guid":{"rendered":"https:\/\/todoenseguridad.com\/site\/?post_type=product&#038;p=13014"},"modified":"2025-03-12T16:07:46","modified_gmt":"2025-03-12T21:07:46","slug":"rg-ew300n-ruijie-home-router-inalambrico-administracion-remota","status":"publish","type":"product","link":"https:\/\/todoenseguridad.com\/site\/producto\/rg-ew300n-ruijie-home-router-inalambrico-administracion-remota\/","title":{"rendered":"RG-EW300N ruijie Home Router Inal\u00e1mbrico\/ Administraci\u00f3n Remota"},"content":{"rendered":"<h3><span style=\"color: #0000ff;\"><span id=\"modelo_c\">RG-EW300N ruijie <\/span>Home Router Inal\u00e1mbrico Wi-Fi 4 para Soluciones WISP, Administraci\u00f3n Remota para Control de Usuarios y Anchos de Banda<\/span><\/h3>\n<p><span style=\"color: #000000;\"><strong>Router HOME WISP modelo:<\/strong>\u00a0RG-EW300N.<\/span><\/p>\n<p><span style=\"color: #000000;\">El control de su Red dom\u00e9stica al alcance de su mano. Configure la red de su hogar en la Aplicaci\u00f3n Router Reyee en dos minutos.<\/span><\/p>\n<p><span style=\"color: #000000;\">La aplicaci\u00f3n Reyee Router le permite\u00a0gestionar los permisos de acceso a Internet\u00a0de una terminal espec\u00edfica, incluyendo\u00a0tiempos y velocidades l\u00edmite, as\u00ed como la\u00a0configuraci\u00f3n de listas blancas y negras.<\/span><\/p>\n<h4><span style=\"color: #000000;\">Caracter\u00edsticas Generales<\/span><\/h4>\n<ul>\n<li><span style=\"color: #000000;\"><strong>Est\u00e1ndar:\u00a0802.11n (Wi-Fi 4)<\/strong>.\u00a0Soporta conexi\u00f3n de dispositivos de est\u00e1ndares anteriores.<\/span><\/li>\n<li><span style=\"color: #000000;\"><strong>Bandas de operaci\u00f3n:<\/strong>\u00a02.4 GHz (2&#215;2).<\/span><\/li>\n<li><span style=\"color: #000000;\"><strong>Modos de operaci\u00f3n:<\/strong>\u00a0Router, Access Point, WISP o repetidor universal.<\/span><\/li>\n<li><span style=\"color: #000000;\"><strong>Configuraci\u00f3n atrev\u00e9s de:<\/strong>\u00a0interfaz web (red local), aplicaci\u00f3n m\u00f3vil (remoto o en red local), plataforma cloud (remoto).<\/span><\/li>\n<li><span style=\"color: #000000;\"><strong>Puertos:<\/strong>\u00a01 puerto 10\/100 WAN, 3 puertos 10\/100 LAN para conectar otros dispositivos a la red de forma cableada.<\/span><\/li>\n<li><span style=\"color: #000000;\"><strong>Garantia:<\/strong>\u00a03 a\u00f1os<\/span><\/li>\n<\/ul>\n<h4><span style=\"color: #000000;\">Desempe\u00f1o Inal\u00e1mbrico<\/span><\/h4>\n<ul class=\"list-group list-group-flush\">\n<li class=\"list-group-item\"><span style=\"color: #000000;\">Omnidireccional<\/span><\/li>\n<li class=\"list-group-item\"><span style=\"color: #000000;\">Hasta 16 usuarios concurrentes.<\/span><\/li>\n<li class=\"list-group-item\"><span style=\"color: #000000;\">Soporta 3 SSIDs<\/span><\/li>\n<li class=\"list-group-item\"><span style=\"color: #000000;\"><strong>Ancho de banda:<\/strong>\u00a02.4 GHz 300 Mbps<\/span><\/li>\n<li class=\"list-group-item\"><span style=\"color: #000000;\"><strong>Ganancia de las Antenas:<\/strong>\u00a02 Antenas de 2.4 GHz 5 dBi;<\/span><\/li>\n<li class=\"list-group-item\"><span style=\"color: #000000;\"><strong>Potencia de transmisi\u00f3n:<\/strong>\u00a02.4 GHz 20 dBm (100 mW)<\/span><\/li>\n<\/ul>\n<div class=\"col-12 col-md-4 mb-3\">\n<div class=\"card h-100\">\n<div class=\"card-body border-5 border-primary border-top card-body\">\n<h4><span style=\"color: #000000;\">Caracter\u00edsticas F\u00edsicas y El\u00e9ctricas<\/span><\/h4>\n<ul class=\"list-group list-group-flush\">\n<li class=\"list-group-item\"><span style=\"color: #000000;\"><strong>Alimentaci\u00f3n:<\/strong>\u00a0DC 5 Vcc (1.0 A), consumo Max 5 Watts.<\/span><\/li>\n<li class=\"list-group-item\"><span style=\"color: #000000;\"><strong>Dimensiones:<\/strong>\u00a0180 mm x 120 mm x 27 mm.<\/span><\/li>\n<li class=\"list-group-item\"><span style=\"color: #000000;\"><strong>Peso:<\/strong>\u00a00.18 kg.<\/span><\/li>\n<li class=\"list-group-item\"><span style=\"color: #000000;\"><strong>Temperatura en Operaci\u00f3n:<\/strong>\u00a0-10\u00b0C\u00ef\u00bd\u017e+40\u00b0C<\/span><\/li>\n<li class=\"list-group-item\"><span style=\"color: #000000;\"><strong>Grado de protecci\u00f3n:<\/strong>\u00a0IP41<\/span><\/li>\n<\/ul>\n<\/div>\n<\/div>\n<\/div>\n<div class=\"col-12 col-md-4 mb-3\">\n<div class=\"card h-100\">\n<h4><span style=\"color: #000000;\">Contenido del Paquete<\/span><\/h4>\n<ul class=\"list-group list-group-flush\">\n<li class=\"list-group-item\"><span style=\"color: #000000;\">1 x Router Inalambrico RG-EW300N<\/span><\/li>\n<li class=\"list-group-item\"><span style=\"color: #000000;\">Eliminador DC 5 Vcc (1.0 A)<\/span><\/li>\n<li class=\"list-group-item\"><span style=\"color: #000000;\">Gu\u00eda r\u00e1pida de instalaci\u00f3n.<\/span><\/li>\n<\/ul>\n<\/div>\n<\/div>\n","protected":false},"excerpt":{"rendered":"<p>RG-EW300N ruijie Home Router Inal\u00e1mbrico Wi-Fi 4 para Soluciones WISP, Administraci\u00f3n Remota para Control de Usuarios y Anchos de Banda Router HOME WISP modelo:\u00a0RG-EW300N. El control de su Red dom\u00e9stica al alcance de su mano. Configure la red de su hogar en la Aplicaci\u00f3n Router Reyee en dos minutos. La aplicaci\u00f3n Reyee Router le permite\u00a0gestionar [&hellip;]<\/p>\n","protected":false},"featured_media":13015,"template":"","meta":{"_acf_changed":false},"product_brand":[],"product_cat":[220,72,222],"product_tag":[],"berocket_brand":[],"class_list":{"0":"post-13014","1":"product","2":"type-product","3":"status-publish","4":"has-post-thumbnail","6":"product_cat-redes-de-datos","7":"product_cat-redes-inalambricas","8":"product_cat-ruteadores-de-datos","10":"first","11":"instock","12":"taxable","13":"shipping-taxable","14":"purchasable","15":"product-type-simple","16":"berocket_lgv_grid","17":"berocket_lgv_list_grid"},"acf":[],"aioseo_notices":[],"_links":{"self":[{"href":"https:\/\/todoenseguridad.com\/site\/wp-json\/wp\/v2\/product\/13014","targetHints":{"allow":["GET"]}}],"collection":[{"href":"https:\/\/todoenseguridad.com\/site\/wp-json\/wp\/v2\/product"}],"about":[{"href":"https:\/\/todoenseguridad.com\/site\/wp-json\/wp\/v2\/types\/product"}],"wp:featuredmedia":[{"embeddable":true,"href":"https:\/\/todoenseguridad.com\/site\/wp-json\/wp\/v2\/media\/13015"}],"wp:attachment":[{"href":"https:\/\/todoenseguridad.com\/site\/wp-json\/wp\/v2\/media?parent=13014"}],"wp:term":[{"taxonomy":"product_brand","embeddable":true,"href":"https:\/\/todoenseguridad.com\/site\/wp-json\/wp\/v2\/product_brand?post=13014"},{"taxonomy":"product_cat","embeddable":true,"href":"https:\/\/todoenseguridad.com\/site\/wp-json\/wp\/v2\/product_cat?post=13014"},{"taxonomy":"product_tag","embeddable":true,"href":"https:\/\/todoenseguridad.com\/site\/wp-json\/wp\/v2\/product_tag?post=13014"},{"taxonomy":"berocket_brand","embeddable":true,"href":"https:\/\/todoenseguridad.com\/site\/wp-json\/wp\/v2\/berocket_brand?post=13014"}],"curies":[{"name":"wp","href":"https:\/\/api.w.org\/{rel}","templated":true}]}}