{"id":12998,"date":"2025-03-06T12:36:24","date_gmt":"2025-03-06T17:36:24","guid":{"rendered":"https:\/\/todoenseguridad.com\/site\/?post_type=product&#038;p=12998"},"modified":"2026-03-23T10:55:11","modified_gmt":"2026-03-23T15:55:11","slug":"ap361-huawei-punto-de-acceso-wi-fi-6-2-4ghz-y-5ghz-20-mas-cobertura","status":"publish","type":"product","link":"https:\/\/todoenseguridad.com\/site\/producto\/ap361-huawei-punto-de-acceso-wi-fi-6-2-4ghz-y-5ghz-20-mas-cobertura\/","title":{"rendered":"AP361 HUAWEI Punto de Acceso Wi-Fi 6\/ 2.4GHz y 5GHz\/ 20% m\u00e1s cobertura"},"content":{"rendered":"<h3 id=\\\"product_title_223794\\\" class=\\\"titulo_vp\\\"><span style=\\\"color: #0000ff\\\">AP361 HUAWEI Punto de Acceso Wi-Fi 6 \/ 1.775 Gbps \/ MU-MIMO 2&#215;2:2 (2.4GHz y 5GHz) \/ Smart Antenna 20% m\u00e1s cobertura \/ Instalaci\u00f3n en techo y pared \/ Seguridad WP3 \/ Con Administraci\u00f3n Gratuita desde la Nube<\/span><\/h3>\n<p>&nbsp;<\/p>\n<p><span style=\\\"color: #000000\\\">Huawei eKitEngine\u00a0AP361\u00a0es un punto de acceso (AP) interior que cumple con el est\u00e1ndar\u00a0Wi-Fi 6\u00a0(802.11ax). Proporciona servicios simult\u00e1neamente en las bandas de frecuencia de 2,4 GHz (2&#215;2 MIMO) y 5 GHz (2&#215;2 MIMO), logrando una velocidad m\u00e1xima del dispositivo de 1,775 Gbps. Este AP presenta un gran ancho de banda, alta concurrencia y tama\u00f1o compacto, lo que facilita una implementaci\u00f3n flexible y ahorra la inversi\u00f3n del cliente. Sus puntos fuertes hacen que el AP sea una buena opci\u00f3n para escenarios de cobertura en interiores<\/span><\/p>\n<h4><span style=\\\"color: #000000\\\">Caracter\u00edsticas Generales<\/span><\/h4>\n<ul class=\\\"list-group list-group-flush\\\">\n<li class=\\\"list-group-item\\\"><span style=\\\"color: #000000\\\">Administraci\u00f3n v\u00eda Navegador web (Stand Alone), App eKit o Nube eKit.<\/span><\/li>\n<li class=\\\"list-group-item\\\"><span style=\\\"color: #000000\\\">Velocidad: 1.775Gbps.\u00a0<\/span><\/li>\n<li class=\\\"list-group-item\\\"><span style=\\\"color: #000000\\\">Doble banda 2.4Ghz (2&#215;2) y 5GHz (2&#215;2).<\/span><\/li>\n<li class=\\\"list-group-item\\\"><span style=\\\"color: #000000\\\">1 Puerto Gigabit PoE In.\u00a0<\/span><\/li>\n<li class=\\\"list-group-item\\\"><span style=\\\"color: #000000\\\">Ganancia de antenas: 2.4 GHz: 4 dBi 5 GHz: 4 dBi.<\/span><\/li>\n<li class=\\\"list-group-item\\\"><span style=\\\"color: #000000\\\">Instalaci\u00f3n en techo\/pared<\/span><\/li>\n<\/ul>\n<h4><span style=\\\"color: #000000\\\">Especificaciones Inal\u00e1mbricas<\/span><\/h4>\n<ul class=\\\"list-group list-group-flush\\\">\n<li class=\\\"list-group-item\\\"><span style=\\\"color: #000000\\\">Soporta hasta 256 clientes.<\/span><\/li>\n<li class=\\\"list-group-item\\\"><span style=\\\"color: #000000\\\">Clientes recomendados 80.<\/span><\/li>\n<li class=\\\"list-group-item\\\"><span style=\\\"color: #000000\\\">Soporta hasta 16 SSIDs.<\/span><\/li>\n<li class=\\\"list-group-item\\\"><span style=\\\"color: #000000\\\">Velocidad: 1.775Gbps.\u00a0<\/span><\/li>\n<li class=\\\"list-group-item\\\"><span style=\\\"color: #000000\\\">Doble banda 2.4Ghz (575Mbps) y 5GHz (2.4Gbps).<\/span><\/li>\n<li class=\\\"list-group-item\\\"><span style=\\\"color: #000000\\\">Funcionalidad de antena inteligente, aumenta el rango en un 20%.<\/span><\/li>\n<li class=\\\"list-group-item\\\"><span style=\\\"color: #000000\\\">Ganancia de antenas: 2.4 GHz: 4 dBi 5 GHz: 5 dBi<\/span><\/li>\n<\/ul>\n<h4><span style=\\\"color: #000000\\\">Especificaciones Electricas y Fisicas<\/span><\/h4>\n<ul class=\\\"list-group list-group-flush\\\">\n<li class=\\\"list-group-item\\\"><span style=\\\"color: #000000\\\">Dimensiones (Diametro y altura) \u03a6180 mm x 35 mm.<\/span><\/li>\n<li class=\\\"list-group-item\\\"><span style=\\\"color: #000000\\\">Peso: 0.45 kg.<\/span><\/li>\n<li class=\\\"list-group-item\\\"><span style=\\\"color: #000000\\\">Alimentaci\u00f3n el\u00e9ctrica: PoE af.<\/span><\/li>\n<li class=\\\"list-group-item\\\"><span style=\\\"color: #000000\\\">M\u00e1ximo consumo el\u00e9ctrico 8.8W.<\/span><\/li>\n<li class=\\\"list-group-item\\\"><span style=\\\"color: #000000\\\">Temperatura de operaci\u00f3n: -10\u00b0C to +50\u00b0C.<\/span><\/li>\n<\/ul>\n<h4 class=\\\"text-body-secondary\\\"><span style=\\\"color: #000000\\\">Contenido del Paquete<\/span><\/h4>\n<ul class=\\\"list-group list-group-flush\\\">\n<li class=\\\"list-group-item\\\"><span style=\\\"color: #000000\\\">1 AP361.<\/span><\/li>\n<li class=\\\"list-group-item\\\"><span style=\\\"color: #000000\\\">Montaje y Tornilleria.<\/span><\/li>\n<li class=\\\"list-group-item\\\"><span style=\\\"color: #000000\\\">Manual de Instalaci\u00f3n<\/span><\/li>\n<\/ul>\n<h4><span style=\\\"color: #000000\\\">Smart Anntena que garantizan la experiencia de conexi\u00f3n a la red de cada cliente<\/span><\/h4>\n<p><span style=\\\"color: #000000\\\">Antenas inteligentes basadas en la tecnolog\u00eda phased array, que garantizan una cobertura \\\u00bbtipo reflector\\\u00bb en 100.000 direcciones. El algoritmo de antena inteligente puede determinar la ubicaci\u00f3n de un STA(cliente) bas\u00e1ndose en las se\u00f1ales recibidas, y controlar la CPU para enviar se\u00f1ales de control al STA (cliente) en un patr\u00f3n de radiaci\u00f3n con la direcci\u00f3n de m\u00e1xima radiaci\u00f3n. Esto permite un alcance de cobertura un 20% mayor y una pared m\u00e1s penetrada, proporcionando siempre se\u00f1ales \u00f3ptimas para los usuarios en cualquier momento y lugar<\/span><\/p>\n","protected":false},"excerpt":{"rendered":"<p>AP361 HUAWEI Punto de Acceso Wi-Fi 6 \/ 1.775 Gbps \/ MU-MIMO 2&#215;2:2 (2.4GHz y 5GHz) \/ Smart Antenna 20% m\u00e1s cobertura \/ Instalaci\u00f3n en techo y pared \/ Seguridad WP3 \/ Con Administraci\u00f3n Gratuita desde la Nube &nbsp; Huawei eKitEngine\u00a0AP361\u00a0es un punto de acceso (AP) interior que cumple con el est\u00e1ndar\u00a0Wi-Fi 6\u00a0(802.11ax). Proporciona servicios [&hellip;]<\/p>\n","protected":false},"featured_media":12999,"template":"","meta":{"_acf_changed":false},"product_brand":[],"product_cat":[74,73,72],"product_tag":[],"berocket_brand":[],"class_list":{"0":"post-12998","1":"product","2":"type-product","3":"status-publish","4":"has-post-thumbnail","6":"product_cat-access-point-punto-de-accesso","7":"product_cat-interior","8":"product_cat-redes-inalambricas","10":"first","11":"instock","12":"taxable","13":"shipping-taxable","14":"purchasable","15":"product-type-simple","16":"berocket_lgv_grid","17":"berocket_lgv_list_grid"},"acf":[],"aioseo_notices":[],"_links":{"self":[{"href":"https:\/\/todoenseguridad.com\/site\/wp-json\/wp\/v2\/product\/12998","targetHints":{"allow":["GET"]}}],"collection":[{"href":"https:\/\/todoenseguridad.com\/site\/wp-json\/wp\/v2\/product"}],"about":[{"href":"https:\/\/todoenseguridad.com\/site\/wp-json\/wp\/v2\/types\/product"}],"wp:featuredmedia":[{"embeddable":true,"href":"https:\/\/todoenseguridad.com\/site\/wp-json\/wp\/v2\/media\/12999"}],"wp:attachment":[{"href":"https:\/\/todoenseguridad.com\/site\/wp-json\/wp\/v2\/media?parent=12998"}],"wp:term":[{"taxonomy":"product_brand","embeddable":true,"href":"https:\/\/todoenseguridad.com\/site\/wp-json\/wp\/v2\/product_brand?post=12998"},{"taxonomy":"product_cat","embeddable":true,"href":"https:\/\/todoenseguridad.com\/site\/wp-json\/wp\/v2\/product_cat?post=12998"},{"taxonomy":"product_tag","embeddable":true,"href":"https:\/\/todoenseguridad.com\/site\/wp-json\/wp\/v2\/product_tag?post=12998"},{"taxonomy":"berocket_brand","embeddable":true,"href":"https:\/\/todoenseguridad.com\/site\/wp-json\/wp\/v2\/berocket_brand?post=12998"}],"curies":[{"name":"wp","href":"https:\/\/api.w.org\/{rel}","templated":true}]}}