{"id":12995,"date":"2025-03-06T11:07:58","date_gmt":"2025-03-06T16:07:58","guid":{"rendered":"https:\/\/todoenseguridad.com\/site\/?post_type=product&#038;p=12995"},"modified":"2026-03-23T10:55:49","modified_gmt":"2026-03-23T15:55:49","slug":"dhi-nvr4216-16p-4ks3-dahua-nvr-de-8-mp-16-canales-ip-smart-h-265","status":"publish","type":"product","link":"https:\/\/todoenseguridad.com\/site\/producto\/dhi-nvr4216-16p-4ks3-dahua-nvr-de-8-mp-16-canales-ip-smart-h-265\/","title":{"rendered":"DHI-NVR4216-16P-4KS3\u00a0DAHUA \u00a0NVR de 8 MP\/ 16 Canales IP\/ Smart H.265+"},"content":{"rendered":"<h3 id=\\\"title\\\"><span style=\\\"color: #0000ff\\\">DHI-NVR4216-16P-4KS3\u00a0DAHUA \u00a0NVR de 8 MP\/ 4k \/ 16 Canales IP\/ 16 Puertos PoE\/ Rendimiento de 160 Mbps\/ Smart H.265+\/ 2 Bahias de Discos Duros\/ Salidas de Video HDMI&amp;VGA\/ 4&amp;2 E&amp;S de Alarmas\/ Soporta c\u00e1maras WizSense\/ H.265+\/ 4 canales SMD Plus<\/span><\/h3>\n<h4 class=\\\"card-title text-center\\\"><span style=\\\"color: #000000\\\">Informaci\u00f3n general<\/span><\/h4>\n<p class=\\\"ql-align-justify\\\"><span style=\\\"color: #000000\\\">El NVR es compatible con numerosos dispositivos de terceros, lo que lo convierte en la soluci\u00f3n perfecta para sistemas de vigilancia que funcionan independientemente del sistema de gesti\u00f3n de v\u00eddeo (VMS). Cuenta con una arquitectura abierta que admite el acceso de m\u00faltiples usuarios y es compatible con Protocolo ONVIF Profile S, T, G, que permite la interoperabilidad con c\u00e1maras IP<\/span><\/p>\n<h4><span style=\\\"color: #000000\\\">Conteo de personas por c\u00e1mara<\/span><\/h4>\n<p class=\\\"ql-align-justify\\\"><span style=\\\"color: #000000\\\">Con un algoritmo de aprendizaje profundo, la tecnolog\u00eda Dahua People Counting puede rastrear y procesar objetivos de cuerpos humanos en movimiento para obtener estad\u00edsticas precisas de n\u00famero de entrada, n\u00famero de salida y n\u00famero de \u00e1rea. Al trabajar con la plataforma de gesti\u00f3n, genera resultados anuales\/mensuales\/semanales\/diarios. informes para satisfacer sus necesidades<\/span><\/p>\n<h4><span style=\\\"color: #000000\\\">Protecci\u00f3n perimetral por c\u00e1mara<\/span><\/h4>\n<p class=\\\"ql-align-justify\\\"><span style=\\\"color: #000000\\\">Filtrar autom\u00e1ticamente falsas alarmas causadas por animales, crujidos de hojas, luces brillantes, etc. Permite que el sistema act\u00fae como reconocimiento secundario de los objetivos. Mejora de la precisi\u00f3n de las alarmas<\/span><\/p>\n<h4><span style=\\\"color: #000000\\\">SMD Plus por c\u00e1mara<\/span><\/h4>\n<p class=\\\"ql-align-justify\\\"><span style=\\\"color: #000000\\\">Con un algoritmo inteligente, la tecnolog\u00eda de detecci\u00f3n de movimiento inteligente de Dahua puede categorizar los objetivos que activan la detecci\u00f3n de movimiento y filtrar la alarma de detecci\u00f3n de movimiento activada por objetivos no afectados para realizar una alarma efectiva y precisa<\/span><\/p>\n<h4><span style=\\\"color: #000000\\\">Detecci\u00f3n de rostros por c\u00e1mara<\/span><\/h4>\n<p class=\\\"ql-align-justify\\\"><span style=\\\"color: #000000\\\">La detecci\u00f3n de rostros consiste en detectar si aparece alg\u00fan rostro humano en el v\u00eddeo. Esta tecnolog\u00eda adopta un algoritmo de aprendizaje profundo para admitir la detecci\u00f3n, el seguimiento, la optimizaci\u00f3n y la captura de rostros, y luego genera la mejor instant\u00e1nea del rostro<\/span><\/p>\n<h4><span style=\\\"color: #000000\\\">Caracter\u00edsticas Principales<\/span><\/h4>\n<ul>\n<li><span style=\\\"color: #000000\\\">Nueva interfaz de usuario 4.0, base de seguridad 2.1<\/span><\/li>\n<li><span style=\\\"color: #000000\\\">H.264, H.265, Inteligente H.264+ y Inteligente H.265+. Detector magn\u00e9tico H.265 \u00b7 M\u00e1x. Capacidad de decodificaci\u00f3n: 8 \u00d7 1080p@30 fps. Admite decodificaci\u00f3n adaptativa<\/span><\/li>\n<li><span style=\\\"color: #000000\\\">Admite c\u00e1maras convencionales de protocolos ONVIF y RTS<\/span><\/li>\n<\/ul>\n<h4><span style=\\\"color: #000000\\\">Especificaciones T\u00e9cnicas<\/span><\/h4>\n<ul>\n<li><span style=\\\"color: #000000\\\">Vigilancia remota P2P, reproducci\u00f3n de v\u00eddeo en dispositivo m\u00f3vil \u00b7 Salida de v\u00eddeo simult\u00e1nea VGA\/HDMI, la resoluci\u00f3n m\u00e1xima de HDMI es 4K<\/span><\/li>\n<li><span style=\\\"color: #000000\\\">IA por c\u00e1mara: Detecci\u00f3n de rostros, protecci\u00f3n perimetral, IVS, conteo de personas, mapa de calor y SMD<\/span><\/li>\n<li><span style=\\\"color: #000000\\\">Admite la configuraci\u00f3n y gesti\u00f3n remota de IPC, como configurar par\u00e1metros, obtener informaci\u00f3n y actualizar IPC del mismo modelo en lotes<\/span><\/li>\n<\/ul>\n","protected":false},"excerpt":{"rendered":"<p>DHI-NVR4216-16P-4KS3\u00a0DAHUA \u00a0NVR de 8 MP\/ 4k \/ 16 Canales IP\/ 16 Puertos PoE\/ Rendimiento de 160 Mbps\/ Smart H.265+\/ 2 Bahias de Discos Duros\/ Salidas de Video HDMI&amp;VGA\/ 4&amp;2 E&amp;S de Alarmas\/ Soporta c\u00e1maras WizSense\/ H.265+\/ 4 canales SMD Plus Informaci\u00f3n general El NVR es compatible con numerosos dispositivos de terceros, lo que lo convierte [&hellip;]<\/p>\n","protected":false},"featured_media":12996,"template":"","meta":{"_acf_changed":false},"product_brand":[],"product_cat":[94,91],"product_tag":[],"berocket_brand":[],"class_list":{"0":"post-12995","1":"product","2":"type-product","3":"status-publish","4":"has-post-thumbnail","6":"product_cat-16-canales-grabadoras-nvr-ip","7":"product_cat-grabadoras-nvr-ip","9":"first","10":"instock","11":"taxable","12":"shipping-taxable","13":"purchasable","14":"product-type-simple","15":"berocket_lgv_grid","16":"berocket_lgv_list_grid"},"acf":[],"aioseo_notices":[],"_links":{"self":[{"href":"https:\/\/todoenseguridad.com\/site\/wp-json\/wp\/v2\/product\/12995","targetHints":{"allow":["GET"]}}],"collection":[{"href":"https:\/\/todoenseguridad.com\/site\/wp-json\/wp\/v2\/product"}],"about":[{"href":"https:\/\/todoenseguridad.com\/site\/wp-json\/wp\/v2\/types\/product"}],"wp:featuredmedia":[{"embeddable":true,"href":"https:\/\/todoenseguridad.com\/site\/wp-json\/wp\/v2\/media\/12996"}],"wp:attachment":[{"href":"https:\/\/todoenseguridad.com\/site\/wp-json\/wp\/v2\/media?parent=12995"}],"wp:term":[{"taxonomy":"product_brand","embeddable":true,"href":"https:\/\/todoenseguridad.com\/site\/wp-json\/wp\/v2\/product_brand?post=12995"},{"taxonomy":"product_cat","embeddable":true,"href":"https:\/\/todoenseguridad.com\/site\/wp-json\/wp\/v2\/product_cat?post=12995"},{"taxonomy":"product_tag","embeddable":true,"href":"https:\/\/todoenseguridad.com\/site\/wp-json\/wp\/v2\/product_tag?post=12995"},{"taxonomy":"berocket_brand","embeddable":true,"href":"https:\/\/todoenseguridad.com\/site\/wp-json\/wp\/v2\/berocket_brand?post=12995"}],"curies":[{"name":"wp","href":"https:\/\/api.w.org\/{rel}","templated":true}]}}