{"id":12991,"date":"2025-03-06T10:55:29","date_gmt":"2025-03-06T15:55:29","guid":{"rendered":"https:\/\/todoenseguridad.com\/site\/?post_type=product&#038;p=12991"},"modified":"2026-03-23T11:00:44","modified_gmt":"2026-03-23T16:00:44","slug":"nvr2116hs-i2-dahua-nvr-de-8mp-16-canales-ip-con-ia-smart-h-265","status":"publish","type":"product","link":"https:\/\/todoenseguridad.com\/site\/producto\/nvr2116hs-i2-dahua-nvr-de-8mp-16-canales-ip-con-ia-smart-h-265\/","title":{"rendered":"NVR2116HS-I2 DAHUA \u00a0NVR de 8MP\/ 16 Canales IP\/ Con IA\/ Smart H.265+"},"content":{"rendered":"<h3 id=\\\"title\\\"><span style=\\\"color: #0000ff\\\">NVR2116HS-I2 DAHUA \u00a0NVR de 8MP\/ 4k\/ 16 Canales IP\/ WizSense\/ Con IA\/ Rendimiento de 144 Mbps\/ Smart H.265+\/ 1 Ch de Reconocimiento Facial o 1 Canal de Protecci\u00f3n Perimetral o 4 Canales de SMD\/ 1 Puerto SATA 10 TB\/ HDMI&amp;VGA\/ Onvif<\/span><\/h3>\n<h4 class=\\\"card-title text-center\\\"><span style=\\\"color: #000000\\\">Informaci\u00f3n General<\/span><\/h4>\n<p class=\\\"ql-align-justify\\\"><span style=\\\"color: #000000\\\">Grabador de video en red compacto, WizSense de 16 canales, en formato de decodificaci\u00f3n Smart H.265+, de detecci\u00f3n y reconocimiento de rostros para 1 canal; Protecci\u00f3n perimetral para 1 canal; hasta 10 bases de datos faciales y 5000 im\u00e1genes de rostros; SMD Plus para 4 canales<\/span><\/p>\n<h4><span style=\\\"color: #000000\\\">Caracter\u00edsticas Principales<\/span><\/h4>\n<ul>\n<li class=\\\"ql-align-justify\\\"><span style=\\\"color: #000000\\\"><strong>Codificaci\u00f3n<\/strong>: H.265+\/H.265\/Smart H.264+\/H.264\/MJPEG.<\/span><\/li>\n<li class=\\\"ql-align-justify\\\"><span style=\\\"color: #000000\\\"><strong>Decodificaci\u00f3n<\/strong>: Hasta 6 canales 1080p a 30 fps.<\/span><\/li>\n<li class=\\\"ql-align-justify\\\"><span style=\\\"color: #000000\\\"><strong>IA por NVR<\/strong>: 1 canal de reconocimiento facial, 1 canal de protecci\u00f3n perimetral, 10 bases de datos con 5000 rostros, y SMD Plus en 4 canales.<\/span><\/li>\n<li class=\\\"ql-align-justify\\\"><span style=\\\"color: #000000\\\"><strong>IA por c\u00e1mara<\/strong>: Reconocimiento facial, protecci\u00f3n perimetral y SMD Plus.<\/span><\/li>\n<li class=\\\"ql-align-justify\\\"><span style=\\\"color: #000000\\\"><strong>Compatibilidad<\/strong>: Soporta c\u00e1maras de terceros<\/span><\/li>\n<\/ul>\n<h4><span style=\\\"color: #000000\\\">Especificaciones T\u00e9cnicas<\/span><\/h4>\n<ul>\n<li class=\\\"ql-align-justify\\\"><span style=\\\"color: #000000\\\"><strong>Fuente de alimentaci\u00f3n<\/strong>: DC 12V, 1.5A.<\/span><\/li>\n<li class=\\\"ql-align-justify\\\"><span style=\\\"color: #000000\\\"><strong>Consumo de energ\u00eda:<\/strong>\u00a0La salida total del NVR es \u2264 10 W (sin HDD).<\/span><\/li>\n<li class=\\\"ql-align-justify\\\"><span style=\\\"color: #000000\\\"><strong>Peso neto:<\/strong>\u00a00,81 kg.<\/span><\/li>\n<li class=\\\"ql-align-justify\\\"><span style=\\\"color: #000000\\\"><strong>Dimensiones del producto:<\/strong>\u00a0260 mm \u00d7 232,7 mm \u00d7 47,6 mm.<\/span><\/li>\n<li class=\\\"ql-align-justify\\\"><span style=\\\"color: #000000\\\"><strong>Dimensiones del paquete:\u00a0<\/strong>89 mm \u00d7 333 mm \u00d7 315 mm.<\/span><\/li>\n<li class=\\\"ql-align-justify\\\"><span style=\\\"color: #000000\\\"><strong>Temperatura de funcionamiento:\u00a0<\/strong>\u2013 10 \u00b0C a +55 \u00b0C.<\/span><\/li>\n<li class=\\\"ql-align-justify\\\"><span style=\\\"color: #000000\\\"><strong>Temperatura de almacenamiento:\u00a0<\/strong>0 \u00b0C a 40 \u00b0C.<\/span><\/li>\n<\/ul>\n<div class=\\\"row align-items-center padding-bottom-2x\\\">\n<div class=\\\"col-md-7 text-md-left text-center\\\">\n<h4><span style=\\\"color: #000000\\\">Incluye<\/span><\/h4>\n<ul>\n<li><span style=\\\"color: #000000\\\"><strong>x1\u00a0<\/strong>Manual de usuario.<\/span><\/li>\n<li><span style=\\\"color: #000000\\\"><strong>x1<\/strong>\u00a0P\u00f3liza de garant\u00eda.<\/span><\/li>\n<li><span style=\\\"color: #000000\\\"><strong>x1<\/strong>\u00a0Fuente de poder 12V.<\/span><\/li>\n<li><span style=\\\"color: #000000\\\"><strong>x1<\/strong>\u00a0Mouse.<\/span><\/li>\n<li><span style=\\\"color: #000000\\\"><strong>x1\u00a0<\/strong>Cable ethernet.<\/span><\/li>\n<\/ul>\n<\/div>\n<\/div>\n","protected":false},"excerpt":{"rendered":"<p>NVR2116HS-I2 DAHUA \u00a0NVR de 8MP\/ 4k\/ 16 Canales IP\/ WizSense\/ Con IA\/ Rendimiento de 144 Mbps\/ Smart H.265+\/ 1 Ch de Reconocimiento Facial o 1 Canal de Protecci\u00f3n Perimetral o 4 Canales de SMD\/ 1 Puerto SATA 10 TB\/ HDMI&amp;VGA\/ Onvif Informaci\u00f3n General Grabador de video en red compacto, WizSense de 16 canales, en formato [&hellip;]<\/p>\n","protected":false},"featured_media":12992,"template":"","meta":{"_acf_changed":false},"product_brand":[],"product_cat":[94,91],"product_tag":[],"berocket_brand":[],"class_list":{"0":"post-12991","1":"product","2":"type-product","3":"status-publish","4":"has-post-thumbnail","6":"product_cat-16-canales-grabadoras-nvr-ip","7":"product_cat-grabadoras-nvr-ip","9":"first","10":"instock","11":"taxable","12":"shipping-taxable","13":"purchasable","14":"product-type-simple","15":"berocket_lgv_grid","16":"berocket_lgv_list_grid"},"acf":[],"aioseo_notices":[],"_links":{"self":[{"href":"https:\/\/todoenseguridad.com\/site\/wp-json\/wp\/v2\/product\/12991","targetHints":{"allow":["GET"]}}],"collection":[{"href":"https:\/\/todoenseguridad.com\/site\/wp-json\/wp\/v2\/product"}],"about":[{"href":"https:\/\/todoenseguridad.com\/site\/wp-json\/wp\/v2\/types\/product"}],"wp:featuredmedia":[{"embeddable":true,"href":"https:\/\/todoenseguridad.com\/site\/wp-json\/wp\/v2\/media\/12992"}],"wp:attachment":[{"href":"https:\/\/todoenseguridad.com\/site\/wp-json\/wp\/v2\/media?parent=12991"}],"wp:term":[{"taxonomy":"product_brand","embeddable":true,"href":"https:\/\/todoenseguridad.com\/site\/wp-json\/wp\/v2\/product_brand?post=12991"},{"taxonomy":"product_cat","embeddable":true,"href":"https:\/\/todoenseguridad.com\/site\/wp-json\/wp\/v2\/product_cat?post=12991"},{"taxonomy":"product_tag","embeddable":true,"href":"https:\/\/todoenseguridad.com\/site\/wp-json\/wp\/v2\/product_tag?post=12991"},{"taxonomy":"berocket_brand","embeddable":true,"href":"https:\/\/todoenseguridad.com\/site\/wp-json\/wp\/v2\/berocket_brand?post=12991"}],"curies":[{"name":"wp","href":"https:\/\/api.w.org\/{rel}","templated":true}]}}