{"id":12989,"date":"2025-03-06T10:49:37","date_gmt":"2025-03-06T15:49:37","guid":{"rendered":"https:\/\/todoenseguridad.com\/site\/?post_type=product&#038;p=12989"},"modified":"2025-03-06T10:49:37","modified_gmt":"2025-03-06T15:49:37","slug":"nvr1104hs-p-s3-h-dahua-nvr-de-8-mp-4-canales-ip-smart-h-265","status":"publish","type":"product","link":"https:\/\/todoenseguridad.com\/site\/producto\/nvr1104hs-p-s3-h-dahua-nvr-de-8-mp-4-canales-ip-smart-h-265\/","title":{"rendered":"NVR1104HS-P-S3\/H DAHUA\u00a0 NVR de 8 MP\/ 4 Canales IP\/ Smart H.265+"},"content":{"rendered":"<h3 id=\"title\"><span style=\"color: #0000ff;\">NVR1104HS-P-S3\/H DAHUA\u00a0 NVR de 8 MP\/ 4k\/ 4 Canales IP\/ 4 puertos PoE\/ Smart H.265+\/ Rendimiento de 80 mbps\/ Salida de Video HDMI&amp;VGA\/ 1 Bah\u00eda de Disco Duro de Hasta 8TB\/ Soporta Camaras con Protocolo Onvif &amp; RTSP<\/span><\/h3>\n<h4 class=\"card-title text-center\"><span style=\"color: #000000;\">Informaci\u00f3n General<\/span><\/h4>\n<p><span style=\"color: #000000;\">El modelo NVR1104HS-P-S3\/H l\u00a0es un grabador de red para c\u00e1maras IP, soporta 4 canales IP. Soporta el formato H.265 y H264. Este modelo ofrece una potente vista previa, grabaci\u00f3n, reproducci\u00f3n y funcionamiento de red gracias a sus 80MB\/s de capacidad de codificaci\u00f3n de video. Para una grabaci\u00f3n correcta consulte el apartado de capacidad de decodificaci\u00f3n<\/span><\/p>\n<h4><span style=\"color: #000000;\">Principales Caracter\u00edsticas<\/span><\/h4>\n<ul>\n<li><span style=\"color: #000000;\">Nueva interfaz de usuario 4.0<\/span><\/li>\n<li><span style=\"color: #000000;\">Vigilancia remota P2P, reproducci\u00f3n de video en dispositivo m\u00f3vil<\/span><\/li>\n<li><span style=\"color: #000000;\">Soporte para c\u00e1maras convencionales de protocolo ONVIF y RTSP<\/span><\/li>\n<li><span style=\"color: #000000;\">Inteligente H.265 + \/ Inteligente H.264 + \/ H.265 \/ H.264<\/span><\/li>\n<li><span style=\"color: #000000;\">Salida de video simult\u00e1nea VGA \/ HDMI, resoluci\u00f3n m\u00e1xima de HDMI\u00a0es 1080P<\/span><\/li>\n<li><span style=\"color: #000000;\">Configuraci\u00f3n y gesti\u00f3n remota de IPC, como configurar\u00a0par\u00e1metros, adquiriendo informaci\u00f3n y mejorando los CIP de los mismos<\/span><\/li>\n<li><span style=\"color: #000000;\">\u00a0modelo en lotes<\/span><\/li>\n<li><span style=\"color: #000000;\">DHCP (Protocolo de configuraci\u00f3n din\u00e1mica de host), HTTP (Transferencia de hipertexto<\/span><\/li>\n<li><span style=\"color: #000000;\">\u00a0Protocolo), NTP (Protocolo de tiempo de red) y DDNS (Dominio din\u00e1mico\u00a0Sistema de nombres)<\/span><\/li>\n<\/ul>\n<h4><span style=\"color: #000000;\">Especificaciones T\u00e9cnicas<\/span><\/h4>\n<ul>\n<li><span style=\"color: #000000;\">4 canales IP.<\/span><\/li>\n<li><span style=\"color: #000000;\">Compresi\u00f3n de video Smart H.265+\/H.265\/Smart H.264+\/H.264<\/span><\/li>\n<li><span style=\"color: #000000;\">Ancho de Banda M\u00e1ximo 80 Mbps para acceso, 80 Mbps para almacenamiento y 60 Mbps para reenv\u00edo.<\/span><\/li>\n<li><span style=\"color: #000000;\">Capacidad de Decodificaci\u00f3n 1\u2013ch@8MP(30FPS) o 1\u2013ch@5MP(30FPS) o 2\u2013ch@4MP(30FPS) o 2\u2013ch@3MP(30FPS) o 4\u2013ch@1080P(30FPS)<\/span><\/li>\n<li><span style=\"color: #000000;\">Salida simult\u00e1nea HDMI\/VGA, resoluci\u00f3n m\u00e1xima de salida HDMI 1080P.<\/span><\/li>\n<li><span style=\"color: #000000;\">Poe Total 36W, salida m\u00e1xima PoE por puerto es de 25.5W.<\/span><\/li>\n<li><span style=\"color: #000000;\">1 puerto SATA hasta 8Tb.<\/span><\/li>\n<li><span style=\"color: #000000;\">2 puertos USB (1 trasero USB 2.0 , 1 delantero USB 2.0 ).<\/span><\/li>\n<li><span style=\"color: #000000;\">4 puertos PoE.<\/span><\/li>\n<li><span style=\"color: #000000;\">1 puerto rj-45\u00a0(10\/100 Mbps).<\/span><\/li>\n<li><span style=\"color: #000000;\">Fuente de alimentaci\u00f3n 48V DC, 1.25Amp.<\/span><\/li>\n<li><span style=\"color: #000000;\">Consumo de energ\u00eda NVR: &lt;10W ( Con disco duro ).<\/span><\/li>\n<li><span style=\"color: #000000;\">Condiciones de operaci\u00f3n -10\u00baC a 45\u00baC.<\/span><\/li>\n<li><span style=\"color: #000000;\">Dimensiones\u00a0260 mm\u00d7225 mm\u00d747.6 mm.<\/span><\/li>\n<li><span style=\"color: #000000;\">Peso 0.84 kg.<\/span><\/li>\n<\/ul>\n","protected":false},"excerpt":{"rendered":"<p>NVR1104HS-P-S3\/H DAHUA\u00a0 NVR de 8 MP\/ 4k\/ 4 Canales IP\/ 4 puertos PoE\/ Smart H.265+\/ Rendimiento de 80 mbps\/ Salida de Video HDMI&amp;VGA\/ 1 Bah\u00eda de Disco Duro de Hasta 8TB\/ Soporta Camaras con Protocolo Onvif &amp; RTSP Informaci\u00f3n General El modelo NVR1104HS-P-S3\/H l\u00a0es un grabador de red para c\u00e1maras IP, soporta 4 canales IP. [&hellip;]<\/p>\n","protected":false},"featured_media":12990,"template":"","meta":{"_acf_changed":false},"product_brand":[],"product_cat":[92,91],"product_tag":[],"berocket_brand":[],"class_list":{"0":"post-12989","1":"product","2":"type-product","3":"status-publish","4":"has-post-thumbnail","6":"product_cat-4-canales-grabadoras-nvr-ip","7":"product_cat-grabadoras-nvr-ip","9":"first","10":"instock","11":"taxable","12":"shipping-taxable","13":"purchasable","14":"product-type-simple","15":"berocket_lgv_grid","16":"berocket_lgv_list_grid"},"acf":[],"aioseo_notices":[],"_links":{"self":[{"href":"https:\/\/todoenseguridad.com\/site\/wp-json\/wp\/v2\/product\/12989","targetHints":{"allow":["GET"]}}],"collection":[{"href":"https:\/\/todoenseguridad.com\/site\/wp-json\/wp\/v2\/product"}],"about":[{"href":"https:\/\/todoenseguridad.com\/site\/wp-json\/wp\/v2\/types\/product"}],"wp:featuredmedia":[{"embeddable":true,"href":"https:\/\/todoenseguridad.com\/site\/wp-json\/wp\/v2\/media\/12990"}],"wp:attachment":[{"href":"https:\/\/todoenseguridad.com\/site\/wp-json\/wp\/v2\/media?parent=12989"}],"wp:term":[{"taxonomy":"product_brand","embeddable":true,"href":"https:\/\/todoenseguridad.com\/site\/wp-json\/wp\/v2\/product_brand?post=12989"},{"taxonomy":"product_cat","embeddable":true,"href":"https:\/\/todoenseguridad.com\/site\/wp-json\/wp\/v2\/product_cat?post=12989"},{"taxonomy":"product_tag","embeddable":true,"href":"https:\/\/todoenseguridad.com\/site\/wp-json\/wp\/v2\/product_tag?post=12989"},{"taxonomy":"berocket_brand","embeddable":true,"href":"https:\/\/todoenseguridad.com\/site\/wp-json\/wp\/v2\/berocket_brand?post=12989"}],"curies":[{"name":"wp","href":"https:\/\/api.w.org\/{rel}","templated":true}]}}