{"id":12987,"date":"2025-03-06T10:36:26","date_gmt":"2025-03-06T15:36:26","guid":{"rendered":"https:\/\/todoenseguridad.com\/site\/?post_type=product&#038;p=12987"},"modified":"2025-03-06T10:36:26","modified_gmt":"2025-03-06T15:36:26","slug":"xvr5232an-i3-dahua-dvr-de-32-canales-de-5mp-lite-h-265-2-bahias-de-discos-duros","status":"publish","type":"product","link":"https:\/\/todoenseguridad.com\/site\/producto\/xvr5232an-i3-dahua-dvr-de-32-canales-de-5mp-lite-h-265-2-bahias-de-discos-duros\/","title":{"rendered":"XVR5232AN-I3 DAHUA \u00a0DVR de 32 Canales de 5MP Lite\/ H.265+\/ 2 Bah\u00edas de Discos Duros"},"content":{"rendered":"<h3 id=\"title\"><span style=\"color: #0000ff;\">XVR5232AN-I3 DAHUA \u00a0DVR de 32 Canales de 5MP Lite\/ WizSense\/ H.265+\/ 2 Bah\u00edas de Discos Duros\/ Hasta 32 Canales IP\/ 2 Ch de Reconocimiento Facial\/ SMD Plus\/ Codificaci\u00f3n IA\/ Onvif\/ Funciones IoT&amp;POS\/ Audio Bidireccional<\/span><\/h3>\n<h4 class=\"card-title text-center\"><span style=\"color: #000000;\">Informaci\u00f3n General<\/span><\/h4>\n<p><span style=\"color: #000000;\">Esta serie ha sido desarrollada para reducir las tasas de falsas alarmas y el costo de la vigilancia humana, brindando as\u00ed un gran valor a los clientes que buscan productos con alarmas precisas para humanos\/veh\u00edculos para elevar el nivel de seguridad de varias instalaciones interiores y exteriores.\u00a0<\/span><\/p>\n<p><span style=\"color: #000000;\"><strong>*Las inteligencias se pierden al colocar un canal IP<\/strong><\/span><\/p>\n<h4><span style=\"color: #000000;\">Reconocimiento Facial<\/span><\/h4>\n<p><span style=\"color: #000000;\">La tecnolog\u00eda Dahua Reconocimiento Facial extrae las caracter\u00edsticas de las caras capturadas y las compara con las de la base de datos de caras para reconocer la identidad de la persona<\/span><\/p>\n<div class=\"row align-items-center padding-bottom-2x\">\n<div class=\"col-md-7 order-md-1 text-md-left text-center\">\n<h4><span style=\"color: #000000;\">Protecci\u00f3n perimetral<\/span><\/h4>\n<p><span style=\"color: #000000;\">Filtra autom\u00e1ticamente las falsas alarmas causadas por animales, hojas susurrantes, luces brillantes, etc. Permite que el sistema act\u00fae como reconocimiento secundario de los objetivos. Mejora la precisi\u00f3n de la alarma.<\/span><\/p>\n<h4><span style=\"color: #000000;\">B\u00fasqueda de IA<\/span><\/h4>\n<p><span style=\"color: #000000;\">Con la b\u00fasqueda de IA, los operadores pueden buscar videos por los atributos de los objetivos y los tipos de eventos, lo que les ayuda a investigar de manera r\u00e1pida y eficiente d\u00f3nde y cu\u00e1ndo aparecieron los objetivos y ocurrieron los eventos<\/span><\/p>\n<h4><span style=\"color: #000000;\">SMD Plus<\/span><\/h4>\n<p><span style=\"color: #000000;\">Con un algoritmo inteligente, la tecnolog\u00eda de detecci\u00f3n de movimiento inteligente de Dahua puede categorizar los objetivos que activan la detecci\u00f3n de movimiento y filtrar la alarma de detecci\u00f3n de movimiento activada por objetivos no afectados para generar una alarma efectiva y precisa<\/span><\/p>\n<h4><span style=\"color: #000000;\">Principales Caracter\u00edsticas<\/span><\/h4>\n<ul>\n<li><span style=\"color: #000000;\">Compresi\u00f3n de video de flujo dual H.265+\/H.265<\/span><\/li>\n<li><span style=\"color: #000000;\">Admite codificaci\u00f3n AI de canal completo<\/span><\/li>\n<li><span style=\"color: #000000;\">Admite entradas de video HDCVI\/AHD\/TVI\/CVBS\/IP<\/span><\/li>\n<li><span style=\"color: #000000;\">Protecci\u00f3n perimetral<\/span><\/li>\n<li><span style=\"color: #000000;\">SMD Plus<\/span><\/li>\n<li><span style=\"color: #000000;\">Reconocimiento de rostro humano<\/span><\/li>\n<li><span style=\"color: #000000;\">Funcionalidades IoT y POS<\/span><\/li>\n<\/ul>\n<div class=\"row align-items-center padding-bottom-2x\">\n<div class=\"col-md-7 text-md-left text-center\">\n<h4><span style=\"color: #000000;\">Especificaciones<\/span><\/h4>\n<ul>\n<li><span style=\"color: #000000;\">Desempe\u00f1o perimetral AI por registrador (N\u00famero de canales): 2 canales, 10 IVS para cada canal<\/span><\/li>\n<li><span style=\"color: #000000;\">Atributos de la cara: G\u00e9nero, grupos de edad, anteojos, expresiones, mascarilla, barba<\/span><\/li>\n<li><span style=\"color: #000000;\">Detecci\u00f3n de rostro Desempe\u00f1o de AI por registrador (N\u00famero de Canales): 2 canales, y un solo canal puede detectar hasta 12 im\u00e1genes de rostros<\/span><\/li>\n<li><span style=\"color: #000000;\">Hasta 10 bases de datos de rostros con 10.000 im\u00e1genes de rostros en total. Se puede agregar nombre, g\u00e9nero, cumplea\u00f1os, direcci\u00f3n, tipo de certificado, n\u00famero de certificado, pa\u00edses y regiones y estado a cada imagen de rostro<\/span><\/li>\n<li><span style=\"color: #000000;\">SMD Plus por grabadora: 16 canales<\/span><\/li>\n<li><span style=\"color: #000000;\">Entrada de c\u00e1mara anal\u00f3gica: BNC de 32 canales: acceso adaptativo por defecto; Se puede configurar el acceso HDCVI, AHD, TVI y CVBS<\/span><\/li>\n<li><span style=\"color: #000000;\">Codificaci\u00f3n de IA; H.265+; H.265; H.264+;H.264<\/span><\/li>\n<li><span style=\"color: #000000;\">2 puertos SATA, hasta 16 TB<\/span><\/li>\n<li><span style=\"color: #000000;\">2 puertos USB (1 USB 2.0, 1 USB 3.0)<\/span><\/li>\n<li><span style=\"color: #000000;\">1 HDMI<\/span><\/li>\n<li><span style=\"color: #000000;\">1 VGA<\/span><\/li>\n<li><span style=\"color: #000000;\">Fuente de alimentaci\u00f3n 12 V CC, 5 A<\/span><\/li>\n<\/ul>\n<\/div>\n<\/div>\n<\/div>\n<\/div>\n","protected":false},"excerpt":{"rendered":"<p>XVR5232AN-I3 DAHUA \u00a0DVR de 32 Canales de 5MP Lite\/ WizSense\/ H.265+\/ 2 Bah\u00edas de Discos Duros\/ Hasta 32 Canales IP\/ 2 Ch de Reconocimiento Facial\/ SMD Plus\/ Codificaci\u00f3n IA\/ Onvif\/ Funciones IoT&amp;POS\/ Audio Bidireccional Informaci\u00f3n General Esta serie ha sido desarrollada para reducir las tasas de falsas alarmas y el costo de la vigilancia humana, [&hellip;]<\/p>\n","protected":false},"featured_media":12988,"template":"","meta":{"_acf_changed":false},"product_brand":[],"product_cat":[87,85],"product_tag":[],"berocket_brand":[],"class_list":{"0":"post-12987","1":"product","2":"type-product","3":"status-publish","4":"has-post-thumbnail","6":"product_cat-24-o-canales","7":"product_cat-grabadora-dvr-hdcvi-hd","9":"first","10":"instock","11":"taxable","12":"shipping-taxable","13":"purchasable","14":"product-type-simple","15":"berocket_lgv_grid","16":"berocket_lgv_list_grid"},"acf":[],"aioseo_notices":[],"_links":{"self":[{"href":"https:\/\/todoenseguridad.com\/site\/wp-json\/wp\/v2\/product\/12987","targetHints":{"allow":["GET"]}}],"collection":[{"href":"https:\/\/todoenseguridad.com\/site\/wp-json\/wp\/v2\/product"}],"about":[{"href":"https:\/\/todoenseguridad.com\/site\/wp-json\/wp\/v2\/types\/product"}],"wp:featuredmedia":[{"embeddable":true,"href":"https:\/\/todoenseguridad.com\/site\/wp-json\/wp\/v2\/media\/12988"}],"wp:attachment":[{"href":"https:\/\/todoenseguridad.com\/site\/wp-json\/wp\/v2\/media?parent=12987"}],"wp:term":[{"taxonomy":"product_brand","embeddable":true,"href":"https:\/\/todoenseguridad.com\/site\/wp-json\/wp\/v2\/product_brand?post=12987"},{"taxonomy":"product_cat","embeddable":true,"href":"https:\/\/todoenseguridad.com\/site\/wp-json\/wp\/v2\/product_cat?post=12987"},{"taxonomy":"product_tag","embeddable":true,"href":"https:\/\/todoenseguridad.com\/site\/wp-json\/wp\/v2\/product_tag?post=12987"},{"taxonomy":"berocket_brand","embeddable":true,"href":"https:\/\/todoenseguridad.com\/site\/wp-json\/wp\/v2\/berocket_brand?post=12987"}],"curies":[{"name":"wp","href":"https:\/\/api.w.org\/{rel}","templated":true}]}}