{"id":12985,"date":"2025-03-06T10:30:07","date_gmt":"2025-03-06T15:30:07","guid":{"rendered":"https:\/\/todoenseguridad.com\/site\/?post_type=product&#038;p=12985"},"modified":"2025-03-06T10:30:08","modified_gmt":"2025-03-06T15:30:08","slug":"xvr4232an-i-dahua-dvr-de-32-canales-de-1080p-lite-h-265","status":"publish","type":"product","link":"https:\/\/todoenseguridad.com\/site\/producto\/xvr4232an-i-dahua-dvr-de-32-canales-de-1080p-lite-h-265\/","title":{"rendered":"XVR4232AN-I DAHUA \u00a0DVR de 32 Canales de 1080p Lite\/ H.265+"},"content":{"rendered":"<h3 id=\"title\"><span style=\"color: #0000ff;\">XVR4232AN-I DAHUA \u00a0DVR de 32 Canales de 1080p Lite\/ WizSense\/ H.265+\/ Codificaci\u00f3n IA\/ 2 Bah\u00edas de Discos Duros\/ 16 Canales con SMD Plus\/ Busqueda Inteligente (Humanos y Vehiculos)\/ Salidas de Video, HDMI &amp; VGA<\/span><\/h3>\n<h4 class=\"card-title text-center\"><span style=\"color: #000000;\">Informaci\u00f3n General<\/span><\/h4>\n<p><span style=\"color: #000000;\">\u00a0Esta serie ha sido desarrollada para reducir las tasas de falsas alarmas y el costo de la vigilancia humana, brindando as\u00ed un gran valor a los clientes que buscan productos con alarmas precisas para humanos\/veh\u00edculos para elevar el nivel de seguridad de varias instalaciones interiores y exteriores.<\/span><\/p>\n<p><span style=\"color: #000000;\"><strong>*Las inteligencias se pierden al colocar un canal IP<\/strong><\/span><\/p>\n<h4><span style=\"color: #000000;\">SMD Plus<\/span><\/h4>\n<p><span style=\"color: #000000;\">Con un algoritmo inteligente, la tecnolog\u00eda de detecci\u00f3n de movimiento inteligente de Dahua puede categorizar los objetivos que activan la detecci\u00f3n de movimiento y filtrar la alarma de detecci\u00f3n de movimiento activada por objetivos no afectados para generar una alarma efectiva y precisa<\/span><\/p>\n<h4><span style=\"color: #000000;\">B\u00fasqueda de IA<\/span><\/h4>\n<p><span style=\"color: #000000;\">Con la b\u00fasqueda de IA, los operadores pueden buscar videos por los atributos de los objetivos y los tipos de eventos, lo que les ayuda a investigar de manera r\u00e1pida y eficiente d\u00f3nde y cu\u00e1ndo aparecieron los objetivos y ocurrieron los eventos<\/span><\/p>\n<h4><span style=\"color: #000000;\">Principales Caracter\u00edsticas<\/span><\/h4>\n<ul>\n<li><span style=\"color: #000000;\">Compresi\u00f3n de video de doble flujo H.265+\/H.265.<\/span><\/li>\n<li><span style=\"color: #000000;\">Admite codificaci\u00f3n de inteligencia artificial de 8 canales.<\/span><\/li>\n<li><span style=\"color: #000000;\">Admite entradas de video HDCVI\/AHD\/TVI\/CVBS\/IP.<\/span><\/li>\n<li><span style=\"color: #000000;\">M\u00e1ximo de 16 entradas de c\u00e1maras IP, con un m\u00e1ximo de 6MP por canal; Ancho de banda entrante m\u00e1ximo de 128 Mbps.<\/span><\/li>\n<li><span style=\"color: #000000;\">Hasta 16 canales de flujo de video (canal anal\u00f3gico) SMD Plus.<\/span><\/li>\n<li><span style=\"color: #000000;\">Larga distancia de transmisi\u00f3n sobre cable coaxial<\/span><\/li>\n<\/ul>\n<div id=\"product-details-container\" class=\"container-fluid mb-1\">\n<div class=\"tab-content\">\n<div id=\"overviews\" class=\"tab-pane fade show active\" role=\"tabpanel\">\n<div class=\"container-fluid padding-bottom-2x mb-2\">\n<div class=\"row align-items-center padding-bottom-2x\">\n<div class=\"col-md-7 text-md-left text-center\">\n<h4><span style=\"color: #000000;\">Especificaciones<\/span><\/h4>\n<ul>\n<li><span style=\"color: #000000;\">Desempe\u00f1o perimetral AI por registrador (N\u00famero de canales): 2 canales, 10 IVS para cada canal<\/span><\/li>\n<li><span style=\"color: #000000;\">SMD Plus por grabadora: 16 canales: Alarma de detecci\u00f3n de movimiento inteligente para humanos y veh\u00edculos para filtrar falsas alarmas como hojas y luz<\/span><\/li>\n<li><span style=\"color: #000000;\">Entrada de c\u00e1mara anal\u00f3gica: BNC de 32 canales: acceso adaptativo por defecto; Se puede configurar el acceso HDCVI, AHD, TVI y CVBS<\/span><\/li>\n<li><span style=\"color: #000000;\">Entrada de c\u00e1mara IP: 16 canales, cada canal hasta 6 MP<\/span><\/li>\n<li><span style=\"color: #000000;\">Compresi\u00f3n de video Codificaci\u00f3n de IA; H.265+; H.265; H.264+;H.264<\/span><\/li>\n<li><span style=\"color: #000000;\">2 puertos SATA, hasta 16 TB para un solo disco duro<\/span><\/li>\n<li><span style=\"color: #000000;\">2 puertos USB (1 USB 2.0, 1 USB 3.0)\u00a0<\/span><\/li>\n<li><span style=\"color: #000000;\">Fuente de alimentaci\u00f3n 12 V CC, 4 A<\/span><\/li>\n<\/ul>\n<\/div>\n<\/div>\n<\/div>\n<\/div>\n<\/div>\n<\/div>\n","protected":false},"excerpt":{"rendered":"<p>XVR4232AN-I DAHUA \u00a0DVR de 32 Canales de 1080p Lite\/ WizSense\/ H.265+\/ Codificaci\u00f3n IA\/ 2 Bah\u00edas de Discos Duros\/ 16 Canales con SMD Plus\/ Busqueda Inteligente (Humanos y Vehiculos)\/ Salidas de Video, HDMI &amp; VGA Informaci\u00f3n General \u00a0Esta serie ha sido desarrollada para reducir las tasas de falsas alarmas y el costo de la vigilancia humana, [&hellip;]<\/p>\n","protected":false},"featured_media":12986,"template":"","meta":{"_acf_changed":false},"product_brand":[],"product_cat":[87,85],"product_tag":[],"berocket_brand":[],"class_list":{"0":"post-12985","1":"product","2":"type-product","3":"status-publish","4":"has-post-thumbnail","6":"product_cat-24-o-canales","7":"product_cat-grabadora-dvr-hdcvi-hd","9":"first","10":"instock","11":"taxable","12":"shipping-taxable","13":"purchasable","14":"product-type-simple","15":"berocket_lgv_grid","16":"berocket_lgv_list_grid"},"acf":[],"aioseo_notices":[],"_links":{"self":[{"href":"https:\/\/todoenseguridad.com\/site\/wp-json\/wp\/v2\/product\/12985","targetHints":{"allow":["GET"]}}],"collection":[{"href":"https:\/\/todoenseguridad.com\/site\/wp-json\/wp\/v2\/product"}],"about":[{"href":"https:\/\/todoenseguridad.com\/site\/wp-json\/wp\/v2\/types\/product"}],"wp:featuredmedia":[{"embeddable":true,"href":"https:\/\/todoenseguridad.com\/site\/wp-json\/wp\/v2\/media\/12986"}],"wp:attachment":[{"href":"https:\/\/todoenseguridad.com\/site\/wp-json\/wp\/v2\/media?parent=12985"}],"wp:term":[{"taxonomy":"product_brand","embeddable":true,"href":"https:\/\/todoenseguridad.com\/site\/wp-json\/wp\/v2\/product_brand?post=12985"},{"taxonomy":"product_cat","embeddable":true,"href":"https:\/\/todoenseguridad.com\/site\/wp-json\/wp\/v2\/product_cat?post=12985"},{"taxonomy":"product_tag","embeddable":true,"href":"https:\/\/todoenseguridad.com\/site\/wp-json\/wp\/v2\/product_tag?post=12985"},{"taxonomy":"berocket_brand","embeddable":true,"href":"https:\/\/todoenseguridad.com\/site\/wp-json\/wp\/v2\/berocket_brand?post=12985"}],"curies":[{"name":"wp","href":"https:\/\/api.w.org\/{rel}","templated":true}]}}