{"id":12982,"date":"2025-03-03T17:25:55","date_gmt":"2025-03-03T22:25:55","guid":{"rendered":"https:\/\/todoenseguridad.com\/site\/?post_type=product&#038;p=12982"},"modified":"2026-03-23T11:03:25","modified_gmt":"2026-03-23T16:03:25","slug":"xvr5116hs-i3-dahua-dvr-16-canales-5mp-lite-h-265-proteccion-perimetral","status":"publish","type":"product","link":"https:\/\/todoenseguridad.com\/site\/producto\/xvr5116hs-i3-dahua-dvr-16-canales-5mp-lite-h-265-proteccion-perimetral\/","title":{"rendered":"XVR5116HS-I3 DAHUA\u00a0 DVR 16 Canales 5MP Lite\/ H.265+\/ Protecci\u00f3n Perimetral"},"content":{"rendered":"<h3 id=\\\"title\\\"><span style=\\\"color: #0000ff\\\">XVR5116HS-I3 DAHUA\u00a0 DVR 16 Canales 5MP Lite\/ WizSense\/ H.265+\/ 16 Ch HDCVI +8 IP\/ Hasta 24 Canales IP\/ 2 Canales de Reconocimiento Facial\/ SMD Plus\/ Protecci\u00f3n Perimetral\/ 1 Sata\/ Soporta CVI\/AHD\/TVI\/ CVBS e IP\/ IoT&amp;POS<\/span><\/h3>\n<h4 class=\\\"card-title text-center\\\"><span style=\\\"color: #000000\\\">Informaci\u00f3n General<\/span><\/h4>\n<p><span style=\\\"color: #000000\\\">El\u00a0<strong>XVR5116HS-I3<\/strong>\u00a0ha sido desarrollada para reducir las tasas de falsas alarmas y el costo de la vigilancia humana, brindando as\u00ed un gran valor a los clientes que buscan productos con alarma precisa para humanos\/veh\u00edculos para elevar el nivel de seguridad de varias instalaciones interiores y exteriores.<\/span><\/p>\n<h5><span style=\\\"color: #000000\\\"><strong>Las inteligencias se pierden al colocar un canal IP<\/strong><\/span><\/h5>\n<h4><span style=\\\"color: #000000\\\">Protecci\u00f3n perimetral<\/span><\/h4>\n<p><span style=\\\"color: #000000\\\">Filtrado autom\u00e1tico de falsas alarmas causadas por animales, hojas susurrantes, luces brillantes, etc. Permite que el sistema act\u00fae como reconocimiento secundario de los objetivos. Mejora de la precisi\u00f3n de las alarmas<\/span><\/p>\n<h4><span style=\\\"color: #000000\\\">Inteligente H.265+<\/span><\/h4>\n<p><span style=\\\"color: #000000\\\">Smart Codec, H.265+ puede reducir hasta un 90 % la tasa de bits y los requisitos de almacenamiento en comparaci\u00f3n con H.264 sin tener que invertir en nuevas c\u00e1maras<\/span><\/p>\n<div class=\\\"row align-items-center padding-bottom-2x\\\">\n<div class=\\\"col-md-7 order-md-1 text-md-left text-center\\\">\n<h4><span style=\\\"color: #000000\\\">B\u00fasqueda de IA<\/span><\/h4>\n<p><span style=\\\"color: #000000\\\">Admite la b\u00fasqueda de IA por metadatos de diferentes objetivos o la carga de im\u00e1genes de rostros en el dispositivo y la comparaci\u00f3n con rostros grabados por similitud. Permita que los operadores busquen r\u00e1pida y f\u00e1cilmente a trav\u00e9s de m\u00faltiples canales y de larga duraci\u00f3n, averig\u00fcen de manera eficiente cu\u00e1ndo y d\u00f3nde apareci\u00f3 una persona de inter\u00e9s.<\/span><\/p>\n<h4><span style=\\\"color: #000000\\\">Detecci\u00f3n autom\u00e1tica HDCVI\/AHD\/TVI\/CVBS<\/span><\/h4>\n<p><span style=\\\"color: #000000\\\">El XVR puede reconocer autom\u00e1ticamente la se\u00f1al de la c\u00e1mara frontal sin ning\u00fan ajuste. Hace que la operaci\u00f3n sea m\u00e1s amigable y conveniente<\/span><\/p>\n<\/div>\n<div class=\\\"row align-items-center padding-bottom-2x\\\">\n<div class=\\\"col-md-7 text-md-left text-center\\\">\n<h4><span style=\\\"color: #000000\\\">Caracter\u00edsticas Principales<\/span><\/h4>\n<p><span style=\\\"color: #000000\\\">\u00b7 Compresi\u00f3n de video de flujo dual H.265+\/H.265<\/span><\/p>\n<p><span style=\\\"color: #000000\\\">\u00b7 Admite codificaci\u00f3n de IA de canal completo<\/span><\/p>\n<p><span style=\\\"color: #000000\\\">\u00b7 Admite entradas de video HDCVI\/AHD\/TVI\/CVBS\/IP<\/span><\/p>\n<p><span style=\\\"color: #000000\\\">\u00b7 Transmisi\u00f3n de video de hasta 2 canales Protecci\u00f3n perimetral<\/span><\/p>\n<p><span style=\\\"color: #000000\\\">\u00b7 Transmisi\u00f3n de video de hasta 16 canales SMD Plus<\/span><\/p>\n<p><span style=\\\"color: #000000\\\">\u00b7 Transmisi\u00f3n de video de hasta 2 canales reconocimiento de rostro humano<\/span><\/p>\n<p><span style=\\\"color: #000000\\\">\u00b7 Funcionalidades IoT y POS<\/span><\/p>\n<h4><span style=\\\"color: #000000\\\">Especificaciones<\/span><\/h4>\n<ul>\n<li><span style=\\\"color: #000000\\\">Sistema operativo Linux integrado<\/span><\/li>\n<li><span style=\\\"color: #000000\\\">Entradas de c\u00e1mara IP de 24 canales como m\u00e1ximo, cada canal hasta 6MP; Ancho de banda entrante m\u00e1ximo de 128 Mbps<\/span><\/li>\n<li><span style=\\\"color: #000000\\\">Entrada de c\u00e1mara 16 canales, BNC: acceso adaptativo por defecto; Se pueden configurar accesos HDCVI, AHD, TVI y CVBS. E<\/span><\/li>\n<li><span style=\\\"color: #000000\\\">Entrada de c\u00e1mara IP 16+8 canales, cada canal hasta 6MP<\/span><\/li>\n<li><span style=\\\"color: #000000\\\">Muestreo de audio 8 KHz, 16 bits por canal\u00a0<\/span><\/li>\n<li><span style=\\\"color: #000000\\\">Acceso de tel\u00e9fono m\u00f3vil iPhone, iPad, Android<\/span><\/li>\n<li><span style=\\\"color: #000000\\\">USB 2 puertos USB (1 USB 2.0, 1 USB 3.0)<\/span><\/li>\n<li><span style=\\\"color: #000000\\\">HDMI<\/span><\/li>\n<li><span style=\\\"color: #000000\\\">VGA<\/span><\/li>\n<li><span style=\\\"color: #000000\\\">Fuente de alimentaci\u00f3n CC12V, 2A<\/span><\/li>\n<li><span style=\\\"color: #000000\\\">Peso bruto 1,57 kg<\/span><\/li>\n<\/ul>\n<\/div>\n<\/div>\n<\/div>\n","protected":false},"excerpt":{"rendered":"<p>XVR5116HS-I3 DAHUA\u00a0 DVR 16 Canales 5MP Lite\/ WizSense\/ H.265+\/ 16 Ch HDCVI +8 IP\/ Hasta 24 Canales IP\/ 2 Canales de Reconocimiento Facial\/ SMD Plus\/ Protecci\u00f3n Perimetral\/ 1 Sata\/ Soporta CVI\/AHD\/TVI\/ CVBS e IP\/ IoT&amp;POS Informaci\u00f3n General El\u00a0XVR5116HS-I3\u00a0ha sido desarrollada para reducir las tasas de falsas alarmas y el costo de la vigilancia humana, brindando [&hellip;]<\/p>\n","protected":false},"featured_media":12983,"template":"","meta":{"_acf_changed":false},"product_brand":[],"product_cat":[86],"product_tag":[],"berocket_brand":[],"class_list":{"0":"post-12982","1":"product","2":"type-product","3":"status-publish","4":"has-post-thumbnail","6":"product_cat-16-canales","8":"first","9":"instock","10":"taxable","11":"shipping-taxable","12":"purchasable","13":"product-type-simple","14":"berocket_lgv_grid","15":"berocket_lgv_list_grid"},"acf":[],"aioseo_notices":[],"_links":{"self":[{"href":"https:\/\/todoenseguridad.com\/site\/wp-json\/wp\/v2\/product\/12982","targetHints":{"allow":["GET"]}}],"collection":[{"href":"https:\/\/todoenseguridad.com\/site\/wp-json\/wp\/v2\/product"}],"about":[{"href":"https:\/\/todoenseguridad.com\/site\/wp-json\/wp\/v2\/types\/product"}],"wp:featuredmedia":[{"embeddable":true,"href":"https:\/\/todoenseguridad.com\/site\/wp-json\/wp\/v2\/media\/12983"}],"wp:attachment":[{"href":"https:\/\/todoenseguridad.com\/site\/wp-json\/wp\/v2\/media?parent=12982"}],"wp:term":[{"taxonomy":"product_brand","embeddable":true,"href":"https:\/\/todoenseguridad.com\/site\/wp-json\/wp\/v2\/product_brand?post=12982"},{"taxonomy":"product_cat","embeddable":true,"href":"https:\/\/todoenseguridad.com\/site\/wp-json\/wp\/v2\/product_cat?post=12982"},{"taxonomy":"product_tag","embeddable":true,"href":"https:\/\/todoenseguridad.com\/site\/wp-json\/wp\/v2\/product_tag?post=12982"},{"taxonomy":"berocket_brand","embeddable":true,"href":"https:\/\/todoenseguridad.com\/site\/wp-json\/wp\/v2\/berocket_brand?post=12982"}],"curies":[{"name":"wp","href":"https:\/\/api.w.org\/{rel}","templated":true}]}}