{"id":12974,"date":"2025-03-03T12:33:38","date_gmt":"2025-03-03T17:33:38","guid":{"rendered":"https:\/\/todoenseguridad.com\/site\/?post_type=product&#038;p=12974"},"modified":"2025-03-03T12:33:38","modified_gmt":"2025-03-03T17:33:38","slug":"xvr5104hs-i3-dahua-dvr-de-5mp-lite-reconocimiento-facial-y-proteccion-perimetral-h-265","status":"publish","type":"product","link":"https:\/\/todoenseguridad.com\/site\/producto\/xvr5104hs-i3-dahua-dvr-de-5mp-lite-reconocimiento-facial-y-proteccion-perimetral-h-265\/","title":{"rendered":"XVR5104HS-I3 DAHUA\u00a0\u00a0DVR de 5MP Lite\/ Reconocimiento facial y protecci\u00f3n perimetral\/ H.265+"},"content":{"rendered":"<h3 id=\"title\"><span style=\"color: #0000ff;\">XVR5104HS-I3 DAHUA\u00a0\u00a0DVR de 5MP Lite con WizSense. Soporta 4 canales + 2 IP o hasta 6 canales IP. Reconocimiento facial y protecci\u00f3n perimetral en 1 canal, incluye SDM Plus, codificaci\u00f3n H.265+, y funciones para IoT &amp; POS. 1 puerto SATA<\/span><\/h3>\n<h4 class=\"card-title text-center\"><span style=\"color: #000000;\">Informaci\u00f3n General<\/span><\/h4>\n<p><span style=\"color: #000000;\">La serie de grabadores,\u00a0<strong>XVR5104HS-I3<\/strong>\u00a0con SMD Plus de canal completo para beneficiar a los clientes con la actualizaci\u00f3n de IA. La serie est\u00e1 dise\u00f1ada para reducir las tasas de falsas alarmas y los costos de vigilancia humana, lo que brinda un gran valor a los clientes que buscan productos con alarmas precisas para humanos\/veh\u00edculos para elevar el nivel de seguridad de varias instalaciones interiores y exteriores.<\/span><\/p>\n<p><span style=\"color: #000000;\"><strong>*Las inteligencias se pierden al colocar un canal\u00a0<\/strong><\/span><\/p>\n<h4><span style=\"color: #000000;\">Protecci\u00f3n perimetral<\/span><\/h4>\n<p><span style=\"color: #000000;\">Filtrado autom\u00e1tico de falsas alarmas causadas por animales, hojas susurrantes, luces brillantes, etc. Permite que el sistema act\u00fae como reconocimiento secundario de los objetivos. Mejora de la precisi\u00f3n de las alarmas.<\/span><\/p>\n<p><span style=\"color: #000000;\"><strong>* La protecci\u00f3n perimetral entra en vigor cuando se selecciona IVS&amp;SMD en modo AI<\/strong><\/span><\/p>\n<h4><span style=\"color: #000000;\">Reconocimiento facial en tiempo real<\/span><\/h4>\n<p><span style=\"color: #000000;\">Reconocimiento facial en tiempo real de transmisi\u00f3n de video. Funciones de an\u00e1lisis de atributos faciales que incluyen g\u00e9nero, edad, expresi\u00f3n, anteojos, bigote, m\u00e1scara bucal. Identificar personas y tambi\u00e9n capturar, grabar rostros con metadatos. Filtrado de caracter\u00edsticas faciales mientras se muestra en tiempo real, solo muestra caras con caracter\u00edsticas objetivo.<\/span><\/p>\n<p><span style=\"color: #000000;\"><strong>* El reconocimiento facial tiene efecto cuando se selecciona Rostro en modo AI<\/strong><\/span><\/p>\n<div class=\"row align-items-center padding-bottom-2x\">\n<div class=\"col-md-7 text-md-left text-center\">\n<h4><span style=\"color: #000000;\">SMD Plus<\/span><\/h4>\n<p><span style=\"color: #000000;\">SMD Plus, conocido como Smart Motion Detection Plus, que es una versi\u00f3n mejorada de SMD que mejora en gran medida la precisi\u00f3n de la alarma al cargar un algoritmo de aprendizaje profundo. Analiza formas de personas y veh\u00edculos.\u00a0Basado en la detecci\u00f3n de movimiento y env\u00eda alarmas solo cuando la persona y el veh\u00edculo se entrometen.<\/span><\/p>\n<p><span style=\"color: #000000;\"><strong>* SMD Plus surte efecto cuando se selecciona SMD o IVS&amp;SMD en modo AI.<\/strong><\/span><\/p>\n<h4><span style=\"color: #000000;\">Inteligente H.265+<\/span><\/h4>\n<p><span style=\"color: #000000;\">Smart Codec, H.265+ puede reducir hasta un 90 % la tasa de bits y los requisitos de almacenamiento en comparaci\u00f3n con H.264 sin tener que invertir en nuevas c\u00e1maras<\/span><\/p>\n<\/div>\n<\/div>\n<h4><span style=\"color: #000000;\">Principales Caracter\u00edsticas<\/span><\/h4>\n<ul>\n<li><span style=\"color: #000000;\">Compresi\u00f3n de video de flujo dual H.265+\/H.265<\/span><\/li>\n<li><span style=\"color: #000000;\">Admite codificaci\u00f3n AI de canal completo<\/span><\/li>\n<li><span style=\"color: #000000;\">Admite entradas de video HDCVI\/AHD\/TVI\/CVBS\/IP<\/span><\/li>\n<li><span style=\"color: #000000;\">Entradas de c\u00e1mara IP de 6 canales como m\u00e1ximo, cada canal hasta 6MP; Ancho de banda entrante m\u00e1ximo de 32 Mbps<\/span><\/li>\n<li><span style=\"color: #000000;\">Transmisi\u00f3n de video de hasta 1 canal (canal anal\u00f3gico) Protecci\u00f3n perimetral<\/span><\/li>\n<li><span style=\"color: #000000;\">Transmisi\u00f3n de video de hasta 4 canales (canal anal\u00f3gico) SMD Plus<\/span><\/li>\n<li><span style=\"color: #000000;\">Transmisi\u00f3n de video de hasta 1 canal (canal anal\u00f3gico) reconocimiento de rostro humano<\/span><\/li>\n<li><span style=\"color: #000000;\">Funcionalidades IoT y POS<\/span><\/li>\n<\/ul>\n<h4><span style=\"color: #000000;\">Especificaciones<\/span><\/h4>\n<ul>\n<li><span style=\"color: #000000;\">Protecci\u00f3n perimetral: 1 canal, 10 IVS para cada canal\u00a0<\/span><\/li>\n<li><span style=\"color: #000000;\">Clasificaci\u00f3n de objetos: Reconocimiento secundario humano\/veh\u00edculo para trampa e intrusi\u00f3n<\/span><\/li>\n<li><span style=\"color: #000000;\">B\u00fasqueda de IA: B\u00fasqueda por clasificaci\u00f3n de objetivo (humano, veh\u00edculo)\u00a0<\/span><\/li>\n<li><span style=\"color: #000000;\">Reconocimiento facial: Procesamiento m\u00e1ximo de 8 im\u00e1genes faciales\/seg.\u00a0<\/span><\/li>\n<li><span style=\"color: #000000;\">Reconocimiento facial de flujo de video de 1 canal, solo compatible con c\u00e1mara anal\u00f3gica<\/span><\/li>\n<li><span style=\"color: #000000;\">Se buscan hasta 8 im\u00e1genes de la cara del objetivo al mismo tiempo, se puede establecer un umbral de similitud para cada imagen de la cara del objetivo<\/span><\/li>\n<li><span style=\"color: #000000;\">SMD Plus: 4 canales<\/span><\/li>\n<li><span style=\"color: #000000;\">Entrada de c\u00e1mara anal\u00f3gica 4 canales, BNC<\/span><\/li>\n<li><span style=\"color: #000000;\">Entrada de c\u00e1mara IP 4+2 canales, cada canal hasta 6MP<\/span><\/li>\n<li><span style=\"color: #000000;\">Compresi\u00f3n Codificaci\u00f3n AI\/H.265+\/H.265\/H.264+\/H.264<\/span><\/li>\n<li><span style=\"color: #000000;\">Disco duro interno: 1 puerto SATA, hasta 6 TB de capacidad<\/span><\/li>\n<li><span style=\"color: #000000;\">2 puertos USB (USB 2.0)<\/span><\/li>\n<li><span style=\"color: #000000;\">Fuente de alimentaci\u00f3n CC 12 V\/1,5 A<\/span><\/li>\n<\/ul>\n","protected":false},"excerpt":{"rendered":"<p>XVR5104HS-I3 DAHUA\u00a0\u00a0DVR de 5MP Lite con WizSense. Soporta 4 canales + 2 IP o hasta 6 canales IP. Reconocimiento facial y protecci\u00f3n perimetral en 1 canal, incluye SDM Plus, codificaci\u00f3n H.265+, y funciones para IoT &amp; POS. 1 puerto SATA Informaci\u00f3n General La serie de grabadores,\u00a0XVR5104HS-I3\u00a0con SMD Plus de canal completo para beneficiar a los [&hellip;]<\/p>\n","protected":false},"featured_media":12975,"template":"","meta":{"_acf_changed":false},"product_brand":[],"product_cat":[89,85],"product_tag":[],"berocket_brand":[],"class_list":{"0":"post-12974","1":"product","2":"type-product","3":"status-publish","4":"has-post-thumbnail","6":"product_cat-4-canales","7":"product_cat-grabadora-dvr-hdcvi-hd","9":"first","10":"instock","11":"taxable","12":"shipping-taxable","13":"purchasable","14":"product-type-simple","15":"berocket_lgv_grid","16":"berocket_lgv_list_grid"},"acf":[],"aioseo_notices":[],"_links":{"self":[{"href":"https:\/\/todoenseguridad.com\/site\/wp-json\/wp\/v2\/product\/12974","targetHints":{"allow":["GET"]}}],"collection":[{"href":"https:\/\/todoenseguridad.com\/site\/wp-json\/wp\/v2\/product"}],"about":[{"href":"https:\/\/todoenseguridad.com\/site\/wp-json\/wp\/v2\/types\/product"}],"wp:featuredmedia":[{"embeddable":true,"href":"https:\/\/todoenseguridad.com\/site\/wp-json\/wp\/v2\/media\/12975"}],"wp:attachment":[{"href":"https:\/\/todoenseguridad.com\/site\/wp-json\/wp\/v2\/media?parent=12974"}],"wp:term":[{"taxonomy":"product_brand","embeddable":true,"href":"https:\/\/todoenseguridad.com\/site\/wp-json\/wp\/v2\/product_brand?post=12974"},{"taxonomy":"product_cat","embeddable":true,"href":"https:\/\/todoenseguridad.com\/site\/wp-json\/wp\/v2\/product_cat?post=12974"},{"taxonomy":"product_tag","embeddable":true,"href":"https:\/\/todoenseguridad.com\/site\/wp-json\/wp\/v2\/product_tag?post=12974"},{"taxonomy":"berocket_brand","embeddable":true,"href":"https:\/\/todoenseguridad.com\/site\/wp-json\/wp\/v2\/berocket_brand?post=12974"}],"curies":[{"name":"wp","href":"https:\/\/api.w.org\/{rel}","templated":true}]}}