{"id":12969,"date":"2025-03-03T12:02:00","date_gmt":"2025-03-03T17:02:00","guid":{"rendered":"https:\/\/todoenseguridad.com\/site\/?post_type=product&#038;p=12969"},"modified":"2025-03-03T12:02:00","modified_gmt":"2025-03-03T17:02:00","slug":"sd49218db-hc-dahua-camara-ptz-domo-de-2mp-18x-de-zoom-optico-ip66","status":"publish","type":"product","link":"https:\/\/todoenseguridad.com\/site\/producto\/sd49218db-hc-dahua-camara-ptz-domo-de-2mp-18x-de-zoom-optico-ip66\/","title":{"rendered":"SD49218DB-HC DAHUA\u00a0Camara PTZ Domo de 2MP\/ 18X de Zoom Optico\/ IP66\/"},"content":{"rendered":"<h3 id=\"title\"><span style=\"color: #0000ff;\">SD49218DB-HC DAHUA\u00a0Camara PTZ Domo de 2MP\/ 18X de Zoom Optico\/ IP66\/ Starlight\/ WDR Real 120dB\/ IR de 100m\/ HLC\/ 3DNR\/ 12V 3A<\/span><\/h3>\n<h4 class=\"card-title text-center\"><span style=\"color: #000000;\">Informaci\u00f3n general<\/span><\/h4>\n<p class=\"ql-align-justify\"><span style=\"color: #000000;\">Con su potente zoom \u00f3ptico y capacidades precisas de giro e inclinaci\u00f3n, la serie de c\u00e1maras HDCVI PTZ proporciona una soluci\u00f3n todo en uno para monitoreo a gran escala. Aprovecha la \u00faltima tecnolog\u00eda de luz estelar, lo que le permite producir im\u00e1genes muy detalladas incluso en condiciones de poca luz. Estas c\u00e1maras ofrecen un control fluido y una protecci\u00f3n de alto nivel que les permite cumplir con los requisitos de videovigilancia en escenas peque\u00f1as y medianas<\/span><\/p>\n<div class=\"row align-items-center padding-bottom-2x\">\n<div class=\"col-md-7 text-md-left text-center\">\n<h4><span style=\"color: #000000;\">Amplio rango din\u00e1mico<\/span><\/h4>\n<p class=\"ql-align-justify\"><span style=\"color: #000000;\">La c\u00e1mara produce im\u00e1genes v\u00edvidas, incluso en condiciones de iluminaci\u00f3n de alto contraste, mediante el uso de tecnolog\u00eda de amplio rango din\u00e1mico (WDR) l\u00edder en la industria. Para escenas que alternan r\u00e1pidamente entre iluminaci\u00f3n brillante y baja, WDR se ajusta para capturar completamente las \u00e1reas brillantes y oscuras de una escena, produciendo videos de calidad superior<\/span><\/p>\n<div class=\"row align-items-center padding-bottom-2x\">\n<div class=\"col-md-7 order-md-1 text-md-left text-center\">\n<h4><span style=\"color: #000000;\">3DNR<\/span><\/h4>\n<p class=\"ql-align-justify\"><span style=\"color: #000000;\">La tecnolog\u00eda 3DNR de Dahua reduce el ruido de la imagen con poco o ning\u00fan impacto en la nitidez de la imagen, especialmente en condiciones de poca iluminaci\u00f3n. Detecta el ruido y compara los cuadros secuenciales para reducir el ruido de manera efectiva. Tambi\u00e9n hace un uso eficiente del ancho de banda, ahorrando espacio de almacenamiento.<\/span><\/p>\n<div class=\"row align-items-center padding-bottom-2x\">\n<div class=\"col-md-7 text-md-left text-center\">\n<h4><span style=\"color: #000000;\">Protecci\u00f3n (IP66, TVS 6000 V)<\/span><\/h4>\n<p><span style=\"color: #000000;\">IP66, TVS 6000 V a prueba de rayos, protecci\u00f3n contra sobretensiones y protecci\u00f3n contra transitorios de voltaje.\u00a0<\/span><\/p>\n<div id=\"product-details-container\" class=\"container-fluid mb-1\">\n<div class=\"tab-content\">\n<div id=\"overviews\" class=\"tab-pane fade show active\" role=\"tabpanel\">\n<div class=\"container-fluid padding-bottom-2x mb-2\">\n<div class=\"row align-items-center padding-bottom-2x\">\n<div class=\"col-md-7 order-md-1 text-md-left text-center\">\n<h4><span style=\"color: #000000;\">Caracter\u00edsticas Principales<\/span><\/h4>\n<ul>\n<li><span style=\"color: #000000;\">CMOS STARVIS\u2122 de 1\/2,8&#8243; y 2 megap\u00edxeles.<\/span><\/li>\n<li><span style=\"color: #000000;\">Potente zoom \u00f3ptico de 18x.<\/span><\/li>\n<li><span style=\"color: #000000;\">Tecnolog\u00eda luz de las estrellas.<\/span><\/li>\n<li><span style=\"color: #000000;\">WDR real de 120 dB, reducci\u00f3n de ruido 3D.<\/span><\/li>\n<li><span style=\"color: #000000;\">M\u00e1x. 25\/30 fps a 1080p, 25\/30\/50\/60 fps a 720p.<\/span><\/li>\n<li><span style=\"color: #000000;\">Distancia IR hasta 100 m.<\/span><\/li>\n<li><span style=\"color: #000000;\">IP66.<\/span><\/li>\n<li><span style=\"color: #000000;\">Incluye brazo para instalaci\u00f3n en pared\u00a0<strong>PFB305W<\/strong><\/span><\/li>\n<\/ul>\n<p>&nbsp;<\/p>\n<\/div>\n<\/div>\n<\/div>\n<\/div>\n<\/div>\n<\/div>\n<\/div>\n<\/div>\n<\/div>\n<\/div>\n<\/div>\n<\/div>\n","protected":false},"excerpt":{"rendered":"<p>SD49218DB-HC DAHUA\u00a0Camara PTZ Domo de 2MP\/ 18X de Zoom Optico\/ IP66\/ Starlight\/ WDR Real 120dB\/ IR de 100m\/ HLC\/ 3DNR\/ 12V 3A Informaci\u00f3n general Con su potente zoom \u00f3ptico y capacidades precisas de giro e inclinaci\u00f3n, la serie de c\u00e1maras HDCVI PTZ proporciona una soluci\u00f3n todo en uno para monitoreo a gran escala. Aprovecha la [&hellip;]<\/p>\n","protected":false},"featured_media":12970,"template":"","meta":{"_acf_changed":false},"product_brand":[],"product_cat":[104,109],"product_tag":[],"berocket_brand":[],"class_list":{"0":"post-12969","1":"product","2":"type-product","3":"status-publish","4":"has-post-thumbnail","6":"product_cat-cctv-hdcvi","7":"product_cat-pt-ptz-cctv-hdcvi","9":"first","10":"instock","11":"taxable","12":"shipping-taxable","13":"purchasable","14":"product-type-simple","15":"berocket_lgv_grid","16":"berocket_lgv_list_grid"},"acf":[],"aioseo_notices":[],"_links":{"self":[{"href":"https:\/\/todoenseguridad.com\/site\/wp-json\/wp\/v2\/product\/12969","targetHints":{"allow":["GET"]}}],"collection":[{"href":"https:\/\/todoenseguridad.com\/site\/wp-json\/wp\/v2\/product"}],"about":[{"href":"https:\/\/todoenseguridad.com\/site\/wp-json\/wp\/v2\/types\/product"}],"wp:featuredmedia":[{"embeddable":true,"href":"https:\/\/todoenseguridad.com\/site\/wp-json\/wp\/v2\/media\/12970"}],"wp:attachment":[{"href":"https:\/\/todoenseguridad.com\/site\/wp-json\/wp\/v2\/media?parent=12969"}],"wp:term":[{"taxonomy":"product_brand","embeddable":true,"href":"https:\/\/todoenseguridad.com\/site\/wp-json\/wp\/v2\/product_brand?post=12969"},{"taxonomy":"product_cat","embeddable":true,"href":"https:\/\/todoenseguridad.com\/site\/wp-json\/wp\/v2\/product_cat?post=12969"},{"taxonomy":"product_tag","embeddable":true,"href":"https:\/\/todoenseguridad.com\/site\/wp-json\/wp\/v2\/product_tag?post=12969"},{"taxonomy":"berocket_brand","embeddable":true,"href":"https:\/\/todoenseguridad.com\/site\/wp-json\/wp\/v2\/berocket_brand?post=12969"}],"curies":[{"name":"wp","href":"https:\/\/api.w.org\/{rel}","templated":true}]}}