{"id":12967,"date":"2025-03-03T11:48:09","date_gmt":"2025-03-03T16:48:09","guid":{"rendered":"https:\/\/todoenseguridad.com\/site\/?post_type=product&#038;p=12967"},"modified":"2026-03-30T15:16:41","modified_gmt":"2026-03-30T20:16:41","slug":"dh-hac-pt1509an-a-led-0280b-s2-dahua-camara-pt-de-5mp-full-color-un-amplio-angulo-de-106-ip66","status":"publish","type":"product","link":"https:\/\/todoenseguridad.com\/site\/producto\/dh-hac-pt1509an-a-led-0280b-s2-dahua-camara-pt-de-5mp-full-color-un-amplio-angulo-de-106-ip66\/","title":{"rendered":"DH-HAC-PT1509AN-A-LED-0280B-S2 DAHUA C\u00e1mara PT de 5MP Full Color\/ un amplio \u00e1ngulo de 106\u00b0\/ IP66"},"content":{"rendered":"<h3 id=\"title\"><span style=\"color: #0000ff;\">DH-HAC-PT1509AN-A-LED-0280B-S2 DAHUA C\u00e1mara PT de 5MP Full Color HDCVI, lente de 2.8 mm, visi\u00f3n nocturna de 40 m con LEDs, micr\u00f3fono integrado y un amplio \u00e1ngulo de 106\u00b0, con IP66 y Super Adapt<\/span><\/h3>\n<h4 class=\"card-title text-center\"><span style=\"color: #000000;\">Informaci\u00f3n General<\/span><\/h4>\n<p><span style=\"color: #000000;\">La c\u00e1mara PT\u00a0<strong>DAHUA DH-HAC-PT1509AN-A-LED-0280B-S2<\/strong>, con 5 megap\u00edxeles, ofrece una imagen de alta definici\u00f3n en\u00a0<strong>HDCVI<\/strong>\u00a0, manteniendo una visi\u00f3n clara y detallada incluso en condiciones de poca luz gracias a su iluminaci\u00f3n LED de 40 metros y tecnolog\u00eda\u00a0<strong>Fullcolor<\/strong>. Su lente de 2.8 mm brinda un amplio \u00e1ngulo de 106\u00b0, ideal para captar \u00e1reas extensas. Adem\u00e1s, incorpora un micr\u00f3fono integrado, permitiendo capturar audio y video simult\u00e1neamente. Dise\u00f1ada para entornos desafiantes, cuenta con protecci\u00f3n IP66 que garantiza durabilidad y resistencia ante condiciones clim\u00e1ticas adversas. Su tecnolog\u00eda Super Adapt permite una gran adaptabilidad en entornos complejos<\/span><\/p>\n<h4><span style=\"color: #000000;\">Caracter\u00edsticas Principales<\/span><\/h4>\n<ul>\n<li class=\"ql-align-justify\"><span style=\"color: #000000;\"><strong>Resolucion:\u00a0<\/strong>Max. 25 fps@5MP<\/span><\/li>\n<li class=\"ql-align-justify\"><span style=\"color: #000000;\"><strong>WDR:<\/strong>\u00a0real de 120 dB<\/span><\/li>\n<li class=\"ql-align-justify\"><span style=\"color: #000000;\"><strong>Fullcolor:\u00a0<\/strong>Im\u00e1genes en color las 24 horas del d\u00eda, los 7 d\u00edas de la semana<\/span><\/li>\n<li class=\"ql-align-justify\"><span style=\"color: #000000;\"><strong>Iluminaci\u00f3n:\u00a0<\/strong>Distancia de iluminaci\u00f3n de 40 m; Iluminaci\u00f3n de \u00e1reas inteligentes<\/span><\/li>\n<li class=\"ql-align-justify\"><span style=\"color: #000000;\"><strong>Audio:\u00a0<\/strong>Reducci\u00f3n de ruido 3D\u00a0Micr\u00f3fono incorporado\u00a0<\/span><\/li>\n<li class=\"ql-align-justify\"><span style=\"color: #000000;\"><strong>Movimientos:\u00a0<\/strong>horizontal y vertical<\/span><\/li>\n<\/ul>\n<h4><span style=\"color: #000000;\">Especificaciones T\u00e9cnicas<\/span><\/h4>\n<ul>\n<li class=\"ql-align-justify\"><span style=\"color: #000000;\"><strong>Fuente de alimentaci\u00f3n:\u00a0<\/strong>12 VCC \u00b1 30 %<\/span><\/li>\n<li class=\"ql-align-justify\"><span style=\"color: #000000;\"><strong>Consumo de energ\u00eda:<\/strong>\u00a0M\u00e1x. 7,7 W (12 VCC, LED encendido)<\/span><\/li>\n<li class=\"ql-align-justify\"><span style=\"color: #000000;\"><strong>Temperatura de funcionamiento:\u00a0<\/strong>\u2013 40 \u00b0C a +60 \u00b0C<\/span><\/li>\n<li class=\"ql-align-justify\"><span style=\"color: #000000;\"><strong>Humedad de funcionamiento:\u00a0<\/strong>&lt;95 % (HR), sin condensaci\u00f3n<\/span><\/li>\n<li class=\"ql-align-justify\"><span style=\"color: #000000;\"><strong>Dimensiones del producto:\u00a0<\/strong>92,9 mm \u00d7 91,3 mm \u00d7 130 mm<\/span><\/li>\n<li class=\"ql-align-justify\"><span style=\"color: #000000;\"><strong>Peso neto:\u00a0<\/strong>0,40 kg<\/span><\/li>\n<\/ul>\n<h4><span style=\"color: #000000;\">Incluye<\/span><\/h4>\n<ul>\n<li class=\"ql-align-justify\"><span style=\"color: #000000;\"><strong>x1\u00a0<\/strong>C\u00e1mara PT 5MP<\/span><\/li>\n<li class=\"ql-align-justify\"><span style=\"color: #000000;\"><strong>x1\u00a0<\/strong>Manual de usuario<\/span><\/li>\n<li class=\"ql-align-justify\"><span style=\"color: #000000;\"><strong>x1\u00a0<\/strong>P\u00f3liza de garant\u00eda<\/span><\/li>\n<\/ul>\n","protected":false},"excerpt":{"rendered":"<p>DH-HAC-PT1509AN-A-LED-0280B-S2 DAHUA C\u00e1mara PT de 5MP Full Color HDCVI, lente de 2.8 mm, visi\u00f3n nocturna de 40 m con LEDs, micr\u00f3fono integrado y un amplio \u00e1ngulo de 106\u00b0, con IP66 y Super Adapt Informaci\u00f3n General La c\u00e1mara PT\u00a0DAHUA DH-HAC-PT1509AN-A-LED-0280B-S2, con 5 megap\u00edxeles, ofrece una imagen de alta definici\u00f3n en\u00a0HDCVI\u00a0, manteniendo una visi\u00f3n clara y detallada [&hellip;]<\/p>\n","protected":false},"featured_media":12968,"template":"","meta":{"_acf_changed":false},"product_brand":[],"product_cat":[104,109],"product_tag":[],"berocket_brand":[],"class_list":{"0":"post-12967","1":"product","2":"type-product","3":"status-publish","4":"has-post-thumbnail","6":"product_cat-cctv-hdcvi","7":"product_cat-pt-ptz-cctv-hdcvi","9":"first","10":"instock","11":"taxable","12":"shipping-taxable","13":"purchasable","14":"product-type-simple","15":"berocket_lgv_grid","16":"berocket_lgv_list_grid"},"acf":[],"aioseo_notices":[],"_links":{"self":[{"href":"https:\/\/todoenseguridad.com\/site\/wp-json\/wp\/v2\/product\/12967","targetHints":{"allow":["GET"]}}],"collection":[{"href":"https:\/\/todoenseguridad.com\/site\/wp-json\/wp\/v2\/product"}],"about":[{"href":"https:\/\/todoenseguridad.com\/site\/wp-json\/wp\/v2\/types\/product"}],"wp:featuredmedia":[{"embeddable":true,"href":"https:\/\/todoenseguridad.com\/site\/wp-json\/wp\/v2\/media\/12968"}],"wp:attachment":[{"href":"https:\/\/todoenseguridad.com\/site\/wp-json\/wp\/v2\/media?parent=12967"}],"wp:term":[{"taxonomy":"product_brand","embeddable":true,"href":"https:\/\/todoenseguridad.com\/site\/wp-json\/wp\/v2\/product_brand?post=12967"},{"taxonomy":"product_cat","embeddable":true,"href":"https:\/\/todoenseguridad.com\/site\/wp-json\/wp\/v2\/product_cat?post=12967"},{"taxonomy":"product_tag","embeddable":true,"href":"https:\/\/todoenseguridad.com\/site\/wp-json\/wp\/v2\/product_tag?post=12967"},{"taxonomy":"berocket_brand","embeddable":true,"href":"https:\/\/todoenseguridad.com\/site\/wp-json\/wp\/v2\/berocket_brand?post=12967"}],"curies":[{"name":"wp","href":"https:\/\/api.w.org\/{rel}","templated":true}]}}