{"id":12963,"date":"2025-03-03T10:37:57","date_gmt":"2025-03-03T15:37:57","guid":{"rendered":"https:\/\/todoenseguridad.com\/site\/?post_type=product&#038;p=12963"},"modified":"2026-03-30T15:17:47","modified_gmt":"2026-03-30T20:17:47","slug":"hac-pt1239a-a-led-dahua-camara-pt-de-2mp-full-color-106-grados-de-apertura-microfono-integrado","status":"publish","type":"product","link":"https:\/\/todoenseguridad.com\/site\/producto\/hac-pt1239a-a-led-dahua-camara-pt-de-2mp-full-color-106-grados-de-apertura-microfono-integrado\/","title":{"rendered":"HAC-PT1239A-A-LED DAHUA Camara PT de 2MP\/ Full Color\/ 106 Grados de Apertura\/ Microfono Integrado"},"content":{"rendered":"<h3 id=\"title\"><span style=\"color: #0000ff;\">HAC-PT1239A-A-LED DAHUA Camara PT de 2MP HDCVI\/ Full Color\/ Lente de 2.8 mm\/ 106 Grados de Apertura\/ Microfono Integrado\/ 40 Mts de Iluminaci\u00f3n LED\/ Super Adapt\/ WDR Real de 130 dB\/ IP66\/<\/span><\/h3>\n<h4 class=\"card-title text-center\"><span style=\"color: #000000;\">Informaci\u00f3n general<\/span><\/h4>\n<p class=\"ql-align-justify\"><span style=\"color: #000000;\">La Serie Lite es una excelente opci\u00f3n para los consumidores que buscan productos de monitoreo de alta calidad a un precio razonable. Su bajo costo y alto rendimiento lo hacen ideal para \u00e1reas residenciales y soluciones para PYMES. Esta serie est\u00e1 equipada con una amplia gama de tecnolog\u00edas, como full color y starlight, proporcionando diversas soluciones para diferentes escenarios<\/span><\/p>\n<h4><span style=\"color: #000000;\">Caracter\u00edsticas Principales<\/span><\/h4>\n<p><span style=\"color: #000000;\">S\u00faper Adaptaci\u00f3n.<\/span><\/p>\n<p><span style=\"color: #000000;\">La estructura de instalaci\u00f3n r\u00e1pida ahorra tiempo de instalaci\u00f3n.<\/span><\/p>\n<p><span style=\"color: #000000;\">Lente fija de 2,8 mm<\/span><\/p>\n<p><span style=\"color: #000000;\">IP66, 12 VCC<\/span><\/p>\n<h4><span style=\"color: #000000;\">Especificaciones T\u00e9cnicas<\/span><\/h4>\n<ul>\n<li><span style=\"color: #000000;\">M\u00e1x. 30 fps a 1080p.<\/span><\/li>\n<li><span style=\"color: #000000;\">WDR real de 130 dB, reducci\u00f3n de ruido 3D.<\/span><\/li>\n<li><span style=\"color: #000000;\">Im\u00e1genes en color 24 horas al d\u00eda, 7 d\u00edas a la semana.<\/span><\/li>\n<li><span style=\"color: #000000;\">Iluminaci\u00f3n de \u00e1rea inteligente.<\/span><\/li>\n<li><span style=\"color: #000000;\">Pan Tilt.<\/span><\/li>\n<li><span style=\"color: #000000;\">Distancia de iluminaci\u00f3n de 40 m<\/span><\/li>\n<\/ul>\n","protected":false},"excerpt":{"rendered":"<p>HAC-PT1239A-A-LED DAHUA Camara PT de 2MP HDCVI\/ Full Color\/ Lente de 2.8 mm\/ 106 Grados de Apertura\/ Microfono Integrado\/ 40 Mts de Iluminaci\u00f3n LED\/ Super Adapt\/ WDR Real de 130 dB\/ IP66\/ Informaci\u00f3n general La Serie Lite es una excelente opci\u00f3n para los consumidores que buscan productos de monitoreo de alta calidad a un precio [&hellip;]<\/p>\n","protected":false},"featured_media":12964,"template":"","meta":{"_acf_changed":false},"product_brand":[],"product_cat":[104,109],"product_tag":[],"berocket_brand":[],"class_list":{"0":"post-12963","1":"product","2":"type-product","3":"status-publish","4":"has-post-thumbnail","6":"product_cat-cctv-hdcvi","7":"product_cat-pt-ptz-cctv-hdcvi","9":"first","10":"instock","11":"taxable","12":"shipping-taxable","13":"purchasable","14":"product-type-simple","15":"berocket_lgv_grid","16":"berocket_lgv_list_grid"},"acf":[],"aioseo_notices":[],"_links":{"self":[{"href":"https:\/\/todoenseguridad.com\/site\/wp-json\/wp\/v2\/product\/12963","targetHints":{"allow":["GET"]}}],"collection":[{"href":"https:\/\/todoenseguridad.com\/site\/wp-json\/wp\/v2\/product"}],"about":[{"href":"https:\/\/todoenseguridad.com\/site\/wp-json\/wp\/v2\/types\/product"}],"wp:featuredmedia":[{"embeddable":true,"href":"https:\/\/todoenseguridad.com\/site\/wp-json\/wp\/v2\/media\/12964"}],"wp:attachment":[{"href":"https:\/\/todoenseguridad.com\/site\/wp-json\/wp\/v2\/media?parent=12963"}],"wp:term":[{"taxonomy":"product_brand","embeddable":true,"href":"https:\/\/todoenseguridad.com\/site\/wp-json\/wp\/v2\/product_brand?post=12963"},{"taxonomy":"product_cat","embeddable":true,"href":"https:\/\/todoenseguridad.com\/site\/wp-json\/wp\/v2\/product_cat?post=12963"},{"taxonomy":"product_tag","embeddable":true,"href":"https:\/\/todoenseguridad.com\/site\/wp-json\/wp\/v2\/product_tag?post=12963"},{"taxonomy":"berocket_brand","embeddable":true,"href":"https:\/\/todoenseguridad.com\/site\/wp-json\/wp\/v2\/berocket_brand?post=12963"}],"curies":[{"name":"wp","href":"https:\/\/api.w.org\/{rel}","templated":true}]}}