{"id":12954,"date":"2025-02-25T12:23:03","date_gmt":"2025-02-25T17:23:03","guid":{"rendered":"https:\/\/todoenseguridad.com\/site\/?post_type=product&#038;p=12954"},"modified":"2026-03-30T15:18:35","modified_gmt":"2026-03-30T20:18:35","slug":"hac-hdw1209tlqn-led-dahua-camara-domo-full-color-de-2-mp-106-grados-de-apertura","status":"publish","type":"product","link":"https:\/\/todoenseguridad.com\/site\/producto\/hac-hdw1209tlqn-led-dahua-camara-domo-full-color-de-2-mp-106-grados-de-apertura\/","title":{"rendered":"HAC-HDW1209TLQN-LED DAHUA\u00a0\u00a0C\u00e1mara Domo Full Color de 2 MP\/ 106 Grados de Apertura"},"content":{"rendered":"<h3 id=\"title\"><span style=\"color: #0000ff;\">HAC-HDW1209TLQN-LED DAHUA\u00a0 C\u00e1mara Domo Full Color de 2 MP\/ 1080p\/ Lente e 2.8mm\/ 106 Grados de Apertura\/ 20 Mts de Iluminaci\u00f3n\/ Instalaci\u00f3n R\u00e1pida\/ IP67\/ DWDR\/ Starlight<\/span><\/h3>\n<h4><span style=\"color: #000000;\">Informaci\u00f3n general<\/span><\/h4>\n<p><span style=\"color: #000000;\">La serie Lite es una excelente opci\u00f3n para los consumidores que buscan productos de monitoreo de alta calidad a un precio razonable. Su bajo costo y alto rendimiento lo hacen ideal para \u00e1reas residenciales y soluciones para PYMES. Esta serie est\u00e1 equipada con una amplia gama de tecnolog\u00edas, como full-color y starlight, brindando diversas soluciones para diferentes escenarios<\/span><\/p>\n<h4><span style=\"color: #000000;\">A todo color<\/span><\/h4>\n<p><span style=\"color: #000000;\">Con su algoritmo de procesamiento de im\u00e1genes avanzado y su capacidad para absorber grandes cantidades de luz, la c\u00e1mara proporciona un monitoreo de color las 24 horas del d\u00eda, los 7 d\u00edas de la semana que recopila informaci\u00f3n clara y muy detallada, lo que aumenta significativamente la confiabilidad de las im\u00e1genes humanas y de veh\u00edculos que se recopilan como evidencia para el an\u00e1lisis inteligente<\/span><\/p>\n<h4><span style=\"color: #000000;\">4 Se\u00f1ales sobre 1 Cable Coaxial<\/span><\/h4>\n<p><span style=\"color: #000000;\">La tecnolog\u00eda HDCVI admite 4 se\u00f1ales (video, audio*, datos y alimentaci\u00f3n) que se transmiten simult\u00e1neamente a trav\u00e9s de un cable coaxial. La transmisi\u00f3n de datos bidireccional permite que la c\u00e1mara HDCVI interact\u00fae con el XVR para realizar diversas acciones, como enviar se\u00f1ales de control y activar alarmas. La tecnolog\u00eda HDCVI tambi\u00e9n es compatible con PoC, lo que hace que la c\u00e1mara sea f\u00e1cil y r\u00e1pida de instalar<\/span><\/p>\n<h4><span style=\"color: #000000;\">Protecci\u00f3n (IP67, amplio voltaje)<\/span><\/h4>\n<p class=\"ql-align-justify\"><span style=\"color: #000000;\">IP67: la c\u00e1mara super\u00f3 una serie de rigurosas pruebas de polvo e inmersi\u00f3n. Su carcasa es a prueba de polvo e impermeable, y puede funcionar normalmente mientras se sumerge en agua a 1 m de profundidad durante un m\u00e1ximo de 30 minutos.<\/span><\/p>\n<p class=\"ql-align-justify\"><span style=\"color: #000000;\">Amplio voltaje: la c\u00e1mara tiene una tolerancia de voltaje de entrada de \u00b130 % (para algunas fuentes de alimentaci\u00f3n) y un amplio rango de voltaje, lo que la hace adecuada para una variedad de escenarios al aire libre<\/span><\/p>\n<h4><span style=\"color: #000000;\">3DNR avanzado<\/span><\/h4>\n<p><span style=\"color: #000000;\">La tecnolog\u00eda avanzada 3DNR de Dahua reduce el ruido de la imagen con poco o ning\u00fan impacto en la nitidez de la imagen, especialmente en condiciones de poca luz. Detecta el ruido y compara los cuadros secuenciales para reducir el ruido de manera efectiva. Tambi\u00e9n hace un uso eficiente del ancho de banda, ahorrando espacio de almacenamiento<\/span><\/p>\n<h4><span style=\"color: #000000;\">Caracter\u00edsticas Principales<\/span><\/h4>\n<p><span style=\"color: #000000;\"><strong>\u00b7\u00a0<\/strong>m\u00e1x. 30 fps@1080p.<\/span><\/p>\n<p><span style=\"color: #000000;\"><strong>\u00b7\u00a0<\/strong>Im\u00e1genes en color 24\/7.<\/span><\/p>\n<p><span style=\"color: #000000;\"><strong>\u00b7\u00a0<\/strong>Distancia de iluminaci\u00f3n de 20 m.<\/span><\/p>\n<p><span style=\"color: #000000;\"><strong>\u00b7\u00a0<\/strong>S\u00faper Adaptado.<\/span><\/p>\n<p><span style=\"color: #000000;\"><strong>\u00b7\u00a0<\/strong>El globo ocular de instalaci\u00f3n r\u00e1pida ahorra tiempo de instalaci\u00f3n.<\/span><\/p>\n<p><span style=\"color: #000000;\"><strong>\u00b7\u00a0<\/strong>Lente fija de 3,6 mm (2,8 mm opcional).<\/span><\/p>\n<p><span style=\"color: #000000;\"><strong>\u00b7\u00a0<\/strong>CVI\/CVBS\/AHD\/TVI conmutable.<\/span><\/p>\n<p><span style=\"color: #000000;\"><strong>\u00b7\u00a0<\/strong>IP67, 12 V CC<\/span><\/p>\n<div id=\"product-details-container\" class=\"container-fluid mb-1\">\n<div class=\"tab-content\">\n<div id=\"overviews\" class=\"tab-pane fade show active\" role=\"tabpanel\">\n<div class=\"container-fluid padding-bottom-2x mb-2\">\n<div class=\"row align-items-center padding-bottom-2x\">\n<div class=\"col-md-7 text-md-left text-center\">\n<h4><span style=\"color: #000000;\">Especificaciones T\u00e9cnicas<\/span><\/h4>\n<p><span style=\"color: #000000;\">CMOS 2 Megapixeles<\/span><\/p>\n<p><span style=\"color: #000000;\">M\u00e1x. Resoluci\u00f3n 1920 (H) x 1080 (v)<\/span><\/p>\n<p><span style=\"color: #000000;\">Sistema de escaneo progresivo<\/span><\/p>\n<p><span style=\"color: #000000;\">Velocidad de obturaci\u00f3n electr\u00f3nica:\u00a0PAL: 1\/25 s\u20131\/100000 s NTSC: 1\/30 s\u20131\/100000 s\u00a0<\/span><\/p>\n<p><span style=\"color: #000000;\">M\u00edn. Iluminaci\u00f3n: 0,005 lux a F1,6 (color)<\/span><\/p>\n<p><span style=\"color: #000000;\">Relaci\u00f3n se\u00f1al\/ruido: &gt; 65dB\u00a0<\/span><\/p>\n<p><span style=\"color: #000000;\">Distancia de iluminaci\u00f3n: 20 m (65,62 pies)<\/span><\/p>\n<\/div>\n<\/div>\n<\/div>\n<\/div>\n<\/div>\n<\/div>\n","protected":false},"excerpt":{"rendered":"<p>HAC-HDW1209TLQN-LED DAHUA\u00a0 C\u00e1mara Domo Full Color de 2 MP\/ 1080p\/ Lente e 2.8mm\/ 106 Grados de Apertura\/ 20 Mts de Iluminaci\u00f3n\/ Instalaci\u00f3n R\u00e1pida\/ IP67\/ DWDR\/ Starlight Informaci\u00f3n general La serie Lite es una excelente opci\u00f3n para los consumidores que buscan productos de monitoreo de alta calidad a un precio razonable. Su bajo costo y alto [&hellip;]<\/p>\n","protected":false},"featured_media":12955,"template":"","meta":{"_acf_changed":false},"product_brand":[],"product_cat":[104,108],"product_tag":[],"berocket_brand":[],"class_list":{"0":"post-12954","1":"product","2":"type-product","3":"status-publish","4":"has-post-thumbnail","6":"product_cat-cctv-hdcvi","7":"product_cat-domo-cctv-hdcvi","9":"first","10":"instock","11":"taxable","12":"shipping-taxable","13":"purchasable","14":"product-type-simple","15":"berocket_lgv_grid","16":"berocket_lgv_list_grid"},"acf":[],"aioseo_notices":[],"_links":{"self":[{"href":"https:\/\/todoenseguridad.com\/site\/wp-json\/wp\/v2\/product\/12954","targetHints":{"allow":["GET"]}}],"collection":[{"href":"https:\/\/todoenseguridad.com\/site\/wp-json\/wp\/v2\/product"}],"about":[{"href":"https:\/\/todoenseguridad.com\/site\/wp-json\/wp\/v2\/types\/product"}],"wp:featuredmedia":[{"embeddable":true,"href":"https:\/\/todoenseguridad.com\/site\/wp-json\/wp\/v2\/media\/12955"}],"wp:attachment":[{"href":"https:\/\/todoenseguridad.com\/site\/wp-json\/wp\/v2\/media?parent=12954"}],"wp:term":[{"taxonomy":"product_brand","embeddable":true,"href":"https:\/\/todoenseguridad.com\/site\/wp-json\/wp\/v2\/product_brand?post=12954"},{"taxonomy":"product_cat","embeddable":true,"href":"https:\/\/todoenseguridad.com\/site\/wp-json\/wp\/v2\/product_cat?post=12954"},{"taxonomy":"product_tag","embeddable":true,"href":"https:\/\/todoenseguridad.com\/site\/wp-json\/wp\/v2\/product_tag?post=12954"},{"taxonomy":"berocket_brand","embeddable":true,"href":"https:\/\/todoenseguridad.com\/site\/wp-json\/wp\/v2\/berocket_brand?post=12954"}],"curies":[{"name":"wp","href":"https:\/\/api.w.org\/{rel}","templated":true}]}}