{"id":12947,"date":"2025-02-24T17:46:10","date_gmt":"2025-02-24T22:46:10","guid":{"rendered":"https:\/\/todoenseguridad.com\/site\/?post_type=product&#038;p=12947"},"modified":"2026-03-30T15:19:15","modified_gmt":"2026-03-30T20:19:15","slug":"hdw1209tlqn-a-led-0280b-s3-dahua-camara-domo-full-color-de-2-mp-angulo-de-103-microfono-integrado","status":"publish","type":"product","link":"https:\/\/todoenseguridad.com\/site\/producto\/hdw1209tlqn-a-led-0280b-s3-dahua-camara-domo-full-color-de-2-mp-angulo-de-103-microfono-integrado\/","title":{"rendered":"HDW1209TLQN-A-LED-0280B-S3\u00a0DAHUA\u00a0-C\u00e1mara Domo Full Color de 2 MP \u00e1ngulo de 103\u00b0 Micr\u00f3fono integrado"},"content":{"rendered":"<h3 id=\"title\"><span style=\"color: #0000ff;\">DH-HAC-HDW1209TLQN-A-LED-0280B-S3\u00a0DAHUA\u00a0-C\u00e1mara Domo Full Color de 2 MP con lente de 2.8mm y \u00e1ngulo de 103\u00b0 Micr\u00f3fono integrado, iluminaci\u00f3n de 20m, tecnolog\u00eda Starlight y DWDR. Resistente con IP67, visi\u00f3n clara en baja luz<\/span><\/h3>\n<h4 class=\"card-title text-center\"><span style=\"color: #000000;\">Informaci\u00f3n General<\/span><\/h4>\n<p class=\"ql-align-justify\"><span style=\"color: #000000;\">La c\u00e1mara domo\u00a0<strong>DAHUA DH-HAC-HDW1209TLQN-A-LED-0280B-S3\u00a0<\/strong>ofrece im\u00e1genes en\u00a0<strong>\u00a0<\/strong><strong>Fullcolor<\/strong>de 2 MP, incluso en condiciones de baja luz, gracias a su tecnolog\u00eda<strong>Starlight<\/strong>. Con un lente de 2.8 mm y un \u00e1ngulo de visi\u00f3n de 103\u00b0, brinda una cobertura amplia y detallada. Incorpora micr\u00f3fono para grabaci\u00f3n de audio, iluminaci\u00f3n de hasta 20 metros y DWDR para mejorar la calidad de imagen en escenas con contrastes de luz. Su resistencia IP67 la hace ideal para uso en exteriores, y su instalaci\u00f3n r\u00e1pida y sencilla la convierte en una opci\u00f3n eficiente para garantizar seguridad en cualquier entorno<\/span><\/p>\n<h4><span style=\"color: #000000;\">Caracter\u00edsticas Principales<\/span><\/h4>\n<ul>\n<li class=\"ql-align-justify\"><span style=\"color: #000000;\"><strong>Resoluci\u00f3n:<\/strong>\u00a0m\u00e1x. 30 fps@1080p.<\/span><\/li>\n<li class=\"ql-align-justify\"><span style=\"color: #000000;\"><strong>Full Color:\u00a0<\/strong>Im\u00e1genes en color 24\/7.<\/span><\/li>\n<li class=\"ql-align-justify\"><span style=\"color: #000000;\"><strong>Iluminaci\u00f3n:\u00a0<\/strong>Distancia de iluminaci\u00f3n de 20 m.<\/span><\/li>\n<li class=\"ql-align-justify\"><span style=\"color: #000000;\"><strong>Audio:\u00a0<\/strong>MIC incorporado (-A).<\/span><\/li>\n<li class=\"ql-align-justify\"><span style=\"color: #000000;\"><strong>Instalaci\u00f3n:<\/strong>\u00a0El globo ocular de instalaci\u00f3n r\u00e1pida ahorra tiempo de instalaci\u00f3n.<\/span><\/li>\n<li class=\"ql-align-justify\"><span style=\"color: #000000;\"><strong>Lente:\u00a0<\/strong>Lente fija de 3,6 mm (2,8 mm opcional).<\/span><\/li>\n<li class=\"ql-align-justify\"><span style=\"color: #000000;\"><strong>Tecnolog\u00eda:\u00a0<\/strong>CVI\/CVBS\/AHD\/TVI conmutable.<\/span><\/li>\n<li class=\"ql-align-justify\"><span style=\"color: #000000;\"><strong>Protecci\u00f3n:<\/strong>\u00a0IP67\u00a0<\/span><\/li>\n<\/ul>\n<h2><span style=\"color: #000000;\">Especificaciones T\u00e9cnicas<\/span><\/h2>\n<ul>\n<li class=\"ql-align-justify\"><span style=\"color: #000000;\"><strong>Material:\u00a0<\/strong>Domo (metal + pl\u00e1stico) + caja de pl\u00e1stico<\/span><\/li>\n<li class=\"ql-align-justify\"><span style=\"color: #000000;\"><strong>Dimensiones:<\/strong>\u00a0\u03a697,1 mm \u00d7 91,4 mm<\/span><\/li>\n<li class=\"ql-align-justify\"><span style=\"color: #000000;\"><strong>Peso:\u00a0<\/strong>220g<\/span><\/li>\n<li class=\"ql-align-justify\"><span style=\"color: #000000;\"><strong>Temperatura de trabajo:<\/strong>\u00a0-40\u00b0C a 60\u00b0C<\/span><\/li>\n<li class=\"ql-align-justify\"><span style=\"color: #000000;\"><strong>Humedad de trabajo:\u00a0<\/strong>&lt;95 % (HR), sin condensaci\u00f3n<\/span><\/li>\n<li class=\"ql-align-justify\"><span style=\"color: #000000;\"><strong>Alimentaci\u00f3n:<\/strong>\u00a0DC 12V<\/span><\/li>\n<li class=\"ql-align-justify\"><span style=\"color: #000000;\"><strong>Consumo de energ\u00eda:<\/strong>\u00a0M\u00e1x. 3,3 W (12 V CC, IR activado)<\/span><\/li>\n<li class=\"ql-align-justify\"><span style=\"color: #000000;\"><strong>Men\u00fa OSD:\u00a0<\/strong>Varios idiomas\u00a0*No puede bajar la resoluci\u00f3n a 720p<\/span><\/li>\n<\/ul>\n<h2><span style=\"color: #000000;\">Incluye<\/span><\/h2>\n<ul>\n<li><span style=\"color: #000000;\"><strong>x1<\/strong>\u00a0C\u00e1mara domo 2MP Full Color<\/span><\/li>\n<li><span style=\"color: #000000;\"><strong>x1<\/strong>\u00a0Base de montaje<\/span><\/li>\n<li><span style=\"color: #000000;\"><strong>x3\u00a0<\/strong>Tornillos de fijaci\u00f3n<\/span><\/li>\n<li><span style=\"color: #000000;\"><strong>x1\u00a0<\/strong>Manual de usuario<\/span><\/li>\n<li><span style=\"color: #000000;\"><strong>x1<\/strong>\u00a0P\u00f3liza de garant\u00eda<\/span><\/li>\n<li><span style=\"color: #000000;\"><strong>x1<\/strong>\u00a0Sticker de instalaci\u00f3n<\/span><\/li>\n<\/ul>\n","protected":false},"excerpt":{"rendered":"<p>DH-HAC-HDW1209TLQN-A-LED-0280B-S3\u00a0DAHUA\u00a0-C\u00e1mara Domo Full Color de 2 MP con lente de 2.8mm y \u00e1ngulo de 103\u00b0 Micr\u00f3fono integrado, iluminaci\u00f3n de 20m, tecnolog\u00eda Starlight y DWDR. Resistente con IP67, visi\u00f3n clara en baja luz Informaci\u00f3n General La c\u00e1mara domo\u00a0DAHUA DH-HAC-HDW1209TLQN-A-LED-0280B-S3\u00a0ofrece im\u00e1genes en\u00a0\u00a0Fullcolorde 2 MP, incluso en condiciones de baja luz, gracias a su tecnolog\u00edaStarlight. Con un lente [&hellip;]<\/p>\n","protected":false},"featured_media":12948,"template":"","meta":{"_acf_changed":false},"product_brand":[],"product_cat":[104,108],"product_tag":[],"berocket_brand":[],"class_list":{"0":"post-12947","1":"product","2":"type-product","3":"status-publish","4":"has-post-thumbnail","6":"product_cat-cctv-hdcvi","7":"product_cat-domo-cctv-hdcvi","9":"first","10":"instock","11":"taxable","12":"shipping-taxable","13":"purchasable","14":"product-type-simple","15":"berocket_lgv_grid","16":"berocket_lgv_list_grid"},"acf":[],"aioseo_notices":[],"_links":{"self":[{"href":"https:\/\/todoenseguridad.com\/site\/wp-json\/wp\/v2\/product\/12947","targetHints":{"allow":["GET"]}}],"collection":[{"href":"https:\/\/todoenseguridad.com\/site\/wp-json\/wp\/v2\/product"}],"about":[{"href":"https:\/\/todoenseguridad.com\/site\/wp-json\/wp\/v2\/types\/product"}],"wp:featuredmedia":[{"embeddable":true,"href":"https:\/\/todoenseguridad.com\/site\/wp-json\/wp\/v2\/media\/12948"}],"wp:attachment":[{"href":"https:\/\/todoenseguridad.com\/site\/wp-json\/wp\/v2\/media?parent=12947"}],"wp:term":[{"taxonomy":"product_brand","embeddable":true,"href":"https:\/\/todoenseguridad.com\/site\/wp-json\/wp\/v2\/product_brand?post=12947"},{"taxonomy":"product_cat","embeddable":true,"href":"https:\/\/todoenseguridad.com\/site\/wp-json\/wp\/v2\/product_cat?post=12947"},{"taxonomy":"product_tag","embeddable":true,"href":"https:\/\/todoenseguridad.com\/site\/wp-json\/wp\/v2\/product_tag?post=12947"},{"taxonomy":"berocket_brand","embeddable":true,"href":"https:\/\/todoenseguridad.com\/site\/wp-json\/wp\/v2\/berocket_brand?post=12947"}],"curies":[{"name":"wp","href":"https:\/\/api.w.org\/{rel}","templated":true}]}}