{"id":12884,"date":"2025-02-12T14:28:39","date_gmt":"2025-02-12T19:28:39","guid":{"rendered":"https:\/\/todoenseguridad.com\/site\/?post_type=product&#038;p=12884"},"modified":"2026-03-30T15:21:50","modified_gmt":"2026-03-30T20:21:50","slug":"hac-hdbw1801ean-dahua-camara-domo-antivandalica-4k-8mp-106-grados-de-apertura-metalica","status":"publish","type":"product","link":"https:\/\/todoenseguridad.com\/site\/producto\/hac-hdbw1801ean-dahua-camara-domo-antivandalica-4k-8mp-106-grados-de-apertura-metalica\/","title":{"rendered":"HAC-HDBW1801EAN DAHUA Camara Domo Antivandalica 4k\/ 8MP\/106 Grados de Apertura\/ Metalica"},"content":{"rendered":"<h3 id=\"title\"><span style=\"color: #0000ff;\">HAC-HDBW1801EAN DAHUA Camara Domo Antivandalica 4k\/ 8MP\/ Lente de 2.8mm\/ 106 Grados de Apertura\/ Metalica\/ Super Adapt\/ WDR Real de 120 dB\/ IR de 40 Metros\/ ip67\/ IK10<\/span><\/h3>\n<h4 class=\"card-title text-center\"><span style=\"color: #000000;\">Informaci\u00f3n general<\/span><\/h4>\n<p><span style=\"color: #000000;\">La serie Lite es una excelente opci\u00f3n para los consumidores que buscan productos de monitoreo de alta calidad a un precio razonable. Su bajo costo y alto rendimiento lo hacen ideal para \u00e1reas residenciales y soluciones para PYMES. Esta serie est\u00e1 equipada con una amplia gama de tecnolog\u00edas, como full-color y starlight, brindando diversas soluciones para diferentes escenarios<\/span><\/p>\n<h4><span style=\"color: #000000;\">Amplio rango din\u00e1mico<\/span><\/h4>\n<p><span style=\"color: #000000;\">Con su avanzada tecnolog\u00eda de amplio rango din\u00e1mico (WDR), la c\u00e1mara captura im\u00e1genes muy detalladas y produce grabaciones de alta definici\u00f3n en condiciones de iluminaci\u00f3n de alto contraste y en escenas con luz de fondo o sombras<\/span><\/p>\n<h4><span style=\"color: #000000;\">3 DNR avanzado<\/span><\/h4>\n<p><span style=\"color: #000000;\">La tecnolog\u00eda avanzada 3DNR de Dahua reduce el ruido de la imagen con poco o ning\u00fan impacto en la nitidez de la imagen, especialmente en condiciones de poca luz. Detecta el ruido y compara los cuadros secuenciales para reducir el ruido de manera efectiva. Tambi\u00e9n hace un uso eficiente del ancho de banda, ahorrando espacio de almacenamiento<\/span><\/p>\n<h4><span style=\"color: #000000;\">Protecci\u00f3n (IP67, IK10, Amplio Voltaje) IP67: la c\u00e1mara super\u00f3 una serie de rigurosas pruebas de polvo e inmersi\u00f3n. Su carcasa es a prueba de polvo e impermeable, y puede funcionar<\/span><\/h4>\n<p class=\"ql-align-justify\"><span style=\"color: #000000;\">IP67: la c\u00e1mara super\u00f3 una serie de rigurosas pruebas de polvo e inmersi\u00f3n. Su carcasa es a prueba de polvo e impermeable, y puede funcionar normalmente mientras se sumerge en agua a 1 m de profundidad durante un m\u00e1ximo de 30 minutos.<\/span><\/p>\n<p class=\"ql-align-justify\"><span style=\"color: #000000;\">IK10: La caja puede soportar hasta 5 golpes de un martillo de 5 kg cayendo desde una altura de 40 cm (la energ\u00eda del impacto es de 20 J).<\/span><\/p>\n<p class=\"ql-align-justify\"><span style=\"color: #000000;\">Amplio voltaje: la c\u00e1mara tiene una tolerancia de voltaje de entrada de \u00b130 % (para algunas fuentes de alimentaci\u00f3n) y un amplio rango de voltaje, lo que la hace adecuada para una variedad de escenarios al aire libre<\/span><\/p>\n<div class=\"row align-items-center padding-bottom-2x\">\n<div class=\"col-md-7 order-md-1 text-md-left text-center\">\n<h4><span style=\"color: #000000;\">4 Se\u00f1ales sobre 1 Cable Coaxial<\/span><\/h4>\n<p><span style=\"color: #000000;\">La tecnolog\u00eda HDCVI admite 4 se\u00f1ales (video, audio*, datos y alimentaci\u00f3n) que se transmiten simult\u00e1neamente a trav\u00e9s de un cable coaxial. La transmisi\u00f3n de datos bidireccional permite que la c\u00e1mara HDCVI interact\u00fae con el XVR para realizar diversas acciones, como enviar se\u00f1ales de control y activar alarmas. La tecnolog\u00eda HDCVI tambi\u00e9n es compatible con PoC, lo que hace que la c\u00e1mara sea f\u00e1cil y r\u00e1pida de instalar.<\/span><\/p>\n<div class=\"row align-items-center padding-bottom-2x\">\n<div class=\"col-md-7 text-md-left text-center\">\n<h4><span style=\"color: #000000;\">Iluminaci\u00f3n IR inteligente<\/span><\/h4>\n<p><span style=\"color: #000000;\">Con su iluminaci\u00f3n IR, la c\u00e1mara proporciona un rendimiento \u00f3ptimo en condiciones de poca luz, asegurando la uniformidad en el brillo de las im\u00e1genes en blanco y negro. A trav\u00e9s de su tecnolog\u00eda IR inteligente, la c\u00e1mara tambi\u00e9n compensa la distancia de los objetivos ajustando la intensidad de sus LED IR, evitando la sobre exposici\u00f3n de las im\u00e1genes a medida que los objetivos se acercan a la c\u00e1mara.\u00a0<\/span><\/p>\n<div class=\"row align-items-center padding-bottom-2x\">\n<div class=\"col-md-7 order-md-1 text-md-left text-center\">\n<h4><span style=\"color: #000000;\">Caracter\u00edsticas Principales<\/span><\/h4>\n<p><span style=\"color: #000000;\"><strong>\u00b7\u00a0<\/strong>m\u00e1x. 15 fps a 4K.<strong>\u00b7\u00a0<\/strong>WDR real de 120 dB, 3D NR.<strong>\u00b7\u00a0<\/strong>Iluminaci\u00f3n IR inteligente.<strong>\u00b7\u00a0<\/strong>Distancia de iluminaci\u00f3n de 40 m.<strong>\u00b7\u00a0<\/strong>Lente fija de 3,6 mm (2,8 mm opcional).<strong>\u00b7\u00a0<\/strong>CVI\/CVBS\/AHD\/TVI conmutable.<strong>\u00b7\u00a0<\/strong>IP67, IK10, 12 V CC.\u00a0<\/span><\/p>\n<h4><span style=\"color: #000000;\">Especificaciones T\u00e9cnicas<\/span><\/h4>\n<p><span style=\"color: #000000;\">8 MP<\/span><\/p>\n<p><span style=\"color: #000000;\">CMOS 4K<\/span><\/p>\n<p><span style=\"color: #000000;\">M\u00e1x. Resoluci\u00f3n 3840 (H) x 2160 (v)<\/span><\/p>\n<p><span style=\"color: #000000;\">Sistema de escaneo progresivo<\/span><\/p>\n<p><span style=\"color: #000000;\">Velocidad de obturaci\u00f3n electr\u00f3nica:\u00a0PAL: 1\/25 s\u20131\/100000 s NTSC: 1\/30 s\u20131\/100000 s\u00a0<\/span><\/p>\n<p><span style=\"color: #000000;\">M\u00edn. Iluminaci\u00f3n: 0,01 lux a F2,0 (color, 30 IRE) 0,001 lux a F2,0 (B\/N, 30 IRE) 0 lux (iluminador encendido)<\/span><\/p>\n<p><span style=\"color: #000000;\">Relaci\u00f3n se\u00f1al\/ruido: &gt;65 dB<\/span><\/p>\n<\/div>\n<\/div>\n<\/div>\n<\/div>\n<\/div>\n<\/div>\n","protected":false},"excerpt":{"rendered":"<p>HAC-HDBW1801EAN DAHUA Camara Domo Antivandalica 4k\/ 8MP\/ Lente de 2.8mm\/ 106 Grados de Apertura\/ Metalica\/ Super Adapt\/ WDR Real de 120 dB\/ IR de 40 Metros\/ ip67\/ IK10 Informaci\u00f3n general La serie Lite es una excelente opci\u00f3n para los consumidores que buscan productos de monitoreo de alta calidad a un precio razonable. Su bajo costo [&hellip;]<\/p>\n","protected":false},"featured_media":12886,"template":"","meta":{"_acf_changed":false},"product_brand":[],"product_cat":[104,108,226],"product_tag":[],"berocket_brand":[],"class_list":{"0":"post-12884","1":"product","2":"type-product","3":"status-publish","4":"has-post-thumbnail","6":"product_cat-cctv-hdcvi","7":"product_cat-domo-cctv-hdcvi","8":"product_cat-camaras-de-seguridad-cctv-videovigilancia-hd","10":"first","11":"instock","12":"taxable","13":"shipping-taxable","14":"purchasable","15":"product-type-simple","16":"berocket_lgv_grid","17":"berocket_lgv_list_grid"},"acf":[],"aioseo_notices":[],"_links":{"self":[{"href":"https:\/\/todoenseguridad.com\/site\/wp-json\/wp\/v2\/product\/12884","targetHints":{"allow":["GET"]}}],"collection":[{"href":"https:\/\/todoenseguridad.com\/site\/wp-json\/wp\/v2\/product"}],"about":[{"href":"https:\/\/todoenseguridad.com\/site\/wp-json\/wp\/v2\/types\/product"}],"wp:featuredmedia":[{"embeddable":true,"href":"https:\/\/todoenseguridad.com\/site\/wp-json\/wp\/v2\/media\/12886"}],"wp:attachment":[{"href":"https:\/\/todoenseguridad.com\/site\/wp-json\/wp\/v2\/media?parent=12884"}],"wp:term":[{"taxonomy":"product_brand","embeddable":true,"href":"https:\/\/todoenseguridad.com\/site\/wp-json\/wp\/v2\/product_brand?post=12884"},{"taxonomy":"product_cat","embeddable":true,"href":"https:\/\/todoenseguridad.com\/site\/wp-json\/wp\/v2\/product_cat?post=12884"},{"taxonomy":"product_tag","embeddable":true,"href":"https:\/\/todoenseguridad.com\/site\/wp-json\/wp\/v2\/product_tag?post=12884"},{"taxonomy":"berocket_brand","embeddable":true,"href":"https:\/\/todoenseguridad.com\/site\/wp-json\/wp\/v2\/berocket_brand?post=12884"}],"curies":[{"name":"wp","href":"https:\/\/api.w.org\/{rel}","templated":true}]}}