{"id":12876,"date":"2025-02-12T13:01:18","date_gmt":"2025-02-12T18:01:18","guid":{"rendered":"https:\/\/todoenseguridad.com\/site\/?post_type=product&#038;p=12876"},"modified":"2026-03-30T15:25:41","modified_gmt":"2026-03-30T20:25:41","slug":"hac-hfw1509tn-led-dahua-camara-bullet-full-color-de-5mp-112-grados-de-apertura","status":"publish","type":"product","link":"https:\/\/todoenseguridad.com\/site\/producto\/hac-hfw1509tn-led-dahua-camara-bullet-full-color-de-5mp-112-grados-de-apertura\/","title":{"rendered":"HAC-HFW1509TN-LED DAHUA Camara Bullet Full Color de 5MP\/ 112 Grados de Apertura"},"content":{"rendered":"<h3 id=\"title\"><span style=\"color: #0000ff;\">HAC-HFW1509TN-LED DAHUA Camara Bullet Full Color de 5MP\/ Lente de 2.8mm\/ 112 Grados de Apertura\/ Leds para 20 Metros\/ Metalica\/ WDR de 120 dB\/ IP67<\/span><\/h3>\n<h4 class=\"card-title text-center\"><span style=\"color: #000000;\">Informaci\u00f3n general<\/span><\/h4>\n<p><span style=\"color: #000000;\">La serie Lite es adecuada para usuarios que requieren productos de monitoreo de alta calidad a un precio razonable. Es rentable y ofrece un alto rendimiento, lo que lo convierte en una opci\u00f3n ideal para aplicaciones residenciales y de peque\u00f1as y medianas empresas. Esta serie ofrece una opci\u00f3n de una amplia gama de tecnolog\u00edas como Full-color y Starlight, brindando varias soluciones para diferentes escenarios<\/span><\/p>\n<h4><span style=\"color: #000000;\">A todo color<\/span><\/h4>\n<p><span style=\"color: #000000;\">La c\u00e1mara a todo color adopta una lente de gran apertura y un sensor de alto rendimiento. Con una mayor cantidad de luz absorbida y un algoritmo avanzado de procesamiento de im\u00e1genes, la c\u00e1mara proporciona monitoreo de color las 24 horas, los 7 d\u00edas de la semana que recopila informaci\u00f3n clara y v\u00edvida, lo que aumenta significativamente la probabilidad de recopilar evidencia humana, de veh\u00edculos y de eventos v\u00e1lida que se puede usar para un an\u00e1lisis inteligente adicional<\/span><\/p>\n<h4><span style=\"color: #000000;\">3 DNR avanzado<\/span><\/h4>\n<p><span style=\"color: #000000;\">3D NR es una tecnolog\u00eda de reducci\u00f3n de ruido que detecta y elimina ruidos aleatorios comparando dos fotogramas secuenciales. La avanzada tecnolog\u00eda 3D NR de Dahua permite una notable reducci\u00f3n del ruido con poco impacto en la nitidez, especialmente en condiciones de iluminaci\u00f3n limitada. Adem\u00e1s, el 3D NR avanzado reduce efectivamente el ancho de banda y ahorra espacio de almacenamiento<\/span><\/p>\n<h4><span style=\"color: #000000;\">4 Se\u00f1ales sobre 1 Cable Coaxial<\/span><\/h4>\n<p><span style=\"color: #000000;\">La tecnolog\u00eda HDCVI admite la transmisi\u00f3n simult\u00e1nea de 4 se\u00f1ales a trav\u00e9s de 1 cable coaxial, es decir, video, audio*, datos y alimentaci\u00f3n. La transmisi\u00f3n de datos bidireccional permite que la c\u00e1mara HDCVI interact\u00fae con el XVR, como enviar una se\u00f1al de control o activar una alarma. Adem\u00e1s, la tecnolog\u00eda HDCVI es compatible con PoC para la flexibilidad de la construcci\u00f3n<\/span><\/p>\n<h4><span style=\"color: #000000;\">WDR<\/span><\/h4>\n<p><span style=\"color: #000000;\">Con la avanzada tecnolog\u00eda de amplio rango din\u00e1mico (WDR), la c\u00e1mara Dahua HDCVI proporciona detalles claros en un entorno de fuerte contraste de brillo. El \u00e1rea brillante y oscura puede obtener un video claro incluso en entornos de alto brillo o con sombra de luz de fondo<\/span><\/p>\n<h4><span style=\"color: #000000;\">Protecci\u00f3n (IP67, amplio voltaje)<\/span><\/h4>\n<p><span style=\"color: #000000;\">IP67: la c\u00e1mara pasa una serie de pruebas estrictas sobre polvo y remojo. Tiene una funci\u00f3n a prueba de polvo y la carcasa puede funcionar normalmente despu\u00e9s de sumergirse en agua a 1 m de profundidad durante 30 minutos.<\/span><\/p>\n<p><span style=\"color: #000000;\">Amplio voltaje: la c\u00e1mara permite una tolerancia de voltaje de entrada de \u00b130 % (para algunas fuentes de alimentaci\u00f3n) (amplio rango de voltaje) y se aplica ampliamente en ambientes exteriores con voltaje inestable<\/span><\/p>\n<h4><span style=\"color: #000000;\">Caracter\u00edsticas Principales<\/span><\/h4>\n<p><span style=\"color: #000000;\">\u00b7 Max 25 fps@5MP (salida de video 16:9)<\/span><\/p>\n<p><span style=\"color: #000000;\">\u00b7 WDR real de 120 dB, 3D NR<\/span><\/p>\n<p><span style=\"color: #000000;\">\u00b7 Im\u00e1genes en color 24\/7<\/span><\/p>\n<p><span style=\"color: #000000;\">\u00b7 Distancia de iluminaci\u00f3n de 20 m<\/span><\/p>\n<p><span style=\"color: #000000;\">\u00b7 CVI\/CVBS\/AHD\/TVI conmutable<\/span><\/p>\n<p><span style=\"color: #000000;\">\u00b7 Lente 2.8 mm<\/span><\/p>\n<p><span style=\"color: #000000;\">\u00b7 IP67, 12 V CC<\/span><\/p>\n<h4><span style=\"color: #000000;\">Especificaciones T\u00e9cnicas<\/span><\/h4>\n<p><span style=\"color: #000000;\">CMOS de 5 MP<\/span><\/p>\n<p><span style=\"color: #000000;\">M\u00e1x. Resoluci\u00f3n 2880 (H) x 1620 (v)<\/span><\/p>\n<p><span style=\"color: #000000;\">Sistema de escaneo progresivo<\/span><\/p>\n<p><span style=\"color: #000000;\">velocidad de obturaci\u00f3n electr\u00f3nica:\u00a0PAL:1\/3 s\u20131\/100 000 s NTSC:1\/4 s\u20131\/100 000 s<\/span><\/p>\n<p><span style=\"color: #000000;\">Relaci\u00f3n se\u00f1al\/ruido: &gt;65 dB<\/span><\/p>\n","protected":false},"excerpt":{"rendered":"<p>HAC-HFW1509TN-LED DAHUA Camara Bullet Full Color de 5MP\/ Lente de 2.8mm\/ 112 Grados de Apertura\/ Leds para 20 Metros\/ Metalica\/ WDR de 120 dB\/ IP67 Informaci\u00f3n general La serie Lite es adecuada para usuarios que requieren productos de monitoreo de alta calidad a un precio razonable. Es rentable y ofrece un alto rendimiento, lo que [&hellip;]<\/p>\n","protected":false},"featured_media":12877,"template":"","meta":{"_acf_changed":false},"product_brand":[],"product_cat":[107,104,226],"product_tag":[],"berocket_brand":[],"class_list":{"0":"post-12876","1":"product","2":"type-product","3":"status-publish","4":"has-post-thumbnail","6":"product_cat-bullet-cctv-hdcvi","7":"product_cat-cctv-hdcvi","8":"product_cat-camaras-de-seguridad-cctv-videovigilancia-hd","10":"first","11":"instock","12":"taxable","13":"shipping-taxable","14":"purchasable","15":"product-type-simple","16":"berocket_lgv_grid","17":"berocket_lgv_list_grid"},"acf":[],"aioseo_notices":[],"_links":{"self":[{"href":"https:\/\/todoenseguridad.com\/site\/wp-json\/wp\/v2\/product\/12876","targetHints":{"allow":["GET"]}}],"collection":[{"href":"https:\/\/todoenseguridad.com\/site\/wp-json\/wp\/v2\/product"}],"about":[{"href":"https:\/\/todoenseguridad.com\/site\/wp-json\/wp\/v2\/types\/product"}],"wp:featuredmedia":[{"embeddable":true,"href":"https:\/\/todoenseguridad.com\/site\/wp-json\/wp\/v2\/media\/12877"}],"wp:attachment":[{"href":"https:\/\/todoenseguridad.com\/site\/wp-json\/wp\/v2\/media?parent=12876"}],"wp:term":[{"taxonomy":"product_brand","embeddable":true,"href":"https:\/\/todoenseguridad.com\/site\/wp-json\/wp\/v2\/product_brand?post=12876"},{"taxonomy":"product_cat","embeddable":true,"href":"https:\/\/todoenseguridad.com\/site\/wp-json\/wp\/v2\/product_cat?post=12876"},{"taxonomy":"product_tag","embeddable":true,"href":"https:\/\/todoenseguridad.com\/site\/wp-json\/wp\/v2\/product_tag?post=12876"},{"taxonomy":"berocket_brand","embeddable":true,"href":"https:\/\/todoenseguridad.com\/site\/wp-json\/wp\/v2\/berocket_brand?post=12876"}],"curies":[{"name":"wp","href":"https:\/\/api.w.org\/{rel}","templated":true}]}}