{"id":12874,"date":"2025-02-11T18:00:03","date_gmt":"2025-02-11T23:00:03","guid":{"rendered":"https:\/\/todoenseguridad.com\/site\/?post_type=product&#038;p=12874"},"modified":"2026-03-30T15:26:09","modified_gmt":"2026-03-30T20:26:09","slug":"hac-b2a51n-u-28-s2-dahua-camara-bullet-de-5mp-lente-de-2-8mm-angulo-de-vision-106-grados","status":"publish","type":"product","link":"https:\/\/todoenseguridad.com\/site\/producto\/hac-b2a51n-u-28-s2-dahua-camara-bullet-de-5mp-lente-de-2-8mm-angulo-de-vision-106-grados\/","title":{"rendered":"HAC-B2A51N-U-28-S2 DAHUA Camara Bullet de 5MP\/ Lente de 2.8mm\/ Angulo de visi\u00f3n 106 grados"},"content":{"rendered":"<h3><span style=\\\"color: #0000ff\\\">HAC-B2A51N-U-28-S2 DAHUA Camara Bullet de 5MP\/ Lente de 2.8mm\/ Angulo de visi\u00f3n 106 grados\/ IR de 30 Mts\/ IP67\/ Metalica<\/span><span style=\\\"color: #0000ff\\\">\/ CVI\/CVBS\/AHD\/TVI\/<\/span><\/h3>\n<h4><span style=\\\"color: #000000\\\">Caracter\u00edsticas Principales<\/span><\/h4>\n<ul>\n<li><span style=\\\"color: #000000\\\"><strong>Resoluci\u00f3n<\/strong>: 25 fps a 5MP, salida de v\u00eddeo en 16:9.<\/span><\/li>\n<li><span style=\\\"color: #000000\\\"><strong>Iluminaci\u00f3n IR inteligente<\/strong>: Visibilidad clara en condiciones de poca luz, con un alcance de hasta 30 metros.<\/span><\/li>\n<li><span style=\\\"color: #000000\\\"><strong>Lentes<\/strong>: Lente fija de 3.6 mm, con opciones de 2.8 mm y 6 mm disponibles.<\/span><\/li>\n<li><span style=\\\"color: #000000\\\"><strong>Compatibilidad<\/strong>: CVI, CVBS, AHD y TVI conmutable.<\/span><\/li>\n<li><span style=\\\"color: #000000\\\"><strong>Resistencia<\/strong>: Clasificaci\u00f3n\u00a0<strong>IP67<\/strong>, resistente al polvo y al agua, ideal para exteriores<\/span><\/li>\n<\/ul>\n<h4><span style=\\\"color: #000000\\\">Especificaciones T\u00e9cnicas<\/span><\/h4>\n<ul>\n<li><span style=\\\"color: #000000\\\"><strong>Material:<\/strong>\u00a0Metal<\/span><\/li>\n<li><span style=\\\"color: #000000\\\"><strong>Dimensiones:<\/strong>150,0 mm \u00d7 69,7 mm \u00d7 70,0 mm<\/span><\/li>\n<li><span style=\\\"color: #000000\\\"><strong>Peso:\u00a0<\/strong>0.31\u00a0 kg<\/span><\/li>\n<li><span style=\\\"color: #000000\\\"><strong>Temperatura de trabajo:<\/strong>\u00a0-40\u00b0C a 60\u00b0C<\/span><\/li>\n<li><span style=\\\"color: #000000\\\"><strong>Alimentaci\u00f3n:\u00a0<\/strong>12 VCC<\/span><\/li>\n<li><span style=\\\"color: #000000\\\"><strong>Consumo de energ\u00eda:<\/strong>\u00a0M\u00e1x. 3.7 W (12 V CC,IR encendido)<\/span><\/li>\n<li><span style=\\\"color: #000000\\\"><strong>Men\u00fa OSD:<\/strong>\u00a0Varios idiomas\u00a0*No puede bajar la resoluci\u00f3n a 720p<\/span><\/li>\n<\/ul>\n","protected":false},"excerpt":{"rendered":"<p>HAC-B2A51N-U-28-S2 DAHUA Camara Bullet de 5MP\/ Lente de 2.8mm\/ Angulo de visi\u00f3n 106 grados\/ IR de 30 Mts\/ IP67\/ Metalica\/ CVI\/CVBS\/AHD\/TVI\/ Caracter\u00edsticas Principales Resoluci\u00f3n: 25 fps a 5MP, salida de v\u00eddeo en 16:9. Iluminaci\u00f3n IR inteligente: Visibilidad clara en condiciones de poca luz, con un alcance de hasta 30 metros. Lentes: Lente fija de 3.6 [&hellip;]<\/p>\n","protected":false},"featured_media":12875,"template":"","meta":{"_acf_changed":false},"product_brand":[],"product_cat":[107,104,226],"product_tag":[],"berocket_brand":[],"class_list":{"0":"post-12874","1":"product","2":"type-product","3":"status-publish","4":"has-post-thumbnail","6":"product_cat-bullet-cctv-hdcvi","7":"product_cat-cctv-hdcvi","8":"product_cat-camaras-de-seguridad-cctv-videovigilancia-hd","10":"first","11":"instock","12":"taxable","13":"shipping-taxable","14":"purchasable","15":"product-type-simple","16":"berocket_lgv_grid","17":"berocket_lgv_list_grid"},"acf":[],"aioseo_notices":[],"_links":{"self":[{"href":"https:\/\/todoenseguridad.com\/site\/wp-json\/wp\/v2\/product\/12874","targetHints":{"allow":["GET"]}}],"collection":[{"href":"https:\/\/todoenseguridad.com\/site\/wp-json\/wp\/v2\/product"}],"about":[{"href":"https:\/\/todoenseguridad.com\/site\/wp-json\/wp\/v2\/types\/product"}],"wp:featuredmedia":[{"embeddable":true,"href":"https:\/\/todoenseguridad.com\/site\/wp-json\/wp\/v2\/media\/12875"}],"wp:attachment":[{"href":"https:\/\/todoenseguridad.com\/site\/wp-json\/wp\/v2\/media?parent=12874"}],"wp:term":[{"taxonomy":"product_brand","embeddable":true,"href":"https:\/\/todoenseguridad.com\/site\/wp-json\/wp\/v2\/product_brand?post=12874"},{"taxonomy":"product_cat","embeddable":true,"href":"https:\/\/todoenseguridad.com\/site\/wp-json\/wp\/v2\/product_cat?post=12874"},{"taxonomy":"product_tag","embeddable":true,"href":"https:\/\/todoenseguridad.com\/site\/wp-json\/wp\/v2\/product_tag?post=12874"},{"taxonomy":"berocket_brand","embeddable":true,"href":"https:\/\/todoenseguridad.com\/site\/wp-json\/wp\/v2\/berocket_brand?post=12874"}],"curies":[{"name":"wp","href":"https:\/\/api.w.org\/{rel}","templated":true}]}}