{"id":12872,"date":"2025-02-11T17:55:03","date_gmt":"2025-02-11T22:55:03","guid":{"rendered":"https:\/\/todoenseguridad.com\/site\/?post_type=product&#038;p=12872"},"modified":"2026-03-23T11:16:40","modified_gmt":"2026-03-23T16:16:40","slug":"ds-k1t341cmfw-hikvision-terminal-min-moe-wifi-de-reconocimiento-facial-ultra-rapido","status":"publish","type":"product","link":"https:\/\/todoenseguridad.com\/site\/producto\/ds-k1t341cmfw-hikvision-terminal-min-moe-wifi-de-reconocimiento-facial-ultra-rapido\/","title":{"rendered":"DS-K1T341CMFW HIKVISION Terminal Min Moe WiFi de Reconocimiento Facial ULTRA R\u00c1PIDO"},"content":{"rendered":"<div>\n<h3 id=\\\"product_title_209830\\\"><span style=\\\"color: #0000ff\\\">DS-K1T341CMFW HIKVISION Terminal Min Moe WiFi de Reconocimiento Facial ULTRA R\u00c1PIDO (Exterior IP65) \/ Hasta 1.5 mts en lectura \/ Soporta P2P Hik-Connect \/ 3,000 Usuarios \/QR y Videoportero (ambientes de bajo ruido)<\/span><\/h3>\n<\/div>\n<div class=\\\"row\\\">\n<h4><span style=\\\"color: #000000\\\">Administre este equipo en la Nube Aproveche\u00a0Hik-Connect Teams<\/span><\/h4>\n<p><span style=\\\"color: #000000\\\">* Gratis para 10 Dispositivos y 100 empleados.<\/span><\/p>\n<p><span style=\\\"color: #000000\\\">HikConnect Teams es una plataforma\u00a0<strong>SaaS<\/strong>\u00a0para la gesti\u00f3n unificada en la nube de la seguridad con mayor rentabilidad, f\u00e1cil de implementar, altamente escalable en todos sus niveles y extremadamente seguro.<\/span><\/p>\n<p><span style=\\\"color: #000000\\\"><em><strong>*SaaS<\/strong>\u00a0&#8211; Software as a Service \/ Software como servicio.<\/em><\/span><\/p>\n<ul>\n<li><span style=\\\"color: #000000\\\"><em>Administraci\u00f3n de usuarios, roles, y sucursales.<\/em><\/span><\/li>\n<li><span style=\\\"color: #000000\\\"><em>Sincronizaci\u00f3n automatica de usuarios por \u00e1reas.<\/em><\/span><\/li>\n<li><span style=\\\"color: #000000\\\"><em>Chequeo de Asistencia por App de Smartphone con ubicaci\u00f3n GPS.<\/em><\/span><\/li>\n<li><span style=\\\"color: #000000\\\"><em>Reportes de acceso y asistenca remotos.<\/em><\/span><\/li>\n<li><span style=\\\"color: #000000\\\"><em>Pases temporales para visitantes generados desde App.<\/em><\/span><\/li>\n<li><span style=\\\"color: #000000\\\"><em>Integrable con Videovigilancia, Intercom, Monitoreo de Vehiculos etc<\/em><\/span><\/li>\n<\/ul>\n<h4><span style=\\\"color: #000000\\\"><strong>Caracter\u00edsticas Principales:<\/strong><\/span><\/h4>\n<ul>\n<li><span style=\\\"color: #000000\\\">Pantalla t\u00e1ctil de 4.3 pulgadas<\/span><\/li>\n<li><span style=\\\"color: #000000\\\">C\u00e1mara 2 MP con lente doble, de gran angular.<\/span><\/li>\n<li><span style=\\\"color: #000000\\\">Distancia de detecci\u00f3n de los rostros: 0.3 mts hasta 3 mts.<\/span><\/li>\n<li><span style=\\\"color: #000000\\\">Distancia de Reconocimiento 0.3 a 1.5 m<\/span><\/li>\n<li><span style=\\\"color: #000000\\\">Soporta hasta 3,000 rostros.<\/span><\/li>\n<li><span style=\\\"color: #000000\\\">Capacidad para 150,000 eventos.<\/span><\/li>\n<li><span style=\\\"color: #000000\\\">Soporta hasta 3,000 huellas.<\/span><\/li>\n<li><span style=\\\"color: #000000\\\">Soporta hasta 3,000 tarjetas (Mifare).<\/span><\/li>\n<li><span style=\\\"color: #000000\\\"><strong>Garant\u00eda: 5 a\u00f1os<\/strong><\/span><\/li>\n<\/ul>\n<h4><span style=\\\"color: #000000\\\"><strong>Caracter\u00edsticas F\u00edsicas y El\u00e9ctricas<\/strong><\/span><\/h4>\n<ul>\n<li><span style=\\\"color: #000000\\\">Alimentaci\u00f3n: 12 Vcc \/ 2 Amp \/ 24 W. (Incluido)<\/span><\/li>\n<li><span style=\\\"color: #000000\\\">Aplicaci\u00f3n: Interior \/ Exterior protegido (IP65)<\/span><\/li>\n<li><span style=\\\"color: #000000\\\">Temperatura: -30 \u00b0C to 60 \u00b0C (-22 \u00b0F to 140 \u00b0F)<\/span><\/li>\n<li><span style=\\\"color: #000000\\\">Dimensiones: 172.5 mm \u00d7 83.2 mm \u00d7 22.7 mm\u00a0<\/span><\/li>\n<li><span style=\\\"color: #000000\\\"><strong>Interfaces:<\/strong><\/span>\n<ul>\n<li><span style=\\\"color: #000000\\\">Puerto de Red: 1 (<strong>tambi\u00e9n es WiFi<\/strong>)<\/span><\/li>\n<li><span style=\\\"color: #000000\\\">Cerradura El\u00e9ctrica: 1<\/span><\/li>\n<li><span style=\\\"color: #000000\\\">USB 2.0: 1<\/span><\/li>\n<li><span style=\\\"color: #000000\\\">RS-485: 1<\/span><\/li>\n<li><span style=\\\"color: #000000\\\">Bot\u00f3n de salida: 1<\/span><\/li>\n<li><span style=\\\"color: #000000\\\">Wiegand Configurable (Entrada\/Salida)<\/span><\/li>\n<\/ul>\n<\/li>\n<\/ul>\n<h4><span style=\\\"color: #000000\\\"><strong>Caracter\u00edsticas Destacadas:<\/strong><\/span><\/h4>\n<ul>\n<li><span style=\\\"color: #000000\\\">El terminal frontal de la serie DS-K1T341 adopta un algoritmo DEEP LEARNING que\u00a0ayuda a reconocer el rostro de las personas m\u00e1s r\u00e1pido y con mayor precisi\u00f3n. Aplicable en escenarios, como edificios, empresas, industrias y otras \u00e1reas importantes.<\/span><\/li>\n<li><span style=\\\"color: #000000\\\">Soporta pases temporales para visitantes (c\u00f3digo QR y PIN) con HikConnect Teams<\/span><\/li>\n<\/ul>\n<\/div>\n","protected":false},"excerpt":{"rendered":"<p>DS-K1T341CMFW HIKVISION Terminal Min Moe WiFi de Reconocimiento Facial ULTRA R\u00c1PIDO (Exterior IP65) \/ Hasta 1.5 mts en lectura \/ Soporta P2P Hik-Connect \/ 3,000 Usuarios \/QR y Videoportero (ambientes de bajo ruido) Administre este equipo en la Nube Aproveche\u00a0Hik-Connect Teams * Gratis para 10 Dispositivos y 100 empleados. HikConnect Teams es una plataforma\u00a0SaaS\u00a0para la [&hellip;]<\/p>\n","protected":false},"featured_media":12873,"template":"","meta":{"_acf_changed":false},"product_brand":[],"product_cat":[96,419],"product_tag":[],"berocket_brand":[],"class_list":{"0":"post-12872","1":"product","2":"type-product","3":"status-publish","4":"has-post-thumbnail","6":"product_cat-control-de-acceso","7":"product_cat-videoportero","9":"first","10":"instock","11":"taxable","12":"shipping-taxable","13":"purchasable","14":"product-type-simple","15":"berocket_lgv_grid","16":"berocket_lgv_list_grid"},"acf":[],"aioseo_notices":[],"_links":{"self":[{"href":"https:\/\/todoenseguridad.com\/site\/wp-json\/wp\/v2\/product\/12872","targetHints":{"allow":["GET"]}}],"collection":[{"href":"https:\/\/todoenseguridad.com\/site\/wp-json\/wp\/v2\/product"}],"about":[{"href":"https:\/\/todoenseguridad.com\/site\/wp-json\/wp\/v2\/types\/product"}],"wp:featuredmedia":[{"embeddable":true,"href":"https:\/\/todoenseguridad.com\/site\/wp-json\/wp\/v2\/media\/12873"}],"wp:attachment":[{"href":"https:\/\/todoenseguridad.com\/site\/wp-json\/wp\/v2\/media?parent=12872"}],"wp:term":[{"taxonomy":"product_brand","embeddable":true,"href":"https:\/\/todoenseguridad.com\/site\/wp-json\/wp\/v2\/product_brand?post=12872"},{"taxonomy":"product_cat","embeddable":true,"href":"https:\/\/todoenseguridad.com\/site\/wp-json\/wp\/v2\/product_cat?post=12872"},{"taxonomy":"product_tag","embeddable":true,"href":"https:\/\/todoenseguridad.com\/site\/wp-json\/wp\/v2\/product_tag?post=12872"},{"taxonomy":"berocket_brand","embeddable":true,"href":"https:\/\/todoenseguridad.com\/site\/wp-json\/wp\/v2\/berocket_brand?post=12872"}],"curies":[{"name":"wp","href":"https:\/\/api.w.org\/{rel}","templated":true}]}}