{"id":12870,"date":"2025-02-11T17:47:56","date_gmt":"2025-02-11T22:47:56","guid":{"rendered":"https:\/\/todoenseguridad.com\/site\/?post_type=product&#038;p=12870"},"modified":"2026-03-23T11:17:24","modified_gmt":"2026-03-23T16:17:24","slug":"fgsw-2622vhp-planet-switch-no-administrable-24-puertos-poe-10-100-802-3af-at-2-combo-tp-sfp-gigabit","status":"publish","type":"product","link":"https:\/\/todoenseguridad.com\/site\/producto\/fgsw-2622vhp-planet-switch-no-administrable-24-puertos-poe-10-100-802-3af-at-2-combo-tp-sfp-gigabit\/","title":{"rendered":"FGSW-2622VHP planet Switch No Administrable 24 Puertos PoE 10\/100 802.3af\/at, 2 Combo TP\/SFP Gigabit"},"content":{"rendered":"<div>\n<h3><span style=\\\"color: #0000ff\\\"><span id=\\\"modelo_c\\\">FGSW-2622VHP planet <\/span>Switch No Administrable 24 Puertos PoE 10\/100 802.3af\/at, 2 Combo TP\/SFP Gigabit y Pantalla LCD para Monitoreo y Configuraci\u00f3n B\u00e1sica de PoE, Hasta 300 Watts<\/span><\/h3>\n<\/div>\n<div class=\\\"row\\\">\n<h4><span style=\\\"color: #000000\\\">Control LCD inteligente e intuitivo<\/span><\/h4>\n<ul>\n<li><span style=\\\"color: #000000\\\">Gesti\u00f3n y estado de PoE<\/span><\/li>\n<li><span style=\\\"color: #000000\\\">Gesti\u00f3n y estado del puerto<\/span><\/li>\n<li><span style=\\\"color: #000000\\\">Modo de conmutaci\u00f3n: est\u00e1ndar, VLAN y extendido<\/span><\/li>\n<li><span style=\\\"color: #000000\\\">Control de presupuesto y ancho de banda<\/span><\/li>\n<li><span style=\\\"color: #000000\\\">PD cheque vivo<\/span><\/li>\n<li><span style=\\\"color: #000000\\\">Mantenimiento: protector de pantalla, control de ventiladores, valores predeterminados de f\u00e1brica y configuraci\u00f3n guardada<\/span><\/li>\n<\/ul>\n<h4><span style=\\\"color: #000000\\\">Modo extendido<\/span><\/h4>\n<p><span style=\\\"color: #000000\\\">Funciona por puerto a una operaci\u00f3n d\u00faplex de 10 Mbps, pero puede admitir una salida de potencia PoE de 20 Watts a una distancia de hasta 250 metros, superando el l\u00edmite de 100 m del cable Ethernet UTP<\/span><\/p>\n<h4><span style=\\\"color: #000000\\\">Modo VLAN Isolation<\/span><\/h4>\n<p><span style=\\\"color: #000000\\\">Presenta la funci\u00f3n VLAN basada en puerto que puede ayudar a evitar que la multidifusi\u00f3n o la tormenta de transmisi\u00f3n de la c\u00e1mara IP se influencien entre s\u00ed.<\/span><\/p>\n<\/div>\n<h4><span style=\\\"color: #000000\\\"><strong>Especificaciones de hardware<\/strong><\/span><\/h4>\n<p><span style=\\\"color: #000000\\\">Puerto inyector 802.3af\/802.3at PoE: 24<\/span><\/p>\n<p><span style=\\\"color: #000000\\\">Puertos 10\/100BASE-TX MDI\/MDIX: 24<\/span><\/p>\n<p><span style=\\\"color: #000000\\\">Puertos 10\/100\/1000BASE-T MDI\/MDIX: 2<\/span><\/p>\n<p><span style=\\\"color: #000000\\\">Ranuras 1000BASE-X SFP\/mini-GBIC: 2<\/span><\/p>\n<p><span style=\\\"color: #000000\\\">Dimensiones: 440 x 233 x 44 mm (altura 1U)<\/span><\/p>\n<p><span style=\\\"color: #000000\\\">Peso: 3,4 kg<\/span><\/p>\n<p><span style=\\\"color: #000000\\\">Requerimientos de energ\u00eda: 00~240 V CA, 50\/60 Hz, 5 A m\u00e1x.<\/span><\/p>\n<p><span style=\\\"color: #000000\\\">Consumo: m\u00e1x.\u00a0330 vatios\/1132 BTU<\/span><\/p>\n<p><span style=\\\"color: #000000\\\">Ventilador T\u00e9rmico: 3<\/span><\/p>\n<h4><span style=\\\"color: #000000\\\"><strong>Est\u00e1ndar PoE<\/strong><\/span><\/h4>\n<p><span style=\\\"color: #000000\\\">IEEE 802.3af Alimentaci\u00f3n a trav\u00e9s de Ethernet\/PSE<\/span><br \/>\n<span style=\\\"color: #000000\\\">IEEE 802.3at Alimentaci\u00f3n a trav\u00e9s de Ethernet Plus\/PSE<\/span><\/p>\n<p><span style=\\\"color: #000000\\\"><strong>Tipo de fuente de alimentaci\u00f3n PoE: End Span<\/strong><\/span><\/p>\n<h4><span style=\\\"color: #000000\\\"><strong>Salida de alimentaci\u00f3n PoE<\/strong><\/span><\/h4>\n<p><span style=\\\"color: #000000\\\">Por puerto 54V DC, 300mA.\u00a0m\u00e1x.\u00a015,4 Watts (IEEE 802.3af)<\/span><br \/>\n<span style=\\\"color: #000000\\\">por puerto 54 V CC, 600 mA.\u00a0m\u00e1x.\u00a030 Watts (IEEE 802.3at)<\/span><\/p>\n<h4><span style=\\\"color: #000000\\\"><strong>Temperatura de operaci\u00f3n<\/strong><\/span><\/h4>\n<p><span style=\\\"color: #000000\\\">Temperatura: -10 ~ 60 grados C<\/span><br \/>\n<span style=\\\"color: #000000\\\">Humedad relativa: 10 ~ 90 % (sin condensaci\u00f3n)<\/span><\/p>\n<h4><span style=\\\"color: #000000\\\"><strong>Temperatura en almacenamiento<\/strong><\/span><\/h4>\n<p><span style=\\\"color: #000000\\\">Temperatura: -10 ~ 70 grados C<\/span><br \/>\n<span style=\\\"color: #000000\\\">Humedad relativa: 5 ~ 90 % (sin condensaci\u00f3n)<\/span><\/p>\n","protected":false},"excerpt":{"rendered":"<p>FGSW-2622VHP planet Switch No Administrable 24 Puertos PoE 10\/100 802.3af\/at, 2 Combo TP\/SFP Gigabit y Pantalla LCD para Monitoreo y Configuraci\u00f3n B\u00e1sica de PoE, Hasta 300 Watts Control LCD inteligente e intuitivo Gesti\u00f3n y estado de PoE Gesti\u00f3n y estado del puerto Modo de conmutaci\u00f3n: est\u00e1ndar, VLAN y extendido Control de presupuesto y ancho de [&hellip;]<\/p>\n","protected":false},"featured_media":12871,"template":"","meta":{"_acf_changed":false},"product_brand":[],"product_cat":[220,70],"product_tag":[],"berocket_brand":[],"class_list":{"0":"post-12870","1":"product","2":"type-product","3":"status-publish","4":"has-post-thumbnail","6":"product_cat-redes-de-datos","7":"product_cat-switch","9":"first","10":"instock","11":"taxable","12":"shipping-taxable","13":"purchasable","14":"product-type-simple","15":"berocket_lgv_grid","16":"berocket_lgv_list_grid"},"acf":[],"aioseo_notices":[],"_links":{"self":[{"href":"https:\/\/todoenseguridad.com\/site\/wp-json\/wp\/v2\/product\/12870","targetHints":{"allow":["GET"]}}],"collection":[{"href":"https:\/\/todoenseguridad.com\/site\/wp-json\/wp\/v2\/product"}],"about":[{"href":"https:\/\/todoenseguridad.com\/site\/wp-json\/wp\/v2\/types\/product"}],"wp:featuredmedia":[{"embeddable":true,"href":"https:\/\/todoenseguridad.com\/site\/wp-json\/wp\/v2\/media\/12871"}],"wp:attachment":[{"href":"https:\/\/todoenseguridad.com\/site\/wp-json\/wp\/v2\/media?parent=12870"}],"wp:term":[{"taxonomy":"product_brand","embeddable":true,"href":"https:\/\/todoenseguridad.com\/site\/wp-json\/wp\/v2\/product_brand?post=12870"},{"taxonomy":"product_cat","embeddable":true,"href":"https:\/\/todoenseguridad.com\/site\/wp-json\/wp\/v2\/product_cat?post=12870"},{"taxonomy":"product_tag","embeddable":true,"href":"https:\/\/todoenseguridad.com\/site\/wp-json\/wp\/v2\/product_tag?post=12870"},{"taxonomy":"berocket_brand","embeddable":true,"href":"https:\/\/todoenseguridad.com\/site\/wp-json\/wp\/v2\/berocket_brand?post=12870"}],"curies":[{"name":"wp","href":"https:\/\/api.w.org\/{rel}","templated":true}]}}