{"id":12865,"date":"2025-02-11T16:10:57","date_gmt":"2025-02-11T21:10:57","guid":{"rendered":"https:\/\/todoenseguridad.com\/site\/?post_type=product&#038;p=12865"},"modified":"2026-03-30T15:27:05","modified_gmt":"2026-03-30T20:27:05","slug":"wi-ps210g-wi-tek-switch-poe-no-administrable-poe-de-largo-alcance-hasta-250m","status":"publish","type":"product","link":"https:\/\/todoenseguridad.com\/site\/producto\/wi-ps210g-wi-tek-switch-poe-no-administrable-poe-de-largo-alcance-hasta-250m\/","title":{"rendered":"WI-PS210G WI-TEK Switch PoE No administrable \/ PoE de Largo Alcance Hasta 250m"},"content":{"rendered":"<div class=\\\"row\\\">\n<h3 id=\\\"product_title_189891\\\" class=\\\"titulo_vp\\\"><span style=\\\"color: #0000ff\\\">WI-PS210G WI-TEK Switch PoE No administrable \/ PoE de Largo Alcance Hasta 250m \/ 8 Puertos PoE 10\/100Mbps (Puerto 1 Hasta 60W, Puertos 2 al 8 Hasta 30W) + 2 Puertos Gigabit Uplink \/ Presupuesto 120 W \/ Plug and Play<\/span><\/h3>\n<\/div>\n<div class=\\\"row\\\">\n<h4><span style=\\\"color: #000000\\\">Switch PoE de largo alcance hasta 250 m<\/span><\/h4>\n<p class=\\\"text-muted\\\"><span style=\\\"color: #000000\\\">PoE de largo alcance con tecnolog\u00eda de extensi\u00f3n de red de patente exclusiva, utiliza el par trenzado existente com\u00fan, puede soportar la transmisi\u00f3n de datos de hasta 250 metros, rompe el l\u00edmite de transmisi\u00f3n de cien metros.\u00a0<strong>Reduciendo su velocidad a 10 Mbps y un PoE m\u00e1ximo de 7 W.<\/strong><\/span><\/p>\n<h4><span style=\\\"color: #000000\\\">Funci\u00f3n Smart PoE Watchdog en un Switch no Administrable<\/span><\/h4>\n<p class=\\\"text-muted\\\"><span style=\\\"color: #000000\\\">Plug and play, sin configuraci\u00f3n. Detecta autom\u00e1ticamente y reinicia la c\u00e1mara IP, esto si se pierde conectividad con la c\u00e1mara<\/span><\/p>\n<\/div>\n<p>&nbsp;<\/p>\n<h4><span style=\\\"color: #000000\\\">Especificaciones<\/span><\/h4>\n<p><span style=\\\"color: #000000\\\">Dimensiones: 270 x 220 x 65 mm<\/span><\/p>\n<p><span style=\\\"color: #000000\\\">Interfaces de Red:<\/span><\/p>\n<p><span style=\\\"color: #000000\\\"> (8) 10\/100 Mbps<\/span><br \/>\n<span style=\\\"color: #000000\\\">(2) uplink 10\/100\/1000<\/span><\/p>\n<p><span style=\\\"color: #000000\\\">Ventiladores: 1<\/span><\/p>\n<p><span style=\\\"color: #000000\\\">Fuente de alimentaci\u00f3n interna: AC 110-240 V, 50\/60Hz<\/span><\/p>\n<p><span style=\\\"color: #000000\\\">Puertos PoE (RJ45):<\/span><\/p>\n<ul>\n<li><span style=\\\"color: #000000\\\">Puerto 1: 60W<\/span><\/li>\n<li><span style=\\\"color: #000000\\\">Puertos 2-8: 30W<\/span><\/li>\n<li><span style=\\\"color: #000000\\\">Presupuesto de PoE: 120W<\/span><\/li>\n<\/ul>\n<p><span style=\\\"color: #000000\\\">Bandwidth:5.6 Gbps<\/span><\/p>\n<p><span style=\\\"color: #000000\\\">Mac Address Table: 2K<\/span><\/p>\n<p><span style=\\\"color: #000000\\\">Packet Forwarding Rate: 1.49 Mpps<\/span><\/p>\n<p><span style=\\\"color: #000000\\\">Nivel de protecci\u00f3n:\u00a0<\/span><\/p>\n<ul>\n<li><span style=\\\"color: #000000\\\">Lightning protection 6KV<\/span><\/li>\n<li><span style=\\\"color: #000000\\\">6KV ESD Contact discharge<\/span><\/li>\n<\/ul>\n<p><span style=\\\"color: #000000\\\">Temperatura de operaci\u00f3n:\u00a0 -10 to 55\u00b0 C<\/span><\/p>\n<p><span style=\\\"color: #000000\\\">Certificaciones: CE, FCC, RoHS<\/span><\/p>\n<p><span style=\\\"color: #000000\\\">Caracter\u00edsticas<\/span><\/p>\n<p><span style=\\\"color: #000000\\\">M\u00e9todo de Transmisi\u00f3n: Store-And-Forward<\/span><\/p>\n<h4><span style=\\\"color: #000000\\\">Funciones Avanzadas: <\/span><\/h4>\n<ul>\n<li><span style=\\\"color: #000000\\\">Priority Function<\/span><\/li>\n<li><span style=\\\"color: #000000\\\">Mac Address Auto-Learning<\/span><\/li>\n<li><span style=\\\"color: #000000\\\">IEEE802.3x flow control for Full-duplex mode<\/span><\/li>\n<li><span style=\\\"color: #000000\\\">Backpressure for Half-duplex mode<\/span><\/li>\n<\/ul>\n<h4><span style=\\\"color: #000000\\\">Otros<\/span><\/h4>\n<p><span style=\\\"color: #000000\\\">Contenido del Paquete:\u00a0<\/span><\/p>\n<ul>\n<li><span style=\\\"color: #000000\\\">Switch PoE<\/span><\/li>\n<li><span style=\\\"color: #000000\\\">Cable de alimentaci\u00f3n<\/span><\/li>\n<li><span style=\\\"color: #000000\\\">Gu\u00eda de Usuario\/Garant\u00eda<\/span><\/li>\n<\/ul>\n","protected":false},"excerpt":{"rendered":"<p>WI-PS210G WI-TEK Switch PoE No administrable \/ PoE de Largo Alcance Hasta 250m \/ 8 Puertos PoE 10\/100Mbps (Puerto 1 Hasta 60W, Puertos 2 al 8 Hasta 30W) + 2 Puertos Gigabit Uplink \/ Presupuesto 120 W \/ Plug and Play Switch PoE de largo alcance hasta 250 m PoE de largo alcance con tecnolog\u00eda [&hellip;]<\/p>\n","protected":false},"featured_media":12866,"template":"","meta":{"_acf_changed":false},"product_brand":[],"product_cat":[70],"product_tag":[],"berocket_brand":[],"class_list":{"0":"post-12865","1":"product","2":"type-product","3":"status-publish","4":"has-post-thumbnail","6":"product_cat-switch","8":"first","9":"instock","10":"taxable","11":"shipping-taxable","12":"purchasable","13":"product-type-simple","14":"berocket_lgv_grid","15":"berocket_lgv_list_grid"},"acf":[],"aioseo_notices":[],"_links":{"self":[{"href":"https:\/\/todoenseguridad.com\/site\/wp-json\/wp\/v2\/product\/12865","targetHints":{"allow":["GET"]}}],"collection":[{"href":"https:\/\/todoenseguridad.com\/site\/wp-json\/wp\/v2\/product"}],"about":[{"href":"https:\/\/todoenseguridad.com\/site\/wp-json\/wp\/v2\/types\/product"}],"wp:featuredmedia":[{"embeddable":true,"href":"https:\/\/todoenseguridad.com\/site\/wp-json\/wp\/v2\/media\/12866"}],"wp:attachment":[{"href":"https:\/\/todoenseguridad.com\/site\/wp-json\/wp\/v2\/media?parent=12865"}],"wp:term":[{"taxonomy":"product_brand","embeddable":true,"href":"https:\/\/todoenseguridad.com\/site\/wp-json\/wp\/v2\/product_brand?post=12865"},{"taxonomy":"product_cat","embeddable":true,"href":"https:\/\/todoenseguridad.com\/site\/wp-json\/wp\/v2\/product_cat?post=12865"},{"taxonomy":"product_tag","embeddable":true,"href":"https:\/\/todoenseguridad.com\/site\/wp-json\/wp\/v2\/product_tag?post=12865"},{"taxonomy":"berocket_brand","embeddable":true,"href":"https:\/\/todoenseguridad.com\/site\/wp-json\/wp\/v2\/berocket_brand?post=12865"}],"curies":[{"name":"wp","href":"https:\/\/api.w.org\/{rel}","templated":true}]}}