{"id":12859,"date":"2025-02-11T14:11:51","date_gmt":"2025-02-11T19:11:51","guid":{"rendered":"https:\/\/todoenseguridad.com\/site\/?post_type=product&#038;p=12859"},"modified":"2026-03-23T11:21:08","modified_gmt":"2026-03-23T16:21:08","slug":"ds-2xs2t41g1-id-4g-c05s07-hikvision-kit-solar-ip-all-in-one-doble-deteccion-bala-ip-4mp","status":"publish","type":"product","link":"https:\/\/todoenseguridad.com\/site\/producto\/ds-2xs2t41g1-id-4g-c05s07-hikvision-kit-solar-ip-all-in-one-doble-deteccion-bala-ip-4mp\/","title":{"rendered":"DS-2XS2T41G1-ID\/4G\/C05S07 HIKVISION Kit Solar IP All in One \/ Doble Detecci\u00f3n\/ Bala IP 4MP"},"content":{"rendered":"<h3 id=\\\"product_title_217756\\\" class=\\\"titulo_vp\\\"><span style=\\\"color: #0000ff\\\">DS-2XS2T41G1-ID\/4G\/C05S07 HIKVISION Kit Solar IP All in One \/ Doble Detecci\u00f3n (Radar + PIR) \/ Bala IP 4MP\/ Lente 4 mm \/ Panel Solar \/ Bater\u00eda de Respaldo de Litio 10Ah (Hasta 11 D\u00edas) \/ Conexi\u00f3n 4G \/ Audio de Dos V\u00edas \/ Accesorios de Inst. \/ Direc<\/span><\/h3>\n<h4><span style=\\\"color: #000000\\\">Caracter\u00edsticas principales:<\/span><\/h4>\n<ul>\n<li><span style=\\\"color: #000000\\\">Sensor de imagen: 1\/3\\\u00bb CMOS Scan Progresivo.<\/span><\/li>\n<li><span style=\\\"color: #000000\\\">Iluminaci\u00f3n m\u00ednima: Color: 0.001 Lux @ (F1.6, AGC ON).<\/span><\/li>\n<li><span style=\\\"color: #000000\\\">Distancia focal: 4 mm.<\/span><\/li>\n<li><span style=\\\"color: #000000\\\">Distancia de IR: 30 m IR EXIR inteligente (modo Performance), 10 m IR EXIR inteligente(modo Proactivo).<\/span><\/li>\n<li><span style=\\\"color: #000000\\\">Dia \/ Noche real (filtro ICR).<\/span><\/li>\n<li><span style=\\\"color: #000000\\\">Funciones : WDR 120 dB, 3D-DNR \/ EIS \/ HLC \/ BLC<\/span><\/li>\n<li><span style=\\\"color: #000000\\\">Ranura para SIM de datos (4G).<\/span><\/li>\n<\/ul>\n<h4><span style=\\\"color: #000000\\\">Caracter\u00edsticas F\u00edsicas y El\u00e9ctricas:<\/span><\/h4>\n<ul>\n<li><span style=\\\"color: #000000\\\">Aplicaci\u00f3n: Exterior.<\/span><\/li>\n<li><span style=\\\"color: #000000\\\">Protecci\u00f3n: IP67.<\/span><\/li>\n<li><span style=\\\"color: #000000\\\">Temperatura de operaci\u00f3n: 0\u00b0C a 50\u00b0C.<\/span><\/li>\n<li><span style=\\\"color: #000000\\\">Alimentaci\u00f3n \/ Consumo: 12 Vcc \/ 7W (no incluido)<\/span><\/li>\n<li><span style=\\\"color: #000000\\\">Dimensiones: 213.7mm x 292.4mm x 188.7cm<\/span><\/li>\n<li><span style=\\\"color: #000000\\\">Peso: 1.42 kgs.<\/span><\/li>\n<li><span style=\\\"color: #000000\\\">Garant\u00eda: 2 a\u00f1os.<\/span><\/li>\n<li><span style=\\\"color: #000000\\\">Incluye: c\u00e1mara, panel solar, bater\u00eda de respaldo, montaje de pared y poste.<\/span><\/li>\n<\/ul>\n<h4><span style=\\\"color: #000000\\\">Interfaces:<\/span><\/h4>\n<ul>\n<li><span style=\\\"color: #000000\\\">Red: 1 puerto RJ45 (10 \/ 100 Mbps) para configuraci\u00f3n.<\/span><\/li>\n<li><span style=\\\"color: #000000\\\">Micr\u00f3fono y Altavoz integrados.<\/span><\/li>\n<\/ul>\n<h4><span style=\\\"color: #000000\\\">Funciones de red y almacenamiento:<\/span><\/h4>\n<ul>\n<li><span style=\\\"color: #000000\\\">Protocolos:\u00a0TCP\/IP, ICMP, HTTP, DHCP, DNS, RTP, RTSP, RTCP, NTP, IGMP, QoS, UDP\u00a0<\/span><\/li>\n<li><span style=\\\"color: #000000\\\">Soporta ONVIF (Profile S, Profile G, Profile T) \/ ISAPI \/ SDK.<\/span><\/li>\n<li><span style=\\\"color: #000000\\\">Soporta NAS.<\/span><\/li>\n<li><span style=\\\"color: #000000\\\">Soporta navegadores Chrome, IE, Mozilla, Safari.<\/span><\/li>\n<li><span style=\\\"color: #000000\\\">Soporta triple streaming.<\/span><\/li>\n<li><span style=\\\"color: #000000\\\">Soporta 6 usuarios simult\u00e1neos.<\/span><\/li>\n<li><span style=\\\"color: #000000\\\">Soporta Micro SD de hasta 256 GB (no incluida).<\/span><\/li>\n<\/ul>\n<h4><span style=\\\"color: #000000\\\"><strong>Consideraciones:<\/strong><\/span><\/h4>\n<ul>\n<li><span style=\\\"color: #000000\\\">El\u00a0<strong>SIM\u00a0<\/strong>no est\u00e1 incluido en el kit, debe ser adquirido por separado.\u00a0<\/span><\/li>\n<li><span style=\\\"color: #000000\\\">Este kit solar es aut\u00f3nomo, se puede conectar directo a la App de Hik-Connect (escaneando el codigo QR), s\u00f3lo es necesario agregar el SIM de datos para que consuma internet y vizualizarlo de manera remota.<\/span><\/li>\n<li><span style=\\\"color: #000000\\\">No requiere alimentacion adicional, el mismo equipo cuenta con un panel solar y banco de baterias para tener autonom\u00eda.<\/span><\/li>\n<li><span style=\\\"color: #000000\\\">Si necesitamos tener grabaci\u00f3n requiere una memoria micro SD para su grabaci\u00f3n local.\u00a0<\/span><\/li>\n<li><span style=\\\"color: #000000\\\">Podemos tener audio de dos vias (audio bidireccional) desde la App Hik-Connect.<\/span><\/li>\n<\/ul>\n","protected":false},"excerpt":{"rendered":"<p>DS-2XS2T41G1-ID\/4G\/C05S07 HIKVISION Kit Solar IP All in One \/ Doble Detecci\u00f3n (Radar + PIR) \/ Bala IP 4MP\/ Lente 4 mm \/ Panel Solar \/ Bater\u00eda de Respaldo de Litio 10Ah (Hasta 11 D\u00edas) \/ Conexi\u00f3n 4G \/ Audio de Dos V\u00edas \/ Accesorios de Inst. \/ Direc Caracter\u00edsticas principales: Sensor de imagen: 1\/3\\\u00bb CMOS [&hellip;]<\/p>\n","protected":false},"featured_media":12860,"template":"","meta":{"_acf_changed":false},"product_brand":[],"product_cat":[52,51,226],"product_tag":[],"berocket_brand":[],"class_list":{"0":"post-12859","1":"product","2":"type-product","3":"status-publish","4":"has-post-thumbnail","6":"product_cat-bullet","7":"product_cat-camaras-i-p","8":"product_cat-camaras-de-seguridad-cctv-videovigilancia-hd","10":"first","11":"instock","12":"taxable","13":"shipping-taxable","14":"purchasable","15":"product-type-simple","16":"berocket_lgv_grid","17":"berocket_lgv_list_grid"},"acf":[],"aioseo_notices":[],"_links":{"self":[{"href":"https:\/\/todoenseguridad.com\/site\/wp-json\/wp\/v2\/product\/12859","targetHints":{"allow":["GET"]}}],"collection":[{"href":"https:\/\/todoenseguridad.com\/site\/wp-json\/wp\/v2\/product"}],"about":[{"href":"https:\/\/todoenseguridad.com\/site\/wp-json\/wp\/v2\/types\/product"}],"wp:featuredmedia":[{"embeddable":true,"href":"https:\/\/todoenseguridad.com\/site\/wp-json\/wp\/v2\/media\/12860"}],"wp:attachment":[{"href":"https:\/\/todoenseguridad.com\/site\/wp-json\/wp\/v2\/media?parent=12859"}],"wp:term":[{"taxonomy":"product_brand","embeddable":true,"href":"https:\/\/todoenseguridad.com\/site\/wp-json\/wp\/v2\/product_brand?post=12859"},{"taxonomy":"product_cat","embeddable":true,"href":"https:\/\/todoenseguridad.com\/site\/wp-json\/wp\/v2\/product_cat?post=12859"},{"taxonomy":"product_tag","embeddable":true,"href":"https:\/\/todoenseguridad.com\/site\/wp-json\/wp\/v2\/product_tag?post=12859"},{"taxonomy":"berocket_brand","embeddable":true,"href":"https:\/\/todoenseguridad.com\/site\/wp-json\/wp\/v2\/berocket_brand?post=12859"}],"curies":[{"name":"wp","href":"https:\/\/api.w.org\/{rel}","templated":true}]}}