{"id":12857,"date":"2025-02-11T13:09:57","date_gmt":"2025-02-11T18:09:57","guid":{"rendered":"https:\/\/todoenseguridad.com\/site\/?post_type=product&#038;p=12857"},"modified":"2026-03-23T11:22:19","modified_gmt":"2026-03-23T16:22:19","slug":"ds-2cd1047g2h-liuf-hikvision-dual-light-colorvu-bala-ip-4mp-lente-2-8-mm","status":"publish","type":"product","link":"https:\/\/todoenseguridad.com\/site\/producto\/ds-2cd1047g2h-liuf-hikvision-dual-light-colorvu-bala-ip-4mp-lente-2-8-mm\/","title":{"rendered":"DS-2CD1047G2H-LIUF HIKVISION [Dual Light + ColorVu] Bala IP 4MP\/ Lente 2.8 mm"},"content":{"rendered":"<div class=\\\"row\\\">\n<h3 id=\\\"product_title_228720\\\" class=\\\"titulo_vp\\\"><span style=\\\"color: #0000ff\\\">DS-2CD1047G2H-LIUF HIKVISION [Dual Light + ColorVu] Bala IP 4MP\/ Lente 2.8 mm \/ 30 mts IR + 30 mts Luz Blanca \/ Micr\u00f3fono Integrado \/ ACUSENSE Lite \/ Exterior IP67 \/ WDR 120 dB \/ PoE \/ Micro SD \/ ONVIF<\/span><\/h3>\n<\/div>\n<div>\n<h4><span style=\\\"color: #000000\\\">Caracter\u00edsticas Principales:<\/span><\/h4>\n<div>\n<ul>\n<li><span style=\\\"color: #000000\\\">Resoluci\u00f3n m\u00e1xima: 4 Megapixel (2560 x 1440).<\/span><\/li>\n<li><span style=\\\"color: #000000\\\">Iluminaci\u00f3n m\u00ednima: color 0.001 Lux @ (F1.0, AGC ON).<\/span><\/li>\n<li><span style=\\\"color: #000000\\\">Iluminaci\u00f3n m\u00ednima: 0 Lux con LUZ BLANCA.<\/span><\/li>\n<li><span style=\\\"color: #000000\\\">Distancia focal: 2.8 mm (\u00e1ngulo de visi\u00f3n) 115\u00b0.<\/span><\/li>\n<li><span style=\\\"color: #000000\\\">Distancia de Luz Blanca: 30 mts.<\/span><\/li>\n<li><span style=\\\"color: #000000\\\">Funciones normales: WDR 120dB \/ 3D DNR \/ BLC.<\/span><\/li>\n<li><span style=\\\"color: #000000\\\">\u200bFunciones Avanzadas: Detecci\u00f3n de Rostros \/ Intrusi\u00f3n de \u00e1rea \/ Cruce de l\u00ednea.<\/span><\/li>\n<li><span style=\\\"color: #000000\\\">Compresi\u00f3n: H.265+ \/ H.265 \/ H.264+ \/ H.264.<\/span><\/li>\n<li><span style=\\\"color: #000000\\\">Compatible con la plataforma de Hik-Connect<\/span><\/li>\n<\/ul>\n<h4><span style=\\\"color: #000000\\\">Entradas y Salidas de Audio \/ Alarmas \/ Red \/ Almacenamiento:<\/span><\/h4>\n<div>\n<ul>\n<li><span style=\\\"color: #000000\\\">Entradas de alarma: NA.<\/span><\/li>\n<li><span style=\\\"color: #000000\\\">Salidas de alarma: NA.<\/span><\/li>\n<li><span style=\\\"color: #000000\\\">Entradas de audio: NA.<\/span><\/li>\n<li><span style=\\\"color: #000000\\\">Salidas de audio: NA.<\/span><\/li>\n<li><span style=\\\"color: #000000\\\">Puerto de red: 1 (10 \/ 100 Mbps \/ PoE 802.3af ).<\/span><\/li>\n<li><span style=\\\"color: #000000\\\">Soporta ONVIF (PROFILE S) \/ ISAPI<\/span><\/li>\n<\/ul>\n<h4><span style=\\\"color: #000000\\\">Caracter\u00edsticas F\u00edsicas y El\u00e9ctricas:<\/span><\/h4>\n<\/div>\n<div>\n<ul>\n<li><span style=\\\"color: #000000\\\">Alimentaci\u00f3n: 12 Vcc \/ PoE 802.3 af \/ 6 W.<\/span><\/li>\n<li><span style=\\\"color: #000000\\\">Temperatura de operaci\u00f3n: -30\u00b0C a 60\u00b0C \/ Humedad al 95% m\u00e1ximo.<\/span><\/li>\n<li><span style=\\\"color: #000000\\\">Uso en exterior IP67.<\/span><\/li>\n<li><span style=\\\"color: #000000\\\">Dimensiones: 67.9 mm x 69.8 mm x 172.9 mm.<\/span><\/li>\n<li><span style=\\\"color: #000000\\\">\u200bPeso: 550 grs<\/span><\/li>\n<\/ul>\n<h4><span style=\\\"color: #000000\\\">Caracter\u00edsticas Destacadas:<\/span><\/h4>\n<ul>\n<li><span style=\\\"color: #000000\\\">La c\u00e1mara soporta micr\u00f3fono integrado (interconstruido) para enviar el video y el audio por el mismo cable de red sin tener que a\u00f1adir nada m\u00e1s.<\/span><\/li>\n<li><span style=\\\"color: #000000\\\">Compatible con la plataforma de Hik-Connect para una conexi\u00f3n m\u00e1s r\u00e1pida y sencilla.<\/span><\/li>\n<li><span style=\\\"color: #000000\\\">Soporta anal\u00edtico de ACUSENSE Lite para con anal\u00edticos como filtro de humano y veh\u00edculos por medio de detecci\u00f3n de movimiento (no por cruce de l\u00ednea o intrusi\u00f3n).<\/span><\/li>\n<li><span style=\\\"color: #000000\\\">Soporta la tecnolog\u00eda Dual Light, podemos tener en la noche la imagen de B\/N con los IR encendidos y cuando detecte movimiento por medio del anal\u00edtico de ACUSENSE Lite (filtro de humanos y veh\u00edculos) encender\u00e1 la luz blanca para poder tener el evento a color, cuando pase el evento se vuelve a colocar el la imagen en B\/N<\/span><\/li>\n<\/ul>\n<\/div>\n<\/div>\n<\/div>\n","protected":false},"excerpt":{"rendered":"<p>DS-2CD1047G2H-LIUF HIKVISION [Dual Light + ColorVu] Bala IP 4MP\/ Lente 2.8 mm \/ 30 mts IR + 30 mts Luz Blanca \/ Micr\u00f3fono Integrado \/ ACUSENSE Lite \/ Exterior IP67 \/ WDR 120 dB \/ PoE \/ Micro SD \/ ONVIF Caracter\u00edsticas Principales: Resoluci\u00f3n m\u00e1xima: 4 Megapixel (2560 x 1440). Iluminaci\u00f3n m\u00ednima: color 0.001 Lux [&hellip;]<\/p>\n","protected":false},"featured_media":12858,"template":"","meta":{"_acf_changed":false},"product_brand":[],"product_cat":[52,51,226],"product_tag":[],"berocket_brand":[],"class_list":{"0":"post-12857","1":"product","2":"type-product","3":"status-publish","4":"has-post-thumbnail","6":"product_cat-bullet","7":"product_cat-camaras-i-p","8":"product_cat-camaras-de-seguridad-cctv-videovigilancia-hd","10":"first","11":"instock","12":"taxable","13":"shipping-taxable","14":"purchasable","15":"product-type-simple","16":"berocket_lgv_grid","17":"berocket_lgv_list_grid"},"acf":[],"aioseo_notices":[],"_links":{"self":[{"href":"https:\/\/todoenseguridad.com\/site\/wp-json\/wp\/v2\/product\/12857","targetHints":{"allow":["GET"]}}],"collection":[{"href":"https:\/\/todoenseguridad.com\/site\/wp-json\/wp\/v2\/product"}],"about":[{"href":"https:\/\/todoenseguridad.com\/site\/wp-json\/wp\/v2\/types\/product"}],"wp:featuredmedia":[{"embeddable":true,"href":"https:\/\/todoenseguridad.com\/site\/wp-json\/wp\/v2\/media\/12858"}],"wp:attachment":[{"href":"https:\/\/todoenseguridad.com\/site\/wp-json\/wp\/v2\/media?parent=12857"}],"wp:term":[{"taxonomy":"product_brand","embeddable":true,"href":"https:\/\/todoenseguridad.com\/site\/wp-json\/wp\/v2\/product_brand?post=12857"},{"taxonomy":"product_cat","embeddable":true,"href":"https:\/\/todoenseguridad.com\/site\/wp-json\/wp\/v2\/product_cat?post=12857"},{"taxonomy":"product_tag","embeddable":true,"href":"https:\/\/todoenseguridad.com\/site\/wp-json\/wp\/v2\/product_tag?post=12857"},{"taxonomy":"berocket_brand","embeddable":true,"href":"https:\/\/todoenseguridad.com\/site\/wp-json\/wp\/v2\/berocket_brand?post=12857"}],"curies":[{"name":"wp","href":"https:\/\/api.w.org\/{rel}","templated":true}]}}