{"id":12852,"date":"2025-02-11T12:53:35","date_gmt":"2025-02-11T17:53:35","guid":{"rendered":"https:\/\/todoenseguridad.com\/site\/?post_type=product&#038;p=12852"},"modified":"2026-03-30T15:28:33","modified_gmt":"2026-03-30T20:28:33","slug":"sx10a18ch-saxxon-fuente-de-poder-profesional-12-vcd-10-amperes-18-canales","status":"publish","type":"product","link":"https:\/\/todoenseguridad.com\/site\/producto\/sx10a18ch-saxxon-fuente-de-poder-profesional-12-vcd-10-amperes-18-canales\/","title":{"rendered":"SX10A18CH \u00a0SAXXON Fuente de Poder Profesional 12 VCD \/ 10 Amperes \/ 18 Canales"},"content":{"rendered":"<h3 id=\\\"title\\\"><span style=\\\"color: #0000ff\\\">SX10A18CH \u00a0SAXXON Fuente de Poder Profesional 12 VCD \/ 10 Amperes \/ 18 Canales \/ 0.5 Amperes por Canal \/ Protecci\u00f3n contra Sobrecargas \/ Led Indicador de Funcionamiento<\/span><\/h3>\n<h4 class=\\\"card-title text-center\\\"><span style=\\\"color: #000000\\\">Informaci\u00f3n General<\/span><\/h4>\n<p><span style=\\\"color: #000000\\\">El modelo SX10A18CH es una fuente de poder de alto rendimiento con un soporte de alimentaci\u00f3n para 18 canales suministrando hasta 10 amperes para darte una soluci\u00f3n a las conexiones de m\u00faltiples dispositivos. Con estas fuentes puedes ahorrar las peque\u00f1as fuentes individuales y de baja calidad y de poca durabilidad, haciendo posible el ahorro en los proyectos<\/span><\/p>\n<div id=\\\"product-details-container\\\" class=\\\"container-fluid mb-1\\\">\n<div class=\\\"tab-content\\\">\n<div id=\\\"overviews\\\" class=\\\"tab-pane fade show active\\\" role=\\\"tabpanel\\\">\n<div class=\\\"container-fluid padding-bottom-2x mb-2\\\">\n<div class=\\\"row align-items-center padding-bottom-2x\\\">\n<div class=\\\"col-md-7 text-md-left text-center\\\">\n<h4><span style=\\\"color: #000000\\\">Especificaciones T\u00e9cnicas<\/span><\/h4>\n<ul>\n<li><span style=\\\"color: #000000\\\">Voltaje de entrada AC100-120V AC200-240V<\/span><\/li>\n<li><span style=\\\"color: #000000\\\">Corriente de entrada 240W<\/span><\/li>\n<li><span style=\\\"color: #000000\\\">Voltaje en salida 12VDC<\/span><\/li>\n<li><span style=\\\"color: #000000\\\">Corriente en salida 10A<\/span><\/li>\n<li><span style=\\\"color: #000000\\\">Cantidad de canales 18CH<\/span><\/li>\n<li><span style=\\\"color: #000000\\\">Salida por canal 0.6A<\/span><\/li>\n<li><span style=\\\"color: #000000\\\">Dimensiones: 31.8 cm x 21.7 cm x 5.5 cm ( Largo x Ancho x Profundo )<\/span><\/li>\n<\/ul>\n<h4><span style=\\\"color: #000000\\\"><strong>NOTA: NO INCLUYE CABLE DE ENERG\u00cdA<\/strong><\/span><\/h4>\n<\/div>\n<\/div>\n<\/div>\n<\/div>\n<\/div>\n<\/div>\n","protected":false},"excerpt":{"rendered":"<p>SX10A18CH \u00a0SAXXON Fuente de Poder Profesional 12 VCD \/ 10 Amperes \/ 18 Canales \/ 0.5 Amperes por Canal \/ Protecci\u00f3n contra Sobrecargas \/ Led Indicador de Funcionamiento Informaci\u00f3n General El modelo SX10A18CH es una fuente de poder de alto rendimiento con un soporte de alimentaci\u00f3n para 18 canales suministrando hasta 10 amperes para darte [&hellip;]<\/p>\n","protected":false},"featured_media":12853,"template":"","meta":{"_acf_changed":false},"product_brand":[],"product_cat":[67,133,226],"product_tag":[],"berocket_brand":[],"class_list":{"0":"post-12852","1":"product","2":"type-product","3":"status-publish","4":"has-post-thumbnail","6":"product_cat-fuentes-de-energia","7":"product_cat-fuentes-de-energia-accesorios-camaras-ip","8":"product_cat-camaras-de-seguridad-cctv-videovigilancia-hd","10":"first","11":"instock","12":"taxable","13":"shipping-taxable","14":"purchasable","15":"product-type-simple","16":"berocket_lgv_grid","17":"berocket_lgv_list_grid"},"acf":[],"aioseo_notices":[],"_links":{"self":[{"href":"https:\/\/todoenseguridad.com\/site\/wp-json\/wp\/v2\/product\/12852","targetHints":{"allow":["GET"]}}],"collection":[{"href":"https:\/\/todoenseguridad.com\/site\/wp-json\/wp\/v2\/product"}],"about":[{"href":"https:\/\/todoenseguridad.com\/site\/wp-json\/wp\/v2\/types\/product"}],"wp:featuredmedia":[{"embeddable":true,"href":"https:\/\/todoenseguridad.com\/site\/wp-json\/wp\/v2\/media\/12853"}],"wp:attachment":[{"href":"https:\/\/todoenseguridad.com\/site\/wp-json\/wp\/v2\/media?parent=12852"}],"wp:term":[{"taxonomy":"product_brand","embeddable":true,"href":"https:\/\/todoenseguridad.com\/site\/wp-json\/wp\/v2\/product_brand?post=12852"},{"taxonomy":"product_cat","embeddable":true,"href":"https:\/\/todoenseguridad.com\/site\/wp-json\/wp\/v2\/product_cat?post=12852"},{"taxonomy":"product_tag","embeddable":true,"href":"https:\/\/todoenseguridad.com\/site\/wp-json\/wp\/v2\/product_tag?post=12852"},{"taxonomy":"berocket_brand","embeddable":true,"href":"https:\/\/todoenseguridad.com\/site\/wp-json\/wp\/v2\/berocket_brand?post=12852"}],"curies":[{"name":"wp","href":"https:\/\/api.w.org\/{rel}","templated":true}]}}