{"id":12850,"date":"2025-02-11T12:48:01","date_gmt":"2025-02-11T17:48:01","guid":{"rendered":"https:\/\/todoenseguridad.com\/site\/?post_type=product&#038;p=12850"},"modified":"2026-03-23T11:24:33","modified_gmt":"2026-03-23T16:24:33","slug":"ds-2cd1023g2-liu-hikvision-bala-ip-2mp-lente-2-8-mm-dual-light-microfono-integrado","status":"publish","type":"product","link":"https:\/\/todoenseguridad.com\/site\/producto\/ds-2cd1023g2-liu-hikvision-bala-ip-2mp-lente-2-8-mm-dual-light-microfono-integrado\/","title":{"rendered":"DS-2CD1023G2-LIU HIKVISION Bala IP 2MP\/ Lente 2.8 mm \/ Dual Light\/ Micr\u00f3fono Integrado"},"content":{"rendered":"<div class=\\\"row\\\">\n<h3 id=\\\"product_title_220978\\\" class=\\\"titulo_vp\\\"><span style=\\\"color: #0000ff\\\">DS-2CD1023G2-LIU HIKVISION Bala IP 2MP\/ Lente 2.8 mm \/ Dual Light (30 mts IR + 20 mts Luz Blanca) \/ Micr\u00f3fono Integrado \/ ACUSENSE Lite \/ Exterior IP67 \/ H.265+ \/ PoE \/ ONVIF<\/span><\/h3>\n<\/div>\n<div class=\\\"row\\\">\n<h4 class=\\\"card-header bg-primary\\\"><span class=\\\"text-bg-primary fw-bolder\\\" style=\\\"color: #000000\\\">Caracter\u00edsticas Principales:<\/span><\/h4>\n<div class=\\\"card-body\\\">\n<ul>\n<li><span style=\\\"color: #000000\\\">Resoluci\u00f3n m\u00e1xima: 2 Megapixel (1920 x 1080p).<\/span><\/li>\n<li><span style=\\\"color: #000000\\\">Lente fijo: 2.8 mm (\u00e1ngulo de apertura 103\u00b0).<\/span><\/li>\n<li><span style=\\\"color: #000000\\\">Micr\u00f3fono integrado.<\/span><\/li>\n<li><span style=\\\"color: #000000\\\">30 m IR EXIR (visi\u00f3n nocturna).<\/span><\/li>\n<li><span style=\\\"color: #000000\\\">20 m de luz blanca (ayuda a iluminar el sitio para mantener la imagen siempre a color).<\/span><\/li>\n<li><span style=\\\"color: #000000\\\">Compresi\u00f3n: H.265+ \/ H.265 \/ H.264.<\/span><\/li>\n<li><span style=\\\"color: #000000\\\">dWDR \/ 3D DNR \/ BLC.<\/span><\/li>\n<li><span style=\\\"color: #000000\\\">Compatible con plataforma Hik-Connect (P2P)<\/span><\/li>\n<\/ul>\n<h4 class=\\\"card-header bg-primary\\\"><span class=\\\"text-bg-primary fw-bolder\\\" style=\\\"color: #000000\\\">Entradas y Salidas de Audio \/ Alarmas \/ Red:<\/span><\/h4>\n<ul>\n<li><span style=\\\"color: #000000\\\">Entradas de alarma: NA.<\/span><\/li>\n<li><span style=\\\"color: #000000\\\">Salidas de alarma: NA.<\/span><\/li>\n<li><span style=\\\"color: #000000\\\">Entradas de audio: NA.<\/span><\/li>\n<li><span style=\\\"color: #000000\\\">Salidas de audio: NA.<\/span><\/li>\n<li><span style=\\\"color: #000000\\\">Puerto de red: 1 (10 \/ 100 Mbps \/ PoE \/ 802.3af).<\/span><\/li>\n<li><span style=\\\"color: #000000\\\">Soporta ONVIF (PROFILE S) \/ ISAPI<\/span><\/li>\n<\/ul>\n<h4 class=\\\"card-header bg-primary\\\"><span class=\\\"text-bg-primary fw-bolder\\\" style=\\\"color: #000000\\\">Caracter\u00edsticas F\u00edsicas y El\u00e9ctricas:<\/span><\/h4>\n<div>\n<ul>\n<li><span style=\\\"color: #000000\\\">Alimentaci\u00f3n: 12 Vcc \/ 6.5W PoE (802.3 af).<\/span><\/li>\n<li><span style=\\\"color: #000000\\\">Protecci\u00f3n: IP67 (interior \/ exterior).<\/span><\/li>\n<li><span style=\\\"color: #000000\\\">Material: policarbonato y metal.<\/span><\/li>\n<li><span style=\\\"color: #000000\\\">Dimensiones: 170.8 x 66 x 69.1 mm.<\/span><\/li>\n<li><span style=\\\"color: #000000\\\">Peso: 265 g<\/span><\/li>\n<\/ul>\n<\/div>\n<div class=\\\"card-body\\\">\n<h4 class=\\\"card-header bg-primary\\\"><span class=\\\"text-bg-primary fw-bolder\\\" style=\\\"color: #000000\\\">Caracter\u00edsticas Destacadas:<\/span><\/h4>\n<div class=\\\"card-body\\\">\n<ul>\n<li><span style=\\\"color: #000000\\\">La c\u00e1mara soporta micr\u00f3fono integrado (interconstruido) para enviar el video y el audio por el mismo cable de red sin tener que a\u00f1adir nada m\u00e1s.<\/span><\/li>\n<li><span style=\\\"color: #000000\\\">Compatible con la plataforma de Hik-Connect para una conexi\u00f3n m\u00e1s r\u00e1pida y sencilla.<\/span><\/li>\n<li><span style=\\\"color: #000000\\\">Soporta anal\u00edtico de ACUSENSE Lite para con anal\u00edticos como filtro de humano y veh\u00edculos por medio de detecci\u00f3n de movimiento (no por cruce de l\u00ednea o intrusi\u00f3n).<\/span><\/li>\n<li><span style=\\\"color: #000000\\\">Soporta la tecnolog\u00eda Dual Light, podemos tener en la noche la imagen de B\/N con los IR encendidos y cuando detecte movimiento por medio del anal\u00edtico de ACUSENSE Lite (filtro de humanos y veh\u00edculos) encender\u00e1 la luz blanca para poder tener el evento a color, cuando pase el evento se vuelve a colocar el la imagen en B\/N<\/span><\/li>\n<\/ul>\n<p>&nbsp;<\/p>\n<\/div>\n<\/div>\n<\/div>\n<\/div>\n","protected":false},"excerpt":{"rendered":"<p>DS-2CD1023G2-LIU HIKVISION Bala IP 2MP\/ Lente 2.8 mm \/ Dual Light (30 mts IR + 20 mts Luz Blanca) \/ Micr\u00f3fono Integrado \/ ACUSENSE Lite \/ Exterior IP67 \/ H.265+ \/ PoE \/ ONVIF Caracter\u00edsticas Principales: Resoluci\u00f3n m\u00e1xima: 2 Megapixel (1920 x 1080p). Lente fijo: 2.8 mm (\u00e1ngulo de apertura 103\u00b0). Micr\u00f3fono integrado. 30 m [&hellip;]<\/p>\n","protected":false},"featured_media":12851,"template":"","meta":{"_acf_changed":false},"product_brand":[],"product_cat":[52,51,226],"product_tag":[],"berocket_brand":[],"class_list":{"0":"post-12850","1":"product","2":"type-product","3":"status-publish","4":"has-post-thumbnail","6":"product_cat-bullet","7":"product_cat-camaras-i-p","8":"product_cat-camaras-de-seguridad-cctv-videovigilancia-hd","10":"first","11":"instock","12":"taxable","13":"shipping-taxable","14":"purchasable","15":"product-type-simple","16":"berocket_lgv_grid","17":"berocket_lgv_list_grid"},"acf":[],"aioseo_notices":[],"_links":{"self":[{"href":"https:\/\/todoenseguridad.com\/site\/wp-json\/wp\/v2\/product\/12850","targetHints":{"allow":["GET"]}}],"collection":[{"href":"https:\/\/todoenseguridad.com\/site\/wp-json\/wp\/v2\/product"}],"about":[{"href":"https:\/\/todoenseguridad.com\/site\/wp-json\/wp\/v2\/types\/product"}],"wp:featuredmedia":[{"embeddable":true,"href":"https:\/\/todoenseguridad.com\/site\/wp-json\/wp\/v2\/media\/12851"}],"wp:attachment":[{"href":"https:\/\/todoenseguridad.com\/site\/wp-json\/wp\/v2\/media?parent=12850"}],"wp:term":[{"taxonomy":"product_brand","embeddable":true,"href":"https:\/\/todoenseguridad.com\/site\/wp-json\/wp\/v2\/product_brand?post=12850"},{"taxonomy":"product_cat","embeddable":true,"href":"https:\/\/todoenseguridad.com\/site\/wp-json\/wp\/v2\/product_cat?post=12850"},{"taxonomy":"product_tag","embeddable":true,"href":"https:\/\/todoenseguridad.com\/site\/wp-json\/wp\/v2\/product_tag?post=12850"},{"taxonomy":"berocket_brand","embeddable":true,"href":"https:\/\/todoenseguridad.com\/site\/wp-json\/wp\/v2\/berocket_brand?post=12850"}],"curies":[{"name":"wp","href":"https:\/\/api.w.org\/{rel}","templated":true}]}}