{"id":12844,"date":"2025-02-11T12:01:48","date_gmt":"2025-02-11T17:01:48","guid":{"rendered":"https:\/\/todoenseguridad.com\/site\/?post_type=product&#038;p=12844"},"modified":"2026-03-23T11:26:19","modified_gmt":"2026-03-23T16:26:19","slug":"ipc-pfw3849s-a180-as-pv-dahua-camara-ip-bullet-wizsense-2x4mp-con-vision-de-180","status":"publish","type":"product","link":"https:\/\/todoenseguridad.com\/site\/producto\/ipc-pfw3849s-a180-as-pv-dahua-camara-ip-bullet-wizsense-2x4mp-con-vision-de-180\/","title":{"rendered":"IPC-PFW3849S-A180-AS-PV DAHUA C\u00e1mara IP Bullet WizSense 2x4MP con visi\u00f3n de 180\u00b0"},"content":{"rendered":"<h3 id=\\\"title\\\"><span style=\\\"color: #0000ff\\\">IPC-PFW3849S-A180-AS-PV DAHUA C\u00e1mara IP Bullet WizSense 2x4MP con visi\u00f3n de 180\u00b0\/ MultiVision\/ LED IR 25m y luz c\u00e1lida 20m\/ Disuasi\u00f3n activa con micr\u00f3fono dual y altavoz integrado\/ EPTZ, SMD 4.0\/ PoE, IP67\/ y ranura MicroSD\/ Ideal para seguridad avanzada.<\/span><\/h3>\n<h3 class=\\\"card-title text-center\\\"><span style=\\\"color: #000000\\\">Informaci\u00f3n general<\/span><\/h3>\n<p class=\\\"ql-align-justify\\\"><span style=\\\"color: #000000\\\">La\u00a0<strong>DAHUA IPC-PFW3849S-A180-AS-PV<\/strong>\u00a0es una c\u00e1mara IP Bullet de 2x4MP con tecnolog\u00eda\u00a0<strong>Wizsense<\/strong>\u00a0que ofrece una visi\u00f3n panor\u00e1mica de 180\u00b0. Equipada con MultiVision, LED IR de 25m y luz c\u00e1lida de 20m, garantiza una vigilancia efectiva en cualquier condici\u00f3n. Incorpora disuasi\u00f3n activa con micr\u00f3fono dual y altavoz, ePTZ, y an\u00e1lisis inteligente\u00a0<strong>SMD<\/strong>\u00a04.0. Su dise\u00f1o resistente IP67 asegura durabilidad en exteriores, mientras que la compatibilidad con\u00a0<strong>PoE<\/strong>\u00a0y ranura MicroSD proporcionan flexibilidad en la instalaci\u00f3n y almacenamiento. Es una opci\u00f3n ideal para sistemas de seguridad avanzados que requieren monitoreo confiable y de alta calidad<\/span><\/p>\n<div class=\\\"row align-items-center padding-bottom-2x\\\">\n<div class=\\\"col-md-7 text-md-left text-center\\\">\n<h3><span style=\\\"color: #000000\\\">Caracter\u00edsticas Principales<\/span><\/h3>\n<ul>\n<li class=\\\"ql-align-justify\\\"><span style=\\\"color: #000000\\\"><strong>Imagen:<\/strong>\u00a0Produce una imagen de empalme de gran angular de 180\u00b0.<\/span><\/li>\n<li class=\\\"ql-align-justify\\\"><span style=\\\"color: #000000\\\"><strong>Salidas m\u00e1x.:<\/strong>\u00a08 MP (4096 \u00d7 1860) a 20 fps.<\/span><\/li>\n<li class=\\\"ql-align-justify\\\"><span style=\\\"color: #000000\\\"><strong>C\u00f3dec:<\/strong>\u00a0H.265, alta tasa de compresi\u00f3n, tasa de bits ultrabaja.<\/span><\/li>\n<li class=\\\"ql-align-justify\\\"><span style=\\\"color: #000000\\\"><strong>Iluminaci\u00f3n:<\/strong>\u00a0LED IR integrado y luz c\u00e1lida, m\u00e1x. La distancia de iluminaci\u00f3n IR es de 25 m y la distancia de luz c\u00e1lida es de 20 m.<\/span><\/li>\n<li class=\\\"ql-align-justify\\\"><span style=\\\"color: #000000\\\"><strong>Tecnolog\u00eda:<\/strong>\u00a0Multivision, ROI, SMART H.264 +\/H.265+, AI H.264\/H.265, WDR, 3D NR, HLC, BLC, marca de agua digital, aplicable a diversas escenas de monitoreo, . SMD 4.0<\/span><\/li>\n<li class=\\\"ql-align-justify\\\"><span style=\\\"color: #000000\\\"><strong>Alarma:<\/strong>\u00a01 entrada, 1 salida; alarma sonora y luminosa (luces rojas y azules)<\/span><\/li>\n<li class=\\\"ql-align-justify\\\"><span style=\\\"color: #000000\\\"><strong>Audio:<\/strong>\u00a01 entrada, 1 salida; micr\u00f3fono dual integrado; Altavoz incorporado, compatible con conversaci\u00f3n bidireccional.<\/span><\/li>\n<li class=\\\"ql-align-justify\\\"><span style=\\\"color: #000000\\\"><strong>Almacenamiento:<\/strong>\u00a0Soporta m\u00e1x. Tarjeta Micro SD de 256G<\/span><\/li>\n<li class=\\\"ql-align-justify\\\"><span style=\\\"color: #000000\\\"><strong>Protecci\u00f3n:<\/strong>\u00a0IP67.<\/span><\/li>\n<li class=\\\"ql-align-justify\\\"><span style=\\\"color: #000000\\\"><strong>EPTZ:<\/strong>\u00a0Ampl\u00eda y rastrea los objetivos de las alarmas inteligentes.<\/span><\/li>\n<\/ul>\n<div class=\\\"row align-items-center padding-bottom-2x\\\">\n<div class=\\\"col-md-7 text-md-left text-center\\\">\n<h3><span style=\\\"color: #000000\\\">Especificaciones T\u00e9cnicas<\/span><\/h3>\n<ul>\n<li class=\\\"ql-align-justify\\\"><span style=\\\"color: #000000\\\"><strong>Sensor de imagen:\u00a0<\/strong>CMOS dobles de 1\/2,7\\\u00bb\u00a0<\/span><\/li>\n<li class=\\\"ql-align-justify\\\"><span style=\\\"color: #000000\\\"><strong>Sistema de escaneo:<\/strong>\u00a0Progresivo\u00a0<\/span><\/li>\n<li class=\\\"ql-align-justify\\\"><span style=\\\"color: #000000\\\"><strong>Fuente de alimentaci\u00f3n:\u00a0<\/strong>12 VCC (\u00b130%); PoE (802.3af)\u00a0<\/span><\/li>\n<li class=\\\"ql-align-justify\\\"><span style=\\\"color: #000000\\\"><strong>El consumo de energ\u00eda:\u00a0<\/strong>B\u00e1sico: 3,4 W (12 VCC); 3,8 W (PoE)\u00a0<\/span><\/li>\n<li class=\\\"ql-align-justify\\\"><span style=\\\"color: #000000\\\"><strong>Temperatura de funcionamiento:<\/strong>\u00a0\u2013 40 \u00b0C a +60 \u00b0C (\u201340 \u00b0F a +140 \u00b0F)\u00a0<\/span><\/li>\n<li class=\\\"ql-align-justify\\\"><span style=\\\"color: #000000\\\"><strong>Humedad de funcionamiento:<\/strong>\u00a0\u226495%\u00a0<\/span><\/li>\n<li class=\\\"ql-align-justify\\\"><span style=\\\"color: #000000\\\"><strong>Material:<\/strong>\u00a0Metal\u00a0<\/span><\/li>\n<li class=\\\"ql-align-justify\\\"><span style=\\\"color: #000000\\\"><strong>Dimensiones:<\/strong>\u00a0183,1 mm \u00d7 99,0 mm \u00d7 78,0 mm<\/span><\/li>\n<li><span style=\\\"color: #000000\\\"><strong>Peso neto:<\/strong>\u00a0695 gramos<\/span><\/li>\n<\/ul>\n<p>&nbsp;<\/p>\n<\/div>\n<\/div>\n<\/div>\n<\/div>\n","protected":false},"excerpt":{"rendered":"<p>IPC-PFW3849S-A180-AS-PV DAHUA C\u00e1mara IP Bullet WizSense 2x4MP con visi\u00f3n de 180\u00b0\/ MultiVision\/ LED IR 25m y luz c\u00e1lida 20m\/ Disuasi\u00f3n activa con micr\u00f3fono dual y altavoz integrado\/ EPTZ, SMD 4.0\/ PoE, IP67\/ y ranura MicroSD\/ Ideal para seguridad avanzada. Informaci\u00f3n general La\u00a0DAHUA IPC-PFW3849S-A180-AS-PV\u00a0es una c\u00e1mara IP Bullet de 2x4MP con tecnolog\u00eda\u00a0Wizsense\u00a0que ofrece una visi\u00f3n panor\u00e1mica [&hellip;]<\/p>\n","protected":false},"featured_media":12845,"template":"","meta":{"_acf_changed":false},"product_brand":[],"product_cat":[52,51,226],"product_tag":[],"berocket_brand":[],"class_list":{"0":"post-12844","1":"product","2":"type-product","3":"status-publish","4":"has-post-thumbnail","6":"product_cat-bullet","7":"product_cat-camaras-i-p","8":"product_cat-camaras-de-seguridad-cctv-videovigilancia-hd","10":"first","11":"instock","12":"taxable","13":"shipping-taxable","14":"purchasable","15":"product-type-simple","16":"berocket_lgv_grid","17":"berocket_lgv_list_grid"},"acf":[],"aioseo_notices":[],"_links":{"self":[{"href":"https:\/\/todoenseguridad.com\/site\/wp-json\/wp\/v2\/product\/12844","targetHints":{"allow":["GET"]}}],"collection":[{"href":"https:\/\/todoenseguridad.com\/site\/wp-json\/wp\/v2\/product"}],"about":[{"href":"https:\/\/todoenseguridad.com\/site\/wp-json\/wp\/v2\/types\/product"}],"wp:featuredmedia":[{"embeddable":true,"href":"https:\/\/todoenseguridad.com\/site\/wp-json\/wp\/v2\/media\/12845"}],"wp:attachment":[{"href":"https:\/\/todoenseguridad.com\/site\/wp-json\/wp\/v2\/media?parent=12844"}],"wp:term":[{"taxonomy":"product_brand","embeddable":true,"href":"https:\/\/todoenseguridad.com\/site\/wp-json\/wp\/v2\/product_brand?post=12844"},{"taxonomy":"product_cat","embeddable":true,"href":"https:\/\/todoenseguridad.com\/site\/wp-json\/wp\/v2\/product_cat?post=12844"},{"taxonomy":"product_tag","embeddable":true,"href":"https:\/\/todoenseguridad.com\/site\/wp-json\/wp\/v2\/product_tag?post=12844"},{"taxonomy":"berocket_brand","embeddable":true,"href":"https:\/\/todoenseguridad.com\/site\/wp-json\/wp\/v2\/berocket_brand?post=12844"}],"curies":[{"name":"wp","href":"https:\/\/api.w.org\/{rel}","templated":true}]}}