{"id":12842,"date":"2025-02-11T11:56:44","date_gmt":"2025-02-11T16:56:44","guid":{"rendered":"https:\/\/todoenseguridad.com\/site\/?post_type=product&#038;p=12842"},"modified":"2026-03-23T11:26:48","modified_gmt":"2026-03-23T16:26:48","slug":"dh-ipc-hdw1839tp-a-il-0280b-s6-dahua-camara-ip-domo-de-8mp","status":"publish","type":"product","link":"https:\/\/todoenseguridad.com\/site\/producto\/dh-ipc-hdw1839tp-a-il-0280b-s6-dahua-camara-ip-domo-de-8mp\/","title":{"rendered":"DH-IPC-HDW1839TP-A-IL-0280B-S6\u00a0DAHUA C\u00e1mara IP Domo de 8MP"},"content":{"rendered":"<h3 id=\\\"title\\\"><span style=\\\"color: #0000ff\\\">DH-IPC-HDW1839TP-A-IL-0280B-S6\u00a0DAHUA C\u00e1mara IP Domo de 8MP con resoluci\u00f3n 4K\/ lente de 2.8 mm y \u00e1ngulo de visi\u00f3n de 105\u00b0. Equipado con iluminador dual\/ micr\u00f3fono integrado\/ IR de 30m\/ DWDR\/ H.265\/ PoE\/ protecci\u00f3n IP67<\/span><\/h3>\n<h3 class=\\\"card-title text-center\\\"><span style=\\\"color: #000000\\\">Informaci\u00f3n General<\/span><\/h3>\n<p class=\\\"ql-align-justify\\\"><span style=\\\"color: #000000\\\">La<strong>\u00a0DAHUA DH-IPC-HDW1839TP-A-IL-0280B-S6<\/strong>\u00a0es una c\u00e1mara IP Domo de 8MP y resoluci\u00f3n 4K, con un lente de 2.8 mm que ofrece un \u00e1ngulo de visi\u00f3n de 105\u00b0. Destaca por su iluminador dual y visi\u00f3n IR de 30 metros, permitiendo una vigilancia efectiva en condiciones de baja luz. Incorpora un micr\u00f3fono integrado para grabaci\u00f3n de audio y utiliza tecnolog\u00eda DWDR para mejorar la imagen en escenas con alto contraste. La compresi\u00f3n\u00a0<strong>H.265<\/strong>\u00a0optimiza el uso del ancho de banda. Con protecci\u00f3n IP67 para resistencia al agua y polvo y\u00a0<strong>PoE<\/strong>\u00a0para una instalaci\u00f3n sencilla, es ideal para aplicaciones de seguridad tanto en interiores como exteriores<\/span><\/p>\n<div class=\\\"row align-items-center padding-bottom-2x\\\">\n<div class=\\\"col-md-7 text-md-left text-center\\\">\n<h3><span style=\\\"color: #000000\\\">Caracter\u00edsticas Principales<\/span><\/h3>\n<ul>\n<li class=\\\"ql-align-justify\\\"><span style=\\\"color: #000000\\\"><strong>Sensor de imagen:<\/strong>\u00a0CMOS de 8 MP 1\/2,7\\\u00bb, baja luminosidad e imagen de alta definici\u00f3n.<\/span><\/li>\n<li class=\\\"ql-align-justify\\\"><span style=\\\"color: #000000\\\"><strong>Salidas m\u00e1x.:<\/strong>\u00a08 megap\u00edxeles (3840\u00d72160) a 20 fps y admite 2688\u00d7 1520@25\/30 fps.<\/span><\/li>\n<li class=\\\"ql-align-justify\\\"><span style=\\\"color: #000000\\\"><strong>C\u00f3dec:\u00a0<\/strong>H.265, alta tasa de compresi\u00f3n, tasa de bits ultrabaja.<\/span><\/li>\n<li class=\\\"ql-align-justify\\\"><span style=\\\"color: #000000\\\"><strong>Iluminaci\u00f3n:<\/strong>\u00a0Luz multin\u00facleo incorporada, m\u00e1x. La distancia IR es de 30 my el m\u00e1ximo. La distancia de luz c\u00e1lida es de 30 m.<\/span><\/li>\n<li class=\\\"ql-align-justify\\\"><span style=\\\"color: #000000\\\"><strong>Funciones:<\/strong>\u00a0Modo de rotaci\u00f3n, DWDR, 3D NR, HLC, BLC, marca de agua digital, aplicable a varias escenas de monitoreo.<\/span><\/li>\n<li class=\\\"ql-align-justify\\\"><span style=\\\"color: #000000\\\"><strong>Tecnolog\u00eda:<\/strong>\u00a0ROI, SMART H.264+\/H.265+, codificaci\u00f3n flexible, aplicable a diversos entornos de ancho de banda y almacenamiento.<\/span><\/li>\n<li class=\\\"ql-align-justify\\\"><span style=\\\"color: #000000\\\"><strong>Protecci\u00f3n:\u00a0<\/strong>IP67.<\/span><\/li>\n<li class=\\\"ql-align-justify\\\"><span style=\\\"color: #000000\\\"><strong>Soporta:\u00a0<\/strong>Detecci\u00f3n humana.\u00a0<\/span><\/li>\n<\/ul>\n<h3><span style=\\\"color: #000000\\\">Especificaciones T\u00e9cnicas<\/span><\/h3>\n<ul>\n<li><span style=\\\"color: #000000\\\"><strong>Fuente de alimentaci\u00f3n:\u00a0<\/strong>12 VCC\/PoE (802.3af)\u00a0<\/span><\/li>\n<li><span style=\\\"color: #000000\\\"><strong>Consumo de energ\u00eda:\u00a0<\/strong>B\u00e1sico: 2,5 W (12 VCC), 3,5 W (PoE)<\/span><\/li>\n<li><span style=\\\"color: #000000\\\"><strong>Temperatura de funcionamiento:\u00a0<\/strong>\u2012 40\u00b0C a +55\u00b0C<\/span><\/li>\n<li><span style=\\\"color: #000000\\\"><strong>Humedad de funcionamiento:\u00a0<\/strong>\u226495% (RH), sin condensaci\u00f3n\u00a0<\/span><\/li>\n<li><span style=\\\"color: #000000\\\"><strong>Material de la carcasa:<\/strong>\u00a0Metal<\/span><\/li>\n<li><span style=\\\"color: #000000\\\"><strong>Dimensiones del producto:<\/strong>\u00a085,6 mil\u00edmetros\u00d7\u03a694,0 mil\u00edmetros<\/span><\/li>\n<li><span style=\\\"color: #000000\\\"><strong>Peso neto:<\/strong>\u00a00,35 kg<\/span><\/li>\n<li><span style=\\\"color: #000000\\\"><strong>Longitud focal:<\/strong>\u00a02,8 mil\u00edmetros<\/span><\/li>\n<li><span style=\\\"color: #000000\\\"><strong>Sistema de escaneo:<\/strong>\u00a0Progresivo<\/span><\/li>\n<\/ul>\n<h3><span style=\\\"color: #000000\\\">Incluye<\/span><\/h3>\n<ul>\n<li><span style=\\\"color: #000000\\\"><strong>x1\u00a0<\/strong>C\u00e1mara\u00a0<strong>DH-IPC-HDW1839T-A-IL<\/strong><\/span><\/li>\n<li><span style=\\\"color: #000000\\\"><strong>x1\u00a0<\/strong>Manual de usuario<\/span><\/li>\n<li><span style=\\\"color: #000000\\\"><strong>x1\u00a0<\/strong>P\u00f3liza de garant\u00eda<\/span><\/li>\n<\/ul>\n<\/div>\n<\/div>\n","protected":false},"excerpt":{"rendered":"<p>DH-IPC-HDW1839TP-A-IL-0280B-S6\u00a0DAHUA C\u00e1mara IP Domo de 8MP con resoluci\u00f3n 4K\/ lente de 2.8 mm y \u00e1ngulo de visi\u00f3n de 105\u00b0. Equipado con iluminador dual\/ micr\u00f3fono integrado\/ IR de 30m\/ DWDR\/ H.265\/ PoE\/ protecci\u00f3n IP67 Informaci\u00f3n General La\u00a0DAHUA DH-IPC-HDW1839TP-A-IL-0280B-S6\u00a0es una c\u00e1mara IP Domo de 8MP y resoluci\u00f3n 4K, con un lente de 2.8 mm que ofrece un [&hellip;]<\/p>\n","protected":false},"featured_media":12843,"template":"","meta":{"_acf_changed":false},"product_brand":[],"product_cat":[51,53,226],"product_tag":[],"berocket_brand":[],"class_list":{"0":"post-12842","1":"product","2":"type-product","3":"status-publish","4":"has-post-thumbnail","6":"product_cat-camaras-i-p","7":"product_cat-domo","8":"product_cat-camaras-de-seguridad-cctv-videovigilancia-hd","10":"first","11":"instock","12":"taxable","13":"shipping-taxable","14":"purchasable","15":"product-type-simple","16":"berocket_lgv_grid","17":"berocket_lgv_list_grid"},"acf":[],"aioseo_notices":[],"_links":{"self":[{"href":"https:\/\/todoenseguridad.com\/site\/wp-json\/wp\/v2\/product\/12842","targetHints":{"allow":["GET"]}}],"collection":[{"href":"https:\/\/todoenseguridad.com\/site\/wp-json\/wp\/v2\/product"}],"about":[{"href":"https:\/\/todoenseguridad.com\/site\/wp-json\/wp\/v2\/types\/product"}],"wp:featuredmedia":[{"embeddable":true,"href":"https:\/\/todoenseguridad.com\/site\/wp-json\/wp\/v2\/media\/12843"}],"wp:attachment":[{"href":"https:\/\/todoenseguridad.com\/site\/wp-json\/wp\/v2\/media?parent=12842"}],"wp:term":[{"taxonomy":"product_brand","embeddable":true,"href":"https:\/\/todoenseguridad.com\/site\/wp-json\/wp\/v2\/product_brand?post=12842"},{"taxonomy":"product_cat","embeddable":true,"href":"https:\/\/todoenseguridad.com\/site\/wp-json\/wp\/v2\/product_cat?post=12842"},{"taxonomy":"product_tag","embeddable":true,"href":"https:\/\/todoenseguridad.com\/site\/wp-json\/wp\/v2\/product_tag?post=12842"},{"taxonomy":"berocket_brand","embeddable":true,"href":"https:\/\/todoenseguridad.com\/site\/wp-json\/wp\/v2\/berocket_brand?post=12842"}],"curies":[{"name":"wp","href":"https:\/\/api.w.org\/{rel}","templated":true}]}}