{"id":12840,"date":"2025-02-11T11:46:38","date_gmt":"2025-02-11T16:46:38","guid":{"rendered":"https:\/\/todoenseguridad.com\/site\/?post_type=product&#038;p=12840"},"modified":"2025-02-11T11:46:38","modified_gmt":"2025-02-11T16:46:38","slug":"dh-ipc-hdw1239t1p-a-led-0280b-s6-dahua-camara-ip-domo-full-color-de-2mp-cuenta-con-microfono-integrado","status":"publish","type":"product","link":"https:\/\/todoenseguridad.com\/site\/producto\/dh-ipc-hdw1239t1p-a-led-0280b-s6-dahua-camara-ip-domo-full-color-de-2mp-cuenta-con-microfono-integrado\/","title":{"rendered":"DH-IPC-HDW1239T1P-A-LED-0280B-S6 DAHUA C\u00e1mara IP Domo Full Color de 2MP\/ Cuenta con micr\u00f3fono integrado"},"content":{"rendered":"<h3 id=\"title\"><span style=\"color: #0000ff;\"><span style=\"font-size: 16px;\">DH-IPC-HDW1239T1P-A-LED-0280B-S6 <\/span>DAHUA C\u00e1mara IP Domo Full Color de 2MP con lente de 2.8mm y 110\u00b0 de visi\u00f3n\/ Cuenta con micr\u00f3fono integrado\/ luz blanca de 15m\/ compresi\u00f3n H.265\/ protecci\u00f3n IP67\/ PoE y DWDR para im\u00e1genes n\u00edtidas<\/span><\/h3>\n<h3 class=\"card-title text-center\"><span style=\"color: #000000;\">Informaci\u00f3n General<\/span><\/h3>\n<p class=\"ql-align-justify\"><span style=\"color: #000000;\">La\u00a0<strong>DAHUA DH-IPC-HDW1239T1P-A-LED-0280B-S6<\/strong>\u00a0es una c\u00e1mara IP Domo\u00a0<strong>Fullcolor<\/strong>de 2MP dise\u00f1ada para ofrecer vigilancia en color las 24 horas. Con un lente de 2.8 mm y un \u00e1ngulo de visi\u00f3n de 110\u00b0, captura im\u00e1genes detalladas y n\u00edtidas. Equipado con una luz blanca de 15 metros, asegura visibilidad clara incluso en condiciones de oscuridad. Incorpora un micr\u00f3fono integrado para la captura de audio y utiliza la compresi\u00f3n H.265 para optimizar el almacenamiento y el ancho de banda. Con\u00a0<strong>Protecci\u00f3n IP<\/strong><strong>67<\/strong>\u00a0y tecnolog\u00eda\u00a0<strong>PoE<\/strong>, es resistente y f\u00e1cil de instalar, ideal para entornos exteriores exigentes<\/span><\/p>\n<div class=\"row align-items-center padding-bottom-2x\">\n<div class=\"col-md-7 text-md-left text-center\">\n<h3><span style=\"color: #000000;\">Caracter\u00edsticas Principales<\/span><\/h3>\n<ul>\n<li class=\"ql-align-justify\"><span style=\"color: #000000;\"><strong>Sensor de imagen:\u00a0<\/strong>CMOS de 2 MP 1\/2,8&#8243;, baja luminosidad e imagen de alta definici\u00f3n.<\/span><\/li>\n<li class=\"ql-align-justify\"><span style=\"color: #000000;\"><strong>Salidas m\u00e1x.:\u00a0<\/strong>2 megap\u00edxeles (1920\u00d71080) a 25 fps.<\/span><\/li>\n<li class=\"ql-align-justify\"><span style=\"color: #000000;\"><strong>C\u00f3dec:\u00a0<\/strong>H.265, alta tasa de compresi\u00f3n, tasa de bits ultrabaja.<\/span><\/li>\n<li class=\"ql-align-justify\"><span style=\"color: #000000;\"><strong>Iluminaci\u00f3n:<\/strong>\u00a0Luz c\u00e1lida incorporada y m\u00e1x. la distancia de iluminaci\u00f3n es de 30 m.<\/span><\/li>\n<li class=\"ql-align-justify\"><span style=\"color: #000000;\"><strong>Funciones:<\/strong>\u00a0Eliminador de sobreexposici\u00f3n de iluminaci\u00f3n (prioridad al rostro), modo de rotaci\u00f3n, DWDR, 3D NR, HLC, BLC, marca de agua digital, aplicable a varias escenas de monitoreo.<\/span><\/li>\n<li class=\"ql-align-justify\"><span style=\"color: #000000;\"><strong>Detecci\u00f3n de anomal\u00edas:<\/strong>\u00a0detecci\u00f3n de movimiento, manipulaci\u00f3n de v\u00eddeo, detecci\u00f3n de audio, desconexi\u00f3n de red, conflicto de IP y acceso ilegal.\u00a0<\/span><\/li>\n<li class=\"ql-align-justify\"><span style=\"color: #000000;\"><strong>Audio:\u00a0<\/strong>Micr\u00f3fono integrado.\u00a0<\/span><\/li>\n<li class=\"ql-align-justify\"><span style=\"color: #000000;\"><strong>Protecci\u00f3n:<\/strong>\u00a0IP67.<\/span><\/li>\n<\/ul>\n<h3 class=\"row align-items-center padding-bottom-2x\"><span style=\"color: #000000;\">Especificaciones T\u00e9cnicas<\/span><\/h3>\n<ul>\n<li><span style=\"color: #000000;\">Fuente de alimentaci\u00f3n:\u00a012 VCC\/PoE (802.3af)\u00a0<\/span><\/li>\n<li><span style=\"color: #000000;\">Consumo de energ\u00eda:\u00a0B\u00e1sico:\u00a01,6 W (12 VCC), 2,4 W (PoE)<\/span><\/li>\n<li><span style=\"color: #000000;\">Temperatura de funcionamiento:\u00a0\u2012 40\u00b0C a +60\u00b0C<\/span><\/li>\n<li><span style=\"color: #000000;\">Humedad de funcionamiento:\u00a0\u226495%<\/span><\/li>\n<li><span style=\"color: #000000;\">Material de la carcasa:\u00a0Metal<\/span><\/li>\n<li><span style=\"color: #000000;\">Dimensiones del producto:\u00a085,6 mil\u00edmetros\u00d7\u03a694,0 mil\u00edmetros<\/span><\/li>\n<li><span style=\"color: #000000;\">Peso neto:\u00a00,33 kg<\/span><\/li>\n<li><span style=\"color: #000000;\">Longitud focal:\u00a02,8 mil\u00edmetros; 3,6 mil\u00edmetros\u00a0<\/span><\/li>\n<li class=\"ql-align-justify\"><span style=\"color: #000000;\">Sistema de escaneo:\u00a0Progresivo\u00a0<\/span><\/li>\n<\/ul>\n<h2><span style=\"color: #000000;\">Incluye<\/span><\/h2>\n<ul>\n<li><span style=\"color: #000000;\"><strong>x1\u00a0<\/strong>C\u00e1mara\u00a0<strong>DH-IPC-HDW1239T-A-LED-S6<\/strong><\/span><\/li>\n<li><span style=\"color: #000000;\"><strong>x1\u00a0<\/strong>Manual de usuario<\/span><\/li>\n<li><span style=\"color: #000000;\"><strong>x1\u00a0<\/strong>P\u00f3liza de garant\u00eda<\/span><\/li>\n<\/ul>\n<\/div>\n<\/div>\n","protected":false},"excerpt":{"rendered":"<p>DH-IPC-HDW1239T1P-A-LED-0280B-S6 DAHUA C\u00e1mara IP Domo Full Color de 2MP con lente de 2.8mm y 110\u00b0 de visi\u00f3n\/ Cuenta con micr\u00f3fono integrado\/ luz blanca de 15m\/ compresi\u00f3n H.265\/ protecci\u00f3n IP67\/ PoE y DWDR para im\u00e1genes n\u00edtidas Informaci\u00f3n General La\u00a0DAHUA DH-IPC-HDW1239T1P-A-LED-0280B-S6\u00a0es una c\u00e1mara IP Domo\u00a0Fullcolorde 2MP dise\u00f1ada para ofrecer vigilancia en color las 24 horas. Con un [&hellip;]<\/p>\n","protected":false},"featured_media":12841,"template":"","meta":{"_acf_changed":false},"product_brand":[],"product_cat":[51,53,226],"product_tag":[],"berocket_brand":[],"class_list":{"0":"post-12840","1":"product","2":"type-product","3":"status-publish","4":"has-post-thumbnail","6":"product_cat-camaras-i-p","7":"product_cat-domo","8":"product_cat-camaras-de-seguridad-cctv-videovigilancia-hd","10":"first","11":"instock","12":"taxable","13":"shipping-taxable","14":"purchasable","15":"product-type-simple","16":"berocket_lgv_grid","17":"berocket_lgv_list_grid"},"acf":[],"aioseo_notices":[],"_links":{"self":[{"href":"https:\/\/todoenseguridad.com\/site\/wp-json\/wp\/v2\/product\/12840","targetHints":{"allow":["GET"]}}],"collection":[{"href":"https:\/\/todoenseguridad.com\/site\/wp-json\/wp\/v2\/product"}],"about":[{"href":"https:\/\/todoenseguridad.com\/site\/wp-json\/wp\/v2\/types\/product"}],"wp:featuredmedia":[{"embeddable":true,"href":"https:\/\/todoenseguridad.com\/site\/wp-json\/wp\/v2\/media\/12841"}],"wp:attachment":[{"href":"https:\/\/todoenseguridad.com\/site\/wp-json\/wp\/v2\/media?parent=12840"}],"wp:term":[{"taxonomy":"product_brand","embeddable":true,"href":"https:\/\/todoenseguridad.com\/site\/wp-json\/wp\/v2\/product_brand?post=12840"},{"taxonomy":"product_cat","embeddable":true,"href":"https:\/\/todoenseguridad.com\/site\/wp-json\/wp\/v2\/product_cat?post=12840"},{"taxonomy":"product_tag","embeddable":true,"href":"https:\/\/todoenseguridad.com\/site\/wp-json\/wp\/v2\/product_tag?post=12840"},{"taxonomy":"berocket_brand","embeddable":true,"href":"https:\/\/todoenseguridad.com\/site\/wp-json\/wp\/v2\/berocket_brand?post=12840"}],"curies":[{"name":"wp","href":"https:\/\/api.w.org\/{rel}","templated":true}]}}