{"id":12838,"date":"2025-02-11T11:40:05","date_gmt":"2025-02-11T16:40:05","guid":{"rendered":"https:\/\/todoenseguridad.com\/site\/?post_type=product&#038;p=12838"},"modified":"2026-03-30T15:29:54","modified_gmt":"2026-03-30T20:29:54","slug":"dh-ipc-t1e40-dahua-camara-ip-domo-de-4mp-lente-de-2-8-mm-h-265","status":"publish","type":"product","link":"https:\/\/todoenseguridad.com\/site\/producto\/dh-ipc-t1e40-dahua-camara-ip-domo-de-4mp-lente-de-2-8-mm-h-265\/","title":{"rendered":"DH-IPC-T1E40 DAHUA\u00a0 Camara IP Domo de 4MP\/ Lente de 2.8 mm\/ H.265+"},"content":{"rendered":"<h3 id=\\\"title\\\"><span style=\\\"color: #0000ff\\\"><span style=\\\"font-size: 16px\\\">DH-IPC-T1E40 <\/span>DAHUA\u00a0 Camara IP Domo de 4MP\/ Lente de 2.8 mm\/ 93 Grados de Apertura\/ H.265+\/ WDR Real de 120 dB\/ IR de 30 Metros\/ IP67\/ PoE\/<\/span><\/h3>\n<h3 class=\\\"card-title text-center\\\"><span style=\\\"color: #000000\\\">Informaci\u00f3n General<\/span><\/h3>\n<p><span style=\\\"color: #000000\\\">La c\u00e1mara de la serie Dahua ECO est\u00e1 dise\u00f1ada con simplicidad para la practicidad. Con\u00e9ctela y reproduzca: inmediatamente emite im\u00e1genes al conectarla al NVR de Dahua. Compatible con monitoreo remoto a trav\u00e9s de la aplicaci\u00f3n m\u00f3vil de Dahua, y activa alarmas para detecci\u00f3n de movimiento, alteraci\u00f3n de video y excepciones de seguridad, proporcion\u00e1ndole un servicio IP conveniente y seguro.<\/span><\/p>\n<div class=\\\"row align-items-center padding-bottom-2x\\\">\n<div class=\\\"col-md-7 text-md-left text-center\\\">\n<h3><span style=\\\"color: #000000\\\">Caracter\u00edsticas Principales<\/span><\/h3>\n<ul>\n<li><span style=\\\"color: #000000\\\">Sensor de imagen CMOS de 4 MP 1\/3\\\u00bb, baja luminancia y alta definici\u00f3n.<\/span><\/li>\n<li><span style=\\\"color: #000000\\\">Salida m\u00e1xima de 4 MP (2560 \u00d7 1440) a 30 fps.<\/span><\/li>\n<li><span style=\\\"color: #000000\\\">C\u00f3dec H.265, alta tasa de compresi\u00f3n, bitrate ultra bajo.<\/span><\/li>\n<li><span style=\\\"color: #000000\\\">LED IR incorporado, con una distancia m\u00e1xima de iluminaci\u00f3n de 30 m.<\/span><\/li>\n<li><span style=\\\"color: #000000\\\">DWDR, 3D NR, HLC, BLC, marca de agua digital, aplicable a diversas escenas de monitoreo.<\/span><\/li>\n<li><span style=\\\"color: #000000\\\">ROI, SMART H.264+\/H.265+, codificaci\u00f3n flexible, aplicable a diversos entornos de ancho de banda y almacenamiento.<\/span><\/li>\n<li><span style=\\\"color: #000000\\\">Alimentaci\u00f3n de 12 VDC, f\u00e1cil de instalar.<\/span><\/li>\n<li><span style=\\\"color: #000000\\\">Protecci\u00f3n IP67.<\/span><\/li>\n<\/ul>\n<div id=\\\"product-details-container\\\" class=\\\"container-fluid mb-1\\\">\n<div class=\\\"tab-content\\\">\n<div id=\\\"overviews\\\" class=\\\"tab-pane fade show active\\\" role=\\\"tabpanel\\\">\n<div class=\\\"container-fluid padding-bottom-2x mb-2\\\">\n<div class=\\\"row align-items-center padding-bottom-2x\\\">\n<div class=\\\"col-md-7 text-md-left text-center\\\">\n<h3><span style=\\\"color: #000000\\\">Especificaciones T\u00e9cnicas<\/span><\/h3>\n<ul>\n<li><span style=\\\"color: #000000\\\">Dimensiones:103.2 mm \u00d7 \u03a6109.9 mm (4.06\\\u00bb \u00d7 \u03a64.33\\\u00bb)<\/span><\/li>\n<li><span style=\\\"color: #000000\\\">Peso: 0.24 kg<\/span><\/li>\n<li><span style=\\\"color: #000000\\\">Protecci\u00f3n ambiental: IP67<\/span><\/li>\n<li><span style=\\\"color: #000000\\\">Temperatura de trabajo: -40\u00b0C a 50\u00b0C<\/span><\/li>\n<li><span style=\\\"color: #000000\\\">Alimentaci\u00f3n: 12 VDC\/PoE<\/span><\/li>\n<li><span style=\\\"color: #000000\\\">Consumo de energ\u00eda: (ICR switch+illuminator intensity): 3.0 W (12 VDC);\u00a0<\/span><\/li>\n<li><span style=\\\"color: #000000\\\">4.2 W (PoE)<\/span><\/li>\n<\/ul>\n<p>&nbsp;<\/p>\n<\/div>\n<\/div>\n<\/div>\n<\/div>\n<\/div>\n<\/div>\n<footer class=\\\"site-footer pt-0\\\">\n<div class=\\\"container-fluid\\\">\n<section class=\\\"p-0 pt-4\\\">\n<div class=\\\"row\\\">\n<div class=\\\"col-lg-4\\\"><\/div>\n<\/div>\n<\/section>\n<\/div>\n<\/footer>\n<\/div>\n<\/div>\n","protected":false},"excerpt":{"rendered":"<p>DH-IPC-T1E40 DAHUA\u00a0 Camara IP Domo de 4MP\/ Lente de 2.8 mm\/ 93 Grados de Apertura\/ H.265+\/ WDR Real de 120 dB\/ IR de 30 Metros\/ IP67\/ PoE\/ Informaci\u00f3n General La c\u00e1mara de la serie Dahua ECO est\u00e1 dise\u00f1ada con simplicidad para la practicidad. Con\u00e9ctela y reproduzca: inmediatamente emite im\u00e1genes al conectarla al NVR de Dahua. [&hellip;]<\/p>\n","protected":false},"featured_media":12839,"template":"","meta":{"_acf_changed":false},"product_brand":[],"product_cat":[51,53,226],"product_tag":[],"berocket_brand":[],"class_list":{"0":"post-12838","1":"product","2":"type-product","3":"status-publish","4":"has-post-thumbnail","6":"product_cat-camaras-i-p","7":"product_cat-domo","8":"product_cat-camaras-de-seguridad-cctv-videovigilancia-hd","10":"first","11":"instock","12":"taxable","13":"shipping-taxable","14":"purchasable","15":"product-type-simple","16":"berocket_lgv_grid","17":"berocket_lgv_list_grid"},"acf":[],"aioseo_notices":[],"_links":{"self":[{"href":"https:\/\/todoenseguridad.com\/site\/wp-json\/wp\/v2\/product\/12838","targetHints":{"allow":["GET"]}}],"collection":[{"href":"https:\/\/todoenseguridad.com\/site\/wp-json\/wp\/v2\/product"}],"about":[{"href":"https:\/\/todoenseguridad.com\/site\/wp-json\/wp\/v2\/types\/product"}],"wp:featuredmedia":[{"embeddable":true,"href":"https:\/\/todoenseguridad.com\/site\/wp-json\/wp\/v2\/media\/12839"}],"wp:attachment":[{"href":"https:\/\/todoenseguridad.com\/site\/wp-json\/wp\/v2\/media?parent=12838"}],"wp:term":[{"taxonomy":"product_brand","embeddable":true,"href":"https:\/\/todoenseguridad.com\/site\/wp-json\/wp\/v2\/product_brand?post=12838"},{"taxonomy":"product_cat","embeddable":true,"href":"https:\/\/todoenseguridad.com\/site\/wp-json\/wp\/v2\/product_cat?post=12838"},{"taxonomy":"product_tag","embeddable":true,"href":"https:\/\/todoenseguridad.com\/site\/wp-json\/wp\/v2\/product_tag?post=12838"},{"taxonomy":"berocket_brand","embeddable":true,"href":"https:\/\/todoenseguridad.com\/site\/wp-json\/wp\/v2\/berocket_brand?post=12838"}],"curies":[{"name":"wp","href":"https:\/\/api.w.org\/{rel}","templated":true}]}}