{"id":12836,"date":"2025-02-11T11:35:22","date_gmt":"2025-02-11T16:35:22","guid":{"rendered":"https:\/\/todoenseguridad.com\/site\/?post_type=product&#038;p=12836"},"modified":"2026-03-23T11:28:17","modified_gmt":"2026-03-23T16:28:17","slug":"dh-ipc-hfw1639tc-a-il-dahua-camara-ip-bullet-de-6mp-iluminador-dual-inteligente-microfono-integrado","status":"publish","type":"product","link":"https:\/\/todoenseguridad.com\/site\/producto\/dh-ipc-hfw1639tc-a-il-dahua-camara-ip-bullet-de-6mp-iluminador-dual-inteligente-microfono-integrado\/","title":{"rendered":"DH-IPC-HFW1639TC-A-IL\u00a0DAHUA C\u00e1mara IP Bullet de 6MP\/Iluminador Dual Inteligente\/ Micr\u00f3fono Integrado"},"content":{"rendered":"<h3 id=\\\"title\\\"><span style=\\\"color: #0000ff\\\"><span style=\\\"font-size: 16px\\\">DH-IPC-HFW1639TC-A-IL<\/span><span style=\\\"font-size: 16px\\\">\u00a0<\/span>DAHUA C\u00e1mara IP Bullet de 6MP\/Iluminador Dual Inteligente\/ WizSense\/ Lente de 2.8mm\/ 95 Grados de Apertura\/ IR de 30 Metros\/ SMD \/ Micr\u00f3fono Integrado\/ WDR Real de 120 dB\/ IP67\/ PoE<\/span><\/h3>\n<h3 class=\\\"card-title text-center\\\"><span style=\\\"color: #000000\\\">Informaci\u00f3n General<\/span><\/h3>\n<p class=\\\"ql-align-justify\\\"><span style=\\\"color: #000000\\\">La c\u00e1mara DAHUA\u00a0<strong>DH-IPC-HFW1639TC-A-IL<\/strong>\u00a0es una c\u00e1mara de seguridad IP bullet de alta gama con una resoluci\u00f3n de 6 MP. Ofrece una visi\u00f3n clara tanto de d\u00eda como de noche, con iluminaci\u00f3n dual y visi\u00f3n infrarroja de hasta 30 metros. Equipada con tecnolog\u00eda avanzada como\u00a0<strong>WizSense<\/strong>\u00a0para an\u00e1lisis inteligente de video, micr\u00f3fono integrado para audio y WDR real de 120 dB para im\u00e1genes detalladas en condiciones de iluminaci\u00f3n dif\u00edciles. Su dise\u00f1o resistente al agua y al polvo (IP67) y la capacidad PoE hacen que sea ideal para aplicaciones en exteriores.<\/span><\/p>\n<h3><span style=\\\"color: #000000\\\">Caracter\u00edsticas Principales<\/span><\/h3>\n<ul>\n<li><span style=\\\"color: #000000\\\"><strong>Sensor de imagen:<\/strong>\u00a0CMOS de 1\/2,7\\\u00bb que ofrece baja luminosidad y alta definici\u00f3n.<\/span><\/li>\n<li><span style=\\\"color: #000000\\\"><strong>Salida m\u00e1xima:<\/strong>\u00a06 MP (3200 \u00d7 1800) a 20 fps y soporte para 2688 \u00d7 1520 a 25\/30 fps.<\/span><\/li>\n<li><span style=\\\"color: #000000\\\"><strong>C\u00f3dec:\u00a0<\/strong>H.265 para una alta compresi\u00f3n y baja tasa de bits.<\/span><\/li>\n<li><span style=\\\"color: #000000\\\"><strong>ROI, SMART H.264+\/H.265+:<\/strong>\u00a0codificaci\u00f3n flexible seg\u00fan el ancho de banda y almacenamiento.<\/span><\/li>\n<li><span style=\\\"color: #000000\\\"><strong>Funciones de mejora de imagen como modo de rotaci\u00f3n:<\/strong>\u00a0DWDR, 3D NR, HLC, BLC, y marca de agua digital.<\/span><\/li>\n<li><span style=\\\"color: #000000\\\"><strong>Micr\u00f3fono incorporado.<\/strong><\/span><\/li>\n<li><span style=\\\"color: #000000\\\"><strong>Fuente de alimentaci\u00f3n:\u00a0<\/strong>12 VDC\/PoE<\/span><\/li>\n<li><span style=\\\"color: #000000\\\"><strong>Protecci\u00f3n:<\/strong>\u00a0IP67 contra polvo y agua, adecuado para exteriores.<\/span><\/li>\n<li><span style=\\\"color: #000000\\\"><strong>Soporte para la detecci\u00f3n humana<\/strong><\/span><\/li>\n<\/ul>\n<div class=\\\"row align-items-center padding-bottom-2x\\\">\n<div class=\\\"col-md-7 text-md-left text-center\\\">\n<h3><span style=\\\"color: #000000\\\">Especificaciones T\u00e9cnicas<\/span><\/h3>\n<ul>\n<li><span style=\\\"color: #000000\\\"><strong>M\u00e1x. Resoluci\u00f3n:<\/strong>\u00a03200 (Alto) \u00d7 1800 (V)\u00a0<\/span><\/li>\n<li><span style=\\\"color: #000000\\\"><strong>Distancia de iluminaci\u00f3n<\/strong>:\u00a030mts (IR y luz calida)<\/span><\/li>\n<li><span style=\\\"color: #000000\\\"><strong>Material<\/strong>:\u00a0Metal<\/span><\/li>\n<li><span style=\\\"color: #000000\\\"><strong>Dimensiones<\/strong>:\u00a0173,3 mm \u00d7 70,0 mm \u00d7 70,0 mm<\/span><\/li>\n<li><span style=\\\"color: #000000\\\"><strong>Peso<\/strong>: 0,44 kg<\/span><\/li>\n<li><span style=\\\"color: #000000\\\"><strong>Temperatura de trabajo:<\/strong>\u00a0-40 \u00b0C+ 60\u00b0C<\/span><\/li>\n<li><span style=\\\"color: #000000\\\"><strong>Humedad de trabajo:<\/strong>\u00a0&lt;95 %<\/span><\/li>\n<li><span style=\\\"color: #000000\\\"><strong>Alimentaci\u00f3n<\/strong>:\u00a012 VCC<\/span><\/li>\n<li><span style=\\\"color: #000000\\\"><strong>Consumo de energ\u00eda:\u00a0<\/strong>2 W; 2,9 W (PoE); M\u00e1x.: 4 W, 5,3 W (PoE) (H.265 + inteligencia encendida+ DWDR + intensidad del iluminador)<\/span><\/li>\n<\/ul>\n<\/div>\n<\/div>\n","protected":false},"excerpt":{"rendered":"<p>DH-IPC-HFW1639TC-A-IL\u00a0DAHUA C\u00e1mara IP Bullet de 6MP\/Iluminador Dual Inteligente\/ WizSense\/ Lente de 2.8mm\/ 95 Grados de Apertura\/ IR de 30 Metros\/ SMD \/ Micr\u00f3fono Integrado\/ WDR Real de 120 dB\/ IP67\/ PoE Informaci\u00f3n General La c\u00e1mara DAHUA\u00a0DH-IPC-HFW1639TC-A-IL\u00a0es una c\u00e1mara de seguridad IP bullet de alta gama con una resoluci\u00f3n de 6 MP. Ofrece una visi\u00f3n clara [&hellip;]<\/p>\n","protected":false},"featured_media":12837,"template":"","meta":{"_acf_changed":false},"product_brand":[],"product_cat":[52,51,226],"product_tag":[],"berocket_brand":[],"class_list":{"0":"post-12836","1":"product","2":"type-product","3":"status-publish","4":"has-post-thumbnail","6":"product_cat-bullet","7":"product_cat-camaras-i-p","8":"product_cat-camaras-de-seguridad-cctv-videovigilancia-hd","10":"first","11":"instock","12":"taxable","13":"shipping-taxable","14":"purchasable","15":"product-type-simple","16":"berocket_lgv_grid","17":"berocket_lgv_list_grid"},"acf":[],"aioseo_notices":[],"_links":{"self":[{"href":"https:\/\/todoenseguridad.com\/site\/wp-json\/wp\/v2\/product\/12836","targetHints":{"allow":["GET"]}}],"collection":[{"href":"https:\/\/todoenseguridad.com\/site\/wp-json\/wp\/v2\/product"}],"about":[{"href":"https:\/\/todoenseguridad.com\/site\/wp-json\/wp\/v2\/types\/product"}],"wp:featuredmedia":[{"embeddable":true,"href":"https:\/\/todoenseguridad.com\/site\/wp-json\/wp\/v2\/media\/12837"}],"wp:attachment":[{"href":"https:\/\/todoenseguridad.com\/site\/wp-json\/wp\/v2\/media?parent=12836"}],"wp:term":[{"taxonomy":"product_brand","embeddable":true,"href":"https:\/\/todoenseguridad.com\/site\/wp-json\/wp\/v2\/product_brand?post=12836"},{"taxonomy":"product_cat","embeddable":true,"href":"https:\/\/todoenseguridad.com\/site\/wp-json\/wp\/v2\/product_cat?post=12836"},{"taxonomy":"product_tag","embeddable":true,"href":"https:\/\/todoenseguridad.com\/site\/wp-json\/wp\/v2\/product_tag?post=12836"},{"taxonomy":"berocket_brand","embeddable":true,"href":"https:\/\/todoenseguridad.com\/site\/wp-json\/wp\/v2\/berocket_brand?post=12836"}],"curies":[{"name":"wp","href":"https:\/\/api.w.org\/{rel}","templated":true}]}}