{"id":12834,"date":"2025-02-11T11:29:47","date_gmt":"2025-02-11T16:29:47","guid":{"rendered":"https:\/\/todoenseguridad.com\/site\/?post_type=product&#038;p=12834"},"modified":"2026-03-23T11:28:55","modified_gmt":"2026-03-23T16:28:55","slug":"dh-ipc-hfw3849t1-as-pv-v2-dahua-camara-ip-bullet-8mp-iluminador-dual-30-metros-de-luz-visible-e-ir","status":"publish","type":"product","link":"https:\/\/todoenseguridad.com\/site\/producto\/dh-ipc-hfw3849t1-as-pv-v2-dahua-camara-ip-bullet-8mp-iluminador-dual-30-metros-de-luz-visible-e-ir\/","title":{"rendered":"DH-IPC-HFW3849T1-AS-PV-V2 DAHUA C\u00e1mara IP Bullet\/ 8MP\/Iluminador Dual\/ 30 Metros de Luz Visible e IR"},"content":{"rendered":"<h3 id=\\\"title\\\"><span style=\\\"color: #0000ff\\\">DH-IPC-HFW3849T1-AS-PV-V2 DAHUA C\u00e1mara IP Bullet TiOC 4k\/ 8MP\/Acupick\/ WizSense\/ 2.8mm\/ Iluminador Dual\/ 30 Metros de Luz Visible e IR\/ Sirena y Estrobo con Luz Roja y Azul\/ SMD 4.0\/ Micr\u00f3fono Integrado\/ Ranura MicroSD\/ PoE<\/span><\/h3>\n<h3><span style=\\\"color: #000000\\\">Caracter\u00edsticas Principales<\/span><\/h3>\n<ul>\n<li class=\\\"ql-align-justify\\\"><span style=\\\"color: #000000\\\"><strong>Monitoreo inteligente<\/strong>: Detecci\u00f3n de intrusi\u00f3n y cable trampa, con clasificaci\u00f3n y detecci\u00f3n precisa de veh\u00edculos y personas.<\/span><\/li>\n<li class=\\\"ql-align-justify\\\"><span style=\\\"color: #000000\\\"><strong>Sensor de imagen CMOS<\/strong>\u00a0para una calidad de imagen superior.<\/span><\/li>\n<li class=\\\"ql-align-justify\\\"><span style=\\\"color: #000000\\\"><strong>Luz c\u00e1lida integrada y LED IR con alcance de 30 metros<\/strong>\u00a0para una excelente visibilidad nocturna.<\/span><\/li>\n<li class=\\\"ql-align-justify\\\"><span style=\\\"color: #000000\\\"><strong>\u00c1rea SMD configurable<\/strong>\u00a0en zonas de luz c\u00e1lida para activar alarmas.<\/span><\/li>\n<li class=\\\"ql-align-justify\\\"><span style=\\\"color: #000000\\\"><strong>C\u00f3dec H.265<\/strong>\u00a0para una compresi\u00f3n de video eficiente.<\/span><\/li>\n<li class=\\\"ql-align-justify\\\"><span style=\\\"color: #000000\\\"><strong>Detecci\u00f3n de anomal\u00edas<\/strong>: Incluye detecci\u00f3n de movimiento, enmascaramiento de privacidad, cambio de escena, detecci\u00f3n de audio, falta de tarjeta SD, tarjeta SD llena, error de tarjeta SD, desconexi\u00f3n de red, conflicto de IP, acceso ilegal y detecci\u00f3n de voltaje.<\/span><\/li>\n<li class=\\\"ql-align-justify\\\"><span style=\\\"color: #000000\\\"><strong>Protecci\u00f3n IP67<\/strong>\u00a0para resistencia al agua y al polvo.<\/span><\/li>\n<li class=\\\"ql-align-justify\\\"><span style=\\\"color: #000000\\\"><strong>Alarma sonora y luminosa<\/strong>\u00a0con luces rojas y azules.<\/span><\/li>\n<\/ul>\n<div id=\\\"product-details-container\\\" class=\\\"container-fluid mb-1\\\">\n<div class=\\\"tab-content\\\">\n<div id=\\\"overviews\\\" class=\\\"tab-pane fade show active\\\" role=\\\"tabpanel\\\">\n<div class=\\\"container-fluid padding-bottom-2x mb-2\\\">\n<div class=\\\"row align-items-center padding-bottom-2x\\\">\n<div class=\\\"col-md-7 text-md-left text-center\\\">\n<h3><span style=\\\"color: #000000\\\">Especificaciones T\u00e9cnicas<\/span><\/h3>\n<ul>\n<li class=\\\"ql-align-justify\\\"><span style=\\\"color: #000000\\\"><strong>Material:<\/strong>\u00a0Metal + pl\u00e1stico<\/span><\/li>\n<li class=\\\"ql-align-justify\\\"><span style=\\\"color: #000000\\\"><strong>Alimentaci\u00f3n:<\/strong>\u00a012 VCC o PoE.<\/span><\/li>\n<li class=\\\"ql-align-justify\\\"><span style=\\\"color: #000000\\\"><strong>Lente:<\/strong>\u00a02.8 mm.<\/span><\/li>\n<li class=\\\"ql-align-justify\\\"><span style=\\\"color: #000000\\\"><strong>Funciones avanzadas:<\/strong>\u00a0Modo de rotaci\u00f3n, WDR, 3D NR, HLC, BLC y marca de agua digital, aplicables a diversas escenas de monitoreo.<\/span><\/li>\n<li class=\\\"ql-align-justify\\\"><span style=\\\"color: #000000\\\"><strong>Tecnolog\u00eda AcuPick.<\/strong><\/span><\/li>\n<li class=\\\"ql-align-justify\\\"><span style=\\\"color: #000000\\\"><strong>Altavoz incorporado.<\/strong><\/span><\/li>\n<li class=\\\"ql-align-justify\\\"><span style=\\\"color: #000000\\\"><strong>Dimensiones<\/strong>:\u00a0288,4 mm \u00d7 94,4 mm \u00d7 84,7 mm<\/span><\/li>\n<li class=\\\"ql-align-justify\\\"><span style=\\\"color: #000000\\\"><strong>Peso:<\/strong>\u00a01,0 kg<\/span><\/li>\n<\/ul>\n<p>&nbsp;<\/p>\n<\/div>\n<\/div>\n<\/div>\n<\/div>\n<\/div>\n<\/div>\n<footer class=\\\"site-footer pt-0\\\">\n<div class=\\\"container-fluid\\\">\n<section class=\\\"p-0 pt-4\\\">\n<div class=\\\"row\\\">\n<div class=\\\"col-lg-4\\\"><\/div>\n<\/div>\n<\/section>\n<\/div>\n<\/footer>\n","protected":false},"excerpt":{"rendered":"<p>DH-IPC-HFW3849T1-AS-PV-V2 DAHUA C\u00e1mara IP Bullet TiOC 4k\/ 8MP\/Acupick\/ WizSense\/ 2.8mm\/ Iluminador Dual\/ 30 Metros de Luz Visible e IR\/ Sirena y Estrobo con Luz Roja y Azul\/ SMD 4.0\/ Micr\u00f3fono Integrado\/ Ranura MicroSD\/ PoE Caracter\u00edsticas Principales Monitoreo inteligente: Detecci\u00f3n de intrusi\u00f3n y cable trampa, con clasificaci\u00f3n y detecci\u00f3n precisa de veh\u00edculos y personas. Sensor de [&hellip;]<\/p>\n","protected":false},"featured_media":12835,"template":"","meta":{"_acf_changed":false},"product_brand":[],"product_cat":[52,51,226],"product_tag":[],"berocket_brand":[],"class_list":{"0":"post-12834","1":"product","2":"type-product","3":"status-publish","4":"has-post-thumbnail","6":"product_cat-bullet","7":"product_cat-camaras-i-p","8":"product_cat-camaras-de-seguridad-cctv-videovigilancia-hd","10":"first","11":"instock","12":"taxable","13":"shipping-taxable","14":"purchasable","15":"product-type-simple","16":"berocket_lgv_grid","17":"berocket_lgv_list_grid"},"acf":[],"aioseo_notices":[],"_links":{"self":[{"href":"https:\/\/todoenseguridad.com\/site\/wp-json\/wp\/v2\/product\/12834","targetHints":{"allow":["GET"]}}],"collection":[{"href":"https:\/\/todoenseguridad.com\/site\/wp-json\/wp\/v2\/product"}],"about":[{"href":"https:\/\/todoenseguridad.com\/site\/wp-json\/wp\/v2\/types\/product"}],"wp:featuredmedia":[{"embeddable":true,"href":"https:\/\/todoenseguridad.com\/site\/wp-json\/wp\/v2\/media\/12835"}],"wp:attachment":[{"href":"https:\/\/todoenseguridad.com\/site\/wp-json\/wp\/v2\/media?parent=12834"}],"wp:term":[{"taxonomy":"product_brand","embeddable":true,"href":"https:\/\/todoenseguridad.com\/site\/wp-json\/wp\/v2\/product_brand?post=12834"},{"taxonomy":"product_cat","embeddable":true,"href":"https:\/\/todoenseguridad.com\/site\/wp-json\/wp\/v2\/product_cat?post=12834"},{"taxonomy":"product_tag","embeddable":true,"href":"https:\/\/todoenseguridad.com\/site\/wp-json\/wp\/v2\/product_tag?post=12834"},{"taxonomy":"berocket_brand","embeddable":true,"href":"https:\/\/todoenseguridad.com\/site\/wp-json\/wp\/v2\/berocket_brand?post=12834"}],"curies":[{"name":"wp","href":"https:\/\/api.w.org\/{rel}","templated":true}]}}