{"id":12832,"date":"2025-02-11T11:14:23","date_gmt":"2025-02-11T16:14:23","guid":{"rendered":"https:\/\/todoenseguridad.com\/site\/?post_type=product&#038;p=12832"},"modified":"2026-03-23T11:29:43","modified_gmt":"2026-03-23T16:29:43","slug":"ipc-hfw3449t1-as-pv-v2-dahua-camara-ip-bullet-4mp-iluminador-dual-disuasion-activa-con-ranura-micro-sd","status":"publish","type":"product","link":"https:\/\/todoenseguridad.com\/site\/producto\/ipc-hfw3449t1-as-pv-v2-dahua-camara-ip-bullet-4mp-iluminador-dual-disuasion-activa-con-ranura-micro-sd\/","title":{"rendered":"IPC-HFW3449T1-AS-PV-V2\u00a0DAHUA C\u00e1mara IP Bullet 4MP\/ Iluminador Dual\/ Disuasi\u00f3n Activa\/ Con ranura micro SD"},"content":{"rendered":"<h3 id=\\\"title\\\" class=\\\"mb-3\\\"><span style=\\\"color: #0000ff\\\"><span style=\\\"font-size: 16px\\\">IPC-HFW3449T1-AS-PV-V2<\/span><span style=\\\"font-size: 16px\\\">\u00a0<\/span>DAHUA C\u00e1mara IP Bullet 4MP ofrece TiOC\/ WizSense\/ AcuPick\/ Iluminador Dual\/ Disuasi\u00f3n Activa\/ Lente 3.6mm\/ asi como sirena y estrobo azul y rojo\/ SMD 4.0 y protecci\u00f3n IP67\/ Con ranura micro SD<\/span><\/h3>\n<h3 class=\\\"card-title text-center\\\"><span style=\\\"color: #000000\\\">Informaci\u00f3n General<\/span><\/h3>\n<p class=\\\"ql-align-justify\\\"><span style=\\\"color: #000000\\\">La\u00a0<strong>DAHUA IPC-HFW3449T1-AS-PV-V2<\/strong>\u00a0es una c\u00e1mara IP Bullet de 4 megap\u00edxeles que integra tecnolog\u00edas avanzadas como TiOC,\u00a0<strong>Wizsense<\/strong>\u00a0y\u00a0<strong>Acupick<\/strong>\u00a0para mejorar la seguridad. Ofrece un iluminador dual inteligente que combina IR y luz visible, alcanzando hasta 30 metros, y funciones de disuasi\u00f3n activa con sirena y luces estrobosc\u00f3picas rojas y azules. Su lente fija de 3.6 mm proporciona un amplio campo de visi\u00f3n. Con clasificaci\u00f3n IP67, resiste condiciones clim\u00e1ticas adversas, mientras que\u00a0<strong>SMD<\/strong>4.0 optimiza la detecci\u00f3n de movimiento. La c\u00e1mara soporta almacenamiento en tarjeta MicroSD y cuenta con entradas y salidas de audio y alarma<\/span><\/p>\n<div class=\\\"row align-items-center padding-bottom-2x\\\">\n<div class=\\\"col-md-7 text-md-left text-center\\\">\n<h3><span style=\\\"color: #000000\\\">Caracter\u00edsticas Principales<\/span><\/h3>\n<ul>\n<li class=\\\"ql-align-justify\\\"><span style=\\\"color: #000000\\\"><strong>Sensor de imagen:\u00a0<\/strong>CMOS de 4MP 1\/2,7\\\u00bb, baja luminosidad e imagen de alta definici\u00f3n.<\/span><\/li>\n<li class=\\\"ql-align-justify\\\"><span style=\\\"color: #000000\\\"><strong>Salidas m\u00e1x.:<\/strong>\u00a04 MP (2688 \u00d7 1520) a 25\/30 fps.<\/span><\/li>\n<li class=\\\"ql-align-justify\\\"><span style=\\\"color: #000000\\\"><strong>Monitoreo inteligente<\/strong>: Detecci\u00f3n de intrusi\u00f3n y cable trampa, con clasificaci\u00f3n y detecci\u00f3n precisa de veh\u00edculos y personas.<\/span><\/li>\n<li class=\\\"ql-align-justify\\\"><span style=\\\"color: #000000\\\"><strong>Iluminacion:\u00a0<\/strong>Luz c\u00e1lida incorporada y LED IR; El m\u00e1ximo. La distancia de iluminaci\u00f3n IR es de 30 m y la distancia de luz c\u00e1lida es de 30 m.<\/span><\/li>\n<li class=\\\"ql-align-justify\\\"><span style=\\\"color: #000000\\\"><strong>C\u00f3dec H.265<\/strong>\u00a0para una compresi\u00f3n de video eficiente.<\/span><\/li>\n<li class=\\\"ql-align-justify\\\"><span style=\\\"color: #000000\\\"><strong>Detecci\u00f3n de anomal\u00edas<\/strong>: Incluye detecci\u00f3n de movimiento, enmascaramiento de privacidad, cambio de escena, detecci\u00f3n de audio, falta de tarjeta SD, tarjeta SD llena, error de tarjeta SD, desconexi\u00f3n de red, conflicto de IP, acceso ilegal y detecci\u00f3n de voltaje.<\/span><\/li>\n<li class=\\\"ql-align-justify\\\"><span style=\\\"color: #000000\\\"><strong>Protecci\u00f3n IP67<\/strong>\u00a0para resistencia al agua y al polvo.<\/span><\/li>\n<li class=\\\"ql-align-justify\\\"><span style=\\\"color: #000000\\\"><strong>Alarma sonora y luminosa<\/strong>\u00a0con luces rojas y azules.<\/span><\/li>\n<\/ul>\n<div class=\\\"row align-items-center padding-bottom-2x\\\">\n<div class=\\\"col-md-7 text-md-left text-center\\\">\n<h3><span style=\\\"color: #000000\\\">Especificaciones T\u00e9cnicas<\/span><\/h3>\n<ul>\n<li class=\\\"ql-align-justify\\\"><span style=\\\"color: #000000\\\"><strong>Fuente de alimentaci\u00f3n<\/strong>: 12 VCC o PoE.<\/span><\/li>\n<li class=\\\"ql-align-justify\\\"><span style=\\\"color: #000000\\\"><strong>Consumo de energia:\u00a0<\/strong>B\u00e1sico: 2,4 W (12 VCC); 3,1 W (PoE)<\/span><\/li>\n<li class=\\\"ql-align-justify\\\"><span style=\\\"color: #000000\\\"><strong>Lente<\/strong>: 3.6 mm.<\/span><\/li>\n<li class=\\\"ql-align-justify\\\"><span style=\\\"color: #000000\\\"><strong>Resoluci\u00f3n m\u00e1xima<\/strong>: 4 MP (2688 \u00d7 1520) a 30 fps.<\/span><\/li>\n<li class=\\\"ql-align-justify\\\"><span style=\\\"color: #000000\\\"><strong>Audio:\u00a0<\/strong>Altavoz incorporado.<\/span><\/li>\n<li class=\\\"ql-align-justify\\\"><span style=\\\"color: #000000\\\"><strong>Dimensiones:<\/strong>\u00a0288,4 mm \u00d7 94,4 mm \u00d7 84,7 mm<\/span><\/li>\n<li class=\\\"ql-align-justify\\\"><span style=\\\"color: #000000\\\"><strong>Material:\u00a0<\/strong>Metal + pl\u00e1stico<\/span><\/li>\n<li class=\\\"ql-align-justify\\\"><span style=\\\"color: #000000\\\"><strong>Peso neto:<\/strong>\u00a01,0 kg<\/span><\/li>\n<\/ul>\n<div class=\\\"row align-items-center padding-bottom-2x\\\">\n<div class=\\\"col-md-7 text-md-left text-center\\\">\n<h3><span style=\\\"color: #000000\\\">Incluye<\/span><\/h3>\n<ul>\n<li class=\\\"ql-align-justify\\\"><span style=\\\"color: #000000\\\"><strong>x1\u00a0<\/strong>C\u00e1mara<\/span><\/li>\n<li class=\\\"ql-align-justify\\\"><span style=\\\"color: #000000\\\"><strong>x1\u00a0<\/strong>Manual de usuario<\/span><\/li>\n<li class=\\\"ql-align-justify\\\"><span style=\\\"color: #000000\\\"><strong>x1\u00a0<\/strong>P\u00f3liza de garant\u00eda<\/span><\/li>\n<\/ul>\n<p>&nbsp;<\/p>\n<\/div>\n<\/div>\n<\/div>\n<\/div>\n<\/div>\n<\/div>\n","protected":false},"excerpt":{"rendered":"<p>IPC-HFW3449T1-AS-PV-V2\u00a0DAHUA C\u00e1mara IP Bullet 4MP ofrece TiOC\/ WizSense\/ AcuPick\/ Iluminador Dual\/ Disuasi\u00f3n Activa\/ Lente 3.6mm\/ asi como sirena y estrobo azul y rojo\/ SMD 4.0 y protecci\u00f3n IP67\/ Con ranura micro SD Informaci\u00f3n General La\u00a0DAHUA IPC-HFW3449T1-AS-PV-V2\u00a0es una c\u00e1mara IP Bullet de 4 megap\u00edxeles que integra tecnolog\u00edas avanzadas como TiOC,\u00a0Wizsense\u00a0y\u00a0Acupick\u00a0para mejorar la seguridad. Ofrece un iluminador [&hellip;]<\/p>\n","protected":false},"featured_media":12833,"template":"","meta":{"_acf_changed":false},"product_brand":[],"product_cat":[52,51,226],"product_tag":[],"berocket_brand":[],"class_list":{"0":"post-12832","1":"product","2":"type-product","3":"status-publish","4":"has-post-thumbnail","6":"product_cat-bullet","7":"product_cat-camaras-i-p","8":"product_cat-camaras-de-seguridad-cctv-videovigilancia-hd","10":"first","11":"instock","12":"taxable","13":"shipping-taxable","14":"purchasable","15":"product-type-simple","16":"berocket_lgv_grid","17":"berocket_lgv_list_grid"},"acf":[],"aioseo_notices":[],"_links":{"self":[{"href":"https:\/\/todoenseguridad.com\/site\/wp-json\/wp\/v2\/product\/12832","targetHints":{"allow":["GET"]}}],"collection":[{"href":"https:\/\/todoenseguridad.com\/site\/wp-json\/wp\/v2\/product"}],"about":[{"href":"https:\/\/todoenseguridad.com\/site\/wp-json\/wp\/v2\/types\/product"}],"wp:featuredmedia":[{"embeddable":true,"href":"https:\/\/todoenseguridad.com\/site\/wp-json\/wp\/v2\/media\/12833"}],"wp:attachment":[{"href":"https:\/\/todoenseguridad.com\/site\/wp-json\/wp\/v2\/media?parent=12832"}],"wp:term":[{"taxonomy":"product_brand","embeddable":true,"href":"https:\/\/todoenseguridad.com\/site\/wp-json\/wp\/v2\/product_brand?post=12832"},{"taxonomy":"product_cat","embeddable":true,"href":"https:\/\/todoenseguridad.com\/site\/wp-json\/wp\/v2\/product_cat?post=12832"},{"taxonomy":"product_tag","embeddable":true,"href":"https:\/\/todoenseguridad.com\/site\/wp-json\/wp\/v2\/product_tag?post=12832"},{"taxonomy":"berocket_brand","embeddable":true,"href":"https:\/\/todoenseguridad.com\/site\/wp-json\/wp\/v2\/berocket_brand?post=12832"}],"curies":[{"name":"wp","href":"https:\/\/api.w.org\/{rel}","templated":true}]}}