{"id":12828,"date":"2025-02-11T11:01:03","date_gmt":"2025-02-11T16:01:03","guid":{"rendered":"https:\/\/todoenseguridad.com\/site\/?post_type=product&#038;p=12828"},"modified":"2026-03-30T15:32:21","modified_gmt":"2026-03-30T20:32:21","slug":"ipc-k7fn-3h0we-imou-camara-ip-pt-de-3mp-wifi-full-color-audio-2-vias","status":"publish","type":"product","link":"https:\/\/todoenseguridad.com\/site\/producto\/ipc-k7fn-3h0we-imou-camara-ip-pt-de-3mp-wifi-full-color-audio-2-vias\/","title":{"rendered":"IPC-K7FN-3H0WE IMOU C\u00e1mara IP PT de 3MP\/ Wifi\/ Full Color\/ Audio 2 V\u00edas"},"content":{"rendered":"<h3 id=\\\"title\\\" class=\\\"mb-3\\\"><span style=\\\"color: #0000ff\\\"><span style=\\\"font-size: 16px\\\">IPC-K7FN-3H0WE <\/span>IMOU Cruiser SC C\u00e1mara IP PT de 3<\/span><span style=\\\"color: #0000ff\\\">MP\/ Wifi\/ Full Color\/Disuasi\u00f3n activa luces Rojo-Azul\/ Audio 2 V\u00edas\/ 30 Metros Visi\u00f3n Nocturna\/ Sirena de 110 dB\/ Smart tracking\/ Ranura para MicroSD\/ IP66<\/span><\/h3>\n<h3 class=\\\"card-title text-center\\\"><span style=\\\"color: #000000\\\">Informaci\u00f3n General<\/span><\/h3>\n<p class=\\\"ql-align-justify\\\"><span style=\\\"color: #000000\\\">La\u00a0<strong>IMOU Cruiser SC 3MP (IPC-K7FN-3H0WE)\u00a0<\/strong>es una c\u00e1mara de vigilancia inteligente dise\u00f1ada para exteriores. Cuenta con una resoluci\u00f3n de 3 megap\u00edxeles que proporciona im\u00e1genes n\u00edtidas y claras, incluso de noche, gracias a su visi\u00f3n nocturna Full Color de 30 metros. Integra audio bidireccional, luces disuasivas rojo-azul, y una sirena de 110 dB que mejora la seguridad del entorno. Su funci\u00f3n Smart Tracking sigue autom\u00e1ticamente los movimientos detectados. Es resistente al clima (IP66) y permite almacenamiento en tarjeta MicroSD. Ideal para hogares o negocios, combina conectividad WiFi, f\u00e1cil instalaci\u00f3n y funciones avanzadas de monitoreo.<\/span><\/p>\n<h3><span style=\\\"color: #000000\\\">Caracter\u00edsticas Principales<\/span><\/h3>\n<ul>\n<li class=\\\"ql-align-justify\\\"><span style=\\\"color: #000000\\\"><strong>Calidad:<\/strong>\u00a0H.265 Full HD<\/span><\/li>\n<li class=\\\"ql-align-justify\\\"><span style=\\\"color: #000000\\\"><strong>Visi\u00f3n nocturna en color inteligente:\u00a0<\/strong>Admite visi\u00f3n nocturna de cuatro modos para una claridad diurna incluso en oscuridad total<\/span><\/li>\n<li class=\\\"ql-align-justify\\\"><span style=\\\"color: #000000\\\"><strong>Detecci\u00f3n de humanos:\u00a0<\/strong>Seguimiento inteligente, sigue autom\u00e1ticamente los objetos en movimiento<\/span><\/li>\n<li class=\\\"ql-align-justify\\\"><span style=\\\"color: #000000\\\"><strong>Notificaci\u00f3n de alarma:\u00a0<\/strong>Env\u00eda alertas instant\u00e1neas activadas por movimiento a su tel\u00e9fono m\u00f3vil\u00a0<\/span><\/li>\n<li class=\\\"ql-align-justify\\\"><span style=\\\"color: #000000\\\"><strong>Conversaci\u00f3n bidireccional:\u00a0<\/strong>Comunicaci\u00f3n en tiempo real con personas frente a la c\u00e1mara.<\/span><\/li>\n<li class=\\\"ql-align-justify\\\"><span style=\\\"color: #000000\\\"><strong>Almacenamiento diversificado:\u00a0<\/strong>Admite NVR, almacenamiento en la nube o tarjeta Micro SD (hasta 256 GB)<\/span><\/li>\n<li class=\\\"ql-align-justify\\\"><span style=\\\"color: #000000\\\"><strong>Disuasi\u00f3n activa:\u00a0<\/strong>Ahuyenta a los visitantes no deseados con foco incorporado y sirena de seguridad de 110dB<\/span><\/li>\n<\/ul>\n<div class=\\\"row align-items-center padding-bottom-2x\\\">\n<div class=\\\"col-md-7 text-md-left text-center\\\">\n<h3><span style=\\\"color: #000000\\\">Especificaciones T\u00e9cnicas<\/span><\/h3>\n<ul>\n<li class=\\\"ql-align-justify\\\"><span style=\\\"color: #000000\\\"><strong>Resoluci\u00f3n:\u00a0<\/strong>\u00a03 Megapixeles (2304&#215;1296)<\/span><\/li>\n<li class=\\\"ql-align-justify\\\"><span style=\\\"color: #000000\\\"><strong>IR:\u00a0<\/strong>30Mts<\/span><\/li>\n<li class=\\\"ql-align-justify\\\"><span style=\\\"color: #000000\\\"><strong>Campo de visi\u00f3n:<\/strong>\u00a088\u00b0(H), 44\u00b0(V), 105\u00b0(D)\u00a0<\/span><\/li>\n<li class=\\\"ql-align-justify\\\"><span style=\\\"color: #000000\\\"><strong>Compresi\u00f3n de v\u00eddeo:\u00a0<\/strong>H.265\/H.264<\/span><\/li>\n<li class=\\\"ql-align-justify\\\"><span style=\\\"color: #000000\\\"><strong>Protecci\u00f3n ambiental:<\/strong>\u00a0IP66<\/span><\/li>\n<li class=\\\"ql-align-justify\\\"><span style=\\\"color: #000000\\\"><strong>Temperatura de trabajo:<\/strong>\u00a0-30\u00b0C~+60\u00b0C<\/span><\/li>\n<li class=\\\"ql-align-justify\\\"><span style=\\\"color: #000000\\\"><strong>Humedad de trabajo:<\/strong>\u00a0&lt;95 % (HR)<\/span><\/li>\n<li class=\\\"ql-align-justify\\\"><span style=\\\"color: #000000\\\"><strong>Alimentaci\u00f3n:<\/strong>\u00a0DC 12V 1A\u00a0<\/span><\/li>\n<li class=\\\"ql-align-justify\\\"><span style=\\\"color: #000000\\\"><strong>Consumo de energ\u00eda:<\/strong>\u00a0M\u00e1x. 5.32 W<\/span><\/li>\n<li class=\\\"ql-align-justify\\\"><span style=\\\"color: #000000\\\"><strong>Wi-Fi:<\/strong>\u00a0IEEE802.11b\/g\/n, campo abierto de 120m<\/span><\/li>\n<\/ul>\n<h3><span style=\\\"color: #000000\\\">Incluye<\/span><\/h3>\n<ul>\n<li class=\\\"ql-align-justify\\\"><span style=\\\"color: #000000\\\"><strong>1x\u00a0<\/strong>C\u00e1mara<\/span><\/li>\n<li class=\\\"ql-align-justify\\\"><span style=\\\"color: #000000\\\"><strong>1x\u00a0<\/strong>Gu\u00eda de inicio r\u00e1pido<\/span><\/li>\n<li class=\\\"ql-align-justify\\\"><span style=\\\"color: #000000\\\"><strong>1x<\/strong>\u00a0Adaptador de corriente<\/span><\/li>\n<li class=\\\"ql-align-justify\\\"><span style=\\\"color: #000000\\\"><strong>1x\u00a0<\/strong>Plantilla de montaje<\/span><\/li>\n<li class=\\\"ql-align-justify\\\"><span style=\\\"color: #000000\\\"><strong>1x\u00a0<\/strong>Soporte de montaje<\/span><\/li>\n<li class=\\\"ql-align-justify\\\"><span style=\\\"color: #000000\\\"><strong>1x\u00a0<\/strong>Conector impermeable<\/span><\/li>\n<li class=\\\"ql-align-justify\\\"><span style=\\\"color: #000000\\\"><strong>1x\u00a0<\/strong>Paquete de tornillos y anclajes<\/span><\/li>\n<\/ul>\n<\/div>\n<\/div>\n","protected":false},"excerpt":{"rendered":"<p>IPC-K7FN-3H0WE IMOU Cruiser SC C\u00e1mara IP PT de 3MP\/ Wifi\/ Full Color\/Disuasi\u00f3n activa luces Rojo-Azul\/ Audio 2 V\u00edas\/ 30 Metros Visi\u00f3n Nocturna\/ Sirena de 110 dB\/ Smart tracking\/ Ranura para MicroSD\/ IP66 Informaci\u00f3n General La\u00a0IMOU Cruiser SC 3MP (IPC-K7FN-3H0WE)\u00a0es una c\u00e1mara de vigilancia inteligente dise\u00f1ada para exteriores. Cuenta con una resoluci\u00f3n de 3 megap\u00edxeles que [&hellip;]<\/p>\n","protected":false},"featured_media":12829,"template":"","meta":{"_acf_changed":false},"product_brand":[],"product_cat":[51,54,226],"product_tag":[],"berocket_brand":[],"class_list":{"0":"post-12828","1":"product","2":"type-product","3":"status-publish","4":"has-post-thumbnail","6":"product_cat-camaras-i-p","7":"product_cat-pt-ptz","8":"product_cat-camaras-de-seguridad-cctv-videovigilancia-hd","10":"first","11":"instock","12":"sale","13":"taxable","14":"shipping-taxable","15":"purchasable","16":"product-type-simple","17":"berocket_lgv_grid","18":"berocket_lgv_list_grid"},"acf":[],"aioseo_notices":[],"_links":{"self":[{"href":"https:\/\/todoenseguridad.com\/site\/wp-json\/wp\/v2\/product\/12828","targetHints":{"allow":["GET"]}}],"collection":[{"href":"https:\/\/todoenseguridad.com\/site\/wp-json\/wp\/v2\/product"}],"about":[{"href":"https:\/\/todoenseguridad.com\/site\/wp-json\/wp\/v2\/types\/product"}],"wp:featuredmedia":[{"embeddable":true,"href":"https:\/\/todoenseguridad.com\/site\/wp-json\/wp\/v2\/media\/12829"}],"wp:attachment":[{"href":"https:\/\/todoenseguridad.com\/site\/wp-json\/wp\/v2\/media?parent=12828"}],"wp:term":[{"taxonomy":"product_brand","embeddable":true,"href":"https:\/\/todoenseguridad.com\/site\/wp-json\/wp\/v2\/product_brand?post=12828"},{"taxonomy":"product_cat","embeddable":true,"href":"https:\/\/todoenseguridad.com\/site\/wp-json\/wp\/v2\/product_cat?post=12828"},{"taxonomy":"product_tag","embeddable":true,"href":"https:\/\/todoenseguridad.com\/site\/wp-json\/wp\/v2\/product_tag?post=12828"},{"taxonomy":"berocket_brand","embeddable":true,"href":"https:\/\/todoenseguridad.com\/site\/wp-json\/wp\/v2\/berocket_brand?post=12828"}],"curies":[{"name":"wp","href":"https:\/\/api.w.org\/{rel}","templated":true}]}}